{"id":21,"date":"2014-09-29T20:05:32","date_gmt":"2014-09-29T23:05:32","guid":{"rendered":"http:\/\/eventos.cmm.uchile.cl\/seet2014\/?page_id=21"},"modified":"2014-10-28T11:09:13","modified_gmt":"2014-10-28T14:09:13","slug":"programa","status":"publish","type":"page","link":"https:\/\/eventos.cmm.uchile.cl\/seet2014\/programa\/","title":{"rendered":"Programa"},"content":{"rendered":"<table style=\"border: none;height: 541px\" width=\"604\">\n<tbody>\n<tr>\n<td style=\"border: none\" valign=\"top\" width=\"100\">9.00 &#8211; 9.15<\/td>\n<td style=\"border: none\" valign=\"top\" width=\"504\"><strong>Sesi\u00f3n de Recepci\u00f3n<\/strong><\/td>\n<\/tr>\n<tr>\n<td style=\"border: none\" valign=\"top\">9.15 &#8211; 10.00<\/td>\n<td style=\"border: none\" valign=\"top\"><strong>Marcelo Matus (Centro de Energ\u00eda, U. de Chile)<\/strong>,<br \/>\nUso de Energ\u00eda Solar en Metro: An\u00e1lisis T\u00e9cnico y Econ\u00f3mico.<\/td>\n<\/tr>\n<tr>\n<td style=\"border: none\" valign=\"top\" width=\"100\">10.00 &#8211; 10.45<\/td>\n<td style=\"border: none\" valign=\"top\" width=\"504\"><strong>Paula Uribe (CMM, U. de Chile)<\/strong>,<br \/>\nModelo Hol\u00edstico de Balances de Energ\u00eda en Transporte Urbano por Rieles<\/td>\n<\/tr>\n<tr>\n<td style=\"border: none\" valign=\"top\">10.45 \u2013 11.15<\/td>\n<td style=\"border: none\" valign=\"top\"><strong>Coffee Break<\/strong><\/td>\n<\/tr>\n<tr>\n<td style=\"border: none\" valign=\"top\">11.15 \u2013 12.00<\/td>\n<td style=\"border: none\" valign=\"top\"><strong>\u00c1lvaro Guzm\u00e1n (CMM, U. de Chile)<\/strong>,<br \/>\nModelo de Optimizaci\u00f3n de Curvas de Velocidad en Transporte Ferroviario.<\/td>\n<\/tr>\n<tr>\n<td style=\"border: none\" valign=\"top\">12.00 &#8211; 12.45<\/td>\n<td style=\"border: none\" valign=\"top\"><strong>Pablo Orellana (CMM, U. de Chile)<\/strong>,<br \/>\nModelo de Balances Termales en un Sistema de Metro Subterr\u00e1neo.<\/td>\n<\/tr>\n<tr>\n<td style=\"border: none\" valign=\"top\">12.45 &#8211; 14.30<\/td>\n<td style=\"border: none\" valign=\"top\"><strong>Break<\/strong><\/td>\n<\/tr>\n<tr>\n<td style=\"border: none\" valign=\"top\">14.30 &#8211; 15.15<\/td>\n<td style=\"border: none\" valign=\"top\"><strong>Claudio Gavil\u00e1n (AChEE)<\/strong>,<br \/>\nPol\u00edticas de Eficiencia Energ\u00e9tica en Transporte.<\/td>\n<\/tr>\n<tr>\n<td style=\"border: none\" valign=\"top\">15.15 &#8211; 16.00<\/td>\n<td style=\"border: none\" valign=\"top\"><strong>Jaime Al\u00e9e (Centro de Energ\u00eda, U. de Chile)<\/strong><br \/>\nEl M\u00e1ximo Impacto Global de\u00a0Eficiencia Energ\u00e9tica, Electromovilidad, es Frenada por los Intereses de la Vieja Industria.<\/td>\n<\/tr>\n<tr>\n<td style=\"border: none\" valign=\"top\" width=\"100\">16.00 &#8211; 16.15<\/td>\n<td style=\"border: none\" valign=\"top\" width=\"504\"><strong>Cierre<\/strong><\/td>\n<\/tr>\n<\/tbody>\n<\/table>\n","protected":false},"excerpt":{"rendered":"<p>9.00 &#8211; 9.15 Sesi\u00f3n de Recepci\u00f3n 9.15 &#8211; 10.00 Marcelo Matus (Centro de Energ\u00eda, U. de Chile), Uso de Energ\u00eda Solar en Metro: An\u00e1lisis T\u00e9cnico y Econ\u00f3mico. 10.00 &#8211; 10.45 Paula Uribe (CMM, U. de Chile), Modelo Hol\u00edstico de Balances de Energ\u00eda en Transporte Urbano por Rieles 10.45 \u2013 11.15 Coffee Break 11.15 \u2013 12.00 &hellip; <a href=\"https:\/\/eventos.cmm.uchile.cl\/seet2014\/programa\/\" class=\"more-link\">Seguir leyendo <span class=\"screen-reader-text\">Programa<\/span> <span class=\"meta-nav\">&rarr;<\/span><\/a><\/p>\n","protected":false},"author":2,"featured_media":0,"parent":0,"menu_order":1,"comment_status":"closed","ping_status":"closed","template":"","meta":{"inline_featured_image":false,"footnotes":""},"class_list":["post-21","page","type-page","status-publish","hentry"],"_links":{"self":[{"href":"https:\/\/eventos.cmm.uchile.cl\/seet2014\/wp-json\/wp\/v2\/pages\/21","targetHints":{"allow":["GET"]}}],"collection":[{"href":"https:\/\/eventos.cmm.uchile.cl\/seet2014\/wp-json\/wp\/v2\/pages"}],"about":[{"href":"https:\/\/eventos.cmm.uchile.cl\/seet2014\/wp-json\/wp\/v2\/types\/page"}],"author":[{"embeddable":true,"href":"https:\/\/eventos.cmm.uchile.cl\/seet2014\/wp-json\/wp\/v2\/users\/2"}],"replies":[{"embeddable":true,"href":"https:\/\/eventos.cmm.uchile.cl\/seet2014\/wp-json\/wp\/v2\/comments?post=21"}],"version-history":[{"count":20,"href":"https:\/\/eventos.cmm.uchile.cl\/seet2014\/wp-json\/wp\/v2\/pages\/21\/revisions"}],"predecessor-version":[{"id":113,"href":"https:\/\/eventos.cmm.uchile.cl\/seet2014\/wp-json\/wp\/v2\/pages\/21\/revisions\/113"}],"wp:attachment":[{"href":"https:\/\/eventos.cmm.uchile.cl\/seet2014\/wp-json\/wp\/v2\/media?parent=21"}],"curies":[{"name":"wp","href":"https:\/\/api.w.org\/{rel}","templated":true}]}}