{"id":23,"date":"2014-09-29T20:08:05","date_gmt":"2014-09-29T23:08:05","guid":{"rendered":"http:\/\/eventos.cmm.uchile.cl\/seet2014\/?page_id=23"},"modified":"2014-10-13T19:19:24","modified_gmt":"2014-10-13T22:19:24","slug":"expositores","status":"publish","type":"page","link":"https:\/\/eventos.cmm.uchile.cl\/seet2014\/expositores\/","title":{"rendered":"Expositores"},"content":{"rendered":"<h4>Jaime Al\u00e9e<\/h4>\n<p>Director Proyecto Centro de Innovaci\u00f3n del Litio y Sistemas de Electro-Movilidad, Centro de Energ\u00eda, Universidad de Chile<\/p>\n<h4>Claudio Gavil\u00e1n<\/h4>\n<p><span style=\"color: #333333\">Jefe de \u00c1rea Transporte, Agencia Chilena de Eficiencia Energ\u00e9tica<\/span><\/p>\n<h4>\u00c1lvaro Guzm\u00e1n<\/h4>\n<p>Ingeniero, Centro de Modelamiento Matem\u00e1tico, Universidad de Chile<\/p>\n<h4>Marcelo Matus<\/h4>\n<p>Investigador Asociado, Centro de Energ\u00eda, Universidad de Chile<\/p>\n<h4>Pablo Orellana<\/h4>\n<p>Ingeniero, Centro de Modelamiento Matem\u00e1tico, Universidad de Chile<\/p>\n<h4>Paula Uribe<\/h4>\n<p>Ingeniera, Centro de Modelamiento Matem\u00e1tico, Universidad de Chile<\/p>\n","protected":false},"excerpt":{"rendered":"<p>Jaime Al\u00e9e Director Proyecto Centro de Innovaci\u00f3n del Litio y Sistemas de Electro-Movilidad, Centro de Energ\u00eda, Universidad de Chile Claudio Gavil\u00e1n Jefe de \u00c1rea Transporte, Agencia Chilena de Eficiencia Energ\u00e9tica \u00c1lvaro Guzm\u00e1n Ingeniero, Centro de Modelamiento Matem\u00e1tico, Universidad de Chile Marcelo Matus Investigador Asociado, Centro de Energ\u00eda, Universidad de Chile Pablo Orellana Ingeniero, Centro de &hellip; <a href=\"https:\/\/eventos.cmm.uchile.cl\/seet2014\/expositores\/\" class=\"more-link\">Seguir leyendo <span class=\"screen-reader-text\">Expositores<\/span> <span class=\"meta-nav\">&rarr;<\/span><\/a><\/p>\n","protected":false},"author":2,"featured_media":0,"parent":0,"menu_order":2,"comment_status":"closed","ping_status":"closed","template":"","meta":{"inline_featured_image":false,"footnotes":""},"class_list":["post-23","page","type-page","status-publish","hentry"],"_links":{"self":[{"href":"https:\/\/eventos.cmm.uchile.cl\/seet2014\/wp-json\/wp\/v2\/pages\/23","targetHints":{"allow":["GET"]}}],"collection":[{"href":"https:\/\/eventos.cmm.uchile.cl\/seet2014\/wp-json\/wp\/v2\/pages"}],"about":[{"href":"https:\/\/eventos.cmm.uchile.cl\/seet2014\/wp-json\/wp\/v2\/types\/page"}],"author":[{"embeddable":true,"href":"https:\/\/eventos.cmm.uchile.cl\/seet2014\/wp-json\/wp\/v2\/users\/2"}],"replies":[{"embeddable":true,"href":"https:\/\/eventos.cmm.uchile.cl\/seet2014\/wp-json\/wp\/v2\/comments?post=23"}],"version-history":[{"count":16,"href":"https:\/\/eventos.cmm.uchile.cl\/seet2014\/wp-json\/wp\/v2\/pages\/23\/revisions"}],"predecessor-version":[{"id":104,"href":"https:\/\/eventos.cmm.uchile.cl\/seet2014\/wp-json\/wp\/v2\/pages\/23\/revisions\/104"}],"wp:attachment":[{"href":"https:\/\/eventos.cmm.uchile.cl\/seet2014\/wp-json\/wp\/v2\/media?parent=23"}],"curies":[{"name":"wp","href":"https:\/\/api.w.org\/{rel}","templated":true}]}}