{"id":7,"date":"2014-09-29T18:25:46","date_gmt":"2014-09-29T21:25:46","guid":{"rendered":"http:\/\/eventos.cmm.uchile.cl\/seet2014\/?page_id=7"},"modified":"2014-10-22T19:09:20","modified_gmt":"2014-10-22T22:09:20","slug":"seminario","status":"publish","type":"page","link":"https:\/\/eventos.cmm.uchile.cl\/seet2014\/","title":{"rendered":"Seminario"},"content":{"rendered":"<h3><strong><a href=\"http:\/\/eventos.cmm.uchile.cl\/seet2014\/wp-content\/uploads\/sites\/15\/2014\/09\/seet2014_poster_03.jpg\"><img loading=\"lazy\" decoding=\"async\" class=\"alignright size-full wp-image-110\" src=\"http:\/\/eventos.cmm.uchile.cl\/seet2014\/wp-content\/uploads\/sites\/15\/2014\/09\/seet2014_poster_web_th02.jpg\" alt=\"seet2014_poster_web_th02\" width=\"288\" height=\"445\" srcset=\"https:\/\/eventos.cmm.uchile.cl\/seet2014\/wp-content\/uploads\/sites\/15\/2014\/09\/seet2014_poster_web_th02.jpg 288w, https:\/\/eventos.cmm.uchile.cl\/seet2014\/wp-content\/uploads\/sites\/15\/2014\/09\/seet2014_poster_web_th02-194x300.jpg 194w\" sizes=\"auto, (max-width: 288px) 100vw, 288px\" \/><\/a>Fecha:<\/strong> 29 de octubre,<br \/>\nde 9.00 a 16.15 hrs.<\/h3>\n<p>El transporte es\u00a0el sector de la econom\u00eda que m\u00e1s energ\u00eda consume, representando m\u00e1s del 33%\u00a0de la energ\u00eda producida en Chile. Lo siguen el sector minero, comercial p\u00fablico y residencial adem\u00e1s del propio consumo del sector energ\u00e9tico, seg\u00fan la Agencia Chilena de Eficiencia Energ\u00e9tica.<\/p>\n<p>Del total de energ\u00eda consumida a nivel nacional, el 43% corresponde a derivados del petr\u00f3leo. Seg\u00fan la OCDE, el transporte es responsable del 36% de las emisiones mundiales de CO<sub>2<\/sub> y, en una d\u00e9cada, sus emisiones han aumentado 43%. Su alto consumo energ\u00e9tico y crecimiento, en conjunto con la alta dependencia de derivados de petr\u00f3leo y otras fuentes de energ\u00eda no renovables, acrecientan el problema en esta \u00e1rea. Por esto, es necesario realizar esfuerzos para optimizar el consumo energ\u00e9tico en transporte, no solo utilizando en forma eficiente los combustibles, sino tambi\u00e9n considerando otros aspectos como el uso de energ\u00eda en transmisi\u00f3n y el intercambio energ\u00e9tico en distintas formas.<\/p>\n<p>Para muchos modos de transporte, la eficiencia energ\u00e9tica es a menudo formulada a nivel del veh\u00edculo, puesto que muchas innovaciones a ese nivel pueden ser r\u00e1pidamente validadas y los ahorros son r\u00e1pidamente cuantificados. \u00a0Sin embargo, el problema debe tambi\u00e9n ser visto desde un punto de vista m\u00e1s global, integrando todos los aspectos tecnol\u00f3gicos y operacionales, de una manera sist\u00e9mica.<\/p>\n<p>Ese es espec\u00edficamente el caso del transporte ferroviario urbano e interurbano, en el cual la performance de los carros explica s\u00f3lo una parte del problema, dado que los temas ligados a la infraestructura y a la operaci\u00f3n global juegan un rol preponderante. En otras palabras, estos son sistemas complejos, en los cuales intervienen de manera din\u00e1mica una gran cantidad de variables y par\u00e1metros, relacionados entre ellos de una forma a veces dif\u00edcil de representar en un modelo simple.\u00a0Eso hace que en muchos casos sea muy dif\u00edcil evaluar de manera objetiva el impacto de un cambio en la operaci\u00f3n o la incorporaci\u00f3n de nuevas tecnolog\u00edas, dado que cambios en algunas variables pueden tener influencias inesperadas en otras.\u00a0Siendo la mejor aproximaci\u00f3n al problema energ\u00e9tico y de calidad de servicio es entonces considerar en forma conjunta los aspectos operacionales, de infraestructura, y de tecnolog\u00eda de los veh\u00edculos.<\/p>\n<p>El presente Seminario, organizado por el <a href=\"http:\/\/www.cmm.uchile.cl\/\">Centro de Modelamiento Matem\u00e1tico (CMM)<\/a> en conjunto con\u00a0la <a href=\"http:\/\/www.acee.cl\/\">Agencia Chilena de Eficiencia Energ\u00e9tica (AChEE)<\/a>,\u00a0busca abordar los aspectos generales, pero tambi\u00e9n cuestiones espec\u00edficas, en relaci\u00f3n a la eficiencia energ\u00e9tica en transporte, particularmente urbano por v\u00eda f\u00e9rrea. Se abordar\u00e1 el modelamiento de los balances sist\u00e9micos globales en una red, conjuntamente con los impactos en la calidad de servicio y bienestar de los pasajeros, en t\u00e9rminos de temperatura y humedad.<\/p>\n<p>El seminario est\u00e1 orientado a ingenieros del \u00e1rea, as\u00ed como a especialistas de la industria y de la academia, incluyendo estudiantes avanzados de \u00e1reas afines.<\/p>\n<h3>Comit\u00e9 Organizador:<\/h3>\n<p>Jorge Amaya, CMM, Universidad de Chile, Chair<br \/>\nPaula Uribe, CMM, Universidad de Chile<br \/>\nSusana Cabello, CMM, Universidad de Chile<\/p>\n<table style=\"border: none\">\n<tbody>\n<tr>\n<td style=\"text-align: left;border: none\" width=\"50%\"><a href=\"http:\/\/www.cmm.uchile.cl\"><img loading=\"lazy\" decoding=\"async\" class=\"alignnone size-full wp-image-60\" src=\"http:\/\/eventos.cmm.uchile.cl\/seet2014\/wp-content\/uploads\/sites\/15\/2014\/09\/logo_cmm.png\" alt=\"logo_cmm\" width=\"120\" height=\"100\" \/><\/a><\/td>\n<td style=\"text-align: right;border: none\" width=\"50%\"><a href=\"http:\/\/www.acee.cl\"><img loading=\"lazy\" decoding=\"async\" class=\"alignnone wp-image-59 size-full\" src=\"http:\/\/eventos.cmm.uchile.cl\/seet2014\/wp-content\/uploads\/sites\/15\/2014\/09\/logo_achee.png\" alt=\"logo_achee\" width=\"180\" height=\"100\" \/><\/a><\/td>\n<\/tr>\n<\/tbody>\n<\/table>\n","protected":false},"excerpt":{"rendered":"<p>Fecha: 29 de octubre, de 9.00 a 16.15 hrs. El transporte es\u00a0el sector de la econom\u00eda que m\u00e1s energ\u00eda consume, representando m\u00e1s del 33%\u00a0de la energ\u00eda producida en Chile. Lo siguen el sector minero, comercial p\u00fablico y residencial adem\u00e1s del propio consumo del sector energ\u00e9tico, seg\u00fan la Agencia Chilena de Eficiencia Energ\u00e9tica. Del total de &hellip; <a href=\"https:\/\/eventos.cmm.uchile.cl\/seet2014\/\" class=\"more-link\">Seguir leyendo <span class=\"screen-reader-text\">Seminario<\/span> <span class=\"meta-nav\">&rarr;<\/span><\/a><\/p>\n","protected":false},"author":2,"featured_media":0,"parent":0,"menu_order":0,"comment_status":"closed","ping_status":"closed","template":"","meta":{"inline_featured_image":false,"footnotes":""},"class_list":["post-7","page","type-page","status-publish","hentry"],"_links":{"self":[{"href":"https:\/\/eventos.cmm.uchile.cl\/seet2014\/wp-json\/wp\/v2\/pages\/7","targetHints":{"allow":["GET"]}}],"collection":[{"href":"https:\/\/eventos.cmm.uchile.cl\/seet2014\/wp-json\/wp\/v2\/pages"}],"about":[{"href":"https:\/\/eventos.cmm.uchile.cl\/seet2014\/wp-json\/wp\/v2\/types\/page"}],"author":[{"embeddable":true,"href":"https:\/\/eventos.cmm.uchile.cl\/seet2014\/wp-json\/wp\/v2\/users\/2"}],"replies":[{"embeddable":true,"href":"https:\/\/eventos.cmm.uchile.cl\/seet2014\/wp-json\/wp\/v2\/comments?post=7"}],"version-history":[{"count":36,"href":"https:\/\/eventos.cmm.uchile.cl\/seet2014\/wp-json\/wp\/v2\/pages\/7\/revisions"}],"predecessor-version":[{"id":111,"href":"https:\/\/eventos.cmm.uchile.cl\/seet2014\/wp-json\/wp\/v2\/pages\/7\/revisions\/111"}],"wp:attachment":[{"href":"https:\/\/eventos.cmm.uchile.cl\/seet2014\/wp-json\/wp\/v2\/media?parent=7"}],"curies":[{"name":"wp","href":"https:\/\/api.w.org\/{rel}","templated":true}]}}