{"id":20,"date":"2018-07-19T17:13:45","date_gmt":"2018-07-19T21:13:45","guid":{"rendered":"http:\/\/eventos.cmm.uchile.cl\/seet2018\/?page_id=20"},"modified":"2018-07-26T16:02:12","modified_gmt":"2018-07-26T20:02:12","slug":"programa","status":"publish","type":"page","link":"https:\/\/eventos.cmm.uchile.cl\/seet2018\/programa\/","title":{"rendered":"Programa"},"content":{"rendered":"<table style=\"border: none\" border=\"0\" width=\"100%\" cellspacing=\"0\" cellpadding=\"0\">\n<tbody>\n<tr style=\"border: none\">\n<td style=\"border: none\" valign=\"top\">10:00 &#8211; 10:30<\/td>\n<td style=\"border: none\" valign=\"top\" width=\"480\"><strong>Presentaci\u00f3n general del proyecto y sistema OSIRIS<\/strong><br \/>\nJorge Amaya y Paula Uribe<\/td>\n<\/tr>\n<tr style=\"border: none\">\n<td style=\"border: none\" valign=\"top\">10:30 &#8211; 11:00<\/td>\n<td style=\"border: none\" valign=\"top\" width=\"480\"><strong>La Agencia de Eficiencia Energ\u00e9tica<\/strong><br \/>\nSebasti\u00e1n Jure<\/td>\n<\/tr>\n<tr style=\"border: none\">\n<td style=\"border: none\" valign=\"top\">11:00 &#8211; 11:30<\/td>\n<td style=\"border: none\" valign=\"top\" width=\"480\"><strong>Integraci\u00f3n de energ\u00eda solar en transporte ferroviario urbano<\/strong><br \/>\nCarlos Benavides<\/td>\n<\/tr>\n<\/tbody>\n<\/table>\n<p><img loading=\"lazy\" decoding=\"async\" class=\"aligncenter size-full wp-image-14\" src=\"http:\/\/eventos.cmm.uchile.cl\/seet2018\/wp-content\/uploads\/sites\/63\/2018\/07\/cmm-acee_web_footer01.png\" alt=\"logos sponsors\" width=\"600\" height=\"100\" srcset=\"https:\/\/eventos.cmm.uchile.cl\/seet2018\/wp-content\/uploads\/sites\/63\/2018\/07\/cmm-acee_web_footer01.png 600w, https:\/\/eventos.cmm.uchile.cl\/seet2018\/wp-content\/uploads\/sites\/63\/2018\/07\/cmm-acee_web_footer01-300x50.png 300w\" sizes=\"auto, (max-width: 600px) 100vw, 600px\" \/><\/p>\n","protected":false},"excerpt":{"rendered":"<p>10:00 &#8211; 10:30 Presentaci\u00f3n general del proyecto y sistema OSIRIS Jorge Amaya y Paula Uribe 10:30 &#8211; 11:00 La Agencia de Eficiencia Energ\u00e9tica Sebasti\u00e1n Jure 11:00 &#8211; 11:30 Integraci\u00f3n de energ\u00eda solar en transporte ferroviario urbano Carlos Benavides<\/p>\n","protected":false},"author":2,"featured_media":0,"parent":0,"menu_order":1,"comment_status":"closed","ping_status":"closed","template":"","meta":{"inline_featured_image":false,"footnotes":""},"class_list":["post-20","page","type-page","status-publish","hentry"],"_links":{"self":[{"href":"https:\/\/eventos.cmm.uchile.cl\/seet2018\/wp-json\/wp\/v2\/pages\/20","targetHints":{"allow":["GET"]}}],"collection":[{"href":"https:\/\/eventos.cmm.uchile.cl\/seet2018\/wp-json\/wp\/v2\/pages"}],"about":[{"href":"https:\/\/eventos.cmm.uchile.cl\/seet2018\/wp-json\/wp\/v2\/types\/page"}],"author":[{"embeddable":true,"href":"https:\/\/eventos.cmm.uchile.cl\/seet2018\/wp-json\/wp\/v2\/users\/2"}],"replies":[{"embeddable":true,"href":"https:\/\/eventos.cmm.uchile.cl\/seet2018\/wp-json\/wp\/v2\/comments?post=20"}],"version-history":[{"count":9,"href":"https:\/\/eventos.cmm.uchile.cl\/seet2018\/wp-json\/wp\/v2\/pages\/20\/revisions"}],"predecessor-version":[{"id":39,"href":"https:\/\/eventos.cmm.uchile.cl\/seet2018\/wp-json\/wp\/v2\/pages\/20\/revisions\/39"}],"wp:attachment":[{"href":"https:\/\/eventos.cmm.uchile.cl\/seet2018\/wp-json\/wp\/v2\/media?parent=20"}],"curies":[{"name":"wp","href":"https:\/\/api.w.org\/{rel}","templated":true}]}}