{"id":43,"date":"2021-07-26T22:39:27","date_gmt":"2021-07-27T02:39:27","guid":{"rendered":"http:\/\/eventos.cmm.uchile.cl\/simpliroute\/?page_id=43"},"modified":"2021-07-26T22:44:24","modified_gmt":"2021-07-27T02:44:24","slug":"programa","status":"publish","type":"page","link":"https:\/\/eventos.cmm.uchile.cl\/simpliroute\/programa\/","title":{"rendered":"Programa"},"content":{"rendered":"<table class=\"evento_sr\" width=\"100%\">\n<tbody>\n<tr>\n<td width=\"110\">14:30-14:35<\/td>\n<td><strong>Alejandro Maass<\/strong>, Director CMM\/U. de Chile<br \/>\nPalabras de bienvenida<\/td>\n<\/tr>\n<tr>\n<td>14:40-14:45<\/td>\n<td><strong>\u00c1lvaro Echeverr\u00eda<\/strong>, CEO SimpliRoute<\/td>\n<\/tr>\n<tr>\n<td>14:45-15:00<\/td>\n<td><strong>Daniel Remenik<\/strong>, investigador CMM\/U. de Chile<br \/>\nCMM Data Science<\/td>\n<\/tr>\n<tr>\n<td>15:00-15:15<\/td>\n<td><strong>Jos\u00e9 Soto<\/strong>, investigador CMM\/U. de Chile<br \/>\nRuteo Inteligente<\/td>\n<\/tr>\n<tr>\n<td>15:20-15:25<\/td>\n<td><strong>V\u00edctor Gonz\u00e1lez<\/strong>, SimpliRoute<br \/>\nData Science en SimpliRoute<\/td>\n<\/tr>\n<tr>\n<td>15:25-15:35<\/td>\n<td><strong>Fernando Cavieres<\/strong>, SimpliRoute<br \/>\nBuscando rutas \u00f3ptimas en SimpliRoute<\/td>\n<\/tr>\n<tr>\n<td>15:40-15:50<\/td>\n<td><strong>Rodrigo Assar<\/strong>, SimpliRoute<br \/>\nInteligencia y Aprendizaje en SimpliRoute<\/td>\n<\/tr>\n<tr>\n<td>15:50-16:00<\/td>\n<td>Discusi\u00f3n final<\/td>\n<\/tr>\n<\/tbody>\n<\/table>\n<p>&nbsp;<\/p>\n<table style=\"border: none;\">\n<tbody style=\"border: none;\">\n<tr style=\"border: none;\">\n<td style=\"border: none;\"><a href=\"https:\/\/www.cmm.uchile.cl\/\"><img loading=\"lazy\" decoding=\"async\" class=\"wp-image-16 size-full aligncenter\" src=\"http:\/\/eventos.cmm.uchile.cl\/simpliroute\/wp-content\/uploads\/sites\/119\/2021\/07\/cmm_20_logo_web_01.png\" alt=\"CMM\" width=\"380\" height=\"121\" srcset=\"https:\/\/eventos.cmm.uchile.cl\/simpliroute\/wp-content\/uploads\/sites\/119\/2021\/07\/cmm_20_logo_web_01.png 380w, https:\/\/eventos.cmm.uchile.cl\/simpliroute\/wp-content\/uploads\/sites\/119\/2021\/07\/cmm_20_logo_web_01-300x96.png 300w\" sizes=\"auto, (max-width: 380px) 100vw, 380px\" \/><\/a><\/td>\n<td style=\"border: none;\"><a href=\"https:\/\/www.simpliroute.com\/\"><img loading=\"lazy\" decoding=\"async\" class=\"size-full wp-image-17 aligncenter\" src=\"http:\/\/eventos.cmm.uchile.cl\/simpliroute\/wp-content\/uploads\/sites\/119\/2021\/07\/simpliroute_logo_web_01.png\" alt=\"SimpliRoute\" width=\"420\" height=\"101\" srcset=\"https:\/\/eventos.cmm.uchile.cl\/simpliroute\/wp-content\/uploads\/sites\/119\/2021\/07\/simpliroute_logo_web_01.png 420w, https:\/\/eventos.cmm.uchile.cl\/simpliroute\/wp-content\/uploads\/sites\/119\/2021\/07\/simpliroute_logo_web_01-300x72.png 300w\" sizes=\"auto, (max-width: 420px) 100vw, 420px\" \/><\/a><\/td>\n<\/tr>\n<tr style=\"border: none;\">\n<td style=\"border: none;\" colspan=\"2\"><a href=\"http:\/\/ingenieria.uchile.cl\/\"><img loading=\"lazy\" decoding=\"async\" class=\"size-full wp-image-27 aligncenter\" src=\"http:\/\/eventos.cmm.uchile.cl\/simpliroute\/wp-content\/uploads\/sites\/119\/2021\/07\/fcfm_logo_web_02.png\" alt=\"FCFM\" width=\"561\" height=\"121\" \/><\/a><\/td>\n<\/tr>\n<\/tbody>\n<\/table>\n","protected":false},"excerpt":{"rendered":"<p>14:30-14:35 Alejandro Maass, Director CMM\/U. de Chile Palabras de bienvenida 14:40-14:45 \u00c1lvaro Echeverr\u00eda, CEO SimpliRoute 14:45-15:00 Daniel Remenik, investigador CMM\/U. de Chile CMM Data Science 15:00-15:15 Jos\u00e9 Soto, investigador CMM\/U. de Chile Ruteo Inteligente 15:20-15:25 V\u00edctor Gonz\u00e1lez, SimpliRoute Data Science en SimpliRoute 15:25-15:35 Fernando Cavieres, SimpliRoute Buscando rutas \u00f3ptimas en SimpliRoute 15:40-15:50 Rodrigo Assar, SimpliRoute &hellip; <a href=\"https:\/\/eventos.cmm.uchile.cl\/simpliroute\/programa\/\" class=\"more-link\">Contin\u00fae leyendo <span class=\"screen-reader-text\">Programa<\/span> <span class=\"meta-nav\">&rarr;<\/span><\/a><\/p>\n","protected":false},"author":2,"featured_media":0,"parent":0,"menu_order":1,"comment_status":"closed","ping_status":"closed","template":"","meta":{"inline_featured_image":false,"footnotes":""},"class_list":["post-43","page","type-page","status-publish","hentry"],"_links":{"self":[{"href":"https:\/\/eventos.cmm.uchile.cl\/simpliroute\/wp-json\/wp\/v2\/pages\/43","targetHints":{"allow":["GET"]}}],"collection":[{"href":"https:\/\/eventos.cmm.uchile.cl\/simpliroute\/wp-json\/wp\/v2\/pages"}],"about":[{"href":"https:\/\/eventos.cmm.uchile.cl\/simpliroute\/wp-json\/wp\/v2\/types\/page"}],"author":[{"embeddable":true,"href":"https:\/\/eventos.cmm.uchile.cl\/simpliroute\/wp-json\/wp\/v2\/users\/2"}],"replies":[{"embeddable":true,"href":"https:\/\/eventos.cmm.uchile.cl\/simpliroute\/wp-json\/wp\/v2\/comments?post=43"}],"version-history":[{"count":10,"href":"https:\/\/eventos.cmm.uchile.cl\/simpliroute\/wp-json\/wp\/v2\/pages\/43\/revisions"}],"predecessor-version":[{"id":56,"href":"https:\/\/eventos.cmm.uchile.cl\/simpliroute\/wp-json\/wp\/v2\/pages\/43\/revisions\/56"}],"wp:attachment":[{"href":"https:\/\/eventos.cmm.uchile.cl\/simpliroute\/wp-json\/wp\/v2\/media?parent=43"}],"curies":[{"name":"wp","href":"https:\/\/api.w.org\/{rel}","templated":true}]}}