{"id":8,"date":"2021-07-23T06:07:08","date_gmt":"2021-07-23T06:07:08","guid":{"rendered":"http:\/\/eventos.cmm.uchile.cl\/simpliroute\/?page_id=8"},"modified":"2021-08-06T20:56:40","modified_gmt":"2021-08-07T00:56:40","slug":"seminario","status":"publish","type":"page","link":"https:\/\/eventos.cmm.uchile.cl\/simpliroute\/","title":{"rendered":"Seminario"},"content":{"rendered":"<p>Alejandro Maass, director del <strong>Centro de Modelamiento Matem\u00e1tico (CMM)<\/strong> de la Universidad de Chile, y \u00c1lvaro Echeverr\u00eda, CEO de <strong>SimpliRoute<\/strong>, invitan al seminario con que se dar\u00e1 el puntapi\u00e9 inicial de la colaboraci\u00f3n para la transferencia de conocimiento y tecnolog\u00eda entre el CMM y SimpliRoute.<\/p>\n<p><strong>***Actualizaci\u00f3n:<\/strong> puede ver el registro en video de este seminario en nuestro canal de YouTube: <a href=\"https:\/\/youtu.be\/F_lUbwLIeXY\" target=\"_blank\" rel=\"noopener\">https:\/\/youtu.be\/F_lUbwLIeXY<\/a><\/p>\n<p><iframe loading=\"lazy\" title=\"Seminario Colaboraci\u00f3n CMM \u2013 SimpliRoute: Inteligencia log\u00edstica\" width=\"604\" height=\"340\" src=\"https:\/\/www.youtube.com\/embed\/F_lUbwLIeXY?feature=oembed\" frameborder=\"0\" allow=\"accelerometer; autoplay; clipboard-write; encrypted-media; gyroscope; picture-in-picture; web-share\" referrerpolicy=\"strict-origin-when-cross-origin\" allowfullscreen><\/iframe><\/p>\n<p>El evento se llevar\u00e1 a cabo el <strong class=\"destaque\">viernes 6 de agosto de 2021 a las 14:30 hrs.<\/strong> La asistencia es libre, pero requiere registro para el env\u00edo de un link con el cual conectarse.<\/p>\n[button url=&#8221;http:\/\/eventos.cmm.uchile.cl\/simpliroute\/registro&#8221; target=&#8221;self&#8221; style=&#8221;flat&#8221; background=&#8221;#0766ef&#8221; color=&#8221;#FFFFFF&#8221; size=&#8221;5&#8243; wide=&#8221;no&#8221; center=&#8221;yes&#8221; radius=&#8221;auto&#8221; icon=&#8221;icon: wpforms&#8221; icon_color=&#8221;#FFFFFF&#8221; text_shadow=&#8221;none&#8221;]Registro[\/button]\n<p>&nbsp;<\/p>\n[divider top=&#8221;no&#8221; text=&#8221;Volver arriba&#8221; anchor=&#8221;#&#8221; style=&#8221;default&#8221; divider_color=&#8221;#0766ef&#8221; link_color=&#8221;#999999&#8243; size=&#8221;1&#8243; margin=&#8221;15&#8243;]\n<p>&nbsp;<\/p>\n<p><em>Para resolver el problema del enrutamiento de veh\u00edculos, adem\u00e1s de heur\u00edsticas de optimizaci\u00f3n, se requiere un uso intensivo de enfoques de Aprendizaje Autom\u00e1tico. Ello tanto para entender las necesidades de nuestros clientes, estableciendo inputs y par\u00e1metros de optimizaci\u00f3n, como para extraer valor de los resultados y de la interacci\u00f3n con los clientes.<\/em><\/p>\n<p><em>Este convenio nos permite seguir creciendo en la aplicaci\u00f3n de Inteligencia y Aprendizaje para la log\u00edstica, posicion\u00e1ndonos a la vanguardia del desarrollo cient\u00edfico en el \u00e1rea.<\/em><\/p>\n<p style=\"text-align: right;\">\u2014 \u00c1lvaro Echeverr\u00eda, CEO SimpliRoute<\/p>\n[divider top=&#8221;no&#8221; text=&#8221;Volver arriba&#8221; anchor=&#8221;#&#8221; style=&#8221;default&#8221; divider_color=&#8221;#0766ef&#8221; link_color=&#8221;#999999&#8243; size=&#8221;1&#8243; margin=&#8221;15&#8243;]\n<p>&nbsp;<\/p>\n<p>El <strong>Centro de Modelamiento Matem\u00e1tico (CMM)<\/strong> es un centro cient\u00edfico de referencia nacional para la investigaci\u00f3n y las aplicaciones de las matem\u00e1ticas. Su objetivo es crear nuevas matem\u00e1ticas y utilizarlas para resolver problemas procedentes de otras ciencias, la industria y las pol\u00edticas p\u00fablicas.<\/p>\n<p><strong>SimpliRoute<\/strong> tiene como objetivo democratizar la inteligencia log\u00edstica en todo el mundo. En SimpliRoute se est\u00e1 revolucionando la forma de trabajar la log\u00edstica, ayudando a las empresas a ofrecer entregas r\u00e1pidas, eficientes e inteligentes para sus clientes.<\/p>\n<p>&nbsp;<\/p>\n<table style=\"border: none;\">\n<tbody style=\"border: none;\">\n<tr style=\"border: none;\">\n<td style=\"border: none;\"><a href=\"https:\/\/www.cmm.uchile.cl\/\"><img loading=\"lazy\" decoding=\"async\" class=\"wp-image-16 size-full aligncenter\" src=\"http:\/\/eventos.cmm.uchile.cl\/simpliroute\/wp-content\/uploads\/sites\/119\/2021\/07\/cmm_20_logo_web_01.png\" alt=\"CMM\" width=\"380\" height=\"121\" srcset=\"https:\/\/eventos.cmm.uchile.cl\/simpliroute\/wp-content\/uploads\/sites\/119\/2021\/07\/cmm_20_logo_web_01.png 380w, https:\/\/eventos.cmm.uchile.cl\/simpliroute\/wp-content\/uploads\/sites\/119\/2021\/07\/cmm_20_logo_web_01-300x96.png 300w\" sizes=\"auto, (max-width: 380px) 100vw, 380px\" \/><\/a><\/td>\n<td style=\"border: none;\"><a href=\"https:\/\/www.simpliroute.com\/\"><img loading=\"lazy\" decoding=\"async\" class=\"size-full wp-image-17 aligncenter\" src=\"http:\/\/eventos.cmm.uchile.cl\/simpliroute\/wp-content\/uploads\/sites\/119\/2021\/07\/simpliroute_logo_web_01.png\" alt=\"SimpliRoute\" width=\"420\" height=\"101\" srcset=\"https:\/\/eventos.cmm.uchile.cl\/simpliroute\/wp-content\/uploads\/sites\/119\/2021\/07\/simpliroute_logo_web_01.png 420w, https:\/\/eventos.cmm.uchile.cl\/simpliroute\/wp-content\/uploads\/sites\/119\/2021\/07\/simpliroute_logo_web_01-300x72.png 300w\" sizes=\"auto, (max-width: 420px) 100vw, 420px\" \/><\/a><\/td>\n<\/tr>\n<tr style=\"border: none;\">\n<td style=\"border: none;\" colspan=\"2\"><a href=\"http:\/\/ingenieria.uchile.cl\/\"><img loading=\"lazy\" decoding=\"async\" class=\"size-full wp-image-27 aligncenter\" src=\"http:\/\/eventos.cmm.uchile.cl\/simpliroute\/wp-content\/uploads\/sites\/119\/2021\/07\/fcfm_logo_web_02.png\" alt=\"FCFM\" width=\"561\" height=\"121\" \/><\/a><\/td>\n<\/tr>\n<\/tbody>\n<\/table>\n","protected":false},"excerpt":{"rendered":"<p>Alejandro Maass, director del Centro de Modelamiento Matem\u00e1tico (CMM) de la Universidad de Chile, y \u00c1lvaro Echeverr\u00eda, CEO de SimpliRoute, invitan al seminario con que se dar\u00e1 el puntapi\u00e9 inicial de la colaboraci\u00f3n para la transferencia de conocimiento y tecnolog\u00eda entre el CMM y SimpliRoute. ***Actualizaci\u00f3n: puede ver el registro en video de este seminario &hellip; <a href=\"https:\/\/eventos.cmm.uchile.cl\/simpliroute\/\" class=\"more-link\">Contin\u00fae leyendo <span class=\"screen-reader-text\">Seminario<\/span> <span class=\"meta-nav\">&rarr;<\/span><\/a><\/p>\n","protected":false},"author":2,"featured_media":0,"parent":0,"menu_order":0,"comment_status":"closed","ping_status":"closed","template":"","meta":{"inline_featured_image":false,"footnotes":""},"class_list":["post-8","page","type-page","status-publish","hentry"],"_links":{"self":[{"href":"https:\/\/eventos.cmm.uchile.cl\/simpliroute\/wp-json\/wp\/v2\/pages\/8","targetHints":{"allow":["GET"]}}],"collection":[{"href":"https:\/\/eventos.cmm.uchile.cl\/simpliroute\/wp-json\/wp\/v2\/pages"}],"about":[{"href":"https:\/\/eventos.cmm.uchile.cl\/simpliroute\/wp-json\/wp\/v2\/types\/page"}],"author":[{"embeddable":true,"href":"https:\/\/eventos.cmm.uchile.cl\/simpliroute\/wp-json\/wp\/v2\/users\/2"}],"replies":[{"embeddable":true,"href":"https:\/\/eventos.cmm.uchile.cl\/simpliroute\/wp-json\/wp\/v2\/comments?post=8"}],"version-history":[{"count":24,"href":"https:\/\/eventos.cmm.uchile.cl\/simpliroute\/wp-json\/wp\/v2\/pages\/8\/revisions"}],"predecessor-version":[{"id":64,"href":"https:\/\/eventos.cmm.uchile.cl\/simpliroute\/wp-json\/wp\/v2\/pages\/8\/revisions\/64"}],"wp:attachment":[{"href":"https:\/\/eventos.cmm.uchile.cl\/simpliroute\/wp-json\/wp\/v2\/media?parent=8"}],"curies":[{"name":"wp","href":"https:\/\/api.w.org\/{rel}","templated":true}]}}