{"id":13,"date":"2018-01-29T15:03:27","date_gmt":"2018-01-29T18:03:27","guid":{"rendered":"http:\/\/eventos.cmm.uchile.cl\/stochasticfinance2018\/?page_id=13"},"modified":"2018-03-14T10:28:32","modified_gmt":"2018-03-14T13:28:32","slug":"speakers","status":"publish","type":"page","link":"https:\/\/eventos.cmm.uchile.cl\/stochasticfinance2018\/speakers\/","title":{"rendered":"Speakers"},"content":{"rendered":"<table width=\"361\">\n<tbody>\n<tr>\n<td width=\"85\"><strong>Surname<\/strong><\/td>\n<td width=\"81\"><strong>Name<\/strong><\/td>\n<td width=\"195\"><strong>Institution<\/strong><\/td>\n<\/tr>\n<tr>\n<td>Acciaio<\/td>\n<td>Beatrice<\/td>\n<td>London School of Economics<\/td>\n<\/tr>\n<tr>\n<td>A\u00efd<\/td>\n<td>Ren\u00e9<\/td>\n<td>Universit\u00e9 Paris Dauphine<\/td>\n<\/tr>\n<tr>\n<td>Backhoff Veraguas<\/td>\n<td>Julio<\/td>\n<td>TU Wien<\/td>\n<\/tr>\n<tr>\n<td>Cvitani\u0107<\/td>\n<td>Jak\u0161a<\/td>\n<td>California Institute of Technology<\/td>\n<\/tr>\n<tr>\n<td>Hern\u00e1ndez Santib\u00e1\u00f1ez<\/td>\n<td>Nicol\u00e1s<\/td>\n<td>University of Michigan<\/td>\n<\/tr>\n<tr>\n<td>Jacquier<\/td>\n<td>Antoine<\/td>\n<td>Imperial College London<\/td>\n<\/tr>\n<tr>\n<td>Kardaras<\/td>\n<td>Kostas<\/td>\n<td>London School of Economics<\/td>\n<\/tr>\n<tr>\n<td>Lacker<\/td>\n<td>Daniel<\/td>\n<td>Columbia University<\/td>\n<\/tr>\n<tr>\n<td>Mastrolia<\/td>\n<td>Thibaut<\/td>\n<td>\u00c9cole Polytechnique<\/td>\n<\/tr>\n<tr>\n<td>Nutz<\/td>\n<td>Marcel<\/td>\n<td>Columbia University<\/td>\n<\/tr>\n<tr>\n<td>Oliu Barton<\/td>\n<td>Miquel<\/td>\n<td>Universit\u00e9 Paris Dauphine<\/td>\n<\/tr>\n<tr>\n<td>Pennanen<\/td>\n<td>Teemu<\/td>\n<td>King&#8217;s College<\/td>\n<\/tr>\n<tr>\n<td>Picarelli<\/td>\n<td>Athena<\/td>\n<td>University of Oxford<\/td>\n<\/tr>\n<tr>\n<td>R\u00e9veillac<\/td>\n<td>Anthony<\/td>\n<td>INSA Toulouse<\/td>\n<\/tr>\n<tr>\n<td>Rosenbaum<\/td>\n<td>Mathieu<\/td>\n<td>\u00c9cole Polytechnique<\/td>\n<\/tr>\n<tr>\n<td>Ruf<\/td>\n<td>Johannes<\/td>\n<td>London School of Economics<\/td>\n<\/tr>\n<tr>\n<td>Saplaouras<\/td>\n<td>Alexandros<\/td>\n<td>University of Michigan<\/td>\n<\/tr>\n<tr>\n<td>Touzi<\/td>\n<td>Nizar<\/td>\n<td>\u00c9cole Polytechnique<\/td>\n<\/tr>\n<tr>\n<td>Zhou<\/td>\n<td>Chao<\/td>\n<td>National University of Singapore<\/td>\n<\/tr>\n<\/tbody>\n<\/table>\n","protected":false},"excerpt":{"rendered":"<p>Surname Name Institution Acciaio Beatrice London School of Economics A\u00efd Ren\u00e9 Universit\u00e9 Paris Dauphine Backhoff Veraguas Julio TU Wien Cvitani\u0107 Jak\u0161a California Institute of Technology Hern\u00e1ndez Santib\u00e1\u00f1ez Nicol\u00e1s University of Michigan Jacquier Antoine Imperial College London Kardaras Kostas London School of Economics Lacker Daniel Columbia University Mastrolia Thibaut \u00c9cole Polytechnique Nutz Marcel Columbia University Oliu &hellip; <a href=\"https:\/\/eventos.cmm.uchile.cl\/stochasticfinance2018\/speakers\/\" class=\"more-link\">Continue reading <span class=\"screen-reader-text\">Speakers<\/span> <span class=\"meta-nav\">&rarr;<\/span><\/a><\/p>\n","protected":false},"author":2,"featured_media":0,"parent":0,"menu_order":1,"comment_status":"closed","ping_status":"closed","template":"","meta":{"inline_featured_image":false,"footnotes":""},"class_list":["post-13","page","type-page","status-publish","hentry"],"_links":{"self":[{"href":"https:\/\/eventos.cmm.uchile.cl\/stochasticfinance2018\/wp-json\/wp\/v2\/pages\/13","targetHints":{"allow":["GET"]}}],"collection":[{"href":"https:\/\/eventos.cmm.uchile.cl\/stochasticfinance2018\/wp-json\/wp\/v2\/pages"}],"about":[{"href":"https:\/\/eventos.cmm.uchile.cl\/stochasticfinance2018\/wp-json\/wp\/v2\/types\/page"}],"author":[{"embeddable":true,"href":"https:\/\/eventos.cmm.uchile.cl\/stochasticfinance2018\/wp-json\/wp\/v2\/users\/2"}],"replies":[{"embeddable":true,"href":"https:\/\/eventos.cmm.uchile.cl\/stochasticfinance2018\/wp-json\/wp\/v2\/comments?post=13"}],"version-history":[{"count":13,"href":"https:\/\/eventos.cmm.uchile.cl\/stochasticfinance2018\/wp-json\/wp\/v2\/pages\/13\/revisions"}],"predecessor-version":[{"id":74,"href":"https:\/\/eventos.cmm.uchile.cl\/stochasticfinance2018\/wp-json\/wp\/v2\/pages\/13\/revisions\/74"}],"wp:attachment":[{"href":"https:\/\/eventos.cmm.uchile.cl\/stochasticfinance2018\/wp-json\/wp\/v2\/media?parent=13"}],"curies":[{"name":"wp","href":"https:\/\/api.w.org\/{rel}","templated":true}]}}