{"id":16,"date":"2018-01-29T15:03:48","date_gmt":"2018-01-29T18:03:48","guid":{"rendered":"http:\/\/eventos.cmm.uchile.cl\/stochasticfinance2018\/?page_id=16"},"modified":"2018-03-14T10:32:15","modified_gmt":"2018-03-14T13:32:15","slug":"program","status":"publish","type":"page","link":"https:\/\/eventos.cmm.uchile.cl\/stochasticfinance2018\/program\/","title":{"rendered":"Program"},"content":{"rendered":"<p>&nbsp;<\/p>\n<table style=\"height: 535px\" width=\"622\">\n<tbody>\n<tr>\n<td width=\"20\"><strong>Hours<\/strong><\/td>\n<td style=\"text-align: center\" width=\"85\"><strong>Monday 19th<\/strong><\/td>\n<td style=\"text-align: center\" width=\"85\"><strong>Tuesday 20th<\/strong><\/td>\n<td style=\"text-align: center\" width=\"85\"><strong>Wednesday 21st<\/strong><\/td>\n<td style=\"text-align: center\" width=\"85\"><strong>Thursday 22nd<\/strong><\/td>\n<\/tr>\n<tr>\n<td>9h-9h45<\/td>\n<td style=\"text-align: center\"><\/td>\n<td style=\"text-align: center\"><\/td>\n<td style=\"text-align: center\">Nizar Touzi<\/td>\n<td style=\"text-align: center\">Nicol\u00e1s Hern\u00e1ndez<\/td>\n<\/tr>\n<tr>\n<td>9h45-10h30<\/td>\n<td style=\"text-align: center\">Marcel Nutz<\/td>\n<td style=\"text-align: center\">Antoine Jacquier<\/td>\n<td style=\"text-align: center\">Teemu Pennanen<\/td>\n<td style=\"text-align: center\">Miquel Oliu Barton<\/td>\n<\/tr>\n<tr>\n<td>10h30-11h<\/td>\n<td style=\"text-align: center\"><strong>Coffee break<\/strong><\/td>\n<td style=\"text-align: center\"><strong>Coffee break<\/strong><\/td>\n<td style=\"text-align: center\"><strong>Coffee break<\/strong><\/td>\n<td style=\"text-align: center\"><strong>Coffee break<\/strong><\/td>\n<\/tr>\n<tr>\n<td>11h-11h45<\/td>\n<td style=\"text-align: center\">Daniel Lacker<\/td>\n<td style=\"text-align: center\">Ren\u00e9 A\u00efd<\/td>\n<td style=\"text-align: center\">Kostas Kardaras<\/td>\n<td style=\"text-align: center\">Chao Zhou<\/td>\n<\/tr>\n<tr>\n<td>11h45-12h30<\/td>\n<td style=\"text-align: center\">Julio Backhoff<\/td>\n<td style=\"text-align: center\">Anthony R\u00e9veillac<\/td>\n<td style=\"text-align: center\">Mathieu Rosenbaum<\/td>\n<td style=\"text-align: center\"><\/td>\n<\/tr>\n<tr>\n<td>12h30-14h<\/td>\n<td style=\"text-align: center\"><strong>Lunch<\/strong><\/td>\n<td style=\"text-align: center\"><strong>Lunch<\/strong><\/td>\n<td style=\"text-align: center\"><strong>Lunch<\/strong><\/td>\n<td style=\"text-align: center\"><\/td>\n<\/tr>\n<tr>\n<td>14h-14h45<\/td>\n<td style=\"text-align: center\">Johannes Ruf<\/td>\n<td style=\"text-align: center\"><em>Free afternoon<\/em><\/td>\n<td style=\"text-align: center\">Jak\u0161a Cvitani\u0107<\/td>\n<td><\/td>\n<\/tr>\n<tr>\n<td>14h45-15h30<\/td>\n<td style=\"text-align: center\">Beatrice Acciaio<\/td>\n<td style=\"text-align: center\"><em>Free afternoon<\/em><\/td>\n<td style=\"text-align: center\">Thibaut Mastrolia<\/td>\n<td><\/td>\n<\/tr>\n<tr>\n<td>15h30-16h<\/td>\n<td style=\"text-align: center\"><strong>Coffee break<\/strong><\/td>\n<td style=\"text-align: center\"><em>Free afternoon<\/em><\/td>\n<td style=\"text-align: center\"><strong>Coffee break<\/strong><\/td>\n<td style=\"text-align: center\"><\/td>\n<\/tr>\n<tr>\n<td>16h-16h45<\/td>\n<td style=\"text-align: center\">Athena Picarreli<\/td>\n<td style=\"text-align: center\"><em>Free afternoon<\/em><\/td>\n<td style=\"text-align: center\">Alexandros Saplaouras<\/td>\n<td><\/td>\n<\/tr>\n<\/tbody>\n<\/table>\n","protected":false},"excerpt":{"rendered":"<p>&nbsp; Hours Monday 19th Tuesday 20th Wednesday 21st Thursday 22nd 9h-9h45 Nizar Touzi Nicol\u00e1s Hern\u00e1ndez 9h45-10h30 Marcel Nutz Antoine Jacquier Teemu Pennanen Miquel Oliu Barton 10h30-11h Coffee break Coffee break Coffee break Coffee break 11h-11h45 Daniel Lacker Ren\u00e9 A\u00efd Kostas Kardaras Chao Zhou 11h45-12h30 Julio Backhoff Anthony R\u00e9veillac Mathieu Rosenbaum 12h30-14h Lunch Lunch Lunch 14h-14h45 &hellip; <a href=\"https:\/\/eventos.cmm.uchile.cl\/stochasticfinance2018\/program\/\" class=\"more-link\">Continue reading <span class=\"screen-reader-text\">Program<\/span> <span class=\"meta-nav\">&rarr;<\/span><\/a><\/p>\n","protected":false},"author":2,"featured_media":0,"parent":0,"menu_order":2,"comment_status":"closed","ping_status":"closed","template":"","meta":{"inline_featured_image":false,"footnotes":""},"class_list":["post-16","page","type-page","status-publish","hentry"],"_links":{"self":[{"href":"https:\/\/eventos.cmm.uchile.cl\/stochasticfinance2018\/wp-json\/wp\/v2\/pages\/16","targetHints":{"allow":["GET"]}}],"collection":[{"href":"https:\/\/eventos.cmm.uchile.cl\/stochasticfinance2018\/wp-json\/wp\/v2\/pages"}],"about":[{"href":"https:\/\/eventos.cmm.uchile.cl\/stochasticfinance2018\/wp-json\/wp\/v2\/types\/page"}],"author":[{"embeddable":true,"href":"https:\/\/eventos.cmm.uchile.cl\/stochasticfinance2018\/wp-json\/wp\/v2\/users\/2"}],"replies":[{"embeddable":true,"href":"https:\/\/eventos.cmm.uchile.cl\/stochasticfinance2018\/wp-json\/wp\/v2\/comments?post=16"}],"version-history":[{"count":11,"href":"https:\/\/eventos.cmm.uchile.cl\/stochasticfinance2018\/wp-json\/wp\/v2\/pages\/16\/revisions"}],"predecessor-version":[{"id":75,"href":"https:\/\/eventos.cmm.uchile.cl\/stochasticfinance2018\/wp-json\/wp\/v2\/pages\/16\/revisions\/75"}],"wp:attachment":[{"href":"https:\/\/eventos.cmm.uchile.cl\/stochasticfinance2018\/wp-json\/wp\/v2\/media?parent=16"}],"curies":[{"name":"wp","href":"https:\/\/api.w.org\/{rel}","templated":true}]}}