{"id":13,"date":"2018-01-29T15:03:27","date_gmt":"2018-01-29T18:03:27","guid":{"rendered":"http:\/\/eventos.cmm.uchile.cl\/stochasticfinance2025\/?page_id=13"},"modified":"2025-09-10T00:22:05","modified_gmt":"2025-09-10T03:22:05","slug":"participants","status":"publish","type":"page","link":"https:\/\/eventos.cmm.uchile.cl\/stochasticfinance2025\/participants\/","title":{"rendered":"Participants"},"content":{"rendered":"<table border=\"1\" cellspacing=\"0\">\n<colgroup width=\"528\"><\/colgroup>\n<tbody>\n<tr>\n<td width=\"520\" height=\"28\"><\/td>\n<\/tr>\n<tr>\n<td height=\"20\">Beatrice ACCIAIO, ETH Z\u00fcrich<\/td>\n<\/tr>\n<tr>\n<td height=\"20\">Julio BACKHOFF, Universit\u00e4t Wien<\/td>\n<\/tr>\n<tr>\n<td height=\"20\">Mathias BEIGLB\u00d6CK, Universit\u00e4t Wien<\/td>\n<\/tr>\n<tr>\n<td height=\"20\">Filippo BERETTA, ETH Z\u00fcrich<\/td>\n<\/tr>\n<tr>\n<td height=\"20\">Luis BRICE\u00d1O, Universidad T\u00e9cnica Federico Santa Mar\u00eda<\/td>\n<\/tr>\n<tr>\n<td height=\"20\">Anna DE CRESCENZO, Universit\u00e9 Paris Cit\u00e9<\/td>\n<\/tr>\n<tr>\n<td height=\"20\">Julio DERIDE, Universidad Adolfo Ib\u00e1\u00f1ez<\/td>\n<\/tr>\n<tr>\n<td height=\"20\">Cristopher HERMOSILLA, Universidad T\u00e9cnica Federico Santa Mar\u00eda<\/td>\n<\/tr>\n<tr>\n<td height=\"20\">Camilo HERN\u00c1NDEZ, University of Southern Calfornia<\/td>\n<\/tr>\n<tr>\n<td height=\"20\">Nicol\u00e1s HERN\u00c1NDEZ-SANTIB\u00c1\u00d1EZ, Universidad T\u00e9cnica Federico Santa Mar\u00eda<\/td>\n<\/tr>\n<tr>\n<td height=\"20\">Emma HUBERT, Universit\u00e9 Paris Dauphine<\/td>\n<\/tr>\n<tr>\n<td height=\"20\">Antoine JACQUIER, Imperial College London<\/td>\n<\/tr>\n<tr>\n<td height=\"20\">Alejandro JOFR\u00c9, Universidad de Chile<\/td>\n<\/tr>\n<tr>\n<td height=\"20\">Nabil KAZI-TANI, Universit\u00e9 de Lorraine<\/td>\n<\/tr>\n<tr>\n<td height=\"20\">Anastasis KRATSIOS, McMaster University<\/td>\n<\/tr>\n<tr>\n<td height=\"20\">Daniel KR\u0160EK, ETH Z\u00fcrich<\/td>\n<\/tr>\n<tr>\n<td height=\"20\">Thibaut MASTROLIA, University of California Berkeley<\/td>\n<\/tr>\n<tr>\n<td height=\"20\">Sara MAZZONETTO, Universit\u00e9 de Lorraine<\/td>\n<\/tr>\n<tr>\n<td class=\"xl65\" height=\"20\">Sergey NADTOCHIY, Carnegie Mellon University<\/td>\n<\/tr>\n<tr>\n<td height=\"20\">Temmu PENNANEN, King&#8217;s College<\/td>\n<\/tr>\n<tr>\n<td class=\"xl65\" height=\"20\">Pedro P\u00c9REZ-AROS, Universidad de Chile<\/td>\n<\/tr>\n<tr>\n<td height=\"20\">Dylan POSSAMA\u00cf, ETH Z\u00fcrich<\/td>\n<\/tr>\n<tr>\n<td height=\"20\">Joshu\u00e9 RICALDE GUERRERO, ETH Z\u00fcrich<\/td>\n<\/tr>\n<tr>\n<td height=\"20\">Scott ROBERTSON, Boston University<\/td>\n<\/tr>\n<tr>\n<td height=\"20\">Terry ROCKAFELLAR, University of Washington<\/td>\n<\/tr>\n<tr>\n<td height=\"20\">Marco RODRIGUES, ETH Z\u00fcrich<\/td>\n<\/tr>\n<tr>\n<td height=\"20\">Mateo RODRIGUEZ, ETH Z\u00fcrich<\/td>\n<\/tr>\n<tr>\n<td height=\"20\">Mathieu ROSENBAUM, \u00c9cole Polytechnique<\/td>\n<\/tr>\n<tr>\n<td height=\"20\">Chiara ROSSATO, ETH Z\u00fcrich<\/td>\n<\/tr>\n<tr>\n<td height=\"20\">David SALAS, Universidad de O&#8217;Higgins<\/td>\n<\/tr>\n<tr>\n<td height=\"20\">Alexandros SAPLAOURAS, ETH Z\u00fcrich<\/td>\n<\/tr>\n<tr>\n<td height=\"20\">Stefan SCHROTT, Universit\u00e4t Wien<\/td>\n<\/tr>\n<tr>\n<td height=\"20\">Francisco SILVA, Universit\u00e9 de Limoges<\/td>\n<\/tr>\n<tr>\n<td height=\"20\">Mehdi TALBI, Universit\u00e9 Paris Cit\u00e9<\/td>\n<\/tr>\n<tr>\n<td height=\"20\">Ludovic TANGPI, Princeton University<\/td>\n<\/tr>\n<tr>\n<td height=\"20\">Josef TEICHMANN, ETH Z\u00fcrich<\/td>\n<\/tr>\n<tr>\n<td height=\"20\">Mariano VAZQUEZ, Universidad de Chile<\/td>\n<\/tr>\n<tr>\n<td height=\"20\">Benjam\u00edn VERA, Universidad de Chile<\/td>\n<\/tr>\n<tr>\n<td height=\"20\">Mat\u00edas VERA, ETH Z\u00fcrich<\/td>\n<\/tr>\n<tr>\n<td height=\"20\">Emilio VILCHES, Universidad de O&#8217;Higgins<\/td>\n<\/tr>\n<\/tbody>\n<\/table>\n","protected":false},"excerpt":{"rendered":"<p>Beatrice ACCIAIO, ETH Z\u00fcrich Julio BACKHOFF, Universit\u00e4t Wien Mathias BEIGLB\u00d6CK, Universit\u00e4t Wien Filippo BERETTA, ETH Z\u00fcrich Luis BRICE\u00d1O, Universidad T\u00e9cnica Federico Santa Mar\u00eda Anna DE CRESCENZO, Universit\u00e9 Paris Cit\u00e9 Julio DERIDE, Universidad Adolfo Ib\u00e1\u00f1ez Cristopher HERMOSILLA, Universidad T\u00e9cnica Federico Santa Mar\u00eda Camilo HERN\u00c1NDEZ, University of Southern Calfornia Nicol\u00e1s HERN\u00c1NDEZ-SANTIB\u00c1\u00d1EZ, Universidad T\u00e9cnica Federico Santa Mar\u00eda Emma &hellip; <a href=\"https:\/\/eventos.cmm.uchile.cl\/stochasticfinance2025\/participants\/\" class=\"more-link\">Continue reading <span class=\"screen-reader-text\">Participants<\/span> <span class=\"meta-nav\">&rarr;<\/span><\/a><\/p>\n","protected":false},"author":2,"featured_media":0,"parent":0,"menu_order":2,"comment_status":"closed","ping_status":"closed","template":"","meta":{"inline_featured_image":false,"footnotes":""},"class_list":["post-13","page","type-page","status-publish","hentry"],"_links":{"self":[{"href":"https:\/\/eventos.cmm.uchile.cl\/stochasticfinance2025\/wp-json\/wp\/v2\/pages\/13","targetHints":{"allow":["GET"]}}],"collection":[{"href":"https:\/\/eventos.cmm.uchile.cl\/stochasticfinance2025\/wp-json\/wp\/v2\/pages"}],"about":[{"href":"https:\/\/eventos.cmm.uchile.cl\/stochasticfinance2025\/wp-json\/wp\/v2\/types\/page"}],"author":[{"embeddable":true,"href":"https:\/\/eventos.cmm.uchile.cl\/stochasticfinance2025\/wp-json\/wp\/v2\/users\/2"}],"replies":[{"embeddable":true,"href":"https:\/\/eventos.cmm.uchile.cl\/stochasticfinance2025\/wp-json\/wp\/v2\/comments?post=13"}],"version-history":[{"count":23,"href":"https:\/\/eventos.cmm.uchile.cl\/stochasticfinance2025\/wp-json\/wp\/v2\/pages\/13\/revisions"}],"predecessor-version":[{"id":126,"href":"https:\/\/eventos.cmm.uchile.cl\/stochasticfinance2025\/wp-json\/wp\/v2\/pages\/13\/revisions\/126"}],"wp:attachment":[{"href":"https:\/\/eventos.cmm.uchile.cl\/stochasticfinance2025\/wp-json\/wp\/v2\/media?parent=13"}],"curies":[{"name":"wp","href":"https:\/\/api.w.org\/{rel}","templated":true}]}}