{"id":11,"date":"2018-07-25T13:17:27","date_gmt":"2018-07-25T17:17:27","guid":{"rendered":"http:\/\/eventos.cmm.uchile.cl\/sysbio2018\/?page_id=11"},"modified":"2018-10-16T16:54:44","modified_gmt":"2018-10-16T19:54:44","slug":"venue","status":"publish","type":"page","link":"https:\/\/eventos.cmm.uchile.cl\/sysbio2018\/venue\/","title":{"rendered":"Venue"},"content":{"rendered":"<p><a href=\"http:\/\/www.iscv.cl\/\">Instituto de Sistemas Complejos de Valpara\u00edso<\/a>\u00a0(ISCV)<br \/>\nSubida Artiller\u00eda 470 (Costado Museo Naval)<br \/>\nCerro Artiller\u00eda \u2013\u00a0<a href=\"http:\/\/www.ciudaddevalparaiso.cl\/inicio\/index.php\">Valpara\u00edso<\/a>, Chile.<\/p>\n<p><img loading=\"lazy\" decoding=\"async\" class=\"aligncenter size-full wp-image-13\" src=\"http:\/\/eventos.cmm.uchile.cl\/discretas2019\/wp-content\/uploads\/sites\/62\/2018\/05\/panoramica_valparaiso_sm01.jpg\" alt=\"\" width=\"604\" height=\"200\" \/>The Workshop will be held at Instituto de Sistemas Complejos de Valpara\u00edso (ISCV).<\/p>\n<h4>About ISCV<\/h4>\n<p>The Institute of Complex Systems of Valpara\u00edso (ISCV) is a center for research and dissemination of Complex Systems whose objective is the development of cutting-edge knowledge, formulation of new paradigms, and promotion of open scientific discussions among researchers, visitors, and students , as well as its diffusion both in the productive sector and the general public.<\/p>\n<p>The ISCV is a private non-profit corporation, founded in 2004, inclusive and welcoming, which makes its infrastructure available to the community, in a scientific environment that promotes cooperation and interaction among its participants. The above, in a space with a privileged panoramic view of the bay and the hills of the port city of Valpara\u00edso, whose historic center was declared a World Heritage site by Unesco in 2003.<\/p>\n<h4>Arriving<\/h4>\n<p><strong>From Vi\u00f1a del Mar<\/strong> take <em>micro<\/em> (bus) <strong>216<\/strong> or <strong>602<\/strong> and get off at the intersection of <em>Avenida Playa Ancha<\/em> with <em>Gran Breta\u00f1a<\/em>\u00a0street and get off at <em>Subida Artiller\u00eda<\/em> towards <em>Paseo 21 de Mayo<\/em>.<\/p>\n<p><strong>From Valpara\u00edso<\/strong>, take the <strong><em>colectivo 3 rojo<\/em><\/strong> (<em>Pac\u00edfico, Sanatorio, San Roque<\/em>) that goes down <em>12 de Febrero<\/em> street and runs along <em>Blanco<\/em> street, ask to be left at the Naval Museum&#8217;s vehicular exit. You can also take a <em>micro <\/em>(bus) <strong>510<\/strong> that also goes by <em>Blanco<\/em>\u00a0street that will leave you at the intersection of <em>Avenida Playa Ancha<\/em> and\u00a0<em>Gran Breta\u00f1a<\/em>\u00a0street and you must walk down\u00a0<em>Subida Artiller\u00eda<\/em> towards <em>Paseo 21 de Mayo<\/em>.<\/p>\n<p>The entrance to the Institute is on foot through the vehicular exit of the Naval Museum, where you will find a marine guard, and immediately on your left you will see the mansion that houses the ISCV center.<\/p>\n<h3>Conference Hotel<\/h3>\n<p><strong>ibis Valparaiso Hotel<\/strong><br \/>\nErr\u00e1zuriz 811, Valpara\u00edso<br \/>\nphone: +56 32 280 2300<br \/>\nweb:\u00a0<a href=\"https:\/\/www.accorhotels.com\/gb\/hotel-8227-ibis-valparaiso\/index.shtml\" target=\"_blank\" rel=\"noopener\">https:\/\/www.accorhotels.com\/gb\/hotel-8227-ibis-valparaiso\/index.shtml<\/a><\/p>\n<p><iframe loading=\"lazy\" src=\"https:\/\/www.google.com\/maps\/embed?pb=!1m18!1m12!1m3!1d3344.905388917801!2d-71.63409368481143!3d-33.032622980895695!2m3!1f0!2f0!3f0!3m2!1i1024!2i768!4f13.1!3m3!1m2!1s0x9689e6cd8a33be43%3A0xe590ce770cb92083!2sInstituto+de+Sistemas+Complejos+de+Valpara%C3%ADso+(ISCV)!5e0!3m2!1ses!2scl!4v1539719627661\" width=\"600\" height=\"450\" frameborder=\"0\" style=\"border:0\" allowfullscreen><\/iframe><\/p>\n","protected":false},"excerpt":{"rendered":"<p>Instituto de Sistemas Complejos de Valpara\u00edso\u00a0(ISCV) Subida Artiller\u00eda 470 (Costado Museo Naval) Cerro Artiller\u00eda \u2013\u00a0Valpara\u00edso, Chile. The Workshop will be held at Instituto de Sistemas Complejos de Valpara\u00edso (ISCV). About ISCV The Institute of Complex Systems of Valpara\u00edso (ISCV) is a center for research and dissemination of Complex Systems whose objective is the development of &hellip; <a href=\"https:\/\/eventos.cmm.uchile.cl\/sysbio2018\/venue\/\" class=\"more-link\">Continue reading <span class=\"screen-reader-text\">Venue<\/span> <span class=\"meta-nav\">&rarr;<\/span><\/a><\/p>\n","protected":false},"author":2,"featured_media":0,"parent":0,"menu_order":3,"comment_status":"closed","ping_status":"closed","template":"","meta":{"inline_featured_image":false,"footnotes":""},"class_list":["post-11","page","type-page","status-publish","hentry"],"_links":{"self":[{"href":"https:\/\/eventos.cmm.uchile.cl\/sysbio2018\/wp-json\/wp\/v2\/pages\/11","targetHints":{"allow":["GET"]}}],"collection":[{"href":"https:\/\/eventos.cmm.uchile.cl\/sysbio2018\/wp-json\/wp\/v2\/pages"}],"about":[{"href":"https:\/\/eventos.cmm.uchile.cl\/sysbio2018\/wp-json\/wp\/v2\/types\/page"}],"author":[{"embeddable":true,"href":"https:\/\/eventos.cmm.uchile.cl\/sysbio2018\/wp-json\/wp\/v2\/users\/2"}],"replies":[{"embeddable":true,"href":"https:\/\/eventos.cmm.uchile.cl\/sysbio2018\/wp-json\/wp\/v2\/comments?post=11"}],"version-history":[{"count":10,"href":"https:\/\/eventos.cmm.uchile.cl\/sysbio2018\/wp-json\/wp\/v2\/pages\/11\/revisions"}],"predecessor-version":[{"id":34,"href":"https:\/\/eventos.cmm.uchile.cl\/sysbio2018\/wp-json\/wp\/v2\/pages\/11\/revisions\/34"}],"wp:attachment":[{"href":"https:\/\/eventos.cmm.uchile.cl\/sysbio2018\/wp-json\/wp\/v2\/media?parent=11"}],"curies":[{"name":"wp","href":"https:\/\/api.w.org\/{rel}","templated":true}]}}