{"id":100,"date":"2017-08-11T11:56:54","date_gmt":"2017-08-11T15:56:54","guid":{"rendered":"http:\/\/eventos.cmm.uchile.cl\/tarachile2017\/?page_id=100"},"modified":"2017-09-07T10:06:54","modified_gmt":"2017-09-07T13:06:54","slug":"seminario-regional","status":"publish","type":"page","link":"https:\/\/eventos.cmm.uchile.cl\/tarachile2017\/es\/seminario-regional\/","title":{"rendered":"Seminario Regional"},"content":{"rendered":"<h2>Desaf\u00edos mundiales para las ciencias del oc\u00e9ano y pol\u00edticas internacionales actuales<em>\u00a0<\/em><\/h2>\n<p><strong>Lugar:<\/strong><br \/>\nAuditorio Gorbea, Facultad de Ciencias F\u00edsicas y Matem\u00e1ticas, Universidad de Chile<br \/>\nBeauchef 850,\u00a0Santiago \u2013 Chile<br \/>\n<strong>Fecha:\u00a0<\/strong>7 de septiembre de 2017<\/p>\n<h3>Programa<\/h3>\n<p>14:00-14:30\u00a0<strong>Sesi\u00f3n inaugural:<\/strong><\/p>\n<ul>\n<li>Representante del Rector de la Universidad de Chile<\/li>\n<li>Isauro Torres, Embajador para Asuntos del Oc\u00e9ano, Ministerio de Relaciones Exteriores de Chile<\/li>\n<li>Gabriel Normand, Primer Secretario, Embajada de Francia<\/li>\n<li>Olivier Fudym (CNRS-Cono Sur)<\/li>\n<li>Guido Girardi, Senador de la Rep\u00fablica de Chile<\/li>\n<\/ul>\n<p>14:40-15:40\u00a0<strong>Primera sesi\u00f3n:<\/strong><em>\u00a0Las revoluciones tecnol\u00f3gicas cient\u00edficas actuales para los ecosistemas oce\u00e1nicos; secuenciaci\u00f3n del ADN\/ARN, observaciones satelitales, nuevas tecnolog\u00edas para una mejor observaci\u00f3n de los oc\u00e9anos. <\/em><\/p>\n<ul>\n<li>El futuro de los sistemas de observaci\u00f3n del oc\u00e9ano &amp; desaf\u00edos: Colomban de Vargas<\/li>\n<li><em>Big data<\/em>, <em>deep learning<\/em>: la revoluci\u00f3n para la biolog\u00eda marina con la secuenciaci\u00f3n ADN: Patrick Wincker<\/li>\n<li>Observaciones mejoradas para el monitoreo de los oc\u00e9anos: Daniele Iudicone<\/li>\n<li>Problem\u00e1ticas de modelamiento relacionadas con los impactos del cambio clim\u00e1tico en la biodiversidad oce\u00e1nica: Lionel Guidi<\/li>\n<\/ul>\n<p>15:40-16:00<strong> Pausa-caf\u00e9<\/strong><\/p>\n<p>16:00-16:30\u00a0Discurso de la <strong>Sra. S\u00e9gol\u00e8ne Royal<\/strong>, Embajadora de Francia encargada de las negociaciones internacionales para los polos \u00e1rtico y ant\u00e1rtico<\/p>\n<p>16:30-17:00\u00a0<strong>Orador principal:<\/strong><\/p>\n<ul>\n<li>Eric Karsenti, Desaf\u00edos para las ciencias del oc\u00e9ano con un enfoque integrado y transdisciplinario<\/li>\n<\/ul>\n<p>17:00-18:15\u00a0<strong>Segunda sesi\u00f3n:<\/strong><em> Desaf\u00edos cient\u00edficos regionales, cooperaci\u00f3n y programas cient\u00edficos internacionales.<\/em><\/p>\n<ul>\n<li>Cooperaci\u00f3n regional para una mejor observaci\u00f3n de los oc\u00e9anos en Am\u00e9rica del Sur:\n<ul>\n<li>Andrea Freire (Brasil) (15&#8242;)<\/li>\n<li>Leonardo Erijman (Argentina)\u00a0(15&#8242;)<\/li>\n<li>Jorge Flies\u00a0(Intendente de Magallanes, Chile)\u00a0(15&#8242;)<\/li>\n<\/ul>\n<\/li>\n<\/ul>\n<ul>\n<li>Desaf\u00edos cient\u00edficos de la industria: Alfredo Tello (INTESAL) (15&#8242;)<\/li>\n<li><i>Sistema integrado de gesti\u00f3n sanitaria y ambiental de la acuicultura con enfoque e<\/i><i>cosist\u00e9mico,\u00a0<\/i><i>SIMA &#8211; Austral<\/i>: Jos\u00e9 Miguel Burgos (SERNAPESCA) (15&#8242;)<\/li>\n<\/ul>\n<p>18:15-18:30\u00a0<strong>Conclusiones<\/strong><\/p>\n<ul>\n<li>Resumen de los procesos actuales de gobernanza de los oc\u00e9anos: Andr\u00e9 Abreu (Fundaci\u00f3n Tara Expeditions)<\/li>\n<li>Declaraci\u00f3n de intenciones para presentar a las autoridades en IMPAC4.<\/li>\n<\/ul>\n","protected":false},"excerpt":{"rendered":"<p>Desaf\u00edos mundiales para las ciencias del oc\u00e9ano y pol\u00edticas internacionales actuales\u00a0 Lugar: Auditorio Gorbea, Facultad de Ciencias F\u00edsicas y Matem\u00e1ticas, Universidad de Chile Beauchef 850,\u00a0Santiago \u2013 Chile Fecha:\u00a07 de septiembre de 2017 Programa 14:00-14:30\u00a0Sesi\u00f3n inaugural: Representante del Rector de la Universidad de Chile Isauro Torres, Embajador para Asuntos del Oc\u00e9ano, Ministerio de Relaciones Exteriores de &hellip; <a href=\"https:\/\/eventos.cmm.uchile.cl\/tarachile2017\/es\/seminario-regional\/\" class=\"more-link\">Continue reading <span class=\"screen-reader-text\">Seminario Regional<\/span> <span class=\"meta-nav\">&rarr;<\/span><\/a><\/p>\n","protected":false},"author":2,"featured_media":0,"parent":0,"menu_order":4,"comment_status":"closed","ping_status":"closed","template":"","meta":{"inline_featured_image":false,"footnotes":""},"class_list":["post-100","page","type-page","status-publish","hentry"],"_links":{"self":[{"href":"https:\/\/eventos.cmm.uchile.cl\/tarachile2017\/wp-json\/wp\/v2\/pages\/100","targetHints":{"allow":["GET"]}}],"collection":[{"href":"https:\/\/eventos.cmm.uchile.cl\/tarachile2017\/wp-json\/wp\/v2\/pages"}],"about":[{"href":"https:\/\/eventos.cmm.uchile.cl\/tarachile2017\/wp-json\/wp\/v2\/types\/page"}],"author":[{"embeddable":true,"href":"https:\/\/eventos.cmm.uchile.cl\/tarachile2017\/wp-json\/wp\/v2\/users\/2"}],"replies":[{"embeddable":true,"href":"https:\/\/eventos.cmm.uchile.cl\/tarachile2017\/wp-json\/wp\/v2\/comments?post=100"}],"version-history":[{"count":24,"href":"https:\/\/eventos.cmm.uchile.cl\/tarachile2017\/wp-json\/wp\/v2\/pages\/100\/revisions"}],"predecessor-version":[{"id":222,"href":"https:\/\/eventos.cmm.uchile.cl\/tarachile2017\/wp-json\/wp\/v2\/pages\/100\/revisions\/222"}],"wp:attachment":[{"href":"https:\/\/eventos.cmm.uchile.cl\/tarachile2017\/wp-json\/wp\/v2\/media?parent=100"}],"curies":[{"name":"wp","href":"https:\/\/api.w.org\/{rel}","templated":true}]}}