{"id":102,"date":"2017-08-11T11:58:04","date_gmt":"2017-08-11T15:58:04","guid":{"rendered":"http:\/\/eventos.cmm.uchile.cl\/tarachile2017\/?page_id=102"},"modified":"2017-09-07T10:11:30","modified_gmt":"2017-09-07T13:11:30","slug":"seminaire-regional","status":"publish","type":"page","link":"https:\/\/eventos.cmm.uchile.cl\/tarachile2017\/fr\/seminaire-regional\/","title":{"rendered":"S\u00e9minaire R\u00e9gional"},"content":{"rendered":"<h2>D\u00e9fis mondiaux pour les sciences de l\u2019oc\u00e9an et politiques internationales actuelles<em>\u00a0<\/em><\/h2>\n<p><strong>Lieu :<\/strong><br \/>\nAuditorio Gorbea, Facultad de Ciencias F\u00edsicas y Matem\u00e1ticas, Universidad de Chile<br \/>\nBeauchef 850,\u00a0Santiago \u2013 Chili<br \/>\n<strong>Date :\u00a0<\/strong>7 septembre 2017<\/p>\n<h3>Programme<\/h3>\n<p>14:00-14:30\u00a0<strong>Session inaugurale :<\/strong><\/p>\n<ul>\n<li>Repr\u00e9sentant du recteur de l\u2019Universit\u00e9 du Chili<\/li>\n<li>Isauro Torres, Minist\u00e8re des affaires \u00e9trang\u00e8res du Chili<\/li>\n<li>Gabriel Normand, Ambassade de France<\/li>\n<li>Olivier Fudym, CNRS-C\u00f4ne Sud<\/li>\n<li>Guido Girardi, s\u00e9nateur de la R\u00e9publique du Chili<\/li>\n<\/ul>\n<p>14:40-15:40\u00a0<strong>Premi\u00e8re session :<\/strong><em>\u00a0Les r\u00e9volutions technologiques scientifiques actuelles pour les \u00e9cosyst\u00e8mes oc\u00e9aniques ; s\u00e9quen\u00e7age ADN\/ARN, observations satellites, nouvelles technologies pour une meilleure observation des oc\u00e9ans.<\/em><\/p>\n<ul>\n<li>Le futur des syst\u00e8mes d\u2019observation des oc\u00e9ans &amp; d\u00e9fis : Colomban de Vargas<\/li>\n<li><em>Big data<\/em>, <em>deep learning<\/em>: la r\u00e9volution pour la biologie marine avec le s\u00e9quen\u00e7age d&#8217;ADN : Patrick Wincker<\/li>\n<li>Observations am\u00e9lior\u00e9es pour la surveillance des oc\u00e9ans : Daniele Iudicone<\/li>\n<li>Probl\u00e9matiques de mod\u00e9lisation li\u00e9es aux impacts du changement climatique sur la biodiversit\u00e9 oc\u00e9anique : Lionel Guidi<\/li>\n<\/ul>\n<p>15:40-16:00<strong> Pause caf\u00e9<\/strong><\/p>\n<p>16:00-16:30<strong> Intervention de Mme S\u00e9gol\u00e8ne Royal, <\/strong>Ambassadrice de France charg\u00e9e de la n\u00e9gociation internationale pour les p\u00f4les Arctique et Antarctique<\/p>\n<p>16:30-17:00\u00a0<strong>Orateur principal :<\/strong><\/p>\n<ul>\n<li>Eric Karsenti, D\u00e9fis pour les sciences de l\u2019oc\u00e9an \u00e0 travers une approche int\u00e9gr\u00e9e et transdisciplinaire<\/li>\n<\/ul>\n<p>17:00-18:15\u00a0<strong>Deuxi\u00e8me session :<\/strong><em> D\u00e9fis scientifiques r\u00e9gionaux,\u00a0 coop\u00e9ration et programmes scientifiques internationaux.<\/em><\/p>\n<ul>\n<li>Coop\u00e9ration r\u00e9gionale pour une meilleure observation des oc\u00e9ans en Am\u00e9rique du Sud :\n<ul>\n<li>Andrea Freire (Br\u00e9sil) (15&#8242;)<\/li>\n<li>Leonardo Erijman (Argentine) (15&#8242;)<\/li>\n<li>Jorge Flies\u00a0(Intendant de Magallanes, Chili) (15&#8242;)<\/li>\n<\/ul>\n<\/li>\n<li>D\u00e9fis scientifiques de l\u2019industrie : Alfredo Tello (INTESAL) (15&#8242;)<\/li>\n<li>Syst\u00e8me int\u00e9gr\u00e9 de gestion de la sant\u00e9 et de l&#8217;environnement de l&#8217;aquaculture, un approche \u00e9cosyst\u00e9mique, SIMA &#8211; Austral : Jos\u00e9 Miguel Burgos (SERNAPESCA) (15 &#8216;)<\/li>\n<\/ul>\n<p>18:15-18:30\u00a0<strong>Conclusions<\/strong><\/p>\n<ul>\n<li>Bilan sur les processus actuels de gouvernance des oc\u00e9ans : Andr\u00e9 Abreu (Fondation Tara Expeditions)<\/li>\n<li>D\u00e9claration d\u2019intention adress\u00e9e aux autorit\u00e9s participant \u00e0 IMPAC4.<\/li>\n<\/ul>\n","protected":false},"excerpt":{"rendered":"<p>D\u00e9fis mondiaux pour les sciences de l\u2019oc\u00e9an et politiques internationales actuelles\u00a0 Lieu : Auditorio Gorbea, Facultad de Ciencias F\u00edsicas y Matem\u00e1ticas, Universidad de Chile Beauchef 850,\u00a0Santiago \u2013 Chili Date :\u00a07 septembre 2017 Programme 14:00-14:30\u00a0Session inaugurale : Repr\u00e9sentant du recteur de l\u2019Universit\u00e9 du Chili Isauro Torres, Minist\u00e8re des affaires \u00e9trang\u00e8res du Chili Gabriel Normand, Ambassade de &hellip; <a href=\"https:\/\/eventos.cmm.uchile.cl\/tarachile2017\/fr\/seminaire-regional\/\" class=\"more-link\">Continue reading <span class=\"screen-reader-text\">S\u00e9minaire R\u00e9gional<\/span> <span class=\"meta-nav\">&rarr;<\/span><\/a><\/p>\n","protected":false},"author":2,"featured_media":0,"parent":0,"menu_order":4,"comment_status":"closed","ping_status":"closed","template":"","meta":{"inline_featured_image":false,"footnotes":""},"class_list":["post-102","page","type-page","status-publish","hentry"],"_links":{"self":[{"href":"https:\/\/eventos.cmm.uchile.cl\/tarachile2017\/wp-json\/wp\/v2\/pages\/102","targetHints":{"allow":["GET"]}}],"collection":[{"href":"https:\/\/eventos.cmm.uchile.cl\/tarachile2017\/wp-json\/wp\/v2\/pages"}],"about":[{"href":"https:\/\/eventos.cmm.uchile.cl\/tarachile2017\/wp-json\/wp\/v2\/types\/page"}],"author":[{"embeddable":true,"href":"https:\/\/eventos.cmm.uchile.cl\/tarachile2017\/wp-json\/wp\/v2\/users\/2"}],"replies":[{"embeddable":true,"href":"https:\/\/eventos.cmm.uchile.cl\/tarachile2017\/wp-json\/wp\/v2\/comments?post=102"}],"version-history":[{"count":19,"href":"https:\/\/eventos.cmm.uchile.cl\/tarachile2017\/wp-json\/wp\/v2\/pages\/102\/revisions"}],"predecessor-version":[{"id":224,"href":"https:\/\/eventos.cmm.uchile.cl\/tarachile2017\/wp-json\/wp\/v2\/pages\/102\/revisions\/224"}],"wp:attachment":[{"href":"https:\/\/eventos.cmm.uchile.cl\/tarachile2017\/wp-json\/wp\/v2\/media?parent=102"}],"curies":[{"name":"wp","href":"https:\/\/api.w.org\/{rel}","templated":true}]}}