{"id":11,"date":"2022-01-19T21:17:44","date_gmt":"2022-01-20T00:17:44","guid":{"rendered":"https:\/\/eventos.cmm.uchile.cl\/tarapuntaarenas\/?page_id=11"},"modified":"2022-01-21T16:27:48","modified_gmt":"2022-01-21T19:27:48","slug":"ocean","status":"publish","type":"page","link":"https:\/\/eventos.cmm.uchile.cl\/tarapuntaarenas\/ocean\/","title":{"rendered":"Science to Policy Event"},"content":{"rendered":"<h2>Ocean decade: Needs and opportunities for science in the Antarctic and Magallanes region<\/h2>\n<p><strong>Organizers:<\/strong> Andr\u00e9 Abreu (Tara Ocean Foundation), Camila Fern\u00e1ndez (COPAS, U. de Concepci\u00f3n &#8211; CNRS), Marcelo Leppe (INACH), Alejandro Maass (CMM, U. de Chile &#8211; CNRS)<\/p>\n<p><strong>Place &amp; Date:<\/strong> INACH &amp; via Streaming, March 1, 2022<\/p>\n<h2>Program<\/h2>\n<ul>\n<li>9:00-9:45 Tara mission in Weddell Sea \u2013 <strong>Chris Bowler &amp;<\/strong>\u00a0<strong>Alejandro Tagliabue<\/strong><\/li>\n<li>9:45-10:30 Chile National programs \u2013 <a href=\"https:\/\/www.inach.cl\/\" target=\"_blank\" rel=\"noopener\">INACH (Instituto Ant\u00e1rtico Chileno)<\/a><\/li>\n<li>10:30-11:00 <strong>Coffee Break<\/strong><\/li>\n<li>11:00-11:45 CCAMLR and Antarctic treaty issues \u2013 <strong>Olivier Poivre d\u2019Arvor<\/strong> (Ambassador of the poles, France) and <strong>Waldemar Coutts<\/strong> (Ambassador for the Ocean, Chile, to be confirmed)<\/li>\n<li>11:45-12:15 Newt tools for a \u201cpredicted ocean\u201d: Presentation of the project <strong><em>Key Ocean Planktonic Areas<\/em><\/strong> (KOPAs) \u2013 <strong>Damien Eveillard <\/strong>(Univ. Nantes &#8211; CNRS) and <strong>Andr\u00e9 Abreu<\/strong> (Tara Ocean Foundation)<\/li>\n<li>12:15-12:45 Research and policy strategies to support International cooperation on ocean governance \u2013 \u00a0<strong>Government of Magallanes<\/strong>, <strong>Chilean Ministry of Science<\/strong>, <strong>OFB<\/strong> (French Office for Biodiversity) and <strong>FFEM<\/strong> (French Facility for Global Environment)<\/li>\n<li>12:45-13:30 Cocktail: Screening of \u201cTara in Chile\u201d documentary, meeting with the Tara team<\/li>\n<\/ul>\n<p>&nbsp;<\/p>\n<p><img loading=\"lazy\" decoding=\"async\" class=\"alignnone size-full wp-image-34\" src=\"https:\/\/eventos.cmm.uchile.cl\/tarapuntaarenas\/wp-content\/uploads\/sites\/131\/2022\/01\/tara_portcall_oceans_sponsors_01.png\" alt=\"\" width=\"600\" height=\"160\" srcset=\"https:\/\/eventos.cmm.uchile.cl\/tarapuntaarenas\/wp-content\/uploads\/sites\/131\/2022\/01\/tara_portcall_oceans_sponsors_01.png 600w, https:\/\/eventos.cmm.uchile.cl\/tarapuntaarenas\/wp-content\/uploads\/sites\/131\/2022\/01\/tara_portcall_oceans_sponsors_01-300x80.png 300w\" sizes=\"auto, (max-width: 600px) 100vw, 600px\" \/><\/p>\n","protected":false},"excerpt":{"rendered":"<p>Ocean decade: Needs and opportunities for science in the Antarctic and Magallanes region Organizers: Andr\u00e9 Abreu (Tara Ocean Foundation), Camila Fern\u00e1ndez (COPAS, U. de Concepci\u00f3n &#8211; CNRS), Marcelo Leppe (INACH), Alejandro Maass (CMM, U. de Chile &#8211; CNRS) Place &amp; Date: INACH &amp; via Streaming, March 1, 2022 Program 9:00-9:45 Tara mission in Weddell Sea &hellip; <a href=\"https:\/\/eventos.cmm.uchile.cl\/tarapuntaarenas\/ocean\/\" class=\"more-link\">Continue reading <span class=\"screen-reader-text\">Science to Policy Event<\/span> <span class=\"meta-nav\">&rarr;<\/span><\/a><\/p>\n","protected":false},"author":2,"featured_media":0,"parent":0,"menu_order":1,"comment_status":"closed","ping_status":"closed","template":"","meta":{"inline_featured_image":false,"footnotes":""},"class_list":["post-11","page","type-page","status-publish","hentry"],"_links":{"self":[{"href":"https:\/\/eventos.cmm.uchile.cl\/tarapuntaarenas\/wp-json\/wp\/v2\/pages\/11","targetHints":{"allow":["GET"]}}],"collection":[{"href":"https:\/\/eventos.cmm.uchile.cl\/tarapuntaarenas\/wp-json\/wp\/v2\/pages"}],"about":[{"href":"https:\/\/eventos.cmm.uchile.cl\/tarapuntaarenas\/wp-json\/wp\/v2\/types\/page"}],"author":[{"embeddable":true,"href":"https:\/\/eventos.cmm.uchile.cl\/tarapuntaarenas\/wp-json\/wp\/v2\/users\/2"}],"replies":[{"embeddable":true,"href":"https:\/\/eventos.cmm.uchile.cl\/tarapuntaarenas\/wp-json\/wp\/v2\/comments?post=11"}],"version-history":[{"count":12,"href":"https:\/\/eventos.cmm.uchile.cl\/tarapuntaarenas\/wp-json\/wp\/v2\/pages\/11\/revisions"}],"predecessor-version":[{"id":47,"href":"https:\/\/eventos.cmm.uchile.cl\/tarapuntaarenas\/wp-json\/wp\/v2\/pages\/11\/revisions\/47"}],"wp:attachment":[{"href":"https:\/\/eventos.cmm.uchile.cl\/tarapuntaarenas\/wp-json\/wp\/v2\/media?parent=11"}],"curies":[{"name":"wp","href":"https:\/\/api.w.org\/{rel}","templated":true}]}}