{"id":95,"date":"2013-10-01T15:45:57","date_gmt":"2013-10-01T18:45:57","guid":{"rendered":"http:\/\/eventos.cmm.uchile.cl\/thibault2014\/?page_id=95"},"modified":"2013-12-18T17:29:19","modified_gmt":"2013-12-18T20:29:19","slug":"sponsors","status":"publish","type":"page","link":"https:\/\/eventos.cmm.uchile.cl\/thibault2014\/sponsors\/","title":{"rendered":"Sponsors"},"content":{"rendered":"<p><a title=\"CMM - Center for Mathematical Modeling\" href=\"http:\/\/www.cmm.uchile.cl\/\"><img loading=\"lazy\" decoding=\"async\" class=\"size-full wp-image-132 alignnone\" alt=\"sponsors_cmm\" src=\"http:\/\/eventos.cmm.uchile.cl\/thibault2014\/wp-content\/uploads\/sites\/4\/2013\/10\/sponsors_cmm.png\" width=\"130\" height=\"120\" \/><\/a><\/p>\n<p><a title=\"CMM - Center for Mathematical Modeling\" href=\"http:\/\/www.cmm.uchile.cl\/\">Center for Mathematical Modeling<\/a>, <a title=\"University of Chile\" href=\"http:\/\/www.uchile.cl\/\">Universidad de Chile<\/a><\/p>\n<p><a title=\"Department of Mathematical Engineering\" href=\"http:\/\/www.dim.uchile.cl\/\"><img loading=\"lazy\" decoding=\"async\" class=\"size-full wp-image-133 alignnone\" alt=\"sponsors_dim\" src=\"http:\/\/eventos.cmm.uchile.cl\/thibault2014\/wp-content\/uploads\/sites\/4\/2013\/10\/sponsors_dim.png\" width=\"260\" height=\"120\" \/><\/a><\/p>\n<p><a title=\"Department of Mathematical Engineering\" href=\"http:\/\/www.dim.uchile.cl\/\">Department of Mathematical Engineering<\/a>,\u00a0<a title=\"University of Chile\" href=\"http:\/\/www.uchile.cl\/\">Universidad de Chile<\/a><\/p>\n<p><a title=\"FONDECYT-CONICYT\" href=\"http:\/\/www.conicyt.cl\/fondecyt\/\"><img loading=\"lazy\" decoding=\"async\" class=\"size-full wp-image-134 alignnone\" alt=\"sponsors_conicyt\" src=\"http:\/\/eventos.cmm.uchile.cl\/thibault2014\/wp-content\/uploads\/sites\/4\/2013\/10\/sponsors_conicyt.png\" width=\"130\" height=\"120\" \/><\/a><\/p>\n<p><a href=\"http:\/\/www.conicyt.cl\/fondecyt\/\">FONDECYT-CONICYT, ECOS, MATHAMSUD, Chile<\/a><\/p>\n<p><a title=\"CNRS\" href=\"http:\/\/www.cnrs.fr\/\"><img loading=\"lazy\" decoding=\"async\" class=\"size-full wp-image-135 alignnone\" alt=\"sponsors_cnrs\" src=\"http:\/\/eventos.cmm.uchile.cl\/thibault2014\/wp-content\/uploads\/sites\/4\/2013\/10\/sponsors_cnrs.png\" width=\"110\" height=\"120\" \/><\/a><\/p>\n<p><a href=\"http:\/\/www.cnrs.fr\/\">CNRS, France<\/a><\/p>\n<p><a title=\"Universidad T\u00e9cnica Federico Santa Mar\u00eda\" href=\"http:\/\/www.utfsm.cl\/\"><img loading=\"lazy\" decoding=\"async\" class=\"size-full wp-image-136 alignnone\" alt=\"sponsors_utfsm\" src=\"http:\/\/eventos.cmm.uchile.cl\/thibault2014\/wp-content\/uploads\/sites\/4\/2013\/10\/sponsors_utfsm.png\" width=\"210\" height=\"120\" \/><\/a><\/p>\n<p><a href=\"http:\/\/www.utfsm.cl\/\">Universidad T\u00e9cnica Federico Santa Mar\u00eda, Valpara\u00edso, Chile<\/a><\/p>\n<p>&nbsp;<\/p>\n","protected":false},"excerpt":{"rendered":"<p>Center for Mathematical Modeling, Universidad de Chile Department of Mathematical Engineering,\u00a0Universidad de Chile FONDECYT-CONICYT, ECOS, MATHAMSUD, Chile CNRS, France Universidad T\u00e9cnica Federico Santa Mar\u00eda, Valpara\u00edso, Chile &nbsp;<\/p>\n","protected":false},"author":2,"featured_media":0,"parent":0,"menu_order":7,"comment_status":"closed","ping_status":"closed","template":"","meta":{"inline_featured_image":false,"footnotes":""},"class_list":["post-95","page","type-page","status-publish","hentry"],"_links":{"self":[{"href":"https:\/\/eventos.cmm.uchile.cl\/thibault2014\/wp-json\/wp\/v2\/pages\/95","targetHints":{"allow":["GET"]}}],"collection":[{"href":"https:\/\/eventos.cmm.uchile.cl\/thibault2014\/wp-json\/wp\/v2\/pages"}],"about":[{"href":"https:\/\/eventos.cmm.uchile.cl\/thibault2014\/wp-json\/wp\/v2\/types\/page"}],"author":[{"embeddable":true,"href":"https:\/\/eventos.cmm.uchile.cl\/thibault2014\/wp-json\/wp\/v2\/users\/2"}],"replies":[{"embeddable":true,"href":"https:\/\/eventos.cmm.uchile.cl\/thibault2014\/wp-json\/wp\/v2\/comments?post=95"}],"version-history":[{"count":8,"href":"https:\/\/eventos.cmm.uchile.cl\/thibault2014\/wp-json\/wp\/v2\/pages\/95\/revisions"}],"predecessor-version":[{"id":187,"href":"https:\/\/eventos.cmm.uchile.cl\/thibault2014\/wp-json\/wp\/v2\/pages\/95\/revisions\/187"}],"wp:attachment":[{"href":"https:\/\/eventos.cmm.uchile.cl\/thibault2014\/wp-json\/wp\/v2\/media?parent=95"}],"curies":[{"name":"wp","href":"https:\/\/api.w.org\/{rel}","templated":true}]}}