{"id":108,"date":"2023-06-19T13:46:59","date_gmt":"2023-06-19T17:46:59","guid":{"rendered":"https:\/\/eventos.cmm.uchile.cl\/tvetweek\/?page_id=108"},"modified":"2023-06-27T20:49:59","modified_gmt":"2023-06-28T00:49:59","slug":"otras-actividades","status":"publish","type":"page","link":"https:\/\/eventos.cmm.uchile.cl\/tvetweek\/programa\/otras-actividades\/","title":{"rendered":"Otras actividades"},"content":{"rendered":"<p>Actividades desarrolladas en el marco de la\u00a0<strong>Semana de Educaci\u00f3n T\u00e9cnico Profesional, <em>Una Colaboraci\u00f3n Internacional: Chile, Nigeria y Suecia<\/em><\/strong>. Se cubren aspectos de la Educaci\u00f3n T\u00e9cnico Profesional desde diversas realidades.<\/p>\n<ol>\n<li><a href=\"#inacap\"><strong>Encuentro con la comunidad de INACAP<\/strong><\/a><br \/>\nLugar: Campuses del INACAP<\/li>\n<li><a href=\"#sisib\"><strong>Encuentro con el SISIB de la U. de Chile<\/strong><\/a><br \/>\nLugar: Visita a tres bibliotecas dentro de Santiago, Chile<\/li>\n<li><a href=\"#taller\"><strong>Seminario Intersecciones sobre educaci\u00f3n vocacional entre Chile, Nigeria y Suecia: de la teor\u00eda a la pr\u00e1ctica<\/strong><\/a><br \/>\nLugar: Facultad de Educaci\u00f3n \u2014 Universidad de Talca (Linares)<\/li>\n<\/ol>\n<p>&nbsp;<\/p>\n<div class=\"su-divider su-divider-style-default\" style=\"margin:15px 0;border-width:3px;border-color:#F2A402\"><\/div>\n<h2 id=\"inacap\">Encuentro con la comunidad de INACAP<\/h2>\n<p><strong>Dr. Ugochukwu Chinonso Okolie<\/strong>, Department of Vocational and Technical Education, Alex Ekwueme, Federal University, Ndufu-Alike (Ebonyi State, Nigeria)<\/p>\n<p>Los intereses de investigaci\u00f3n del Dr. Chinonso incluyen el aprendizaje para la inserci\u00f3n laboral, el desarrollo de habilidades de pensamiento cr\u00edtico dentro del sistema de EFTP y el desarrollo de la EFTP en contextos de pa\u00edses en v\u00edas de desarrollo. La experiencia y el trabajo del Dr. Chinonso son de especial valor para el contexto chileno, dado que presenta una realidad que, a falta de una expresi\u00f3n mejor, no es una realidad dentro de Chile: Se ha argumentado que la EFTP de Nigeria est\u00e1 demasiado centrada en lo acad\u00e9mico y, adem\u00e1s, se extiende hasta el nivel de maestr\u00eda y doctorado.<\/p>\n<div class=\"su-divider su-divider-style-default\" style=\"margin:15px 0;border-width:3px;border-color:#F2A402\"><a href=\"#\" style=\"color:#999999\">Ir arriba<\/a><\/div>\n<h2 id=\"sisib\">Encuentro con el SISIB de la U. de Chile<\/h2>\n<p><strong>Dr. Ola Pilerot<\/strong>, The Swedish School of Library and Information Science, H\u00f6gskolan i Bor\u00e5s (Bor\u00e5s, Sweden)<\/p>\n<p>El Dr. Pilerot tiene una amplia experiencia en el campo de las pr\u00e1cticas informativas y las culturas digitales. M\u00e1s espec\u00edficamente, su investigaci\u00f3n est\u00e1 dirigida a comprender mejor las cuestiones relacionadas con las pr\u00e1cticas de informaci\u00f3n de bibliotecarios, usuarios de bibliotecas, refugiados e inmigrantes, as\u00ed como a explorar el sistema de Educaci\u00f3n y Formaci\u00f3n T\u00e9cnico Profesional de Chile.<\/p>\n<div class=\"su-divider su-divider-style-default\" style=\"margin:15px 0;border-width:3px;border-color:#F2A402\"><a href=\"#\" style=\"color:#999999\">Ir arriba<\/a><\/div>\n<h2 id=\"taller\">Taller: Desde los postulados acad\u00e9micos a la pr\u00e1ctica <em>(From academic postulation to practice)<\/em><\/h2>\n<p>Lugar: Facultad de Educaci\u00f3n &#8211; Universidad de Talca (Linares)<\/p>\n<p>Este taller consiste en actividades entre los presentadores del coloquio, estudiantes, profesores y otros miembros interesados. El objetivo de esta actividad es encontrar caminos para incorporar lo presentado durante el coloquio en las actividades cotidianas de las comunidades escolares. Las actividades del taller se materializar\u00e1n con la redacci\u00f3n y publicaci\u00f3n de <em>practice briefs<\/em> y la grabaci\u00f3n y publicaci\u00f3n de tres podcasts.<\/p>\n<div class=\"su-divider su-divider-style-default\" style=\"margin:15px 0;border-width:3px;border-color:#F2A402\"><a href=\"#\" style=\"color:#999999\">Ir arriba<\/a><\/div>\n","protected":false},"excerpt":{"rendered":"<p>Actividades desarrolladas en el marco de la\u00a0Semana de Educaci\u00f3n T\u00e9cnico Profesional, Una Colaboraci\u00f3n Internacional: Chile, Nigeria y Suecia. Se cubren aspectos de la Educaci\u00f3n T\u00e9cnico Profesional desde diversas realidades. Encuentro con la comunidad de INACAP Lugar: Campuses del INACAP Encuentro con el SISIB de la U. de Chile Lugar: Visita a tres bibliotecas dentro de &hellip; <a href=\"https:\/\/eventos.cmm.uchile.cl\/tvetweek\/programa\/otras-actividades\/\" class=\"more-link\">Seguir leyendo <span class=\"screen-reader-text\">Otras actividades<\/span> <span class=\"meta-nav\">&rarr;<\/span><\/a><\/p>\n","protected":false},"author":2,"featured_media":0,"parent":20,"menu_order":0,"comment_status":"closed","ping_status":"closed","template":"","meta":{"inline_featured_image":false,"footnotes":""},"class_list":["post-108","page","type-page","status-publish","hentry"],"_links":{"self":[{"href":"https:\/\/eventos.cmm.uchile.cl\/tvetweek\/wp-json\/wp\/v2\/pages\/108","targetHints":{"allow":["GET"]}}],"collection":[{"href":"https:\/\/eventos.cmm.uchile.cl\/tvetweek\/wp-json\/wp\/v2\/pages"}],"about":[{"href":"https:\/\/eventos.cmm.uchile.cl\/tvetweek\/wp-json\/wp\/v2\/types\/page"}],"author":[{"embeddable":true,"href":"https:\/\/eventos.cmm.uchile.cl\/tvetweek\/wp-json\/wp\/v2\/users\/2"}],"replies":[{"embeddable":true,"href":"https:\/\/eventos.cmm.uchile.cl\/tvetweek\/wp-json\/wp\/v2\/comments?post=108"}],"version-history":[{"count":12,"href":"https:\/\/eventos.cmm.uchile.cl\/tvetweek\/wp-json\/wp\/v2\/pages\/108\/revisions"}],"predecessor-version":[{"id":205,"href":"https:\/\/eventos.cmm.uchile.cl\/tvetweek\/wp-json\/wp\/v2\/pages\/108\/revisions\/205"}],"up":[{"embeddable":true,"href":"https:\/\/eventos.cmm.uchile.cl\/tvetweek\/wp-json\/wp\/v2\/pages\/20"}],"wp:attachment":[{"href":"https:\/\/eventos.cmm.uchile.cl\/tvetweek\/wp-json\/wp\/v2\/media?parent=108"}],"curies":[{"name":"wp","href":"https:\/\/api.w.org\/{rel}","templated":true}]}}