{"id":119,"date":"2023-06-19T19:26:40","date_gmt":"2023-06-19T23:26:40","guid":{"rendered":"https:\/\/eventos.cmm.uchile.cl\/tvetweek\/?page_id=119"},"modified":"2023-06-22T09:34:09","modified_gmt":"2023-06-22T13:34:09","slug":"other-activities","status":"publish","type":"page","link":"https:\/\/eventos.cmm.uchile.cl\/tvetweek\/en\/program\/other-activities\/","title":{"rendered":"Other activities"},"content":{"rendered":"<p>Activities developed within the context of <em><strong>A TVET Week, An International Collaboration: Chile, Nigeria and Sweden<\/strong><\/em>. The activities cover diverse aspects of Technical and Vocational Education and Training.<\/p>\n<ol>\n<li><a href=\"#inacap\"><strong>Meeting with INACAP\u2019s community<\/strong><\/a><br \/>\nLocation: INACAP Campuses<\/li>\n<li><a href=\"#sisib\"><strong>Meeting with Universidad de Chile\u2019s SISIB Department<\/strong><\/a><br \/>\nLocation: Visit to three different libraries within Santiago, Chile<\/li>\n<li><a href=\"#workshop\"><strong>Workshop: From academic postulation to practice<\/strong><\/a><br \/>\nLocation: Faculty of Education \u2014 Universidad de Talca (Linares)<\/li>\n<\/ol>\n<p>&nbsp;<\/p>\n<div class=\"su-divider su-divider-style-default\" style=\"margin:15px 0;border-width:3px;border-color:#F2A402\"><\/div>\n<h2 id=\"inacap\">Meeting with INACAP\u2019s community<\/h2>\n<p><strong>Dr. Ugochukwu Chinonso Okolie<\/strong>, Department of Vocational and Technical Education, Alex Ekwueme, Federal University, Ndufu-Alike (Ebonyi State, Nigeria)<\/p>\n<p>Dr. Chinonso\u2019s research interests include learning for work placement, development of critical thinking skills within the TVET system and TVET development in developing world contexts. Dr. Chinonso\u2019s experience and work is of special value for the Chilean context given that it presents a reality that is, for lack of a better expression, not a reality within Chile: Nigeria\u2019s TVET has been argued to be too academically focused and, furthermore, extends into the master\u2019s and doctoral degree level.<\/p>\n<div class=\"su-divider su-divider-style-default\" style=\"margin:15px 0;border-width:3px;border-color:#F2A402\"><a href=\"#\" style=\"color:#999999\">Ir arriba<\/a><\/div>\n<h2 id=\"sisib\">Meeting the Universidad de Chile\u2019s SISIB Department<\/h2>\n<p><strong>Dr. Ola Pilerot<\/strong>, The Swedish School of Library and Information Science, H\u00f6gskolan i Bor\u00e5s (Bor\u00e5s, Sweden)<\/p>\n<p>Dr. Pilerot has ample experience within the field of information practices and digital cultures. More specifically, his research is aimed at better comprehending issues related to information practices of librarians, library users, refugees and immigrants as well as exploring Chile\u2019s Technical Vocational Education and Training system.<\/p>\n<div class=\"su-divider su-divider-style-default\" style=\"margin:15px 0;border-width:3px;border-color:#F2A402\"><a href=\"#\" style=\"color:#999999\">Ir arriba<\/a><\/div>\n<h2 id=\"workshop\">Workshop: From Postulation to Practice<\/h2>\n<p>Location: Faculty of Education \u2014 Universidad de Talca (Linares)<\/p>\n<p>This workshop consists of activities between the colloquium presenters, students, teachers and other interested members. The aim of this activity is to find paths to enact what was presented during the colloquium into the day-to-day activities of schools\u2019 communities. The workshops will conclude with the drafting of a series of practice briefs and the recording and publication of three podcasts.<\/p>\n<div class=\"su-divider su-divider-style-default\" style=\"margin:15px 0;border-width:3px;border-color:#F2A402\"><a href=\"#\" style=\"color:#999999\">Ir arriba<\/a><\/div>\n","protected":false},"excerpt":{"rendered":"<p>Activities developed within the context of A TVET Week, An International Collaboration: Chile, Nigeria and Sweden. The activities cover diverse aspects of Technical and Vocational Education and Training. Meeting with INACAP\u2019s community Location: INACAP Campuses Meeting with Universidad de Chile\u2019s SISIB Department Location: Visit to three different libraries within Santiago, Chile Workshop: From academic postulation &hellip; <a href=\"https:\/\/eventos.cmm.uchile.cl\/tvetweek\/en\/program\/other-activities\/\" class=\"more-link\">Seguir leyendo <span class=\"screen-reader-text\">Other activities<\/span> <span class=\"meta-nav\">&rarr;<\/span><\/a><\/p>\n","protected":false},"author":2,"featured_media":0,"parent":22,"menu_order":0,"comment_status":"closed","ping_status":"closed","template":"","meta":{"inline_featured_image":false,"footnotes":""},"class_list":["post-119","page","type-page","status-publish","hentry"],"_links":{"self":[{"href":"https:\/\/eventos.cmm.uchile.cl\/tvetweek\/wp-json\/wp\/v2\/pages\/119","targetHints":{"allow":["GET"]}}],"collection":[{"href":"https:\/\/eventos.cmm.uchile.cl\/tvetweek\/wp-json\/wp\/v2\/pages"}],"about":[{"href":"https:\/\/eventos.cmm.uchile.cl\/tvetweek\/wp-json\/wp\/v2\/types\/page"}],"author":[{"embeddable":true,"href":"https:\/\/eventos.cmm.uchile.cl\/tvetweek\/wp-json\/wp\/v2\/users\/2"}],"replies":[{"embeddable":true,"href":"https:\/\/eventos.cmm.uchile.cl\/tvetweek\/wp-json\/wp\/v2\/comments?post=119"}],"version-history":[{"count":7,"href":"https:\/\/eventos.cmm.uchile.cl\/tvetweek\/wp-json\/wp\/v2\/pages\/119\/revisions"}],"predecessor-version":[{"id":192,"href":"https:\/\/eventos.cmm.uchile.cl\/tvetweek\/wp-json\/wp\/v2\/pages\/119\/revisions\/192"}],"up":[{"embeddable":true,"href":"https:\/\/eventos.cmm.uchile.cl\/tvetweek\/wp-json\/wp\/v2\/pages\/22"}],"wp:attachment":[{"href":"https:\/\/eventos.cmm.uchile.cl\/tvetweek\/wp-json\/wp\/v2\/media?parent=119"}],"curies":[{"name":"wp","href":"https:\/\/api.w.org\/{rel}","templated":true}]}}