{"id":20,"date":"2023-06-15T12:21:49","date_gmt":"2023-06-15T16:21:49","guid":{"rendered":"https:\/\/eventos.cmm.uchile.cl\/tvetweek\/?page_id=20"},"modified":"2023-08-04T15:45:32","modified_gmt":"2023-08-04T19:45:32","slug":"programa","status":"publish","type":"page","link":"https:\/\/eventos.cmm.uchile.cl\/tvetweek\/programa\/","title":{"rendered":"Programa"},"content":{"rendered":"<p><strong>Lunes 28 de agosto de 2023<\/strong> a las 9:00 hrs.<br \/>\n<a href=\"https:\/\/eventos.cmm.uchile.cl\/tvetweek\/ubicacion\/\">Sala B06, Facultad de Ciencias F\u00edsicas y Matem\u00e1ticas<\/a> &#8211; Universidad de Chile<br \/>\nBeauchef 851, Santiago<\/p>\n<div class=\"su-button-center\"><a href=\"https:\/\/eventos.cmm.uchile.cl\/tvetweek\/registro\" class=\"su-button su-button-style-flat\" style=\"color:#FFFFFF;background-color:#F0A328;border-color:#c08320;border-radius:7px\" target=\"_self\"><span style=\"color:#FFFFFF;padding:7px 20px;font-size:16px;line-height:24px;border-color:#f5bf69;border-radius:7px;text-shadow:none\"><i class=\"sui sui-wpforms\" style=\"font-size:16px;color:#FFFFFF\"><\/i> Registrarme<\/span><\/a><\/div>\n<p>&nbsp;<\/p>\n<p>Un total de seis presentaciones acad\u00e9micas. Adem\u00e1s, habr\u00e1 una actividad de clausura en la que el p\u00fablico (estudiantes, profesores, bibliotecarios, etc\u00e9tera) y los ponentes interactuar\u00e1n en un formato de conversaci\u00f3n. El coloquio estar\u00e1 moderado por Camila Rasse, Miguel \u00c1ngel Cerna y Fernando Bola\u00f1os.<\/p>\n<table width=\"369\">\n<tbody>\n<tr>\n<td style=\"text-align: center;\" colspan=\"3\"><strong>Programa del Coloquio<\/strong><\/td>\n<\/tr>\n<tr>\n<td width=\"125\">09:00 \u2013 9:15 hrs.<\/td>\n<td width=\"244\"><strong>Dr. H\u00e9ctor Ram\u00edrez<\/strong><br \/>\nPalabras de Bienvenida<\/td>\n<\/tr>\n<tr>\n<td>09:15 \u2013 9:50 hrs.<\/td>\n<td><a href=\"https:\/\/eventos.cmm.uchile.cl\/tvetweek\/expositores#okolie\"><strong>Dr. Ugochukwu Chinonso Okolie<\/strong><\/a><br \/>\nAlex Ekwueme Federal University Ndufu-Alike, Nigeria<br \/>\n<em>El sistema ETP en Nigeria, desde la educaci\u00f3n secundaria hasta el grado de doctor (PhD)<\/em><\/td>\n<\/tr>\n<tr>\n<td>09:50 \u2013 10:30 hrs.<\/td>\n<td><a href=\"https:\/\/eventos.cmm.uchile.cl\/tvetweek\/expositores#pilerot\"><strong>Dr. Ola Pilerot<\/strong><\/a><br \/>\nThe Swedish School of Library and Information Science, Suecia<br \/>\n<em>Bibliotecas, \u00bfpor qu\u00e9 son importantes?<\/em><\/td>\n<\/tr>\n<tr>\n<td>10:30 \u2013 10:45 hrs.<\/td>\n<td>Coffee Break<\/td>\n<\/tr>\n<tr>\n<td>10:45 \u2013 11:15 hrs.<\/td>\n<td><strong>Dra. Karina Cerda<\/strong><br \/>\nBibliotecas Escolares CRA, el caso chileno<\/td>\n<\/tr>\n<tr>\n<td>11:15 \u2013 11:40 hrs.<\/td>\n<td><strong>Mg. Natacha Pardo Contreras<\/strong><br \/>\nAprendizaje del ingl\u00e9s como segunda lengua, diferencias entre las especialidades TP<\/td>\n<\/tr>\n<tr>\n<td>11:40 \u2013 12:05 hrs.<\/td>\n<td><strong>Mg. Francisco Ortiz Navarro<\/strong><br \/>\nAprendizaje del ingl\u00e9s como segunda lengua, EMTP vis-\u00e0-vis EMCH<\/td>\n<\/tr>\n<tr>\n<td>12:05 \u2013 12:35 hrs.<\/td>\n<td><strong>Mg. Germ\u00e1n Osses Romano<\/strong><br \/>\nRazonamiento matem\u00e1tico dentro del sistema TP<\/td>\n<\/tr>\n<tr>\n<td>12:35 \u2013 12:45 hrs.<\/td>\n<td>Receso<\/td>\n<\/tr>\n<tr>\n<td>12:45 \u2013 13:25 hrs.<\/td>\n<td><strong>Actividad colaborativa<\/strong><br \/>\nColaboraci\u00f3n con la audiencia<\/td>\n<\/tr>\n<tr>\n<td>13:25 \u2013 13:30 hrs.<\/td>\n<td>Palabras de cierre<\/td>\n<\/tr>\n<\/tbody>\n<\/table>\n<div class=\"su-divider su-divider-style-default\" style=\"margin:15px 0;border-width:3px;border-color:#F2A402\"><a href=\"#\" style=\"color:#999999\">Ir arriba<\/a><\/div>\n","protected":false},"excerpt":{"rendered":"<p>Lunes 28 de agosto de 2023 a las 9:00 hrs. Sala B06, Facultad de Ciencias F\u00edsicas y Matem\u00e1ticas &#8211; Universidad de Chile Beauchef 851, Santiago &nbsp; Un total de seis presentaciones acad\u00e9micas. Adem\u00e1s, habr\u00e1 una actividad de clausura en la que el p\u00fablico (estudiantes, profesores, bibliotecarios, etc\u00e9tera) y los ponentes interactuar\u00e1n en un formato de &hellip; <a href=\"https:\/\/eventos.cmm.uchile.cl\/tvetweek\/programa\/\" class=\"more-link\">Seguir leyendo <span class=\"screen-reader-text\">Programa<\/span> <span class=\"meta-nav\">&rarr;<\/span><\/a><\/p>\n","protected":false},"author":2,"featured_media":0,"parent":0,"menu_order":2,"comment_status":"closed","ping_status":"closed","template":"","meta":{"inline_featured_image":false,"footnotes":""},"class_list":["post-20","page","type-page","status-publish","hentry"],"_links":{"self":[{"href":"https:\/\/eventos.cmm.uchile.cl\/tvetweek\/wp-json\/wp\/v2\/pages\/20","targetHints":{"allow":["GET"]}}],"collection":[{"href":"https:\/\/eventos.cmm.uchile.cl\/tvetweek\/wp-json\/wp\/v2\/pages"}],"about":[{"href":"https:\/\/eventos.cmm.uchile.cl\/tvetweek\/wp-json\/wp\/v2\/types\/page"}],"author":[{"embeddable":true,"href":"https:\/\/eventos.cmm.uchile.cl\/tvetweek\/wp-json\/wp\/v2\/users\/2"}],"replies":[{"embeddable":true,"href":"https:\/\/eventos.cmm.uchile.cl\/tvetweek\/wp-json\/wp\/v2\/comments?post=20"}],"version-history":[{"count":18,"href":"https:\/\/eventos.cmm.uchile.cl\/tvetweek\/wp-json\/wp\/v2\/pages\/20\/revisions"}],"predecessor-version":[{"id":251,"href":"https:\/\/eventos.cmm.uchile.cl\/tvetweek\/wp-json\/wp\/v2\/pages\/20\/revisions\/251"}],"wp:attachment":[{"href":"https:\/\/eventos.cmm.uchile.cl\/tvetweek\/wp-json\/wp\/v2\/media?parent=20"}],"curies":[{"name":"wp","href":"https:\/\/api.w.org\/{rel}","templated":true}]}}