{"id":24,"date":"2023-06-15T12:34:29","date_gmt":"2023-06-15T16:34:29","guid":{"rendered":"https:\/\/eventos.cmm.uchile.cl\/tvetweek\/?page_id=24"},"modified":"2023-08-09T14:57:31","modified_gmt":"2023-08-09T18:57:31","slug":"expositores","status":"publish","type":"page","link":"https:\/\/eventos.cmm.uchile.cl\/tvetweek\/expositores\/","title":{"rendered":"Expositores"},"content":{"rendered":"<h2>Expositores nacionales<\/h2>\n<ul>\n<li><strong>Dra. Karina Cerda O\u00f1ate<\/strong><br \/>\nFacultad de Ciencias de la Educaci\u00f3n, Universidad de Talca (Linares, Chile)<\/li>\n<li><strong>Mg. Francisco <\/strong><strong>Ortiz<br \/>\n<\/strong>Profesor de Ingl\u00e9s EMTP<br \/>\nInstituto Santa Teresa de Los Andes (Graneros, Chile)<\/li>\n<li><strong>Mg. Germ\u00e1n Osses Romano\u00a0<\/strong><br \/>\nAsesor de Formaci\u00f3n Integral en Ciencias B\u00e1sicas, Instituto Nacional de Capacitaci\u00f3n Profesional (INACAP)<\/li>\n<li><strong>Mg. Natacha Pardo<br \/>\n<\/strong>Docente de Did\u00e1ctica de Media y Supervisora de Pr\u00e1cticas de la Carrera de Pedagog\u00eda en Ingl\u00e9s de la Pontificia Universidad Cat\u00f3lica de Chile (Santiago, Chile)<\/li>\n<\/ul>\n<div class=\"su-divider su-divider-style-default\" style=\"margin:15px 0;border-width:3px;border-color:#F2A402\"><a href=\"#\" style=\"color:#999999\">Ir arriba<\/a><\/div>\n<h2>Expositores internacionales<\/h2>\n<h4 id=\"okolie\"><strong><img loading=\"lazy\" decoding=\"async\" class=\"speaker_pic alignleft size-full wp-image-236\" src=\"https:\/\/eventos.cmm.uchile.cl\/tvetweek\/wp-content\/uploads\/sites\/169\/2023\/07\/okolie_01.jpg\" alt=\"Dr. Ugochukwu Chinonso Okolie\" width=\"200\" height=\"200\" srcset=\"https:\/\/eventos.cmm.uchile.cl\/tvetweek\/wp-content\/uploads\/sites\/169\/2023\/07\/okolie_01.jpg 200w, https:\/\/eventos.cmm.uchile.cl\/tvetweek\/wp-content\/uploads\/sites\/169\/2023\/07\/okolie_01-150x150.jpg 150w\" sizes=\"auto, (max-width: 200px) 100vw, 200px\" \/>Dr. Ugochukwu Chinonso Okolie<\/strong><\/h4>\n<p>Department of Vocational and Technical Education, Alex Ekwueme Federal University, Ndufu-Alike (Ebonyi State, Nigeria)<\/p>\n<p>Okolie es profesor de EFTP en la Universidad Federal Alex Ekwueme, Ndufu-Alike, Ikwo, Estado de Ebonyi, Nigeria. Investiga sobre el desarrollo de la EFTP en contextos de pa\u00edses en desarrollo.<\/p>\n<p><a href=\"https:\/\/www.researchgate.net\/profile\/Ugochukwu-Okolie-2\" target=\"_blank\" rel=\"noopener\">ResearchGate<\/a> | <a href=\"https:\/\/scholar.google.com\/citations?user=gc8A1ZUAAAAJ\" target=\"_blank\" rel=\"noopener\">Google Scholar<\/a> | <a href=\"https:\/\/www.linkedin.com\/in\/ugochukwu-chinonso-okolie-phd-6206974b\/\" target=\"_blank\" rel=\"noopener\">LinkedIn<\/a> | <a href=\"https:\/\/www.ucokolie.com.ng\/\" target=\"_blank\" rel=\"noopener\">Web<\/a><\/p>\n<div class=\"su-divider su-divider-style-default\" style=\"margin:15px 0;border-width:1px;border-color:#F2A402\"><a href=\"#\" style=\"color:#999999\">Ir arriba<\/a><\/div>\n<h4 id=\"pilerot\"><strong><img loading=\"lazy\" decoding=\"async\" class=\"speaker_pic alignleft wp-image-241 size-full\" src=\"https:\/\/eventos.cmm.uchile.cl\/tvetweek\/wp-content\/uploads\/sites\/169\/2023\/07\/pilerot_02.jpg\" alt=\"Ola Pilerot\" width=\"200\" height=\"200\" srcset=\"https:\/\/eventos.cmm.uchile.cl\/tvetweek\/wp-content\/uploads\/sites\/169\/2023\/07\/pilerot_02.jpg 200w, https:\/\/eventos.cmm.uchile.cl\/tvetweek\/wp-content\/uploads\/sites\/169\/2023\/07\/pilerot_02-150x150.jpg 150w\" sizes=\"auto, (max-width: 200px) 100vw, 200px\" \/>Dr. Ola Pilerot<\/strong><\/h4>\n<p>The Swedish School of Library and Information Science, H\u00f6gskolan i Bor\u00e5s (Bor\u00e5s, Suecia)<\/p>\n<p>Ola Pilerot, catedr\u00e1tico de la Swedish School of Library and Information Science (SSLIS) de la Universidad de Bor\u00e5s, ense\u00f1a y publica en el campo de las pr\u00e1cticas informativas. Es integrante del grupo de investigaci\u00f3n <em>Information practices and digital cultures<\/em> (Pr\u00e1cticas informativas y culturas digitales) en la SSLIS.<\/p>\n<p><a href=\"https:\/\/www.researchgate.net\/profile\/Ola-Pilerot\" target=\"_blank\" rel=\"noopener\">ResearchGate<\/a> | <a href=\"https:\/\/scholar.google.com\/citations?user=bgQ9ZGEAAAAJ\" target=\"_blank\" rel=\"noopener\">Google Scholar<\/a> | <a href=\"https:\/\/www.linkedin.com\/in\/ola-pilerot-1b18664\/\" target=\"_blank\" rel=\"noopener\">LinkedIn<\/a> | <a href=\"https:\/\/olapilerot.net\/\" target=\"_blank\" rel=\"noopener\">Web<\/a><\/p>\n<div class=\"su-divider su-divider-style-default\" style=\"margin:15px 0;border-width:3px;border-color:#F2A402\"><a href=\"#\" style=\"color:#999999\">Ir arriba<\/a><\/div>\n<h2>Moderadores de coloquio<\/h2>\n<ul>\n<li><strong>Dr. Fernando Bola\u00f1os<\/strong><br \/>\nCentro de Modelamiento Matem\u00e1tico, Universidad de Chile (Santiago, Chile)<\/li>\n<li><strong>Dr. Miguel \u00c1ngel Cerna<\/strong><br \/>\nFacultad de Ciencias de la Educaci\u00f3n, Universidad de Talca (Linares, Chile)<\/li>\n<li><strong>Dra. Camila Rasse<\/strong><br \/>\nEscuela de Trabajo Social, Facultad de Ciencias Sociales, Pontificia Universidad Cat\u00f3lica de Chile (Santiago, Chile)<\/li>\n<\/ul>\n<div class=\"su-divider su-divider-style-default\" style=\"margin:15px 0;border-width:3px;border-color:#F2A402\"><a href=\"#\" style=\"color:#999999\">Ir arriba<\/a><\/div>\n<div id=\"gtx-trans\" style=\"position: absolute; left: 166px; top: 1049px;\">\n<div class=\"gtx-trans-icon\"><\/div>\n<\/div>\n","protected":false},"excerpt":{"rendered":"<p>Expositores nacionales Dra. Karina Cerda O\u00f1ate Facultad de Ciencias de la Educaci\u00f3n, Universidad de Talca (Linares, Chile) Mg. Francisco Ortiz Profesor de Ingl\u00e9s EMTP Instituto Santa Teresa de Los Andes (Graneros, Chile) Mg. Germ\u00e1n Osses Romano\u00a0 Asesor de Formaci\u00f3n Integral en Ciencias B\u00e1sicas, Instituto Nacional de Capacitaci\u00f3n Profesional (INACAP) Mg. Natacha Pardo Docente de Did\u00e1ctica &hellip; <a href=\"https:\/\/eventos.cmm.uchile.cl\/tvetweek\/expositores\/\" class=\"more-link\">Seguir leyendo <span class=\"screen-reader-text\">Expositores<\/span> <span class=\"meta-nav\">&rarr;<\/span><\/a><\/p>\n","protected":false},"author":2,"featured_media":0,"parent":0,"menu_order":1,"comment_status":"closed","ping_status":"closed","template":"","meta":{"inline_featured_image":false,"footnotes":""},"class_list":["post-24","page","type-page","status-publish","hentry"],"_links":{"self":[{"href":"https:\/\/eventos.cmm.uchile.cl\/tvetweek\/wp-json\/wp\/v2\/pages\/24","targetHints":{"allow":["GET"]}}],"collection":[{"href":"https:\/\/eventos.cmm.uchile.cl\/tvetweek\/wp-json\/wp\/v2\/pages"}],"about":[{"href":"https:\/\/eventos.cmm.uchile.cl\/tvetweek\/wp-json\/wp\/v2\/types\/page"}],"author":[{"embeddable":true,"href":"https:\/\/eventos.cmm.uchile.cl\/tvetweek\/wp-json\/wp\/v2\/users\/2"}],"replies":[{"embeddable":true,"href":"https:\/\/eventos.cmm.uchile.cl\/tvetweek\/wp-json\/wp\/v2\/comments?post=24"}],"version-history":[{"count":21,"href":"https:\/\/eventos.cmm.uchile.cl\/tvetweek\/wp-json\/wp\/v2\/pages\/24\/revisions"}],"predecessor-version":[{"id":255,"href":"https:\/\/eventos.cmm.uchile.cl\/tvetweek\/wp-json\/wp\/v2\/pages\/24\/revisions\/255"}],"wp:attachment":[{"href":"https:\/\/eventos.cmm.uchile.cl\/tvetweek\/wp-json\/wp\/v2\/media?parent=24"}],"curies":[{"name":"wp","href":"https:\/\/api.w.org\/{rel}","templated":true}]}}