{"id":109,"date":"2023-10-16T18:46:53","date_gmt":"2023-10-16T21:46:53","guid":{"rendered":"https:\/\/eventos.cmm.uchile.cl\/waves2023\/?page_id=109"},"modified":"2023-10-16T18:54:52","modified_gmt":"2023-10-16T21:54:52","slug":"participants","status":"publish","type":"page","link":"https:\/\/eventos.cmm.uchile.cl\/waves2023\/apply\/participants\/","title":{"rendered":"Confirmed participants"},"content":{"rendered":"<p>&nbsp;<\/p>\n<table dir=\"ltr\" border=\"1\" cellspacing=\"0\" cellpadding=\"0\">\n<colgroup>\n<col width=\"160\" \/>\n<col width=\"271\" \/>\n<col width=\"106\" \/><\/colgroup>\n<tbody>\n<tr>\n<td data-sheets-value=\"{&quot;1&quot;:2,&quot;2&quot;:&quot;Nombre Participante&quot;}\">Nombre Participante<\/td>\n<td data-sheets-value=\"{&quot;1&quot;:2,&quot;2&quot;:&quot;Instituci\u00f3n&quot;}\">Instituci\u00f3n<\/td>\n<td data-sheets-value=\"{&quot;1&quot;:2,&quot;2&quot;:&quot;Nivel Academico&quot;}\">Nivel Acad\u00e9mico<\/td>\n<\/tr>\n<tr>\n<td data-sheets-value=\"{&quot;1&quot;:2,&quot;2&quot;:&quot;Jose Ivan Nieva&quot;}\">Jose Ivan Nieva<\/td>\n<td data-sheets-value=\"{&quot;1&quot;:2,&quot;2&quot;:&quot;Universidad Nacional de Cordoba&quot;}\">Universidad Nacional de C\u00f3rdoba<\/td>\n<td data-sheets-value=\"{&quot;1&quot;:2,&quot;2&quot;:&quot;PhD student&quot;}\">PhD student<\/td>\n<\/tr>\n<tr>\n<td data-sheets-value=\"{&quot;1&quot;:2,&quot;2&quot;:&quot;Yolbeiker Rodr\u00edguez&quot;}\">Yolbeiker Rodr\u00edguez<\/td>\n<td data-sheets-value=\"{&quot;1&quot;:2,&quot;2&quot;:&quot;Pontificia Universidad Cat\u00f3lica de Valparaiso&quot;}\">Pontificia Universidad Cat\u00f3lica de Valpara\u00edso<\/td>\n<td data-sheets-value=\"{&quot;1&quot;:2,&quot;2&quot;:&quot;Postdoc&quot;}\">Postdoc<\/td>\n<\/tr>\n<tr>\n<td data-sheets-value=\"{&quot;1&quot;:2,&quot;2&quot;:&quot;Santiago Rios&quot;}\">Santiago Rios<\/td>\n<td data-sheets-value=\"{&quot;1&quot;:2,&quot;2&quot;:&quot;Universidad De Chile&quot;}\">Universidad de Chile<\/td>\n<td data-sheets-value=\"{&quot;1&quot;:2,&quot;2&quot;:&quot;MsC student&quot;}\">MsC student<\/td>\n<\/tr>\n<tr>\n<td data-sheets-value=\"{&quot;1&quot;:2,&quot;2&quot;:&quot;Miguel Alejo&quot;}\">Miguel Alejo<\/td>\n<td data-sheets-value=\"{&quot;1&quot;:2,&quot;2&quot;:&quot;Universidad de C\u00f3rdoba&quot;}\">Universidad de C\u00f3rdoba<\/td>\n<td data-sheets-value=\"{&quot;1&quot;:2,&quot;2&quot;:&quot;Researcher&quot;}\">Researcher<\/td>\n<\/tr>\n<tr>\n<td data-sheets-value=\"{&quot;1&quot;:2,&quot;2&quot;:&quot;Jose Fernando Rodriguez&quot;}\">Jose Fernando Rodriguez<\/td>\n<td data-sheets-value=\"{&quot;1&quot;:2,&quot;2&quot;:&quot;Universidad Industrial de Santander&quot;}\">Universidad Industrial de Santander<\/td>\n<td data-sheets-value=\"{&quot;1&quot;:2,&quot;2&quot;:&quot;Postdoc&quot;}\">Postdoc<\/td>\n<\/tr>\n<tr>\n<td data-sheets-value=\"{&quot;1&quot;:2,&quot;2&quot;:&quot;Jessica Trespalacios&quot;}\">Jessica Trespalacios<\/td>\n<td data-sheets-value=\"{&quot;1&quot;:2,&quot;2&quot;:&quot;Universidad de Chile&quot;}\">Universidad de Chile<\/td>\n<td data-sheets-value=\"{&quot;1&quot;:2,&quot;2&quot;:&quot;PhD student&quot;}\">PhD student<\/td>\n<\/tr>\n<tr>\n<td data-sheets-value=\"{&quot;1&quot;:2,&quot;2&quot;:&quot;Gabriel G\u00f3mez&quot;}\">Gabriel G\u00f3mez<\/td>\n<td data-sheets-value=\"{&quot;1&quot;:2,&quot;2&quot;:&quot;Universidad de Santiago de Chile&quot;}\">Universidad de Santiago de Chile<\/td>\n<td data-sheets-value=\"{&quot;1&quot;:2,&quot;2&quot;:&quot;Postdoc&quot;}\">Postdoc<\/td>\n<\/tr>\n<tr>\n<td data-sheets-value=\"{&quot;1&quot;:2,&quot;2&quot;:&quot;Francisco Correa&quot;}\">Francisco Correa<\/td>\n<td data-sheets-value=\"{&quot;1&quot;:2,&quot;2&quot;:&quot;Universidad Austral&quot;}\">Universidad Austral<\/td>\n<td data-sheets-value=\"{&quot;1&quot;:2,&quot;2&quot;:&quot;Researcher&quot;}\">Researcher<\/td>\n<\/tr>\n<tr>\n<td data-sheets-value=\"{&quot;1&quot;:2,&quot;2&quot;:&quot;Christopher Ley&quot;}\">Christopher Ley<\/td>\n<td data-sheets-value=\"{&quot;1&quot;:2,&quot;2&quot;:&quot;CMM-Data Science&quot;}\">CMM-Data Science<\/td>\n<td data-sheets-value=\"{&quot;1&quot;:2,&quot;2&quot;:&quot;Researcher&quot;}\">Researcher<\/td>\n<\/tr>\n<tr>\n<td data-sheets-value=\"{&quot;1&quot;:2,&quot;2&quot;:&quot;Claudio Mu\u00f1oz&quot;}\">Claudio Mu\u00f1oz<\/td>\n<td data-sheets-value=\"{&quot;1&quot;:2,&quot;2&quot;:&quot;CMM-Matematicas&quot;}\">CMM-Matematicas<\/td>\n<td data-sheets-value=\"{&quot;1&quot;:2,&quot;2&quot;:&quot;Researcher&quot;}\">Researcher<\/td>\n<\/tr>\n<tr>\n<td data-sheets-value=\"{&quot;1&quot;:2,&quot;2&quot;:&quot;Christopher Maul\u00e9n&quot;}\">Christopher Maul\u00e9n<\/td>\n<td data-sheets-value=\"{&quot;1&quot;:2,&quot;2&quot;:&quot;Universit\u00e4t Bielefeld&quot;}\">Universit\u00e4t Bielefeld<\/td>\n<td data-sheets-value=\"{&quot;1&quot;:2,&quot;2&quot;:&quot;Postdoc&quot;}\">Postdoc<\/td>\n<\/tr>\n<tr>\n<td data-sheets-value=\"{&quot;1&quot;:2,&quot;2&quot;:&quot;Anthony Figueroa&quot;}\">Anthony Figueroa<\/td>\n<td data-sheets-value=\"{&quot;1&quot;:2,&quot;2&quot;:&quot;Universidad de Santiago de Chile&quot;}\">Universidad de Santiago de Chile<\/td>\n<td data-sheets-value=\"{&quot;1&quot;:2,&quot;2&quot;:&quot;PhD student&quot;}\">PhD student<\/td>\n<\/tr>\n<tr>\n<td data-sheets-value=\"{&quot;1&quot;:2,&quot;2&quot;:&quot;Matias Morales&quot;}\">Matias Morales<\/td>\n<td data-sheets-value=\"{&quot;1&quot;:2,&quot;2&quot;:&quot;Universidad de Chile&quot;}\">Universidad de Chile<\/td>\n<td data-sheets-value=\"{&quot;1&quot;:2,&quot;2&quot;:&quot;MSc student&quot;}\">MSc student<\/td>\n<\/tr>\n<tr>\n<td data-sheets-value=\"{&quot;1&quot;:2,&quot;2&quot;:&quot;Jean Pierre Diaz&quot;}\">Jean Pierre Diaz<\/td>\n<td data-sheets-value=\"{&quot;1&quot;:2,&quot;2&quot;:&quot;Universidad de La Serena&quot;}\">Universidad de La Serena<\/td>\n<td data-sheets-value=\"{&quot;1&quot;:2,&quot;2&quot;:&quot;MSc student&quot;}\">MSc student<\/td>\n<\/tr>\n<tr>\n<td data-sheets-value=\"{&quot;1&quot;:2,&quot;2&quot;:&quot;Daniel Villalobos&quot;}\">Daniel Villalobos<\/td>\n<td data-sheets-value=\"{&quot;1&quot;:2,&quot;2&quot;:&quot;Universidad de La Serena&quot;}\">Universidad de La Serena<\/td>\n<td data-sheets-value=\"{&quot;1&quot;:2,&quot;2&quot;:&quot;MSc student&quot;}\">MSc student<\/td>\n<\/tr>\n<tr>\n<td data-sheets-value=\"{&quot;1&quot;:2,&quot;2&quot;:&quot;Guillermo Rubilar&quot;}\">Guillermo Rubilar<\/td>\n<td data-sheets-value=\"{&quot;1&quot;:2,&quot;2&quot;:&quot;Universidad de Concepci\u00f3n&quot;}\">Universidad de Concepci\u00f3n<\/td>\n<td data-sheets-value=\"{&quot;1&quot;:2,&quot;2&quot;:&quot;Researcher&quot;}\">Researcher<\/td>\n<\/tr>\n<tr>\n<td data-sheets-value=\"{&quot;1&quot;:2,&quot;2&quot;:&quot;Enzo Iubini&quot;}\">Enzo Iubini<\/td>\n<td data-sheets-value=\"{&quot;1&quot;:2,&quot;2&quot;:&quot;Universidad de Chile&quot;}\">Universidad de Chile<\/td>\n<td data-sheets-value=\"{&quot;1&quot;:2,&quot;2&quot;:&quot;MSc student&quot;}\">MSc student<\/td>\n<\/tr>\n<tr>\n<td data-sheets-value=\"{&quot;1&quot;:2,&quot;2&quot;:&quot;Daniel Jimenez&quot;}\">Daniel Jimenez<\/td>\n<td data-sheets-value=\"{&quot;1&quot;:2,&quot;2&quot;:&quot;Universidad de Concepci\u00f3n&quot;}\">Universidad de Concepci\u00f3n<\/td>\n<td data-sheets-value=\"{&quot;1&quot;:2,&quot;2&quot;:&quot;MSc student&quot;}\">MSc student<\/td>\n<\/tr>\n<tr>\n<td data-sheets-value=\"{&quot;1&quot;:2,&quot;2&quot;:&quot;Daniela Bennett&quot;}\">Daniela Bennett<\/td>\n<td data-sheets-value=\"{&quot;1&quot;:2,&quot;2&quot;:&quot;PUC&quot;}\">Pontificia Universidad Cat\u00f3lica de Chile<\/td>\n<td data-sheets-value=\"{&quot;1&quot;:2,&quot;2&quot;:&quot;MSc student&quot;}\">MSc student<\/td>\n<\/tr>\n<tr>\n<td data-sheets-value=\"{&quot;1&quot;:2,&quot;2&quot;:&quot;Monserrat Aguayo&quot;}\">Monserrat Aguayo<\/td>\n<td data-sheets-value=\"{&quot;1&quot;:2,&quot;2&quot;:&quot;Universidad de Concepci\u00f3n&quot;}\">Universidad de Concepci\u00f3n<\/td>\n<td data-sheets-value=\"{&quot;1&quot;:2,&quot;2&quot;:&quot;MsC student&quot;}\">MsC student<\/td>\n<\/tr>\n<tr>\n<td data-sheets-value=\"{&quot;1&quot;:2,&quot;2&quot;:&quot;Francisco Javier Tapia&quot;}\">Francisco Javier Tapia<\/td>\n<td data-sheets-value=\"{&quot;1&quot;:2,&quot;2&quot;:&quot;Universidad Mayor&quot;}\">Universidad Mayor<\/td>\n<td data-sheets-value=\"{&quot;1&quot;:2,&quot;2&quot;:&quot;PhD student&quot;}\">PhD student<\/td>\n<\/tr>\n<tr>\n<td data-sheets-value=\"{&quot;1&quot;:2,&quot;2&quot;:&quot;Valentin Pena&quot;}\">Valentin Pena<\/td>\n<td data-sheets-value=\"{&quot;1&quot;:2,&quot;2&quot;:&quot;Pontificia Universidad Cat\u00f3lica&quot;}\">Pontificia Universidad Cat\u00f3lica de Chile<\/td>\n<td data-sheets-value=\"{&quot;1&quot;:2,&quot;2&quot;:&quot;MSc Student&quot;}\">MSc Student<\/td>\n<\/tr>\n<tr>\n<td data-sheets-value=\"{&quot;1&quot;:2,&quot;2&quot;:&quot;Ignacio Cruz Palma&quot;}\">Ignacio Cruz Palma<\/td>\n<td data-sheets-value=\"{&quot;1&quot;:2,&quot;2&quot;:&quot;Pontificia Universidad Cat\u00f3lica&quot;}\">Pontificia Universidad Cat\u00f3lica de Chile<\/td>\n<td data-sheets-value=\"{&quot;1&quot;:2,&quot;2&quot;:&quot;MSc student&quot;}\">MSc student<\/td>\n<\/tr>\n<tr>\n<td data-sheets-value=\"{&quot;1&quot;:2,&quot;2&quot;:&quot;Javier Huenupi&quot;}\">Javier Huenupi<\/td>\n<td data-sheets-value=\"{&quot;1&quot;:2,&quot;2&quot;:&quot;Universidad de Chile&quot;}\">Universidad de Chile<\/td>\n<td data-sheets-value=\"{&quot;1&quot;:2,&quot;2&quot;:&quot;MSc student&quot;}\">MSc student<\/td>\n<\/tr>\n<tr>\n<td data-sheets-value=\"{&quot;1&quot;:2,&quot;2&quot;:&quot;Juan Cabello Fuentes&quot;}\">Juan Cabello Fuentes<\/td>\n<td data-sheets-value=\"{&quot;1&quot;:2,&quot;2&quot;:&quot;Universidad de Chile&quot;}\">Universidad de Chile<\/td>\n<td data-sheets-value=\"{&quot;1&quot;:2,&quot;2&quot;:&quot;MSc student&quot;}\">MSc student<\/td>\n<\/tr>\n<tr>\n<td data-sheets-value=\"{&quot;1&quot;:2,&quot;2&quot;:&quot;Hemanth Bommireddy&quot;}\">Hemanth Bommireddy<\/td>\n<td data-sheets-value=\"{&quot;1&quot;:2,&quot;2&quot;:&quot;Universidad de Chile&quot;}\">Universidad de Chile<\/td>\n<td data-sheets-value=\"{&quot;1&quot;:2,&quot;2&quot;:&quot;PhD student&quot;}\">PhD student<\/td>\n<\/tr>\n<tr>\n<td data-sheets-value=\"{&quot;1&quot;:2,&quot;2&quot;:&quot;Claudio Aravena&quot;}\">Claudio Aravena<\/td>\n<td data-sheets-value=\"{&quot;1&quot;:2,&quot;2&quot;:&quot;Universidad de Chile&quot;}\">Universidad de Chile<\/td>\n<td data-sheets-value=\"{&quot;1&quot;:2,&quot;2&quot;:&quot;PhD student&quot;}\">PhD student<\/td>\n<\/tr>\n<tr>\n<td data-sheets-value=\"{&quot;1&quot;:2,&quot;2&quot;:&quot;Alejando Cartes&quot;}\">Alejandro Cartes<\/td>\n<td data-sheets-value=\"{&quot;1&quot;:2,&quot;2&quot;:&quot;Universidad de Chile&quot;}\">Universidad de Chile<\/td>\n<td data-sheets-value=\"{&quot;1&quot;:2,&quot;2&quot;:&quot;MSc student&quot;}\">MSc student<\/td>\n<\/tr>\n<tr>\n<td data-sheets-value=\"{&quot;1&quot;:2,&quot;2&quot;:&quot;Felipe Vivanco&quot;}\">Felipe Vivanco<\/td>\n<td data-sheets-value=\"{&quot;1&quot;:2,&quot;2&quot;:&quot;Universidad Andres Bello&quot;}\">Universidad Andr\u00e9s Bello<\/td>\n<td data-sheets-value=\"{&quot;1&quot;:2,&quot;2&quot;:&quot;PhD student&quot;}\">PhD student<\/td>\n<\/tr>\n<tr>\n<td data-sheets-value=\"{&quot;1&quot;:2,&quot;2&quot;:&quot;Alejandro Guzm\u00e1n &quot;}\">Alejandro Guzm\u00e1n<\/td>\n<td data-sheets-value=\"{&quot;1&quot;:2,&quot;2&quot;:&quot;Pontificia Universidad Cat\u00f3lica de Valparaiso&quot;}\">Pontificia Universidad Cat\u00f3lica de Valpara\u00edso<\/td>\n<td data-sheets-value=\"{&quot;1&quot;:2,&quot;2&quot;:&quot;MSc Student&quot;}\">MSc Student<\/td>\n<\/tr>\n<tr>\n<td data-sheets-value=\"{&quot;1&quot;:2,&quot;2&quot;:&quot;Lilianne Tapia&quot;}\">Lilianne Tapia<\/td>\n<td data-sheets-value=\"{&quot;1&quot;:2,&quot;2&quot;:&quot;Universidad de Concepci\u00f3n&quot;}\">Universidad de Concepci\u00f3n<\/td>\n<td data-sheets-value=\"{&quot;1&quot;:2,&quot;2&quot;:&quot;MsC student&quot;}\">MsC student<\/td>\n<\/tr>\n<tr>\n<td data-sheets-value=\"{&quot;1&quot;:2,&quot;2&quot;:&quot;Marcelo Rozas&quot;}\">Marcelo Rozas<\/td>\n<td data-sheets-value=\"{&quot;1&quot;:2,&quot;2&quot;:&quot;Pontificia Universidad Cat\u00f3lica de Valparaiso&quot;}\">Pontificia Universidad Cat\u00f3lica de Valpara\u00edso<\/td>\n<td data-sheets-value=\"{&quot;1&quot;:2,&quot;2&quot;:&quot;PhD student&quot;}\">PhD student<\/td>\n<\/tr>\n<tr>\n<td data-sheets-value=\"{&quot;1&quot;:2,&quot;2&quot;:&quot;Daniela Gallardo Lemus&quot;}\">Daniela Gallardo Lemus<\/td>\n<td data-sheets-value=\"{&quot;1&quot;:2,&quot;2&quot;:&quot;Universidad de Concepci\u00f3n&quot;}\">Universidad de Concepci\u00f3n<\/td>\n<td data-sheets-value=\"{&quot;1&quot;:2,&quot;2&quot;:&quot;MSc student&quot;}\">MSc student<\/td>\n<\/tr>\n<tr>\n<td data-sheets-value=\"{&quot;1&quot;:2,&quot;2&quot;:&quot;Alejandro Saavedra&quot;}\">Alejandro Saavedra<\/td>\n<td data-sheets-value=\"{&quot;1&quot;:2,&quot;2&quot;:&quot;Universidad de Concepci\u00f3n&quot;}\">Universidad de Concepci\u00f3n<\/td>\n<td data-sheets-value=\"{&quot;1&quot;:2,&quot;2&quot;:&quot;MSc student&quot;}\">MSc student<\/td>\n<\/tr>\n<tr>\n<td data-sheets-value=\"{&quot;1&quot;:2,&quot;2&quot;:&quot;Ruth Villalobos&quot;}\">Ruth Villalobos<\/td>\n<td data-sheets-value=\"{&quot;1&quot;:2,&quot;2&quot;:&quot;Universidad de La Serena&quot;}\">Universidad de La Serena<\/td>\n<td data-sheets-value=\"{&quot;1&quot;:2,&quot;2&quot;:&quot;PhD student&quot;}\">PhD student<\/td>\n<\/tr>\n<tr>\n<td data-sheets-value=\"{&quot;1&quot;:2,&quot;2&quot;:&quot;Paulo Vasquez&quot;}\">Paulo Vasquez<\/td>\n<td data-sheets-value=\"{&quot;1&quot;:2,&quot;2&quot;:&quot;Pontificia Universidad Cat\u00f3lica de Valparaiso&quot;}\">Pontificia Universidad Cat\u00f3lica de Valpara\u00edso<\/td>\n<td data-sheets-value=\"{&quot;1&quot;:2,&quot;2&quot;:&quot;MsC student&quot;}\">MsC student<\/td>\n<\/tr>\n<\/tbody>\n<\/table>\n<div id=\"gtx-trans\" style=\"position: absolute; left: 332px; top: 83px;\">\n<div class=\"gtx-trans-icon\"><\/div>\n<\/div>\n","protected":false},"excerpt":{"rendered":"<p>&nbsp; Nombre Participante Instituci\u00f3n Nivel Acad\u00e9mico Jose Ivan Nieva Universidad Nacional de C\u00f3rdoba PhD student Yolbeiker Rodr\u00edguez Pontificia Universidad Cat\u00f3lica de Valpara\u00edso Postdoc Santiago Rios Universidad de Chile MsC student Miguel Alejo Universidad de C\u00f3rdoba Researcher Jose Fernando Rodriguez Universidad Industrial de Santander Postdoc Jessica Trespalacios Universidad de Chile PhD student Gabriel G\u00f3mez Universidad de &hellip; <a href=\"https:\/\/eventos.cmm.uchile.cl\/waves2023\/apply\/participants\/\" class=\"more-link\">Continue reading <span class=\"screen-reader-text\">Confirmed participants<\/span> <span class=\"meta-nav\">&rarr;<\/span><\/a><\/p>\n","protected":false},"author":2,"featured_media":0,"parent":16,"menu_order":0,"comment_status":"closed","ping_status":"closed","template":"","meta":{"inline_featured_image":false,"footnotes":""},"class_list":["post-109","page","type-page","status-publish","hentry"],"_links":{"self":[{"href":"https:\/\/eventos.cmm.uchile.cl\/waves2023\/wp-json\/wp\/v2\/pages\/109","targetHints":{"allow":["GET"]}}],"collection":[{"href":"https:\/\/eventos.cmm.uchile.cl\/waves2023\/wp-json\/wp\/v2\/pages"}],"about":[{"href":"https:\/\/eventos.cmm.uchile.cl\/waves2023\/wp-json\/wp\/v2\/types\/page"}],"author":[{"embeddable":true,"href":"https:\/\/eventos.cmm.uchile.cl\/waves2023\/wp-json\/wp\/v2\/users\/2"}],"replies":[{"embeddable":true,"href":"https:\/\/eventos.cmm.uchile.cl\/waves2023\/wp-json\/wp\/v2\/comments?post=109"}],"version-history":[{"count":5,"href":"https:\/\/eventos.cmm.uchile.cl\/waves2023\/wp-json\/wp\/v2\/pages\/109\/revisions"}],"predecessor-version":[{"id":116,"href":"https:\/\/eventos.cmm.uchile.cl\/waves2023\/wp-json\/wp\/v2\/pages\/109\/revisions\/116"}],"up":[{"embeddable":true,"href":"https:\/\/eventos.cmm.uchile.cl\/waves2023\/wp-json\/wp\/v2\/pages\/16"}],"wp:attachment":[{"href":"https:\/\/eventos.cmm.uchile.cl\/waves2023\/wp-json\/wp\/v2\/media?parent=109"}],"curies":[{"name":"wp","href":"https:\/\/api.w.org\/{rel}","templated":true}]}}