{"id":73,"date":"2023-09-29T10:53:45","date_gmt":"2023-09-29T13:53:45","guid":{"rendered":"https:\/\/eventos.cmm.uchile.cl\/waves2023\/?page_id=73"},"modified":"2023-11-16T13:28:12","modified_gmt":"2023-11-16T16:28:12","slug":"charlas-abiertas","status":"publish","type":"page","link":"https:\/\/eventos.cmm.uchile.cl\/waves2023\/program\/charlas-abiertas\/","title":{"rendered":"Charlas abiertas"},"content":{"rendered":"<div class=\"su-divider su-divider-style-default\" style=\"margin:20px 0;border-width:2px;border-color:#DC2A2A\"><\/div>\n<h2 id=\"escuchando\">Escuchando al Universo, \u00faltimos avances con las ondas gravitacionales<\/h2>\n<h4>Jueves 16 de noviembre 2023, 16:30 hrs.<br \/>\nAuditorio Gorbea, Beauchef 850, Santiago<\/h4>\n<p>El Centro de Modelamiento Matem\u00e1tico (CMM) invita a\u00a0 la charla abierta\u00a0 <em><strong>Escuchando al Universo, \u00faltimos avances con las ondas gravitacionales<\/strong><\/em>, impartido por <a href=\"#sintes\"><strong>Alicia Sintes<\/strong><\/a>, catedr\u00e1tica de la Universidad de las Islas Baleares y l\u00edder del equipo espa\u00f1ol participante en el descubrimiento de las ondas gravitacionales por la colaboraci\u00f3n LIGO. El evento se llevar\u00e1 a cabo el<strong> jueves 16 de noviembre de 2023 a las 16:30 hrs.<\/strong> en el<strong> Auditorio Gorbea, Facultad de Ciencias F\u00edsicas y Matem\u00e1ticas<\/strong> de la Universidad de Chile, ubicado en <strong>Av. Beauchef 850, Santiago<\/strong>. La charla abierta se realiza en el marco de la <a href=\"https:\/\/eventos.cmm.uchile.cl\/waves2023\/\">School on Modeling and Simulation of Gravitational Waves<\/a>.<\/p>\n<div class=\"su-button-center\"><a href=\"#registro\" class=\"su-button su-button-style-flat\" style=\"color:#FFFFFF;background-color:#DC2A2A;border-color:#b02222;border-radius:7px\" target=\"_self\"><span style=\"color:#FFFFFF;padding:7px 20px;font-size:16px;line-height:24px;border-color:#e76a6a;border-radius:7px;text-shadow:none\"><i class=\"sui sui-chevron-down\" style=\"font-size:16px;color:#FFFFFF\"><\/i> Reg\u00edstrese para asistir<\/span><\/a><\/div>\n<p>&nbsp;<\/p>\n<p><a href=\"https:\/\/eventos.cmm.uchile.cl\/waves2023\/wp-content\/uploads\/sites\/171\/2023\/10\/ondas2023_instagram_post_portrait.jpg\"><img loading=\"lazy\" decoding=\"async\" class=\"alignnone wp-image-89\" src=\"https:\/\/eventos.cmm.uchile.cl\/waves2023\/wp-content\/uploads\/sites\/171\/2023\/10\/ondas2023_instagram_post_portrait.jpg\" alt=\"\" width=\"604\" height=\"755\" srcset=\"https:\/\/eventos.cmm.uchile.cl\/waves2023\/wp-content\/uploads\/sites\/171\/2023\/10\/ondas2023_instagram_post_portrait.jpg 1080w, https:\/\/eventos.cmm.uchile.cl\/waves2023\/wp-content\/uploads\/sites\/171\/2023\/10\/ondas2023_instagram_post_portrait-240x300.jpg 240w, https:\/\/eventos.cmm.uchile.cl\/waves2023\/wp-content\/uploads\/sites\/171\/2023\/10\/ondas2023_instagram_post_portrait-819x1024.jpg 819w, https:\/\/eventos.cmm.uchile.cl\/waves2023\/wp-content\/uploads\/sites\/171\/2023\/10\/ondas2023_instagram_post_portrait-768x960.jpg 768w\" sizes=\"auto, (max-width: 604px) 100vw, 604px\" \/><\/a><\/p>\n<div class=\"su-divider su-divider-style-default\" style=\"margin:20px 0;border-width:2px;border-color:#DC2A2A\"><a href=\"#\" style=\"color:#999999\">Volver arriba \u2303<\/a><\/div>\n<h3 id=\"sintes\">Alicia Sintes \u2013 Universitat de les Illes Balears<\/h3>\n<p><img loading=\"lazy\" decoding=\"async\" class=\"speaker_pic alignright wp-image-59 size-full\" src=\"https:\/\/eventos.cmm.uchile.cl\/waves2023\/wp-content\/uploads\/sites\/171\/2023\/09\/sintes_01.jpg\" alt=\"Alicia Sintes\" width=\"200\" height=\"200\" srcset=\"https:\/\/eventos.cmm.uchile.cl\/waves2023\/wp-content\/uploads\/sites\/171\/2023\/09\/sintes_01.jpg 200w, https:\/\/eventos.cmm.uchile.cl\/waves2023\/wp-content\/uploads\/sites\/171\/2023\/09\/sintes_01-150x150.jpg 150w\" sizes=\"auto, (max-width: 200px) 100vw, 200px\" \/><\/p>\n<p>Alicia Sintes es doctora espa\u00f1ola en F\u00edsica por la Universidad de las Islas Baleares (UIB) y catedr\u00e1tica de universidad en el \u00e1rea de F\u00edsica Te\u00f3rica.<\/p>\n<p>Sus actividades de investigaci\u00f3n cubren el campo de la astronom\u00eda de ondas gravitacionales, siendo una experta en la puesta a punto de detectores interferom\u00e9tricos, en el estudio y b\u00fasqueda de estrellas de neutrones y sistemas binarios de agujeros negros.<\/p>\n<p>Se uni\u00f3 a la Colaboraci\u00f3n Cient\u00edfica LIGO (LSC) y GEO en 1997, y es miembro del consejo LIGO-LSC y del comit\u00e9 ejecutivo de GEO, as\u00ed como del Consorcio LISA y del Equipo Cient\u00edfico del Telescopio Einstein. Miembro del Instituto de Estudios Espaciales de Catalu\u00f1a (IEEC), el Instituto Menorqu\u00edn de Estudios (IME) y es investigadora asociada Severo Ochoa en el Instituto de F\u00edsica Te\u00f3rica (UAM-CSIC) de Madrid.<\/p>\n<div class=\"su-divider su-divider-style-default\" style=\"margin:20px 0;border-width:1px;border-color:#DC2A2A\"><a href=\"#\" style=\"color:#999999\">Volver arriba \u2303<\/a><\/div>\n<h5>Resumen<\/h5>\n<blockquote><p><span lang=\"es\">La astrof\u00edsica vive una \u00e9poca revolucionaria: nuevas t\u00e9cnicas, instrumentos y teor\u00edas est\u00e1n dando por primera vez respuestas veraces y coherentes a las grandes preguntas que la humanidad lleva siglos persiguiendo. <\/span><\/p>\n<p><span lang=\"es\">En esta charla nos centraremos en las ondas gravitacionales, captadas por primera vez en 2015, y uno de los mayores hitos cient\u00edficos de este siglo. Estos nuevos mensajeros del universo, nos permitir\u00e1n abrir una nueva ventana al cosmos que podr\u00eda revolucionar la comprensi\u00f3n del Universo en el que vivimos. Explicaremos qu\u00e9 son estas ondulaciones del espacio-tiempo, c\u00f3mo se detectan y qu\u00e9 nueva informaci\u00f3n nos aportan.<\/span><\/p><\/blockquote>\n<div class=\"su-button-center\"><a href=\"#registro\" class=\"su-button su-button-style-flat\" style=\"color:#FFFFFF;background-color:#DC2A2A;border-color:#b02222;border-radius:7px\" target=\"_self\"><span style=\"color:#FFFFFF;padding:7px 20px;font-size:16px;line-height:24px;border-color:#e76a6a;border-radius:7px;text-shadow:none\"><i class=\"sui sui-chevron-down\" style=\"font-size:16px;color:#FFFFFF\"><\/i> Reg\u00edstrese en formulario m\u00e1s abajo<\/span><\/a><\/div>\n<p>&nbsp;<\/p>\n<div class=\"su-divider su-divider-style-default\" style=\"margin:20px 0;border-width:2px;border-color:#DC2A2A\"><a href=\"#\" style=\"color:#999999\">Volver arriba \u2303<\/a><\/div>\n<h2 id=\"registro\">Registro en l\u00ednea<\/h2>\n\n<div class=\"wpcf7 no-js\" id=\"wpcf7-f81-o1\" lang=\"en-US\" dir=\"ltr\" data-wpcf7-id=\"81\">\n<div class=\"screen-reader-response\"><p role=\"status\" aria-live=\"polite\" aria-atomic=\"true\"><\/p> <ul><\/ul><\/div>\n<form action=\"\/waves2023\/wp-json\/wp\/v2\/pages\/73#wpcf7-f81-o1\" method=\"post\" class=\"wpcf7-form init\" aria-label=\"Contact form\" novalidate=\"novalidate\" data-status=\"init\">\n<fieldset class=\"hidden-fields-container\"><input type=\"hidden\" name=\"_wpcf7\" value=\"81\" \/><input type=\"hidden\" name=\"_wpcf7_version\" value=\"6.1.5\" \/><input type=\"hidden\" name=\"_wpcf7_locale\" value=\"en_US\" \/><input type=\"hidden\" name=\"_wpcf7_unit_tag\" value=\"wpcf7-f81-o1\" \/><input type=\"hidden\" name=\"_wpcf7_container_post\" value=\"0\" \/><input type=\"hidden\" name=\"_wpcf7_posted_data_hash\" value=\"\" \/><input type=\"hidden\" name=\"_wpcf7cf_hidden_group_fields\" value=\"[]\" \/><input type=\"hidden\" name=\"_wpcf7cf_hidden_groups\" value=\"[]\" \/><input type=\"hidden\" name=\"_wpcf7cf_visible_groups\" value=\"[]\" \/><input type=\"hidden\" name=\"_wpcf7cf_repeaters\" value=\"[]\" \/><input type=\"hidden\" name=\"_wpcf7cf_steps\" value=\"{}\" \/><input type=\"hidden\" name=\"_wpcf7cf_options\" value=\"{&quot;form_id&quot;:81,&quot;conditions&quot;:[{&quot;then_field&quot;:&quot;-1&quot;,&quot;and_rules&quot;:[{&quot;if_field&quot;:&quot;event-position&quot;,&quot;operator&quot;:&quot;equals&quot;,&quot;if_value&quot;:&quot;MSc student&quot;}]},{&quot;then_field&quot;:&quot;-1&quot;,&quot;and_rules&quot;:[{&quot;if_field&quot;:&quot;event-position&quot;,&quot;operator&quot;:&quot;equals&quot;,&quot;if_value&quot;:&quot;PhD student&quot;}]},{&quot;then_field&quot;:&quot;-1&quot;,&quot;and_rules&quot;:[{&quot;if_field&quot;:&quot;event-position&quot;,&quot;operator&quot;:&quot;equals&quot;,&quot;if_value&quot;:&quot;Other (Bachelor, Licenciatura)&quot;}]}],&quot;settings&quot;:{&quot;animation&quot;:&quot;yes&quot;,&quot;animation_intime&quot;:200,&quot;animation_outtime&quot;:200,&quot;conditions_ui&quot;:&quot;normal&quot;,&quot;notice_dismissed&quot;:false,&quot;repeater_remove_button&quot;:&quot;bottom&quot;}}\" \/>\n<\/fieldset>\n<p><label>Nombre (requerido)<br \/>\n<span class=\"wpcf7-form-control-wrap\" data-name=\"event-name\"><input size=\"40\" maxlength=\"400\" class=\"wpcf7-form-control wpcf7-text wpcf7-validates-as-required\" aria-required=\"true\" aria-invalid=\"false\" value=\"\" type=\"text\" name=\"event-name\" \/><\/span> <\/label><br \/>\n<label>Apellido (requerido)<br \/>\n<span class=\"wpcf7-form-control-wrap\" data-name=\"event-lastname\"><input size=\"40\" maxlength=\"400\" class=\"wpcf7-form-control wpcf7-text wpcf7-validates-as-required\" aria-required=\"true\" aria-invalid=\"false\" value=\"\" type=\"text\" name=\"event-lastname\" \/><\/span> <\/label>\n<\/p>\n<p><label>Instituci\u00f3n (requerido)<br \/>\n<span class=\"wpcf7-form-control-wrap\" data-name=\"event-institution\"><input size=\"40\" maxlength=\"400\" class=\"wpcf7-form-control wpcf7-text wpcf7-validates-as-required\" aria-required=\"true\" aria-invalid=\"false\" value=\"\" type=\"text\" name=\"event-institution\" \/><\/span> <\/label>\n<\/p>\n<p><label>email (requerido)<br \/>\n<span class=\"wpcf7-form-control-wrap\" data-name=\"event-email\"><input size=\"40\" maxlength=\"400\" class=\"wpcf7-form-control wpcf7-email wpcf7-validates-as-required wpcf7-text wpcf7-validates-as-email\" aria-required=\"true\" aria-invalid=\"false\" value=\"\" type=\"email\" name=\"event-email\" \/><\/span> <\/label>\n<\/p>\n<p><label>Cargo (requerido)<br \/>\n<span class=\"wpcf7-form-control-wrap\" data-name=\"event-position\"><input size=\"40\" maxlength=\"400\" class=\"wpcf7-form-control wpcf7-text wpcf7-validates-as-required\" aria-required=\"true\" aria-invalid=\"false\" placeholder=\"Estudiante de pregrado, Docente, etc.\" value=\"\" type=\"text\" name=\"event-position\" \/><\/span><\/label>\n<\/p>\n<p><input class=\"wpcf7-form-control wpcf7-submit has-spinner\" type=\"submit\" value=\"Enviar\" \/>\n<\/p><div class=\"wpcf7-response-output\" aria-hidden=\"true\"><\/div>\n<\/form>\n<\/div>\n\n<div class=\"su-divider su-divider-style-default\" style=\"margin:20px 0;border-width:2px;border-color:#DC2A2A\"><a href=\"#\" style=\"color:#999999\">Volver arriba \u2303<\/a><\/div>\n","protected":false},"excerpt":{"rendered":"<p>Escuchando al Universo, \u00faltimos avances con las ondas gravitacionales Jueves 16 de noviembre 2023, 16:30 hrs. Auditorio Gorbea, Beauchef 850, Santiago El Centro de Modelamiento Matem\u00e1tico (CMM) invita a\u00a0 la charla abierta\u00a0 Escuchando al Universo, \u00faltimos avances con las ondas gravitacionales, impartido por Alicia Sintes, catedr\u00e1tica de la Universidad de las Islas Baleares y l\u00edder &hellip; <a href=\"https:\/\/eventos.cmm.uchile.cl\/waves2023\/program\/charlas-abiertas\/\" class=\"more-link\">Continue reading <span class=\"screen-reader-text\">Charlas abiertas<\/span> <span class=\"meta-nav\">&rarr;<\/span><\/a><\/p>\n","protected":false},"author":2,"featured_media":0,"parent":12,"menu_order":0,"comment_status":"closed","ping_status":"closed","template":"","meta":{"inline_featured_image":false,"footnotes":""},"class_list":["post-73","page","type-page","status-publish","hentry"],"_links":{"self":[{"href":"https:\/\/eventos.cmm.uchile.cl\/waves2023\/wp-json\/wp\/v2\/pages\/73","targetHints":{"allow":["GET"]}}],"collection":[{"href":"https:\/\/eventos.cmm.uchile.cl\/waves2023\/wp-json\/wp\/v2\/pages"}],"about":[{"href":"https:\/\/eventos.cmm.uchile.cl\/waves2023\/wp-json\/wp\/v2\/types\/page"}],"author":[{"embeddable":true,"href":"https:\/\/eventos.cmm.uchile.cl\/waves2023\/wp-json\/wp\/v2\/users\/2"}],"replies":[{"embeddable":true,"href":"https:\/\/eventos.cmm.uchile.cl\/waves2023\/wp-json\/wp\/v2\/comments?post=73"}],"version-history":[{"count":16,"href":"https:\/\/eventos.cmm.uchile.cl\/waves2023\/wp-json\/wp\/v2\/pages\/73\/revisions"}],"predecessor-version":[{"id":140,"href":"https:\/\/eventos.cmm.uchile.cl\/waves2023\/wp-json\/wp\/v2\/pages\/73\/revisions\/140"}],"up":[{"embeddable":true,"href":"https:\/\/eventos.cmm.uchile.cl\/waves2023\/wp-json\/wp\/v2\/pages\/12"}],"wp:attachment":[{"href":"https:\/\/eventos.cmm.uchile.cl\/waves2023\/wp-json\/wp\/v2\/media?parent=73"}],"curies":[{"name":"wp","href":"https:\/\/api.w.org\/{rel}","templated":true}]}}