{"id":73,"date":"2023-09-29T10:53:45","date_gmt":"2023-09-29T13:53:45","guid":{"rendered":"https:\/\/eventos.cmm.uchile.cl\/waves2023\/?page_id=73"},"modified":"2024-11-05T19:18:11","modified_gmt":"2024-11-05T22:18:11","slug":"charlas-abiertas","status":"publish","type":"page","link":"https:\/\/eventos.cmm.uchile.cl\/waves2024\/program\/charlas-abiertas\/","title":{"rendered":"Charla Abierta"},"content":{"rendered":"<div class=\"su-divider su-divider-style-default\" style=\"margin:20px 0;border-width:2px;border-color:#DC2A2A\"><\/div>\n<h2 id=\"escuchando\">Explorando el Universo a trav\u00e9s de Ondas Gravitacionales<\/h2>\n<h4>Martes 19 de noviembre 2024, 16:30 hrs.<br \/>\nAuditorio Enrique d&#8217;Etigny<br \/>\nBeauchef 851, Santiago<\/h4>\n<p>El Centro de Modelamiento Matem\u00e1tico (CMM) invita a\u00a0 la charla abierta <em><strong>Explorando el Universo a trav\u00e9s de Ondas Gravitacionales<\/strong><\/em>, impartida por <a href=\"#andrade\"><strong>Tom\u00e1s Andrade<\/strong><\/a>, miembro del Barcelona Supercomputing Center (BSC), exprofesor del Instituto de Ciencias del Cosmos de la Universidad de Barcelona y miembro de las colaboraciones LIGO-Virgo. El evento se llevar\u00e1 a cabo el<strong> martes 19 de noviembre de 2024 a las 16:30 hrs<\/strong> en el<strong> Auditorio Enrique d&#8217;Etigny<\/strong> de la Facultad de Ciencias F\u00edsicas y Matem\u00e1ticas de la Universidad de Chile, ubicado en <strong>Av. Beauchef 851, Santiago<\/strong>. La charla abierta se realiza en el marco de la escuela <a href=\"https:\/\/eventos.cmm.uchile.cl\/waves2024\/\">Gravitational waves in Astrophysics: From Theory to Observations<\/a>.<\/p>\n<div class=\"su-button-center\"><a href=\"#registro\" class=\"su-button su-button-style-flat\" style=\"color:#FFFFFF;background-color:#5e2683;border-color:#4c1f69;border-radius:7px\" target=\"_self\"><span style=\"color:#FFFFFF;padding:7px 20px;font-size:16px;line-height:24px;border-color:#8f68a9;border-radius:7px;text-shadow:none\"><i class=\"sui sui-chevron-down\" style=\"font-size:16px;color:#FFFFFF\"><\/i> Reg\u00edstrese para asistir<\/span><\/a><\/div>\n<p>&nbsp;<\/p>\n<p><img loading=\"lazy\" decoding=\"async\" class=\"alignnone size-full wp-image-271\" src=\"https:\/\/eventos.cmm.uchile.cl\/waves2024\/wp-content\/uploads\/sites\/194\/2024\/11\/ondas2024_web_portrait_04.jpg\" alt=\"\" width=\"1080\" height=\"1350\" srcset=\"https:\/\/eventos.cmm.uchile.cl\/waves2024\/wp-content\/uploads\/sites\/194\/2024\/11\/ondas2024_web_portrait_04.jpg 1080w, https:\/\/eventos.cmm.uchile.cl\/waves2024\/wp-content\/uploads\/sites\/194\/2024\/11\/ondas2024_web_portrait_04-240x300.jpg 240w, https:\/\/eventos.cmm.uchile.cl\/waves2024\/wp-content\/uploads\/sites\/194\/2024\/11\/ondas2024_web_portrait_04-819x1024.jpg 819w, https:\/\/eventos.cmm.uchile.cl\/waves2024\/wp-content\/uploads\/sites\/194\/2024\/11\/ondas2024_web_portrait_04-768x960.jpg 768w\" sizes=\"auto, (max-width: 1080px) 100vw, 1080px\" \/><\/p>\n<div class=\"su-divider su-divider-style-default\" style=\"margin:20px 0;border-width:2px;border-color:#DC2A2A\"><a href=\"#\" style=\"color:#999999\">Volver arriba \u2303<\/a><\/div>\n<h3 id=\"andrade\">Tom\u00e1s Andrade<\/h3>\n<p><img loading=\"lazy\" decoding=\"async\" class=\"speaker_pic alignright wp-image-253 size-full\" src=\"https:\/\/eventos.cmm.uchile.cl\/waves2024\/wp-content\/uploads\/sites\/194\/2024\/10\/andrade_02.jpg\" alt=\"Tom\u00e1s Andrade\" width=\"240\" height=\"240\" srcset=\"https:\/\/eventos.cmm.uchile.cl\/waves2024\/wp-content\/uploads\/sites\/194\/2024\/10\/andrade_02.jpg 240w, https:\/\/eventos.cmm.uchile.cl\/waves2024\/wp-content\/uploads\/sites\/194\/2024\/10\/andrade_02-150x150.jpg 150w\" sizes=\"auto, (max-width: 240px) 100vw, 240px\" \/><\/p>\n<p>&nbsp;<\/p>\n<p>Tomas Andrade Weber es un investigador chileno que actualmente es parte del <em><strong>Barcelona Supercomputing Center<\/strong><\/em>, en el Departamento de Aplicaciones Computacionales en Ciencia e Ingenier\u00eda, donde trabaja en el campo de la Inteligencia Artificial.<\/p>\n<p>Hasta hace poco, fue profesor en el <em><strong>Departamento de F\u00edsica de la Universidad de Barcelona<\/strong><\/em>, centr\u00e1ndose en modelos te\u00f3ricos para ondas gravitacionales.<\/p>\n<p>Su formaci\u00f3n acad\u00e9mica incluye un doctorado en F\u00edsica por la Universidad de California, Santa B\u00e1rbara<em>,<\/em> un mag\u00edster y licenciatura en F\u00edsica y Astronom\u00eda por la Pontificia Universidad Cat\u00f3lica de Chile. A lo largo de su carrera, ha trabajado en instituciones como la Universidad de Oxford y la Universidad de Durham, liderando el grupo de investigaci\u00f3n de la Universidad de Barcelona para el proyecto <em><strong>Einstein Telescope<\/strong><\/em>, adem\u00e1s de ser miembro de la colaboraci\u00f3n <a href=\"https:\/\/gwosc.org\/\" target=\"_blank\" rel=\"noopener\"><em><strong>Ligo-Virgo-Kagra<\/strong><\/em><\/a>.<\/p>\n<div class=\"su-divider su-divider-style-default\" style=\"margin:20px 0;border-width:1px;border-color:#DC2A2A\"><a href=\"#\" style=\"color:#999999\">Volver arriba \u2303<\/a><\/div>\n<h4>Resumen<\/h4>\n<blockquote><p><span lang=\"es\"> Desde que Albert Einstein predijo la existencia de las ondas gravitacionales hace m\u00e1s de un siglo, la humanidad ha logrado algo extraordinario: detectar un centenar de colisiones de agujeros negros a trav\u00e9s de estas ondas. Este avance nos ha permitido escuchar los &#8220;ecos&#8221; de eventos c\u00f3smicos violentos y ha abierto una nueva ventana para explorar el universo. <\/span><\/p>\n<p><span lang=\"es\">En esta charla, descubriremos c\u00f3mo la teor\u00eda de la Relatividad General predice estas ondas, c\u00f3mo logramos detectarlas con tecnolog\u00eda de vanguardia, y qu\u00e9 desaf\u00edos enfrenta esta emocionante \u00e1rea de la astrof\u00edsica en los pr\u00f3ximos a\u00f1os. \u00a1Acomp\u00e1\u00f1anos en este viaje para entender c\u00f3mo el cosmos nos habla a trav\u00e9s de las ondas gravitacionales!<\/span><\/p><\/blockquote>\n<p>&nbsp;<\/p>\n<div class=\"su-button-center\"><a href=\"#registro\" class=\"su-button su-button-style-flat\" style=\"color:#FFFFFF;background-color:#5e2683;border-color:#4c1f69;border-radius:7px\" target=\"_self\"><span style=\"color:#FFFFFF;padding:7px 20px;font-size:16px;line-height:24px;border-color:#8f68a9;border-radius:7px;text-shadow:none\"><i class=\"sui sui-chevron-down\" style=\"font-size:16px;color:#FFFFFF\"><\/i> Reg\u00edstrese para asistir<\/span><\/a><\/div>\n<p>&nbsp;<\/p>\n<div class=\"su-divider su-divider-style-default\" style=\"margin:20px 0;border-width:2px;border-color:#DC2A2A\"><a href=\"#\" style=\"color:#999999\">Volver arriba \u2303<\/a><\/div>\n<h2 id=\"registro\">Registro en l\u00ednea<\/h2>\n\n<div class=\"wpcf7 no-js\" id=\"wpcf7-f81-o1\" lang=\"en-US\" dir=\"ltr\" data-wpcf7-id=\"81\">\n<div class=\"screen-reader-response\"><p role=\"status\" aria-live=\"polite\" aria-atomic=\"true\"><\/p> <ul><\/ul><\/div>\n<form action=\"\/waves2024\/wp-json\/wp\/v2\/pages\/73#wpcf7-f81-o1\" method=\"post\" class=\"wpcf7-form init\" aria-label=\"Contact form\" novalidate=\"novalidate\" data-status=\"init\">\n<fieldset class=\"hidden-fields-container\"><input type=\"hidden\" name=\"_wpcf7\" value=\"81\" \/><input type=\"hidden\" name=\"_wpcf7_version\" value=\"6.1.5\" \/><input type=\"hidden\" name=\"_wpcf7_locale\" value=\"en_US\" \/><input type=\"hidden\" name=\"_wpcf7_unit_tag\" value=\"wpcf7-f81-o1\" \/><input type=\"hidden\" name=\"_wpcf7_container_post\" value=\"0\" \/><input type=\"hidden\" name=\"_wpcf7_posted_data_hash\" value=\"\" \/><input type=\"hidden\" name=\"_wpcf7cf_hidden_group_fields\" value=\"[]\" \/><input type=\"hidden\" name=\"_wpcf7cf_hidden_groups\" value=\"[]\" \/><input type=\"hidden\" name=\"_wpcf7cf_visible_groups\" value=\"[]\" \/><input type=\"hidden\" name=\"_wpcf7cf_repeaters\" value=\"[]\" \/><input type=\"hidden\" name=\"_wpcf7cf_steps\" value=\"{}\" \/><input type=\"hidden\" name=\"_wpcf7cf_options\" value=\"{&quot;form_id&quot;:81,&quot;conditions&quot;:[{&quot;then_field&quot;:&quot;-1&quot;,&quot;and_rules&quot;:[{&quot;if_field&quot;:&quot;event-position&quot;,&quot;operator&quot;:&quot;equals&quot;,&quot;if_value&quot;:&quot;MSc student&quot;}]},{&quot;then_field&quot;:&quot;-1&quot;,&quot;and_rules&quot;:[{&quot;if_field&quot;:&quot;event-position&quot;,&quot;operator&quot;:&quot;equals&quot;,&quot;if_value&quot;:&quot;PhD student&quot;}]},{&quot;then_field&quot;:&quot;-1&quot;,&quot;and_rules&quot;:[{&quot;if_field&quot;:&quot;event-position&quot;,&quot;operator&quot;:&quot;equals&quot;,&quot;if_value&quot;:&quot;Other (Bachelor, Licenciatura)&quot;}]}],&quot;settings&quot;:{&quot;animation&quot;:&quot;yes&quot;,&quot;animation_intime&quot;:200,&quot;animation_outtime&quot;:200,&quot;conditions_ui&quot;:&quot;normal&quot;,&quot;notice_dismissed&quot;:false,&quot;repeater_remove_button&quot;:&quot;bottom&quot;}}\" \/>\n<\/fieldset>\n<p><label>Nombre (requerido)<br \/>\n<span class=\"wpcf7-form-control-wrap\" data-name=\"event-name\"><input size=\"40\" maxlength=\"400\" class=\"wpcf7-form-control wpcf7-text wpcf7-validates-as-required\" aria-required=\"true\" aria-invalid=\"false\" value=\"\" type=\"text\" name=\"event-name\" \/><\/span> <\/label><br \/>\n<label>Apellido (requerido)<br \/>\n<span class=\"wpcf7-form-control-wrap\" data-name=\"event-lastname\"><input size=\"40\" maxlength=\"400\" class=\"wpcf7-form-control wpcf7-text wpcf7-validates-as-required\" aria-required=\"true\" aria-invalid=\"false\" value=\"\" type=\"text\" name=\"event-lastname\" \/><\/span> <\/label>\n<\/p>\n<p><label>Instituci\u00f3n (requerido)<br \/>\n<span class=\"wpcf7-form-control-wrap\" data-name=\"event-institution\"><input size=\"40\" maxlength=\"400\" class=\"wpcf7-form-control wpcf7-text wpcf7-validates-as-required\" aria-required=\"true\" aria-invalid=\"false\" value=\"\" type=\"text\" name=\"event-institution\" \/><\/span> <\/label>\n<\/p>\n<p><label>email (requerido)<br \/>\n<span class=\"wpcf7-form-control-wrap\" data-name=\"event-email\"><input size=\"40\" maxlength=\"400\" class=\"wpcf7-form-control wpcf7-email wpcf7-validates-as-required wpcf7-text wpcf7-validates-as-email\" aria-required=\"true\" aria-invalid=\"false\" value=\"\" type=\"email\" name=\"event-email\" \/><\/span> <\/label>\n<\/p>\n<p><label>Cargo (requerido)<br \/>\n<span class=\"wpcf7-form-control-wrap\" data-name=\"event-position\"><input size=\"40\" maxlength=\"400\" class=\"wpcf7-form-control wpcf7-text wpcf7-validates-as-required\" aria-required=\"true\" aria-invalid=\"false\" placeholder=\"Estudiante de pregrado, Docente, etc.\" value=\"\" type=\"text\" name=\"event-position\" \/><\/span><\/label>\n<\/p>\n<p><input class=\"wpcf7-form-control wpcf7-submit has-spinner\" type=\"submit\" value=\"Enviar\" \/>\n<\/p><div class=\"wpcf7-response-output\" aria-hidden=\"true\"><\/div>\n<\/form>\n<\/div>\n\n<div class=\"su-divider su-divider-style-default\" style=\"margin:20px 0;border-width:2px;border-color:#DC2A2A\"><a href=\"#\" style=\"color:#999999\">Volver arriba \u2303<\/a><\/div>\n","protected":false},"excerpt":{"rendered":"<p>Explorando el Universo a trav\u00e9s de Ondas Gravitacionales Martes 19 de noviembre 2024, 16:30 hrs. Auditorio Enrique d&#8217;Etigny Beauchef 851, Santiago El Centro de Modelamiento Matem\u00e1tico (CMM) invita a\u00a0 la charla abierta Explorando el Universo a trav\u00e9s de Ondas Gravitacionales, impartida por Tom\u00e1s Andrade, miembro del Barcelona Supercomputing Center (BSC), exprofesor del Instituto de Ciencias &hellip; <a href=\"https:\/\/eventos.cmm.uchile.cl\/waves2024\/program\/charlas-abiertas\/\" class=\"more-link\">Continue reading <span class=\"screen-reader-text\">Charla Abierta<\/span> <span class=\"meta-nav\">&rarr;<\/span><\/a><\/p>\n","protected":false},"author":2,"featured_media":0,"parent":12,"menu_order":0,"comment_status":"closed","ping_status":"closed","template":"","meta":{"inline_featured_image":false,"footnotes":""},"class_list":["post-73","page","type-page","status-publish","hentry"],"_links":{"self":[{"href":"https:\/\/eventos.cmm.uchile.cl\/waves2024\/wp-json\/wp\/v2\/pages\/73","targetHints":{"allow":["GET"]}}],"collection":[{"href":"https:\/\/eventos.cmm.uchile.cl\/waves2024\/wp-json\/wp\/v2\/pages"}],"about":[{"href":"https:\/\/eventos.cmm.uchile.cl\/waves2024\/wp-json\/wp\/v2\/types\/page"}],"author":[{"embeddable":true,"href":"https:\/\/eventos.cmm.uchile.cl\/waves2024\/wp-json\/wp\/v2\/users\/2"}],"replies":[{"embeddable":true,"href":"https:\/\/eventos.cmm.uchile.cl\/waves2024\/wp-json\/wp\/v2\/comments?post=73"}],"version-history":[{"count":36,"href":"https:\/\/eventos.cmm.uchile.cl\/waves2024\/wp-json\/wp\/v2\/pages\/73\/revisions"}],"predecessor-version":[{"id":272,"href":"https:\/\/eventos.cmm.uchile.cl\/waves2024\/wp-json\/wp\/v2\/pages\/73\/revisions\/272"}],"up":[{"embeddable":true,"href":"https:\/\/eventos.cmm.uchile.cl\/waves2024\/wp-json\/wp\/v2\/pages\/12"}],"wp:attachment":[{"href":"https:\/\/eventos.cmm.uchile.cl\/waves2024\/wp-json\/wp\/v2\/media?parent=73"}],"curies":[{"name":"wp","href":"https:\/\/api.w.org\/{rel}","templated":true}]}}