{"id":682,"date":"2023-03-30T23:07:57","date_gmt":"2023-03-31T02:07:57","guid":{"rendered":"https:\/\/eventos.cmm.uchile.cl\/womaths2023\/?page_id=682"},"modified":"2023-05-08T11:32:18","modified_gmt":"2023-05-08T15:32:18","slug":"cursillos","status":"publish","type":"page","link":"https:\/\/eventos.cmm.uchile.cl\/womaths2023\/invitadas\/cursillos\/","title":{"rendered":"Cursillos"},"content":{"rendered":"<table style=\"height: 387px;\" width=\"603\">\n<tbody>\n<tr>\n<td><img loading=\"lazy\" decoding=\"async\" class=\"alignnone wp-image-1078\" src=\"https:\/\/eventos.cmm.uchile.cl\/womaths2023\/wp-content\/uploads\/sites\/162\/2023\/04\/WEB_PROFES-17-300x300.png\" alt=\"\" width=\"401\" height=\"401\" srcset=\"https:\/\/eventos.cmm.uchile.cl\/womaths2023\/wp-content\/uploads\/sites\/162\/2023\/04\/WEB_PROFES-17-300x300.png 300w, https:\/\/eventos.cmm.uchile.cl\/womaths2023\/wp-content\/uploads\/sites\/162\/2023\/04\/WEB_PROFES-17-1024x1024.png 1024w, https:\/\/eventos.cmm.uchile.cl\/womaths2023\/wp-content\/uploads\/sites\/162\/2023\/04\/WEB_PROFES-17-150x150.png 150w, https:\/\/eventos.cmm.uchile.cl\/womaths2023\/wp-content\/uploads\/sites\/162\/2023\/04\/WEB_PROFES-17-768x768.png 768w, https:\/\/eventos.cmm.uchile.cl\/womaths2023\/wp-content\/uploads\/sites\/162\/2023\/04\/WEB_PROFES-17-1536x1536.png 1536w, https:\/\/eventos.cmm.uchile.cl\/womaths2023\/wp-content\/uploads\/sites\/162\/2023\/04\/WEB_PROFES-17.png 2000w\" sizes=\"auto, (max-width: 401px) 100vw, 401px\" \/><\/td>\n<td>\n<h5 style=\"text-align: center;\"><strong>Yuriko Pitones Amaro<br \/>\n<\/strong><a href=\"http:\/\/mat.izt.uam.mx\/mat\/\"><strong>Universidad Aut\u00f3noma Metropolitana &#8211;<br \/>\nIztapalapa<\/strong><\/a><br \/>\nM\u00e9xico<\/h5>\n<p style=\"text-align: center;\">Su \u00e1rea de investigaci\u00f3n actual se centra en la<br \/>\n<strong>teor\u00eda de c\u00f3digos, \u00e1lgebra conmutativa,<br \/>\n\u00e1lgebra combinatoria y la relaci\u00f3n entre ellos.<br \/>\n<\/strong><span style=\"font-weight: 400;\">Particularmente trabaja en interpretar<br \/>\nalgebraicamente los par\u00e1metros b\u00e1sicos de c\u00f3digos;<br \/>\npara proporcionar m\u00e9todos algebraicos,<br \/>\ncombinatorios y computacionales que permitan calcularlos o bien aproximarlos.<br \/>\n<\/span><br \/>\n<a style=\"font-family: inherit; font-size: inherit;\" href=\"https:\/\/sites.google.com\/math.cinvestav.edu.mx\/yuriko-pitones\/home\">P\u00e1gina Personal<\/a><\/p>\n<h6 style=\"text-align: center;\"><strong>Cursillo<br \/>\n<a href=\"https:\/\/drive.google.com\/file\/d\/1dE2zZBTOnyUsFynHhVmmy8ysiJ0nrQQb\/view?usp=sharing\">\u00c1lgebra Conmutativa: un puente entre C\u00f3digos y Combinatoria.\u00a0\u00a0<\/a><\/strong><\/h6>\n<p>&nbsp;<\/td>\n<\/tr>\n<\/tbody>\n<\/table>\n<table style=\"height: 387px;\" width=\"603\">\n<tbody>\n<tr>\n<td>\n<h5 style=\"text-align: center;\"><strong>Hanne Van Den Bosch<br \/>\n<\/strong><a href=\"https:\/\/www.cmm.uchile.cl\/\"><strong>Centro de Modelamiento Matem\u00e1tico<\/strong><\/a><br \/>\nB\u00e9lgica-Chile<\/h5>\n<p style=\"text-align: center;\"><span style=\"font-weight: 400;\">Sus intereses de investigaci\u00f3n son la <\/span><b>f\u00edsica matem\u00e1tica<\/b><span style=\"font-weight: 400;\"><br \/>\nutilizando herramientas de diferentes \u00e1reas matem\u00e1ticas<br \/>\ntales como la <\/span><b>Teor\u00eda Espectral<\/b><span style=\"font-weight: 400;\">, las <\/span><b>EDPs<\/b><span style=\"font-weight: 400;\">\u00a0 y los <\/span><b>Principios Variacionales.<\/b><\/p>\n<p style=\"text-align: center;\"><a style=\"font-family: inherit; font-size: inherit;\" href=\"https:\/\/www.cmm.uchile.cl\/?cmm_people=hanne-van-den-bosch\">P\u00e1gina Personal<\/a><\/p>\n<h6 style=\"text-align: center;\"><strong>Cursillo<br \/>\n<a href=\"https:\/\/drive.google.com\/file\/d\/1T2qou1hskw9JsJa7P2M4e6UnsKaK6MU_\/view?usp=sharing\">Matem\u00e1ticas para mec\u00e1nica cu\u00e1nticas.\u00a0\u00a0<\/a><\/strong><\/h6>\n<\/td>\n<td><img loading=\"lazy\" decoding=\"async\" class=\"alignnone size-medium wp-image-1079\" src=\"https:\/\/eventos.cmm.uchile.cl\/womaths2023\/wp-content\/uploads\/sites\/162\/2023\/04\/WEB_PROFES-18-300x300.png\" alt=\"\" width=\"300\" height=\"300\" srcset=\"https:\/\/eventos.cmm.uchile.cl\/womaths2023\/wp-content\/uploads\/sites\/162\/2023\/04\/WEB_PROFES-18-300x300.png 300w, https:\/\/eventos.cmm.uchile.cl\/womaths2023\/wp-content\/uploads\/sites\/162\/2023\/04\/WEB_PROFES-18-1024x1024.png 1024w, https:\/\/eventos.cmm.uchile.cl\/womaths2023\/wp-content\/uploads\/sites\/162\/2023\/04\/WEB_PROFES-18-150x150.png 150w, https:\/\/eventos.cmm.uchile.cl\/womaths2023\/wp-content\/uploads\/sites\/162\/2023\/04\/WEB_PROFES-18-768x768.png 768w, https:\/\/eventos.cmm.uchile.cl\/womaths2023\/wp-content\/uploads\/sites\/162\/2023\/04\/WEB_PROFES-18-1536x1536.png 1536w, https:\/\/eventos.cmm.uchile.cl\/womaths2023\/wp-content\/uploads\/sites\/162\/2023\/04\/WEB_PROFES-18.png 2000w\" sizes=\"auto, (max-width: 300px) 100vw, 300px\" \/><\/td>\n<\/tr>\n<\/tbody>\n<\/table>\n<p>&nbsp;<\/p>\n","protected":false},"excerpt":{"rendered":"<p>Yuriko Pitones Amaro Universidad Aut\u00f3noma Metropolitana &#8211; Iztapalapa M\u00e9xico Su \u00e1rea de investigaci\u00f3n actual se centra en la teor\u00eda de c\u00f3digos, \u00e1lgebra conmutativa, \u00e1lgebra combinatoria y la relaci\u00f3n entre ellos. Particularmente trabaja en interpretar algebraicamente los par\u00e1metros b\u00e1sicos de c\u00f3digos; para proporcionar m\u00e9todos algebraicos, combinatorios y computacionales que permitan calcularlos o bien aproximarlos. P\u00e1gina Personal &hellip; <a href=\"https:\/\/eventos.cmm.uchile.cl\/womaths2023\/invitadas\/cursillos\/\" class=\"more-link\">Seguir leyendo <span class=\"screen-reader-text\">Cursillos<\/span> <span class=\"meta-nav\">&rarr;<\/span><\/a><\/p>\n","protected":false},"author":2,"featured_media":0,"parent":661,"menu_order":3,"comment_status":"closed","ping_status":"closed","template":"","meta":{"inline_featured_image":false,"footnotes":""},"class_list":["post-682","page","type-page","status-publish","hentry"],"_links":{"self":[{"href":"https:\/\/eventos.cmm.uchile.cl\/womaths2023\/wp-json\/wp\/v2\/pages\/682","targetHints":{"allow":["GET"]}}],"collection":[{"href":"https:\/\/eventos.cmm.uchile.cl\/womaths2023\/wp-json\/wp\/v2\/pages"}],"about":[{"href":"https:\/\/eventos.cmm.uchile.cl\/womaths2023\/wp-json\/wp\/v2\/types\/page"}],"author":[{"embeddable":true,"href":"https:\/\/eventos.cmm.uchile.cl\/womaths2023\/wp-json\/wp\/v2\/users\/2"}],"replies":[{"embeddable":true,"href":"https:\/\/eventos.cmm.uchile.cl\/womaths2023\/wp-json\/wp\/v2\/comments?post=682"}],"version-history":[{"count":15,"href":"https:\/\/eventos.cmm.uchile.cl\/womaths2023\/wp-json\/wp\/v2\/pages\/682\/revisions"}],"predecessor-version":[{"id":1254,"href":"https:\/\/eventos.cmm.uchile.cl\/womaths2023\/wp-json\/wp\/v2\/pages\/682\/revisions\/1254"}],"up":[{"embeddable":true,"href":"https:\/\/eventos.cmm.uchile.cl\/womaths2023\/wp-json\/wp\/v2\/pages\/661"}],"wp:attachment":[{"href":"https:\/\/eventos.cmm.uchile.cl\/womaths2023\/wp-json\/wp\/v2\/media?parent=682"}],"curies":[{"name":"wp","href":"https:\/\/api.w.org\/{rel}","templated":true}]}}