{"id":9,"date":"2021-07-07T19:38:47","date_gmt":"2021-07-07T23:38:47","guid":{"rendered":"http:\/\/eventos.cmm.uchile.cl\/womaths2023\/?page_id=9"},"modified":"2023-05-03T18:22:18","modified_gmt":"2023-05-03T22:22:18","slug":"womaths","status":"publish","type":"page","link":"https:\/\/eventos.cmm.uchile.cl\/womaths2023\/","title":{"rendered":"WoMaths"},"content":{"rendered":"<h2><b>Congreso Mujeres Matem\u00e1ticas<\/b><\/h2>\n<p class=\"text-justify\"><img loading=\"lazy\" decoding=\"async\" class=\"wp-image-715 alignright\" src=\"https:\/\/eventos.cmm.uchile.cl\/womaths2023\/wp-content\/uploads\/sites\/162\/2023\/03\/cropped-LOGO-WOMATHS-300x300.png\" alt=\"\" width=\"150\" height=\"150\" srcset=\"https:\/\/eventos.cmm.uchile.cl\/womaths2023\/wp-content\/uploads\/sites\/162\/2023\/03\/cropped-LOGO-WOMATHS-300x300.png 300w, https:\/\/eventos.cmm.uchile.cl\/womaths2023\/wp-content\/uploads\/sites\/162\/2023\/03\/cropped-LOGO-WOMATHS-150x150.png 150w, https:\/\/eventos.cmm.uchile.cl\/womaths2023\/wp-content\/uploads\/sites\/162\/2023\/03\/cropped-LOGO-WOMATHS-270x270.png 270w, https:\/\/eventos.cmm.uchile.cl\/womaths2023\/wp-content\/uploads\/sites\/162\/2023\/03\/cropped-LOGO-WOMATHS-192x192.png 192w, https:\/\/eventos.cmm.uchile.cl\/womaths2023\/wp-content\/uploads\/sites\/162\/2023\/03\/cropped-LOGO-WOMATHS-180x180.png 180w, https:\/\/eventos.cmm.uchile.cl\/womaths2023\/wp-content\/uploads\/sites\/162\/2023\/03\/cropped-LOGO-WOMATHS-32x32.png 32w, https:\/\/eventos.cmm.uchile.cl\/womaths2023\/wp-content\/uploads\/sites\/162\/2023\/03\/cropped-LOGO-WOMATHS.png 512w\" sizes=\"auto, (max-width: 150px) 100vw, 150px\" \/><br \/>\n<strong>La iniciativa de organizar el Congreso Mujeres Matem\u00e1ticas WoMaths surge de un fuerte deseo de contribuir a visibilizar la labor de las mujeres en el campo de las matem\u00e1ticas. El objetivo principal es destacar los logros y la experiencia de las mujeres que se desempe\u00f1an en este campo, de manera que su trabajo sirva como motivaci\u00f3n e inspiraci\u00f3n para estudiantes de pregrado y postgrado que est\u00e9n interesados en seguir una carrera de investigaci\u00f3n en esta \u00e1rea.<br \/>\nEl evento contar\u00e1 con la participaci\u00f3n de investigadoras reconocidas en Latinoam\u00e9rica, quienes ofrecer\u00e1n charlas, plenarias o cursillos. Los contenidos de<br \/>\nestas actividades est\u00e1n relacionados con diversas \u00e1reas afines a las matem\u00e1ticas,<br \/>\nincluyendo \u00e1lgebra, f\u00edsica matem\u00e1tica, geometr\u00eda, sistemas din\u00e1micos, matem\u00e1ticas aplicadas y educaci\u00f3n matem\u00e1tica.<\/strong><\/p>\n<p>Los objetivos de esta primera versi\u00f3n son los siguientes:<\/p>\n<ol>\n<li>Visibilizar el trabajo en matem\u00e1ticas y \u00e1reas afines realizado por mujeres en Latinoam\u00e9rica.<\/li>\n<li>Motivar a las\/los estudiantes a realizar estudios de postgrado en \u00e1reas afines a las matem\u00e1ticas.<\/li>\n<li>Fomentar la creaci\u00f3n de redes de trabajo colaborativo entre investigadoras,\u00a0 estudiantes e instituciones asociadas a las matem\u00e1ticas.<\/li>\n<\/ol>\n<p>&nbsp;<\/p>\n<h3><strong>Fechas importantes<\/strong><\/h3>\n<ul>\n<li style=\"list-style-type: none;\">\n<ul>\n<li><strong> WoMaths 2023:<\/strong> 10, 11 y 12 de mayo de 2023.<\/li>\n<li><strong>Cierre registro en l\u00ednea para participar del evento:<\/strong> <del>Lunes 24 de abril 2023.<\/del><\/li>\n<\/ul>\n<\/li>\n<\/ul>\n<h4><strong>Se extiende la fecha de inscripci\u00f3n hasta el viernes 28 de abril<\/strong>.<\/h4>\n<ul>\n<li><b>Cierre de postulaciones para recepci\u00f3n de resumen p\u00f3ster:<\/b> Mi\u00e9rcoles 26 de abril de 2023.<\/li>\n<\/ul>\n<p>Consultas a: <a href=\"mailto:congreso.womaths@cmm.uchile.cl\">congreso.womaths@cmm.uchile.cl<\/a><\/p>\n<p><b>Comit\u00e9 Organizador:<\/b><\/p>\n<ul>\n<li>Angela Vargas \u2013 Fac. Matem\u00e1ticas UC.<\/li>\n<li>Catherine Lemun \u2013 FCFM UChile.<\/li>\n<li>Francisca Mu\u00f1oz &#8211; IMC UC.<\/li>\n<li>Haliaphne Acosta \u2013 DMCC USACH.<\/li>\n<li>Igsyl Dom\u00ednguez &#8211; Fac. Matem\u00e1ticas UC.<\/li>\n<li>Mar\u00eda Fernanda Espinal &#8211; Fac. Matem\u00e1ticas UC.<\/li>\n<li>Paola Rivera &#8211; DMCC USACH.<\/li>\n<li>Roc\u00edo Ladr\u00f3n de Guevara &#8211; IMC UC.<\/li>\n<li>Valentina G\u00f3mez &#8211; FCFM UChile.<\/li>\n<li>Yazm\u00edn Rivera &#8211; Fac. Matem\u00e1ticas UC.<\/li>\n<\/ul>\n<p><b>Comit\u00e9 Cient\u00edfico:<\/b><\/p>\n<ul>\n<li>Alma Armijo Averill &#8211;\u00a0 DMCC USACH.<\/li>\n<li>Amal Taarabt &#8211; Fac. Matem\u00e1ticas PUC.<\/li>\n<li>Gabrielle Saller Nornberg &#8211; FCFM UChile.<\/li>\n<li>Galina Garc\u00eda Mokina &#8211;\u00a0 DMCC USACH.<\/li>\n<li>Leslie Jim\u00e9nez Palma &#8211; Depto. Matem\u00e1ticas UChile.<\/li>\n<li>Paula Aguirre Aparicio &#8211; IMC PUC.<\/li>\n<\/ul>\n<p><strong>Instituciones Organizadoras:<\/strong><\/p>\n<p><img loading=\"lazy\" decoding=\"async\" class=\"alignnone wp-image-873\" src=\"https:\/\/eventos.cmm.uchile.cl\/womaths2023\/wp-content\/uploads\/sites\/162\/2023\/04\/logo_cmm_esp_cmyk01_vectorial-1-300x220.png\" alt=\"\" width=\"81\" height=\"60\" srcset=\"https:\/\/eventos.cmm.uchile.cl\/womaths2023\/wp-content\/uploads\/sites\/162\/2023\/04\/logo_cmm_esp_cmyk01_vectorial-1-300x220.png 300w, https:\/\/eventos.cmm.uchile.cl\/womaths2023\/wp-content\/uploads\/sites\/162\/2023\/04\/logo_cmm_esp_cmyk01_vectorial-1-1024x752.png 1024w, https:\/\/eventos.cmm.uchile.cl\/womaths2023\/wp-content\/uploads\/sites\/162\/2023\/04\/logo_cmm_esp_cmyk01_vectorial-1-768x564.png 768w, https:\/\/eventos.cmm.uchile.cl\/womaths2023\/wp-content\/uploads\/sites\/162\/2023\/04\/logo_cmm_esp_cmyk01_vectorial-1-1536x1128.png 1536w, https:\/\/eventos.cmm.uchile.cl\/womaths2023\/wp-content\/uploads\/sites\/162\/2023\/04\/logo_cmm_esp_cmyk01_vectorial-1.png 1817w\" sizes=\"auto, (max-width: 81px) 100vw, 81px\" \/> <img loading=\"lazy\" decoding=\"async\" class=\"alignnone wp-image-864\" src=\"https:\/\/eventos.cmm.uchile.cl\/womaths2023\/wp-content\/uploads\/sites\/162\/2023\/04\/Fac.-Matematicas-01-300x140.png\" alt=\"\" width=\"141\" height=\"66\" srcset=\"https:\/\/eventos.cmm.uchile.cl\/womaths2023\/wp-content\/uploads\/sites\/162\/2023\/04\/Fac.-Matematicas-01-300x140.png 300w, https:\/\/eventos.cmm.uchile.cl\/womaths2023\/wp-content\/uploads\/sites\/162\/2023\/04\/Fac.-Matematicas-01-1024x478.png 1024w, https:\/\/eventos.cmm.uchile.cl\/womaths2023\/wp-content\/uploads\/sites\/162\/2023\/04\/Fac.-Matematicas-01-768x359.png 768w, https:\/\/eventos.cmm.uchile.cl\/womaths2023\/wp-content\/uploads\/sites\/162\/2023\/04\/Fac.-Matematicas-01-1536x717.png 1536w, https:\/\/eventos.cmm.uchile.cl\/womaths2023\/wp-content\/uploads\/sites\/162\/2023\/04\/Fac.-Matematicas-01-2048x957.png 2048w\" sizes=\"auto, (max-width: 141px) 100vw, 141px\" \/><img loading=\"lazy\" decoding=\"async\" class=\"alignnone wp-image-879\" src=\"https:\/\/eventos.cmm.uchile.cl\/womaths2023\/wp-content\/uploads\/sites\/162\/2023\/04\/LOGO-IMC-Letra-gris-300x225.png\" alt=\"\" width=\"128\" height=\"96\" srcset=\"https:\/\/eventos.cmm.uchile.cl\/womaths2023\/wp-content\/uploads\/sites\/162\/2023\/04\/LOGO-IMC-Letra-gris-300x225.png 300w, https:\/\/eventos.cmm.uchile.cl\/womaths2023\/wp-content\/uploads\/sites\/162\/2023\/04\/LOGO-IMC-Letra-gris-1024x768.png 1024w, https:\/\/eventos.cmm.uchile.cl\/womaths2023\/wp-content\/uploads\/sites\/162\/2023\/04\/LOGO-IMC-Letra-gris-768x576.png 768w, https:\/\/eventos.cmm.uchile.cl\/womaths2023\/wp-content\/uploads\/sites\/162\/2023\/04\/LOGO-IMC-Letra-gris-1536x1152.png 1536w, https:\/\/eventos.cmm.uchile.cl\/womaths2023\/wp-content\/uploads\/sites\/162\/2023\/04\/LOGO-IMC-Letra-gris.png 2000w\" sizes=\"auto, (max-width: 128px) 100vw, 128px\" \/><img loading=\"lazy\" decoding=\"async\" class=\"alignnone wp-image-888\" src=\"https:\/\/eventos.cmm.uchile.cl\/womaths2023\/wp-content\/uploads\/sites\/162\/2023\/04\/uchile_color_h_rgb_01-300x139.png\" alt=\"\" width=\"138\" height=\"64\" srcset=\"https:\/\/eventos.cmm.uchile.cl\/womaths2023\/wp-content\/uploads\/sites\/162\/2023\/04\/uchile_color_h_rgb_01-300x139.png 300w, https:\/\/eventos.cmm.uchile.cl\/womaths2023\/wp-content\/uploads\/sites\/162\/2023\/04\/uchile_color_h_rgb_01-1024x476.png 1024w, https:\/\/eventos.cmm.uchile.cl\/womaths2023\/wp-content\/uploads\/sites\/162\/2023\/04\/uchile_color_h_rgb_01-768x357.png 768w, https:\/\/eventos.cmm.uchile.cl\/womaths2023\/wp-content\/uploads\/sites\/162\/2023\/04\/uchile_color_h_rgb_01.png 1167w\" sizes=\"auto, (max-width: 138px) 100vw, 138px\" \/> <img loading=\"lazy\" decoding=\"async\" class=\"alignnone wp-image-892\" src=\"https:\/\/eventos.cmm.uchile.cl\/womaths2023\/wp-content\/uploads\/sites\/162\/2023\/04\/Usach-P2-300x300.png\" alt=\"\" width=\"79\" height=\"79\" srcset=\"https:\/\/eventos.cmm.uchile.cl\/womaths2023\/wp-content\/uploads\/sites\/162\/2023\/04\/Usach-P2-300x300.png 300w, https:\/\/eventos.cmm.uchile.cl\/womaths2023\/wp-content\/uploads\/sites\/162\/2023\/04\/Usach-P2-1024x1024.png 1024w, https:\/\/eventos.cmm.uchile.cl\/womaths2023\/wp-content\/uploads\/sites\/162\/2023\/04\/Usach-P2-150x150.png 150w, https:\/\/eventos.cmm.uchile.cl\/womaths2023\/wp-content\/uploads\/sites\/162\/2023\/04\/Usach-P2-768x768.png 768w, https:\/\/eventos.cmm.uchile.cl\/womaths2023\/wp-content\/uploads\/sites\/162\/2023\/04\/Usach-P2.png 1081w\" sizes=\"auto, (max-width: 79px) 100vw, 79px\" \/><\/p>\n","protected":false},"excerpt":{"rendered":"<p>Congreso Mujeres Matem\u00e1ticas La iniciativa de organizar el Congreso Mujeres Matem\u00e1ticas WoMaths surge de un fuerte deseo de contribuir a visibilizar la labor de las mujeres en el campo de las matem\u00e1ticas. El objetivo principal es destacar los logros y la experiencia de las mujeres que se desempe\u00f1an en este campo, de manera que su &hellip; <a href=\"https:\/\/eventos.cmm.uchile.cl\/womaths2023\/\" class=\"more-link\">Seguir leyendo <span class=\"screen-reader-text\">WoMaths<\/span> <span class=\"meta-nav\">&rarr;<\/span><\/a><\/p>\n","protected":false},"author":2,"featured_media":0,"parent":0,"menu_order":0,"comment_status":"closed","ping_status":"closed","template":"","meta":{"inline_featured_image":false,"footnotes":""},"class_list":["post-9","page","type-page","status-publish","hentry"],"_links":{"self":[{"href":"https:\/\/eventos.cmm.uchile.cl\/womaths2023\/wp-json\/wp\/v2\/pages\/9","targetHints":{"allow":["GET"]}}],"collection":[{"href":"https:\/\/eventos.cmm.uchile.cl\/womaths2023\/wp-json\/wp\/v2\/pages"}],"about":[{"href":"https:\/\/eventos.cmm.uchile.cl\/womaths2023\/wp-json\/wp\/v2\/types\/page"}],"author":[{"embeddable":true,"href":"https:\/\/eventos.cmm.uchile.cl\/womaths2023\/wp-json\/wp\/v2\/users\/2"}],"replies":[{"embeddable":true,"href":"https:\/\/eventos.cmm.uchile.cl\/womaths2023\/wp-json\/wp\/v2\/comments?post=9"}],"version-history":[{"count":110,"href":"https:\/\/eventos.cmm.uchile.cl\/womaths2023\/wp-json\/wp\/v2\/pages\/9\/revisions"}],"predecessor-version":[{"id":1191,"href":"https:\/\/eventos.cmm.uchile.cl\/womaths2023\/wp-json\/wp\/v2\/pages\/9\/revisions\/1191"}],"wp:attachment":[{"href":"https:\/\/eventos.cmm.uchile.cl\/womaths2023\/wp-json\/wp\/v2\/media?parent=9"}],"curies":[{"name":"wp","href":"https:\/\/api.w.org\/{rel}","templated":true}]}}