{"id":12,"date":"2021-07-07T19:47:57","date_gmt":"2021-07-07T23:47:57","guid":{"rendered":"http:\/\/eventos.cmm.uchile.cl\/workshopcup01\/?page_id=12"},"modified":"2021-10-07T08:47:03","modified_gmt":"2021-10-07T11:47:03","slug":"registro","status":"publish","type":"page","link":"https:\/\/eventos.cmm.uchile.cl\/workshopcup01\/registro\/","title":{"rendered":"Registro"},"content":{"rendered":"<div class=\"su-box su-box-style-default\" id=\"\" style=\"border-color:#002065;border-radius:3px;max-width:none\"><div class=\"su-box-title\" style=\"background-color:#265398;color:#FFFFFF;border-top-left-radius:1px;border-top-right-radius:1px\">Inscripci\u00f3n cerrada<\/div><div class=\"su-box-content su-u-clearfix su-u-trim\" style=\"border-bottom-left-radius:1px;border-bottom-right-radius:1px\">Gracias por su inter\u00e9s. Hemos recibido un tremendo inter\u00e9s por participar en el taller, por lo que se ha cerrado el registro para participar a trav\u00e9s de Zoom.<\/div><\/div>\n<div class=\"su-box su-box-style-default\" id=\"\" style=\"border-color:#002065;border-radius:3px;max-width:none\"><div class=\"su-box-title\" style=\"background-color:#265398;color:#FFFFFF;border-top-left-radius:1px;border-top-right-radius:1px\">Participe v\u00eda YouTube<\/div><div class=\"su-box-content su-u-clearfix su-u-trim\" style=\"border-bottom-left-radius:1px;border-bottom-right-radius:1px\">Para quienes no alcanzaron a registrarse, transmitiremos simult\u00e1neamente todas las sesiones por <a href=\"https:\/\/www.youtube.com\/watch?v=409YaT8L6lU\" target=\"_blank\" rel=\"noopener\">YouTube<\/a>.<\/p>\n<div class=\"su-button-center\"><a href=\"https:\/\/youtu.be\/DIFkKKjYW_M\" class=\"su-button su-button-style-default\" style=\"color:#FFFFFF;background-color:#23519A;border-color:#1c417c;border-radius:7px\" target=\"_blank\" rel=\"noopener noreferrer\"><span style=\"color:#FFFFFF;padding:7px 20px;font-size:16px;line-height:24px;border-color:#6586b9;border-radius:7px;text-shadow:none\"><i class=\"sui sui-youtube-play\" style=\"font-size:16px;color:#FFFFFF\"><\/i> Transmisi\u00f3n en YouTube &#8211; D\u00eda 4<\/span><\/a><\/div>\n<p>&nbsp;<\/p>\n<\/div><\/div>\n","protected":false},"excerpt":{"rendered":"","protected":false},"author":2,"featured_media":0,"parent":0,"menu_order":3,"comment_status":"closed","ping_status":"closed","template":"","meta":{"inline_featured_image":false,"footnotes":""},"class_list":["post-12","page","type-page","status-publish","hentry"],"_links":{"self":[{"href":"https:\/\/eventos.cmm.uchile.cl\/workshopcup01\/wp-json\/wp\/v2\/pages\/12","targetHints":{"allow":["GET"]}}],"collection":[{"href":"https:\/\/eventos.cmm.uchile.cl\/workshopcup01\/wp-json\/wp\/v2\/pages"}],"about":[{"href":"https:\/\/eventos.cmm.uchile.cl\/workshopcup01\/wp-json\/wp\/v2\/types\/page"}],"author":[{"embeddable":true,"href":"https:\/\/eventos.cmm.uchile.cl\/workshopcup01\/wp-json\/wp\/v2\/users\/2"}],"replies":[{"embeddable":true,"href":"https:\/\/eventos.cmm.uchile.cl\/workshopcup01\/wp-json\/wp\/v2\/comments?post=12"}],"version-history":[{"count":10,"href":"https:\/\/eventos.cmm.uchile.cl\/workshopcup01\/wp-json\/wp\/v2\/pages\/12\/revisions"}],"predecessor-version":[{"id":141,"href":"https:\/\/eventos.cmm.uchile.cl\/workshopcup01\/wp-json\/wp\/v2\/pages\/12\/revisions\/141"}],"wp:attachment":[{"href":"https:\/\/eventos.cmm.uchile.cl\/workshopcup01\/wp-json\/wp\/v2\/media?parent=12"}],"curies":[{"name":"wp","href":"https:\/\/api.w.org\/{rel}","templated":true}]}}