{"id":182,"date":"2021-11-22T13:47:10","date_gmt":"2021-11-22T16:47:10","guid":{"rendered":"https:\/\/eventos.cmm.uchile.cl\/workshopcup01\/?page_id=182"},"modified":"2021-11-22T13:53:32","modified_gmt":"2021-11-22T16:53:32","slug":"resources","status":"publish","type":"page","link":"https:\/\/eventos.cmm.uchile.cl\/workshopcup01\/en\/resources\/","title":{"rendered":"Resources"},"content":{"rendered":"<h2>Presentations<\/h2>\n<ul>\n<li><a href=\"https:\/\/static.cmm.uchile.cl\/descargas\/2021\/copernicus_cup01\/Analisis_de_la_Declinacion_de_la_Laguna_de_Aculeo_Diego_Alarcon.pdf\">Diego Alarc\u00f3n &#8211; Analysis of the decline of the Aculeo Lagoon&#8217;s water body<\/a><\/li>\n<li><a href=\"https:\/\/static.cmm.uchile.cl\/descargas\/2021\/copernicus_cup01\/Analysis_of_the_decline_of_the_Aculeo_Lagoon.pptx\">Diego Alarc\u00f3n &#8211; Analysis of the decline of the Aculeo Lagoon&#8217;s water body (PPT)<\/a><\/li>\n<li><a href=\"https:\/\/static.cmm.uchile.cl\/descargas\/2021\/copernicus_cup01\/Duncan_Blake_Latin_America_Copernicus_User_Uptake_workshop_5_October_2021_Wildfire_and_muirburn_monitoring_in_Scotland_compressed.pdf\">Duncan Blake &#8211; Wildfire and muirburn monitoring in Scotland<\/a><\/li>\n<li><a href=\"https:\/\/static.cmm.uchile.cl\/descargas\/2021\/copernicus_cup01\/Copernicus_Casassa_07Oct2021_compressed.pdf\">Gino Casassa &#8211; Inventory of Glaciers and Early Warning System of Floods<\/a><\/li>\n<li><a href=\"https:\/\/static.cmm.uchile.cl\/descargas\/2021\/copernicus_cup01\/Prof_David_J_Large_University_of_Nottingham_Use_of_InSAR_to_monitor_peatland.pdf\">David J. Large &#8211; Use of InSAR to monitor peatland condition, carbon accounting and basin hydrology<\/a><\/li>\n<li><a href=\"https:\/\/static.cmm.uchile.cl\/descargas\/2021\/copernicus_cup01\/Alejandra_Mora_Kelp_Copernicus.pdf\">Alejandra Mora &#8211; Mapping giant kelp forests with Sentinel-2 imagery<\/a><\/li>\n<li><a href=\"https:\/\/static.cmm.uchile.cl\/descargas\/2021\/copernicus_cup01\/Presentacion_Ailin_Sol.pdf\">Ailin Ortone &#8211; Integraci\u00f3n de Sentinel-1 y Sentinel-2 para clasificaci\u00f3n de hielo glaciar<\/a><\/li>\n<li><a href=\"https:\/\/static.cmm.uchile.cl\/descargas\/2021\/copernicus_cup01\/Monitoreo_de_manglar_Mauricio_Perea.pdf\">Mauricio Perea &#8211; Monitoreo de bosques de manglar mediante im\u00e1genes de sensores remotos: oportunidades para la gesti\u00f3n de ecosistemas marino-costeros en Colombia.<\/a><\/li>\n<li><a href=\"https:\/\/static.cmm.uchile.cl\/descargas\/2021\/copernicus_cup01\/Jose_Sobrino_Temperatura_5_10_21.pdf\">Jos\u00e9 Antonio Sobrino &#8211; Temperatura de la Superficie Terrestre desde sat\u00e9lite: Estimaci\u00f3n y Aplicaciones<\/a><\/li>\n<li><a href=\"https:\/\/static.cmm.uchile.cl\/descargas\/2021\/copernicus_cup01\/Dr_Evangelos_Spyrakos_Earth_Observation_of_Coastal_Oceans_University_of_Stirling.pdf\">Evangelos Spyrakos &#8211; Earth Observation of Coastal Oceans<\/a><\/li>\n<li><a href=\"https:\/\/static.cmm.uchile.cl\/descargas\/2021\/copernicus_cup01\/Sistema_CEPAL_GEI_F_Utreras.pdf\">Florencio Utreras &#8211; Sistema de Visualizaci\u00f3n CEPAL para el Monitoreo de Gases de Efecto Invernadero<\/a><\/li>\n<li><a href=\"https:\/\/static.cmm.uchile.cl\/descargas\/2021\/copernicus_cup01\/Sistema_de_Visualizacion_CEPAL_para_el_Monitoreo_de_Gases_de_Efecto_Invernadero.pptx\">Florencio Utreras &#8211; Sistema de Visualizaci\u00f3n CEPAL para el Monitoreo de Gases de Efecto Invernadero (PPT)<\/a><\/li>\n<li><a href=\"https:\/\/static.cmm.uchile.cl\/descargas\/2021\/copernicus_cup01\/FPCUPCHL_Climate_Change_Resources_Final_English_Version.pdf\">Using Earth Observation for Climate Change Monitoring: Resources and Information<\/a><\/li>\n<li><a href=\"https:\/\/static.cmm.uchile.cl\/descargas\/2021\/copernicus_cup01\/FPCUPCHL_Climate_Change_Resources_Final_Portuguese_Version_24.09.21.pdf\">Usando a Observa\u00e7\u00e3o da Terra para Monitoramento da Mudan\u00e7a Clim\u00e1tica: Recursos e informa\u00e7\u00f5es<\/a><\/li>\n<li><a href=\"https:\/\/static.cmm.uchile.cl\/descargas\/2021\/copernicus_cup01\/Mercator_Ocean_international_CMEMSKeynote_speech_Timeline.pdf\">Program Copernicus Marine Service Keynote speech<\/a><\/li>\n<li><a href=\"https:\/\/static.cmm.uchile.cl\/descargas\/2021\/copernicus_cup01\/Mercator_Ocean_international_Post_event_pack_Copernicus_Marine_material.pdf\">Day 3. Wednesday, October 6, 2021 &#8211; Session topic: The Oceans Copernicus Marine Service- Post Event Participant Package<\/a><\/li>\n<\/ul>\n<h2>Video<\/h2>\n<h4>Day 1: Climate and Atmosphere<\/h4>\n<div class=\"su-youtube su-u-responsive-media-yes\"><iframe loading=\"lazy\" width=\"600\" height=\"400\" src=\"https:\/\/www.youtube.com\/embed\/409YaT8L6lU?\" frameborder=\"0\" allowfullscreen allow=\"autoplay; encrypted-media; picture-in-picture\" title=\"\"><\/iframe><\/div>\n<h4>Day 2: Land<\/h4>\n<div class=\"su-youtube su-u-responsive-media-yes\"><iframe loading=\"lazy\" width=\"600\" height=\"400\" src=\"https:\/\/www.youtube.com\/embed\/7r2ELFA9OxU?\" frameborder=\"0\" allowfullscreen allow=\"autoplay; encrypted-media; picture-in-picture\" title=\"\"><\/iframe><\/div>\n<h4>Day 3: The Oceans<\/h4>\n<div class=\"su-youtube su-u-responsive-media-yes\"><iframe loading=\"lazy\" width=\"600\" height=\"400\" src=\"https:\/\/www.youtube.com\/embed\/v-1TTM6sI-k?\" frameborder=\"0\" allowfullscreen allow=\"autoplay; encrypted-media; picture-in-picture\" title=\"\"><\/iframe><\/div>\n<h4>Day 4: Cryosphere and Water<\/h4>\n<div class=\"su-youtube su-u-responsive-media-yes\"><iframe loading=\"lazy\" width=\"600\" height=\"400\" src=\"https:\/\/www.youtube.com\/embed\/DIFkKKjYW_M?\" frameborder=\"0\" allowfullscreen allow=\"autoplay; encrypted-media; picture-in-picture\" title=\"\"><\/iframe><\/div>\n","protected":false},"excerpt":{"rendered":"<p>Presentations Diego Alarc\u00f3n &#8211; Analysis of the decline of the Aculeo Lagoon&#8217;s water body Diego Alarc\u00f3n &#8211; Analysis of the decline of the Aculeo Lagoon&#8217;s water body (PPT) Duncan Blake &#8211; Wildfire and muirburn monitoring in Scotland Gino Casassa &#8211; Inventory of Glaciers and Early Warning System of Floods David J. Large &#8211; Use of &hellip; <a href=\"https:\/\/eventos.cmm.uchile.cl\/workshopcup01\/en\/resources\/\" class=\"more-link\">Seguir leyendo <span class=\"screen-reader-text\">Resources<\/span> <span class=\"meta-nav\">&rarr;<\/span><\/a><\/p>\n","protected":false},"author":2,"featured_media":0,"parent":0,"menu_order":3,"comment_status":"closed","ping_status":"closed","template":"","meta":{"inline_featured_image":false,"footnotes":""},"class_list":["post-182","page","type-page","status-publish","hentry"],"_links":{"self":[{"href":"https:\/\/eventos.cmm.uchile.cl\/workshopcup01\/wp-json\/wp\/v2\/pages\/182","targetHints":{"allow":["GET"]}}],"collection":[{"href":"https:\/\/eventos.cmm.uchile.cl\/workshopcup01\/wp-json\/wp\/v2\/pages"}],"about":[{"href":"https:\/\/eventos.cmm.uchile.cl\/workshopcup01\/wp-json\/wp\/v2\/types\/page"}],"author":[{"embeddable":true,"href":"https:\/\/eventos.cmm.uchile.cl\/workshopcup01\/wp-json\/wp\/v2\/users\/2"}],"replies":[{"embeddable":true,"href":"https:\/\/eventos.cmm.uchile.cl\/workshopcup01\/wp-json\/wp\/v2\/comments?post=182"}],"version-history":[{"count":3,"href":"https:\/\/eventos.cmm.uchile.cl\/workshopcup01\/wp-json\/wp\/v2\/pages\/182\/revisions"}],"predecessor-version":[{"id":188,"href":"https:\/\/eventos.cmm.uchile.cl\/workshopcup01\/wp-json\/wp\/v2\/pages\/182\/revisions\/188"}],"wp:attachment":[{"href":"https:\/\/eventos.cmm.uchile.cl\/workshopcup01\/wp-json\/wp\/v2\/media?parent=182"}],"curies":[{"name":"wp","href":"https:\/\/api.w.org\/{rel}","templated":true}]}}