{"id":64,"date":"2021-09-20T18:18:23","date_gmt":"2021-09-20T21:18:23","guid":{"rendered":"http:\/\/eventos.cmm.uchile.cl\/workshopcup01\/?page_id=64"},"modified":"2021-09-30T19:41:19","modified_gmt":"2021-09-30T22:41:19","slug":"conferencistas","status":"publish","type":"page","link":"https:\/\/eventos.cmm.uchile.cl\/workshopcup01\/conferencistas\/","title":{"rendered":"Conferencistas"},"content":{"rendered":"<h3 id=\"almond\"><img loading=\"lazy\" decoding=\"async\" class=\"alignleft size-full speaker_pic wp-image-89\" src=\"https:\/\/eventos.cmm.uchile.cl\/workshopcup01\/wp-content\/uploads\/sites\/118\/2021\/09\/almond_samuel_01.jpg\" alt=\"Samuel Almond\" width=\"200\" height=\"200\" srcset=\"https:\/\/eventos.cmm.uchile.cl\/workshopcup01\/wp-content\/uploads\/sites\/118\/2021\/09\/almond_samuel_01.jpg 200w, https:\/\/eventos.cmm.uchile.cl\/workshopcup01\/wp-content\/uploads\/sites\/118\/2021\/09\/almond_samuel_01-150x150.jpg 150w\" sizes=\"auto, (max-width: 200px) 100vw, 200px\" \/>Samuel Almond<\/h3>\n<p>Responsable del Sistema de Informaci\u00f3n Sectorial del Servicio de Monitoreo de Cambio Clim\u00e1tico de Copernicus. Samuel trabaja en ECMWF, la entidad encargada de implementar el Servicio de Cambio Clim\u00e1tico de Copernicus (C3S) en nombre de la CE. En la funci\u00f3n de &#8216;Responsable de Sistemas de Informaci\u00f3n Sectoriales&#8217; gestiona un conjunto diverso de contratos que tienen como objetivo mostrar c\u00f3mo el Almac\u00e9n de Datos Clim\u00e1ticos (CDS) de la C3S y la infraestructura asociada se pueden utilizar para proporcionar informaci\u00f3n clim\u00e1tica dirigida por los usuarios para sectores espec\u00edficos.<\/p>\n<div class=\"su-divider su-divider-style-default\" style=\"margin:20px 0;border-width:3px;border-color:#23519A\"><\/div>\n<h3 id=\"casassa\"><img loading=\"lazy\" decoding=\"async\" class=\"alignleft size-full speaker_pic wp-image-90\" src=\"https:\/\/eventos.cmm.uchile.cl\/workshopcup01\/wp-content\/uploads\/sites\/118\/2021\/09\/casassa_gino_01.jpg\" alt=\"Gino Casassa\" width=\"200\" height=\"200\" srcset=\"https:\/\/eventos.cmm.uchile.cl\/workshopcup01\/wp-content\/uploads\/sites\/118\/2021\/09\/casassa_gino_01.jpg 200w, https:\/\/eventos.cmm.uchile.cl\/workshopcup01\/wp-content\/uploads\/sites\/118\/2021\/09\/casassa_gino_01-150x150.jpg 150w\" sizes=\"auto, (max-width: 200px) 100vw, 200px\" \/>Gino Casassa<\/h3>\n<p>Gino Casassa, Direcci\u00f3n General de Aguas, Ministerio de Obras P\u00fablicas, Chile. Claci\u00f3logo, es uno de los cient\u00edficos chilenos m\u00e1s destacados y pionero al plantear que los glaciares estaban en peligro, ya que su retroceso era inminente por efecto del calentamiento global.<\/p>\n<p>Gino Cassasa es Vicedirector del Comit\u00e9 Cient\u00edfico del Proyecto Climate and Cryosphere del Programa Mundial de Investigaciones del Clima en conjunto con el Comit\u00e9 Cient\u00edfico de Investigaciones Ant\u00e1rticas, y es Vicepresidente de la Asociaci\u00f3n Internacional de Ciencias Criosf\u00e9ricas.<\/p>\n<div class=\"su-divider su-divider-style-default\" style=\"margin:20px 0;border-width:3px;border-color:#23519A\"><a href=\"#\" style=\"color:#999999\">Volver arriba<\/a><\/div>\n<h3 id=\"derval\"><img loading=\"lazy\" decoding=\"async\" class=\"size-full wp-image-125 alignleft speaker_pic\" src=\"http:\/\/eventos.cmm.uchile.cl\/workshopcup01\/wp-content\/uploads\/sites\/118\/2021\/09\/derval_corinne_01.jpg\" alt=\"Corinne Derval\" width=\"200\" height=\"200\" srcset=\"https:\/\/eventos.cmm.uchile.cl\/workshopcup01\/wp-content\/uploads\/sites\/118\/2021\/09\/derval_corinne_01.jpg 200w, https:\/\/eventos.cmm.uchile.cl\/workshopcup01\/wp-content\/uploads\/sites\/118\/2021\/09\/derval_corinne_01-150x150.jpg 150w\" sizes=\"auto, (max-width: 200px) 100vw, 200px\" \/>Corinne Derval<\/h3>\n<p>Corinne es ocean\u00f3grafa en Mercator Ocean International, implementador del servicio Copernicus Marine. Es Gerente de Cartera e Inteligencia de Mercado de los productos de Copernicus Marine y est\u00e1 a cargo de la retroalimentaci\u00f3n y el an\u00e1lisis de usuarios.<\/p>\n<div class=\"su-divider su-divider-style-default\" style=\"margin:20px 0;border-width:3px;border-color:#23519A\"><a href=\"#\" style=\"color:#999999\">Volver arriba<\/a><\/div>\n<h3 id=\"legros\"><img loading=\"lazy\" decoding=\"async\" class=\"alignleft size-full speaker_pic wp-image-91\" src=\"https:\/\/eventos.cmm.uchile.cl\/workshopcup01\/wp-content\/uploads\/sites\/118\/2021\/09\/legros_vincent_01.jpg\" alt=\"Vincent Legros\" width=\"200\" height=\"200\" srcset=\"https:\/\/eventos.cmm.uchile.cl\/workshopcup01\/wp-content\/uploads\/sites\/118\/2021\/09\/legros_vincent_01.jpg 200w, https:\/\/eventos.cmm.uchile.cl\/workshopcup01\/wp-content\/uploads\/sites\/118\/2021\/09\/legros_vincent_01-150x150.jpg 150w\" sizes=\"auto, (max-width: 200px) 100vw, 200px\" \/>Vincent Legros<\/h3>\n<p>Responsable de Marketing de Mercator Ocean International. Dirige el marketing operativo de los eventos del WEkEO y del Servicio Marino Copernicus a trav\u00e9s de encuestas, estudios de impacto y an\u00e1lisis.<\/p>\n<div class=\"su-divider su-divider-style-default\" style=\"margin:20px 0;border-width:3px;border-color:#23519A\"><a href=\"#\" style=\"color:#999999\">Volver arriba<\/a><\/div>\n<h3 id=\"parrington\"><img loading=\"lazy\" decoding=\"async\" class=\"alignleft size-full speaker_pic wp-image-92\" src=\"https:\/\/eventos.cmm.uchile.cl\/workshopcup01\/wp-content\/uploads\/sites\/118\/2021\/09\/parrington_mark_01.jpg\" alt=\"Mark Parrington\" width=\"200\" height=\"200\" srcset=\"https:\/\/eventos.cmm.uchile.cl\/workshopcup01\/wp-content\/uploads\/sites\/118\/2021\/09\/parrington_mark_01.jpg 200w, https:\/\/eventos.cmm.uchile.cl\/workshopcup01\/wp-content\/uploads\/sites\/118\/2021\/09\/parrington_mark_01-150x150.jpg 150w\" sizes=\"auto, (max-width: 200px) 100vw, 200px\" \/>Mark Parrington<\/h3>\n<p>Mark Parrington es un cient\u00edfico senior de la Secci\u00f3n de Desarrollo del Servicio de Vigilancia de la Atm\u00f3sfera de Copernicus (CAMS) en el ECMWF que trabaja en las emisiones de los incendios forestales, y las emisiones de fuentes antropog\u00e9nicas y naturales, y su influencia en la composici\u00f3n atmosf\u00e9rica global.<\/p>\n<div class=\"su-divider su-divider-style-default\" style=\"margin:20px 0;border-width:3px;border-color:#23519A\"><a href=\"#\" style=\"color:#999999\">Volver arriba<\/a><\/div>\n<h3 id=\"sobrino\"><img loading=\"lazy\" decoding=\"async\" class=\"alignleft size-full speaker_pic wp-image-93\" src=\"https:\/\/eventos.cmm.uchile.cl\/workshopcup01\/wp-content\/uploads\/sites\/118\/2021\/09\/sobrino_jose_01.jpg\" alt=\"Jos\u00e9 Sobrino\" width=\"200\" height=\"200\" srcset=\"https:\/\/eventos.cmm.uchile.cl\/workshopcup01\/wp-content\/uploads\/sites\/118\/2021\/09\/sobrino_jose_01.jpg 200w, https:\/\/eventos.cmm.uchile.cl\/workshopcup01\/wp-content\/uploads\/sites\/118\/2021\/09\/sobrino_jose_01-150x150.jpg 150w\" sizes=\"auto, (max-width: 200px) 100vw, 200px\" \/>Jos\u00e9 Sobrino<\/h3>\n<p>Director de la Unidad de Cambio Global. Imaging Processing Laboratory. Universidad de Valencia. F\u00edsico espa\u00f1ol, profesor e investigador en la Universidad de Valencia en el campo de la Teledetecci\u00f3n. Premio Rey Jaime I de Protecci\u00f3n del Medio Ambiente 2019 .<\/p>\n<p>Es el actual presidente de la Asociaci\u00f3n Espa\u00f1ola de Teledetecci\u00f3n. Es director de la Revista Espa\u00f1ola de Teledetecci\u00f3n, Director de la Unidad de Cambio Global de la Universidad de Valencia. Adem\u00e1s es presidente fundador de la serie de congresos Recent Advances in Quantitative Remote Sensing.<\/p>\n<div class=\"su-divider su-divider-style-default\" style=\"margin:20px 0;border-width:3px;border-color:#23519A\"><a href=\"#\" style=\"color:#999999\">Volver arriba<\/a><\/div>\n","protected":false},"excerpt":{"rendered":"<p>Samuel Almond Responsable del Sistema de Informaci\u00f3n Sectorial del Servicio de Monitoreo de Cambio Clim\u00e1tico de Copernicus. Samuel trabaja en ECMWF, la entidad encargada de implementar el Servicio de Cambio Clim\u00e1tico de Copernicus (C3S) en nombre de la CE. En la funci\u00f3n de &#8216;Responsable de Sistemas de Informaci\u00f3n Sectoriales&#8217; gestiona un conjunto diverso de contratos &hellip; <a href=\"https:\/\/eventos.cmm.uchile.cl\/workshopcup01\/conferencistas\/\" class=\"more-link\">Seguir leyendo <span class=\"screen-reader-text\">Conferencistas<\/span> <span class=\"meta-nav\">&rarr;<\/span><\/a><\/p>\n","protected":false},"author":2,"featured_media":0,"parent":0,"menu_order":1,"comment_status":"closed","ping_status":"closed","template":"","meta":{"inline_featured_image":false,"footnotes":""},"class_list":["post-64","page","type-page","status-publish","hentry"],"_links":{"self":[{"href":"https:\/\/eventos.cmm.uchile.cl\/workshopcup01\/wp-json\/wp\/v2\/pages\/64","targetHints":{"allow":["GET"]}}],"collection":[{"href":"https:\/\/eventos.cmm.uchile.cl\/workshopcup01\/wp-json\/wp\/v2\/pages"}],"about":[{"href":"https:\/\/eventos.cmm.uchile.cl\/workshopcup01\/wp-json\/wp\/v2\/types\/page"}],"author":[{"embeddable":true,"href":"https:\/\/eventos.cmm.uchile.cl\/workshopcup01\/wp-json\/wp\/v2\/users\/2"}],"replies":[{"embeddable":true,"href":"https:\/\/eventos.cmm.uchile.cl\/workshopcup01\/wp-json\/wp\/v2\/comments?post=64"}],"version-history":[{"count":11,"href":"https:\/\/eventos.cmm.uchile.cl\/workshopcup01\/wp-json\/wp\/v2\/pages\/64\/revisions"}],"predecessor-version":[{"id":130,"href":"https:\/\/eventos.cmm.uchile.cl\/workshopcup01\/wp-json\/wp\/v2\/pages\/64\/revisions\/130"}],"wp:attachment":[{"href":"https:\/\/eventos.cmm.uchile.cl\/workshopcup01\/wp-json\/wp\/v2\/media?parent=64"}],"curies":[{"name":"wp","href":"https:\/\/api.w.org\/{rel}","templated":true}]}}