{"id":65,"date":"2021-09-20T17:19:42","date_gmt":"2021-09-20T20:19:42","guid":{"rendered":"http:\/\/eventos.cmm.uchile.cl\/workshopcup01\/?page_id=65"},"modified":"2021-11-24T10:00:54","modified_gmt":"2021-11-24T13:00:54","slug":"programa","status":"publish","type":"page","link":"https:\/\/eventos.cmm.uchile.cl\/workshopcup01\/programa\/","title":{"rendered":"Programa"},"content":{"rendered":"<p>Serie de Talleres JNCC\/Copernicus Relays Chile\/CMM<\/p>\n<p><strong>Datos Copernicus para Chile y Am\u00e9rica Latina:<br \/>\n<\/strong><strong>Construyendo aplicaciones y redes de colaboraci\u00f3n<\/strong><\/p>\n<p>Evento 1 de 5: Cambio Clim\u00e1tico<\/p>\n<ul id=\"menu-programa\" class=\"menu programa\"><li id=\"menu-item-117\" class=\"menu-item menu-item-type-custom menu-item-object-custom menu-item-117\"><a href=\"#dia1\">D\u00eda 1<\/a><\/li>\n<li id=\"menu-item-118\" class=\"menu-item menu-item-type-custom menu-item-object-custom menu-item-118\"><a href=\"#dia2\">D\u00eda 2<\/a><\/li>\n<li id=\"menu-item-119\" class=\"menu-item menu-item-type-custom menu-item-object-custom menu-item-119\"><a href=\"#dia3\">D\u00eda 3<\/a><\/li>\n<li id=\"menu-item-120\" class=\"menu-item menu-item-type-custom menu-item-object-custom menu-item-120\"><a href=\"#dia4\">D\u00eda 4<\/a><\/li>\n<\/ul>\n<p>&nbsp;<\/p>\n<div class=\"su-service servicio\"><div class=\"su-service-title\" style=\"padding-left:46px;min-height:32px;line-height:32px\"><i class=\"sui sui-video-camera\" style=\"font-size:32px;color:#23519A\"><\/i> Zoom \/ Traducci\u00f3n simult\u00e1nea<\/div><div class=\"su-service-content su-u-clearfix su-u-trim\" style=\"padding-left:46px\">Todo el evento se realizar\u00e1 v\u00eda la plataforma Zoom. Las sesiones plenarias contar\u00e1n con traducci\u00f3n simult\u00e1nea Ingl\u00e9s-Portugu\u00e9s-Espa\u00f1ol.<\/div><\/div>\n<p>&nbsp;<\/p>\n<h2 id=\"dia1\">D\u00eda 1. Lunes 4 de Octubre de 2021<\/h2>\n<h4>Tema Central: Clima y Atm\u00f3sfera<\/h4>\n<div class=\"su-youtube su-u-responsive-media-yes\"><iframe loading=\"lazy\" width=\"600\" height=\"400\" src=\"https:\/\/www.youtube.com\/embed\/409YaT8L6lU?\" frameborder=\"0\" allowfullscreen allow=\"autoplay; encrypted-media; picture-in-picture\" title=\"\"><\/iframe><\/div>\n<table>\n<tbody>\n<tr>\n<td width=\"113\">Hora<\/td>\n<td width=\"123\">Sesi\u00f3n<\/td>\n<td width=\"353\"><\/td>\n<\/tr>\n<tr>\n<td width=\"113\">10:00-10:40 hrs Chile (UTC-3)<\/td>\n<td width=\"123\">Conferencia Central<\/td>\n<td width=\"353\"><em>Servicio de Monitoreo del Clima y la Atm\u00f3sfera de Copernicus (CAMS) <\/em><\/p>\n<p>Mark Parrington, Cient\u00edfico en Jefe, ECMWF<\/p>\n<p><em>Servicio de Monitoreo del Cambio Clim\u00e1tico de Copernicus (C3S)<\/em><\/p>\n<p>Samuel Almond, Oficial de Servicios Inform\u00e1ticos, ECMWF<\/td>\n<\/tr>\n<tr>\n<td rowspan=\"3\" width=\"113\">10:40-11:25<\/td>\n<td rowspan=\"3\" width=\"123\">Panel Clima y Atm\u00f3sfera<\/td>\n<td width=\"353\"><em>Las Turberas como Sumideros de Carbono <\/em><\/p>\n<p>David Large, Universidad de Nottingham, Reino Unido<\/td>\n<\/tr>\n<tr>\n<td width=\"353\"><em>Uso del Servicio CAMS para Monitorear Eventos Clim\u00e1ticos Extremos en Am\u00e9rica Central\u200b<\/em><\/p>\n<p>Irina Katchan, Observatorio Clim\u00e1tico del Centro nacional de Alta tecnolog\u00eda (CeNAT), Costa Rica<\/td>\n<\/tr>\n<tr>\n<td width=\"353\"><em>Sistema de Visualizaci\u00f3n CEPAL para el Monitoreo de Gases de Efecto Invernadero <\/em><\/p>\n<p>Florencio Utreras, CMM, U. de Chile<\/td>\n<\/tr>\n<tr>\n<td width=\"113\">11:25-11:35<\/td>\n<td width=\"123\">Pausa<\/td>\n<td width=\"353\"><em>\u00a0<\/em><\/td>\n<\/tr>\n<tr>\n<td width=\"113\">11:35-12:20<\/td>\n<td width=\"123\">Sesiones de propuestas de proyectos y formaci\u00f3n de red<\/td>\n<td width=\"353\">La sala se dividir\u00e1 en 3 secciones separadas conforme a los intereses declarados en el proceso de registro. Cada sala contar\u00e1 con un moderador que fomentar\u00e1 la discusi\u00f3n y creaci\u00f3n de iniciativas que lleven\u00a0 a la formulaci\u00f3n de proyectos y redes de colaboraci\u00f3n.<\/td>\n<\/tr>\n<tr>\n<td width=\"113\">12:20-12:30<\/td>\n<td width=\"123\">Informe de los Moderadores<\/td>\n<td width=\"353\"><\/td>\n<\/tr>\n<tr>\n<td width=\"113\">12:30 hrs<\/td>\n<td width=\"123\"><\/td>\n<td width=\"353\">Cierre del primer d\u00eda<\/td>\n<\/tr>\n<\/tbody>\n<\/table>\n<div class=\"su-divider su-divider-style-default\" style=\"margin:20px 0;border-width:3px;border-color:#23519A\"><a href=\"#\" style=\"color:#999999\">Ir arriba<\/a><\/div>\n<h2 id=\"dia2\">D\u00eda 2. Martes 5 de Octubre de 2021<\/h2>\n<h4>Tema Central: Ecosistemas Terrestres<\/h4>\n<div class=\"su-youtube su-u-responsive-media-yes\"><iframe loading=\"lazy\" width=\"600\" height=\"400\" src=\"https:\/\/www.youtube.com\/embed\/7r2ELFA9OxU?\" frameborder=\"0\" allowfullscreen allow=\"autoplay; encrypted-media; picture-in-picture\" title=\"\"><\/iframe><\/div>\n<table>\n<tbody>\n<tr>\n<td width=\"113\">Hora<\/td>\n<td width=\"123\">Sesi\u00f3n<\/td>\n<td width=\"353\"><\/td>\n<\/tr>\n<tr>\n<td width=\"113\">10:00-10:40 hrs Chile (UTC-3)<\/td>\n<td width=\"123\">Conferencia Central<\/td>\n<td width=\"353\"><em>Temperatura de la Superficie Terrestre desde sat\u00e9lite<\/em><\/p>\n<p>Jos\u00e9 Antonio Sobrino, Universidad de Valencia, Espa\u00f1a<\/td>\n<\/tr>\n<tr>\n<td rowspan=\"3\" width=\"113\">10:40-11:25<\/td>\n<td rowspan=\"3\" width=\"123\">Panel Ecosistemas Terrestres<\/td>\n<td width=\"353\"><em>La migraci\u00f3n de los cultivos en Chile<\/em><\/p>\n<p>Luis Morales, Facultad de Ciencias Agron\u00f3micas, U. de Chile<\/td>\n<\/tr>\n<tr>\n<td width=\"353\"><em>Monitoreando los Incendios en la Naturaleza <\/em><\/p>\n<p>Duncan Blake,\u00a0 NatureScot, Reino Unido<\/td>\n<\/tr>\n<tr>\n<td width=\"353\"><em>Monitoreo de Bosques en M\u00e9xico<\/em><\/p>\n<p>Jean Francois Mas, Centro de Investigaciones en Geograf\u00eda Ambiental, UNAM, Mexico<\/td>\n<\/tr>\n<tr>\n<td width=\"113\">11:25-11:35<\/td>\n<td width=\"123\">Pausa<\/td>\n<td width=\"353\"><em>\u00a0<\/em><\/td>\n<\/tr>\n<tr>\n<td width=\"113\">11:35-12:20<\/td>\n<td width=\"123\">Sesiones de propuestas de proyectos y formaci\u00f3n de red<\/td>\n<td width=\"353\">La sala se dividir\u00e1 en 3 secciones separadas conforme a los intereses declarados en el proceso de registro. Cada sala contar\u00e1 con un moderador que fomentar\u00e1 la discusi\u00f3n y creaci\u00f3n de iniciativas que lleven\u00a0 a la formulaci\u00f3n de proyectos y redes de colaboraci\u00f3n.<\/td>\n<\/tr>\n<tr>\n<td width=\"113\">12:20-12:30<\/td>\n<td width=\"123\">Informe de los Moderadores<\/td>\n<td width=\"353\"><\/td>\n<\/tr>\n<tr>\n<td width=\"113\">12:30 hrs<\/td>\n<td width=\"123\"><\/td>\n<td width=\"353\">Cierre del segundo d\u00eda<\/td>\n<\/tr>\n<\/tbody>\n<\/table>\n<div class=\"su-divider su-divider-style-default\" style=\"margin:20px 0;border-width:3px;border-color:#23519A\"><a href=\"#\" style=\"color:#999999\">Ir arriba<\/a><\/div>\n<h2 id=\"dia3\">D\u00eda 3. Mi\u00e9rcoles 6 de Octubre de 2021<\/h2>\n<h4>Tema Central: Los Oc\u00e9anos<\/h4>\n<div class=\"su-youtube su-u-responsive-media-yes\"><iframe loading=\"lazy\" width=\"600\" height=\"400\" src=\"https:\/\/www.youtube.com\/embed\/v-1TTM6sI-k?\" frameborder=\"0\" allowfullscreen allow=\"autoplay; encrypted-media; picture-in-picture\" title=\"\"><\/iframe><\/div>\n<table>\n<tbody>\n<tr>\n<td width=\"113\">Hora<\/td>\n<td width=\"123\">Sesi\u00f3n<\/td>\n<td width=\"353\"><\/td>\n<\/tr>\n<tr>\n<td width=\"113\">10:00-10:40 hrs Chile (UTC-3)<\/td>\n<td width=\"123\">Conferencia Central<\/td>\n<td width=\"353\"><em>Servicio de Monitoreo de Los Oc\u00e9anos (CMEMS)<\/em><\/p>\n<p>Corinne Derval y Vincent Legros, Mercator Ocean<\/td>\n<\/tr>\n<tr>\n<td rowspan=\"3\" width=\"113\">10:40-11:25<\/td>\n<td rowspan=\"3\" width=\"123\">Panel Ecosistemas Terrestres<\/td>\n<td width=\"353\"><em>Monitoreo de las Zonas Costeras mediante Sentinel<\/em><\/p>\n<p>Evangelos Spyrakos, Universidad de Stirling<\/td>\n<\/tr>\n<tr>\n<td width=\"353\"><em>Persistencia espacial y temporal de los bosques de huiros sub-antarticos de Darwin<\/em><\/p>\n<p>Alejandra Mora Soto, Universidad de Oxford<\/td>\n<\/tr>\n<tr>\n<td width=\"353\"><em>Monitoreo de Pastos en las Zonas Costeras\u200b<\/em><\/p>\n<p>Mauricio Perea Ardila, Centro de Investigaciones Oceanogr\u00e1ficas e Hidrogr\u00e1ficas del Pac\u00edfico, Colombia<\/td>\n<\/tr>\n<tr>\n<td width=\"113\">11:25-11:35<\/td>\n<td width=\"123\">Pausa<\/td>\n<td width=\"353\"><em>\u00a0<\/em><\/td>\n<\/tr>\n<tr>\n<td width=\"113\">11:35-12:20<\/td>\n<td width=\"123\">Sesiones de propuestas de proyectos y formaci\u00f3n de red<\/td>\n<td width=\"353\">La sala se dividir\u00e1 en 3 secciones separadas conforme a los intereses declarados en el proceso de registro. Cada sala contar\u00e1 con un moderador que fomentar\u00e1 la discusi\u00f3n y creaci\u00f3n de iniciativas que lleven a la formulaci\u00f3n de proyectos y redes de colaboraci\u00f3n.<\/td>\n<\/tr>\n<tr>\n<td width=\"113\">12:20-12:30<\/td>\n<td width=\"123\">Informe de los Moderadores<\/td>\n<td width=\"353\"><\/td>\n<\/tr>\n<tr>\n<td width=\"113\">12:30 hrs<\/td>\n<td width=\"123\"><\/td>\n<td width=\"353\">Cierre del tercer d\u00eda<\/td>\n<\/tr>\n<\/tbody>\n<\/table>\n<div class=\"su-divider su-divider-style-default\" style=\"margin:20px 0;border-width:3px;border-color:#23519A\"><a href=\"#\" style=\"color:#999999\">Ir arriba<\/a><\/div>\n<h2 id=\"dia4\">D\u00eda 4. Jueves 7 de Octubre de 2021<\/h2>\n<h4>Tema Central: Cri\u00f3sfera y Agua<\/h4>\n<div class=\"su-youtube su-u-responsive-media-yes\"><iframe loading=\"lazy\" width=\"600\" height=\"400\" src=\"https:\/\/www.youtube.com\/embed\/DIFkKKjYW_M?\" frameborder=\"0\" allowfullscreen allow=\"autoplay; encrypted-media; picture-in-picture\" title=\"\"><\/iframe><\/div>\n<table>\n<tbody>\n<tr>\n<td width=\"113\"><strong>Hora<\/strong><\/td>\n<td width=\"123\"><strong>Sesi\u00f3n<\/strong><\/td>\n<td width=\"353\"><\/td>\n<\/tr>\n<tr>\n<td width=\"113\">10:00-10:40 hrs Chile (UTC-3)<\/td>\n<td width=\"123\">Conferencia Central<\/td>\n<td width=\"353\"><em>Inventario de Glaciares y sistema de alerta temprana de inundaciones<\/em><\/p>\n<p>Gino Casassa, DGA, Ministerio de Obras P\u00fablicas, Chile<\/td>\n<\/tr>\n<tr>\n<td rowspan=\"3\" width=\"113\">10:40-11:25<\/td>\n<td rowspan=\"3\" width=\"123\">Panel Cri\u00f3sfera y Agua<\/td>\n<td width=\"353\"><em>Evoluci\u00f3n de los Glaciares en la Patagonia<\/em><\/p>\n<p>Ailin Ortone, Fuera A\u00e9rea Argentina, Argentina<\/td>\n<\/tr>\n<tr>\n<td width=\"353\"><em>Descrifrando las condiciones meteorol\u00f3gicas asociadas a GLOF en Patagonia<\/em><\/p>\n<p>Catalina Acevedo,\u00a0Universidad Austral de Chile<\/td>\n<\/tr>\n<tr>\n<td width=\"353\"><em>An\u00e1lisis de la disminuci\u00f3n del cuerpo de agua de la laguna de Aculeo<\/em><\/p>\n<p>Diego Alarc\u00f3n D\u00edaz, Ingeniero geomensor<\/td>\n<\/tr>\n<tr>\n<td width=\"113\">11:25-11:35<\/td>\n<td width=\"123\">Pausa<\/td>\n<td width=\"353\"><em>\u00a0<\/em><\/td>\n<\/tr>\n<tr>\n<td width=\"113\">11:35-12:20<\/td>\n<td width=\"123\">Sesiones de propuestas de proyectos y formaci\u00f3n de red<\/td>\n<td width=\"353\">La sala se dividir\u00e1 en 3 secciones separadas conforme a los intereses declarados en el proceso de registro. Cada sala contar\u00e1 con un moderador que fomentar\u00e1 la discusi\u00f3n y creaci\u00f3n de iniciativas que lleven\u00a0 a la formulaci\u00f3n de proyectos y redes de colaboraci\u00f3n.<\/td>\n<\/tr>\n<tr>\n<td width=\"113\">12:20-12:30<\/td>\n<td width=\"123\">Informe de los Moderadores<\/td>\n<td width=\"353\"><\/td>\n<\/tr>\n<tr>\n<td width=\"113\">12:30 hrs<\/td>\n<td width=\"123\"><\/td>\n<td width=\"353\">Cierre del cuarto d\u00eda y del Taller<\/td>\n<\/tr>\n<\/tbody>\n<\/table>\n<div class=\"su-divider su-divider-style-default\" style=\"margin:20px 0;border-width:3px;border-color:#23519A\"><a href=\"#\" style=\"color:#999999\">Ir arriba<\/a><\/div>\n","protected":false},"excerpt":{"rendered":"<p>Serie de Talleres JNCC\/Copernicus Relays Chile\/CMM Datos Copernicus para Chile y Am\u00e9rica Latina: Construyendo aplicaciones y redes de colaboraci\u00f3n Evento 1 de 5: Cambio Clim\u00e1tico &nbsp; &nbsp; D\u00eda 1. Lunes 4 de Octubre de 2021 Tema Central: Clima y Atm\u00f3sfera Hora Sesi\u00f3n 10:00-10:40 hrs Chile (UTC-3) Conferencia Central Servicio de Monitoreo del Clima y la &hellip; <a href=\"https:\/\/eventos.cmm.uchile.cl\/workshopcup01\/programa\/\" class=\"more-link\">Seguir leyendo <span class=\"screen-reader-text\">Programa<\/span> <span class=\"meta-nav\">&rarr;<\/span><\/a><\/p>\n","protected":false},"author":2,"featured_media":0,"parent":0,"menu_order":2,"comment_status":"closed","ping_status":"closed","template":"","meta":{"inline_featured_image":false,"footnotes":""},"class_list":["post-65","page","type-page","status-publish","hentry"],"_links":{"self":[{"href":"https:\/\/eventos.cmm.uchile.cl\/workshopcup01\/wp-json\/wp\/v2\/pages\/65","targetHints":{"allow":["GET"]}}],"collection":[{"href":"https:\/\/eventos.cmm.uchile.cl\/workshopcup01\/wp-json\/wp\/v2\/pages"}],"about":[{"href":"https:\/\/eventos.cmm.uchile.cl\/workshopcup01\/wp-json\/wp\/v2\/types\/page"}],"author":[{"embeddable":true,"href":"https:\/\/eventos.cmm.uchile.cl\/workshopcup01\/wp-json\/wp\/v2\/users\/2"}],"replies":[{"embeddable":true,"href":"https:\/\/eventos.cmm.uchile.cl\/workshopcup01\/wp-json\/wp\/v2\/comments?post=65"}],"version-history":[{"count":13,"href":"https:\/\/eventos.cmm.uchile.cl\/workshopcup01\/wp-json\/wp\/v2\/pages\/65\/revisions"}],"predecessor-version":[{"id":173,"href":"https:\/\/eventos.cmm.uchile.cl\/workshopcup01\/wp-json\/wp\/v2\/pages\/65\/revisions\/173"}],"wp:attachment":[{"href":"https:\/\/eventos.cmm.uchile.cl\/workshopcup01\/wp-json\/wp\/v2\/media?parent=65"}],"curies":[{"name":"wp","href":"https:\/\/api.w.org\/{rel}","templated":true}]}}