{"id":298,"date":"2022-03-15T16:02:10","date_gmt":"2022-03-15T19:02:10","guid":{"rendered":"http:\/\/eventos.cmm.uchile.cl\/workshopcup02\/?page_id=298"},"modified":"2022-03-15T16:06:19","modified_gmt":"2022-03-15T19:06:19","slug":"recursos","status":"publish","type":"page","link":"https:\/\/eventos.cmm.uchile.cl\/workshopcup02\/recursos\/","title":{"rendered":"Recursos"},"content":{"rendered":"<h2>Presentaciones<\/h2>\n<ul>\n<li style=\"list-style-type: none;\">\n<ul>\n<li><a href=\"https:\/\/static.cmm.uchile.cl\/descargas\/2021\/copernicus_cup02\/Dia_1_Magistral_Oriol_Monserrat.pdf\" target=\"_blank\" rel=\"noopener\">D\u00eda 1. Magistral. Oriol Monserrat<\/a><\/li>\n<li><a href=\"https:\/\/static.cmm.uchile.cl\/descargas\/2021\/copernicus_cup02\/Dia_1_Panel_1_Jorge_Alpala.pdf\" target=\"_blank\" rel=\"noopener\">D\u00eda 1. Panel 1. Jorge Alpala<\/a><\/li>\n<li><a href=\"https:\/\/static.cmm.uchile.cl\/descargas\/2021\/copernicus_cup02\/Dia_1_Panel_3_Francisco_Delgado.pdf\" target=\"_blank\" rel=\"noopener\">D\u00eda 1. Panel 3. Francisco Delgado<\/a><\/li>\n<li><a href=\"https:\/\/static.cmm.uchile.cl\/descargas\/2021\/copernicus_cup02\/Dia_2_Magistral_Parte_1_Tracasa-1_CEMS-Inundaci..&gt;\" target=\"_blank\" rel=\"noopener\">D\u00eda 2. Magistral Parte 1. Tracasa &#8211; CEMS Inundaciones<\/a><\/li>\n<li><a href=\"https:\/\/static.cmm.uchile.cl\/descargas\/2021\/copernicus_cup02\/Dia_2_Magistral_Parte_2_Tracasa-2_Casos_Estudio..&gt;\" target=\"_blank\" rel=\"noopener\">D\u00eda 2. Magistral Parte 2. Tracasa &#8211; Casos Estudio &#8211; Inundaciones<\/a><\/li>\n<li><a href=\"https:\/\/static.cmm.uchile.cl\/descargas\/2021\/copernicus_cup02\/Dia_2_Panel_1_Luis_Moya_C.pdf\" target=\"_blank\" rel=\"noopener\">D\u00eda 2. Panel 1. Luis Moya<\/a><\/li>\n<li><a href=\"https:\/\/static.cmm.uchile.cl\/descargas\/2021\/copernicus_cup02\/Dia_2_Panel_2_Maria_E_Sevillano.pdf\" target=\"_blank\" rel=\"noopener\">D\u00eda 2. Panel 2. Maria E. Sevillano<\/a><\/li>\n<li><a href=\"https:\/\/static.cmm.uchile.cl\/descargas\/2021\/copernicus_cup02\/Dia_2_Panel_3_Einar_Bjorgo_UNOSAT.pdf\" target=\"_blank\" rel=\"noopener\">D\u00eda 2. Panel 3. Einar Bj\u00f8rgo &#8211; UNOSAT<\/a><\/li>\n<li><a href=\"https:\/\/static.cmm.uchile.cl\/descargas\/2021\/copernicus_cup02\/Dia_3_Magistral_Jesus_San_Miguel_Ayanz.pdf\" target=\"_blank\" rel=\"noopener\">D\u00eda 3. Magistral. Jes\u00fas San Miguel Ayanz<\/a><\/li>\n<li><a href=\"https:\/\/static.cmm.uchile.cl\/descargas\/2021\/copernicus_cup02\/Dia_3_Panel_1_Melvin_Lizano.pdf\" target=\"_blank\" rel=\"noopener\">D\u00eda 3. Panel 1. Melvin Lizano<\/a><\/li>\n<li><a href=\"https:\/\/static.cmm.uchile.cl\/descargas\/2021\/copernicus_cup02\/Dia_3_Panel_2_Diana_Mancilla.pdf\" target=\"_blank\" rel=\"noopener\">D\u00eda 3. Panel 2. Diana Mancilla<\/a><\/li>\n<li><a href=\"https:\/\/static.cmm.uchile.cl\/descargas\/2021\/copernicus_cup02\/Dia_3_Panel_3_Juan_Jose_Vales_Bravo.pdf\" target=\"_blank\" rel=\"noopener\">D\u00eda 3. Panel 3. Juan Jose Vales Bravo<\/a><\/li>\n<li><a href=\"https:\/\/static.cmm.uchile.cl\/descargas\/2021\/copernicus_cup02\/Dia_4_Magistral_Katie_Medcalf.pdf\" target=\"_blank\" rel=\"noopener\">D\u00eda 4. Magistral. Katie Medcalf<\/a><\/li>\n<li><a href=\"https:\/\/static.cmm.uchile.cl\/descargas\/2021\/copernicus_cup02\/Dia_4_Panel_1_Octavio_Smith_Cathalac.pdf\" target=\"_blank\" rel=\"noopener\">D\u00eda 4. Panel 1. Octavio Smith &#8211; Cathalac<\/a><\/li>\n<li><a href=\"https:\/\/static.cmm.uchile.cl\/descargas\/2021\/copernicus_cup02\/Dia_4_Panel_2_Martin_Jacques_Coper.pdf\" target=\"_blank\" rel=\"noopener\">D\u00eda 4. Panel 2. Martin Jacques Coper<\/a><\/li>\n<li><a href=\"https:\/\/static.cmm.uchile.cl\/descargas\/2021\/copernicus_cup02\/Dia_4_Panel_3_Denis_Mihailescu.pdf\" target=\"_blank\" rel=\"noopener\">D\u00eda 4.Panel 3. Denis\u00a0 Mihailescu<\/a><\/li>\n<\/ul>\n<\/li>\n<\/ul>\n<h2>Video<\/h2>\n<h4>D\u00eda 1: Riesgos geol\u00f3gicos<\/h4>\n<div class=\"su-youtube su-u-responsive-media-yes\"><iframe loading=\"lazy\" width=\"600\" height=\"400\" src=\"https:\/\/www.youtube.com\/embed\/aviKeHE7Ol0?\" frameborder=\"0\" allowfullscreen allow=\"autoplay; encrypted-media; picture-in-picture\" title=\"\"><\/iframe><\/div>\n<h4>D\u00eda 2: Riesgos hidrol\u00f3gicos<\/h4>\n<div class=\"su-youtube su-u-responsive-media-yes\"><iframe loading=\"lazy\" width=\"600\" height=\"400\" src=\"https:\/\/www.youtube.com\/embed\/_X8b3YX3PHs?\" frameborder=\"0\" allowfullscreen allow=\"autoplay; encrypted-media; picture-in-picture\" title=\"\"><\/iframe><\/div>\n<h4>D\u00eda 3: Incendios forestales<\/h4>\n<div class=\"su-youtube su-u-responsive-media-yes\"><iframe loading=\"lazy\" width=\"600\" height=\"400\" src=\"https:\/\/www.youtube.com\/embed\/7KhANg1Wvsg?\" frameborder=\"0\" allowfullscreen allow=\"autoplay; encrypted-media; picture-in-picture\" title=\"\"><\/iframe><\/div>\n<h4>D\u00eda 4: Riesgos meteorol\u00f3gicos<\/h4>\n<div class=\"su-youtube su-u-responsive-media-yes\"><iframe loading=\"lazy\" width=\"600\" height=\"400\" src=\"https:\/\/www.youtube.com\/embed\/P0wcFsryJ2Y?\" frameborder=\"0\" allowfullscreen allow=\"autoplay; encrypted-media; picture-in-picture\" title=\"\"><\/iframe><\/div>\n","protected":false},"excerpt":{"rendered":"<p>Presentaciones D\u00eda 1. Magistral. Oriol Monserrat D\u00eda 1. Panel 1. Jorge Alpala D\u00eda 1. Panel 3. Francisco Delgado D\u00eda 2. Magistral Parte 1. Tracasa &#8211; CEMS Inundaciones D\u00eda 2. Magistral Parte 2. Tracasa &#8211; Casos Estudio &#8211; Inundaciones D\u00eda 2. Panel 1. Luis Moya D\u00eda 2. Panel 2. Maria E. Sevillano D\u00eda 2. Panel 3. &hellip; <a href=\"https:\/\/eventos.cmm.uchile.cl\/workshopcup02\/recursos\/\" class=\"more-link\">Seguir leyendo <span class=\"screen-reader-text\">Recursos<\/span> <span class=\"meta-nav\">&rarr;<\/span><\/a><\/p>\n","protected":false},"author":2,"featured_media":0,"parent":0,"menu_order":3,"comment_status":"closed","ping_status":"closed","template":"","meta":{"inline_featured_image":false,"footnotes":""},"class_list":["post-298","page","type-page","status-publish","hentry"],"_links":{"self":[{"href":"https:\/\/eventos.cmm.uchile.cl\/workshopcup02\/wp-json\/wp\/v2\/pages\/298","targetHints":{"allow":["GET"]}}],"collection":[{"href":"https:\/\/eventos.cmm.uchile.cl\/workshopcup02\/wp-json\/wp\/v2\/pages"}],"about":[{"href":"https:\/\/eventos.cmm.uchile.cl\/workshopcup02\/wp-json\/wp\/v2\/types\/page"}],"author":[{"embeddable":true,"href":"https:\/\/eventos.cmm.uchile.cl\/workshopcup02\/wp-json\/wp\/v2\/users\/2"}],"replies":[{"embeddable":true,"href":"https:\/\/eventos.cmm.uchile.cl\/workshopcup02\/wp-json\/wp\/v2\/comments?post=298"}],"version-history":[{"count":5,"href":"https:\/\/eventos.cmm.uchile.cl\/workshopcup02\/wp-json\/wp\/v2\/pages\/298\/revisions"}],"predecessor-version":[{"id":307,"href":"https:\/\/eventos.cmm.uchile.cl\/workshopcup02\/wp-json\/wp\/v2\/pages\/298\/revisions\/307"}],"wp:attachment":[{"href":"https:\/\/eventos.cmm.uchile.cl\/workshopcup02\/wp-json\/wp\/v2\/media?parent=298"}],"curies":[{"name":"wp","href":"https:\/\/api.w.org\/{rel}","templated":true}]}}