{"id":64,"date":"2021-09-20T18:18:23","date_gmt":"2021-09-20T21:18:23","guid":{"rendered":"http:\/\/eventos.cmm.uchile.cl\/workshopcup02\/?page_id=64"},"modified":"2021-11-23T21:15:41","modified_gmt":"2021-11-24T00:15:41","slug":"conferencistas","status":"publish","type":"page","link":"https:\/\/eventos.cmm.uchile.cl\/workshopcup02\/conferencistas\/","title":{"rendered":"Conferencistas"},"content":{"rendered":"<h3 id=\"amezketa\"><img loading=\"lazy\" decoding=\"async\" class=\"alignleft size-full wp-image-226 speaker_pic\" src=\"http:\/\/eventos.cmm.uchile.cl\/workshopcup02\/wp-content\/uploads\/sites\/127\/2021\/11\/amezketa_esperanza_01.jpg\" alt=\"Esperanza Amezketa\" width=\"200\" height=\"200\" srcset=\"https:\/\/eventos.cmm.uchile.cl\/workshopcup02\/wp-content\/uploads\/sites\/127\/2021\/11\/amezketa_esperanza_01.jpg 200w, https:\/\/eventos.cmm.uchile.cl\/workshopcup02\/wp-content\/uploads\/sites\/127\/2021\/11\/amezketa_esperanza_01-150x150.jpg 150w\" sizes=\"auto, (max-width: 200px) 100vw, 200px\" \/>Esperanza Amezketa<\/h3>\n<p>Esperanza Amezketa cuenta con m\u00e1s de 35 a\u00f1os en el campo de la Investigaci\u00f3n y el Desarrollo (I+D+i). La Dra Amezketa se ha desempe\u00f1ado como investigadora cient\u00edfica en diferentes organizaciones principalmente en campos relacionados con los suelos y la agricultura. En 2007 se incorpor\u00f3 a TRACASA, donde ha participado en numerosos proyectos relacionados con suelos, salinidad ed\u00e1fica, datos geoespaciales, cartograf\u00eda digital, teledetecci\u00f3n y SIG. Desde 2012 participa en el equipo de Validaci\u00f3n de mapas del Servicio de Gesti\u00f3n de Emergencias de Copernicus.<\/p>\n<div class=\"su-divider su-divider-style-default\" style=\"margin:20px 0;border-width:3px;border-color:#23519A\"><\/div>\n<h3 id=\"goni\"><img loading=\"lazy\" decoding=\"async\" class=\"alignleft size-full wp-image-228 speaker_pic\" src=\"http:\/\/eventos.cmm.uchile.cl\/workshopcup02\/wp-content\/uploads\/sites\/127\/2021\/11\/goni_isabel_01.jpg\" alt=\"Isabel Go\u00f1i Turumbay\" width=\"200\" height=\"200\" srcset=\"https:\/\/eventos.cmm.uchile.cl\/workshopcup02\/wp-content\/uploads\/sites\/127\/2021\/11\/goni_isabel_01.jpg 200w, https:\/\/eventos.cmm.uchile.cl\/workshopcup02\/wp-content\/uploads\/sites\/127\/2021\/11\/goni_isabel_01-150x150.jpg 150w\" sizes=\"auto, (max-width: 200px) 100vw, 200px\" \/>Isabel Go\u00f1i Turumbay<\/h3>\n<p>Ingeniera Agr\u00f3noma (UPNA, 2003) con un Posgrado en Geo-information Studies (Van Hall Instituut, Groningen, Holanda) y Project Management Professional (PMI, 2011). Tras 3 a\u00f1os como consultora GIS en Holanda, se incorpora a TRACASA (Espa\u00f1a) en 2006 donde trabaja como Gestora de Proyectos GIS internacionales. En la actualidad es responsable del \u00e1rea de Ingenier\u00eda Territorial y espacial a la vez que gestiona proyectos como la validaci\u00f3n del Copernicus EMS para el Joint Research Centre e INSPIRE Support para el Gobierno de Irlanda.<\/p>\n<div class=\"su-divider su-divider-style-default\" style=\"margin:20px 0;border-width:3px;border-color:#23519A\"><\/div>\n<h3 id=\"larranaga\"><img loading=\"lazy\" decoding=\"async\" class=\"alignleft size-full wp-image-229 speaker_pic\" src=\"http:\/\/eventos.cmm.uchile.cl\/workshopcup02\/wp-content\/uploads\/sites\/127\/2021\/11\/larranaga_arantzazu_01.jpg\" alt=\"\" width=\"200\" height=\"200\" srcset=\"https:\/\/eventos.cmm.uchile.cl\/workshopcup02\/wp-content\/uploads\/sites\/127\/2021\/11\/larranaga_arantzazu_01.jpg 200w, https:\/\/eventos.cmm.uchile.cl\/workshopcup02\/wp-content\/uploads\/sites\/127\/2021\/11\/larranaga_arantzazu_01-150x150.jpg 150w\" sizes=\"auto, (max-width: 200px) 100vw, 200px\" \/>Arantzazu Larra\u00f1aga Urien<\/h3>\n<p>Arantzazu Larra\u00f1aga Urien, Licenciada en Ingenier\u00eda Agron\u00f3mica (2004), obtuvo el Diploma de Estudios Avanzados en Ingenier\u00eda Rural y del Medio Ambiente (2006) y present\u00f3 su Tesis doctoral (2016) en la Universidad P\u00fablica de Navarra. Cuenta con m\u00e1s de 13 a\u00f1os de experiencia en el Departamento de Sistemas de Informaci\u00f3n Territorial de TRACASA como t\u00e9cnico de teledetecci\u00f3n \u00f3ptica y radar y SIG, y 5 a\u00f1os de experiencia en la coordinaci\u00f3n de la producci\u00f3n de productos digitales derivados de la teledetecci\u00f3n satelital y SIG. Tiene una amplia experiencia en el uso de datos \u00f3pticos y de radar para diversas aplicaciones como desastres (monitoreo de inundaciones y volcanes) y agr\u00edcolas (clasificaci\u00f3n de cultivos). Desde 2012, forma parte del equipo de Validaci\u00f3n de mapas del Servicio de Gesti\u00f3n de Emergencias (EMS) de Copernicus.<\/p>\n<div class=\"su-divider su-divider-style-default\" style=\"margin:20px 0;border-width:3px;border-color:#23519A\"><\/div>\n<h3 id=\"medcalf\"><img loading=\"lazy\" decoding=\"async\" class=\"size-full wp-image-237 alignleft speaker_pic\" src=\"https:\/\/eventos.cmm.uchile.cl\/workshopcup02\/wp-content\/uploads\/sites\/127\/2021\/11\/medcalf_katie_01.jpg\" alt=\"Katie Medcalf\" width=\"200\" height=\"200\" srcset=\"https:\/\/eventos.cmm.uchile.cl\/workshopcup02\/wp-content\/uploads\/sites\/127\/2021\/11\/medcalf_katie_01.jpg 200w, https:\/\/eventos.cmm.uchile.cl\/workshopcup02\/wp-content\/uploads\/sites\/127\/2021\/11\/medcalf_katie_01-150x150.jpg 150w\" sizes=\"auto, (max-width: 200px) 100vw, 200px\" \/>Katie Medcalf<\/h3>\n<p>La Dra. Katie Medcalf es Directora de Medio Ambiente de Environment Systems Ltd. Lidera y desarrolla oportunidades ambientales y modelos de riesgo de Environment Systems. Ha trabajado en el Caribe durante m\u00e1s de 9 a\u00f1os, ayudando a proporcionar datos ambientales cr\u00edticos considerando la adaptaci\u00f3n al cambio clim\u00e1tico, el capital natural y los servicios de los ecosistemas. Katie es una ecologista colegiada, miembro de pleno derecho del Instituto Colegiado de Ecolog\u00eda y Gesti\u00f3n Ambiental, la Sociedad Brit\u00e1nica de Ciencias del Suelo y la Sociedad Ecol\u00f3gica Brit\u00e1nica.<\/p>\n<div class=\"su-divider su-divider-style-default\" style=\"margin:20px 0;border-width:3px;border-color:#23519A\"><\/div>\n<h3 id=\"monserrat\"><img loading=\"lazy\" decoding=\"async\" class=\"alignleft size-full wp-image-230 speaker_pic\" src=\"http:\/\/eventos.cmm.uchile.cl\/workshopcup02\/wp-content\/uploads\/sites\/127\/2021\/11\/monserrat_oriol_01.jpg\" alt=\"Oriol Montserrat\" width=\"200\" height=\"200\" srcset=\"https:\/\/eventos.cmm.uchile.cl\/workshopcup02\/wp-content\/uploads\/sites\/127\/2021\/11\/monserrat_oriol_01.jpg 200w, https:\/\/eventos.cmm.uchile.cl\/workshopcup02\/wp-content\/uploads\/sites\/127\/2021\/11\/monserrat_oriol_01-150x150.jpg 150w\" sizes=\"auto, (max-width: 200px) 100vw, 200px\" \/>Oriol Montserrat<\/h3>\n<p>Oriol Monserrat es doctor en ciencia y tecnolog\u00eda aeroespacial por la Universidad Polit\u00e9cnica de Catalu\u00f1a (2012) y licenciado en matem\u00e1ticas por la Universidad de Barcelona (2004). Actualmente es Investigador Senior y Jefe del Departamento de Teledetecci\u00f3n del Centro Tecnol\u00f3gico de Telecomunicaciones de Catalunya. Sus principales campos de investigaci\u00f3n incluyen Radar de apertura Sint\u00e9tica (SAR), Interferometria diferencial SAR (DInSAR) y Persistent Scatterer Interferometry (PSI). Durante su carrera investigadora ha participado como autor o co-autor en m\u00e1s de 60 publicaciones en revistas indexadas y en varios proyectos nacionales e internacionales, incluidos EU FP6, FP7 y H2020. En los \u00faltimos a\u00f1os ha coordinado dos proyectos de H2020 (Safety y UGeohaz) y un proyecto Interreg (Riskcoast).<\/p>\n<div class=\"su-divider su-divider-style-default\" style=\"margin:20px 0;border-width:3px;border-color:#23519A\"><\/div>\n<h3 id=\"san_miguel\"><img loading=\"lazy\" decoding=\"async\" class=\"alignleft size-full wp-image-231 speaker_pic\" src=\"http:\/\/eventos.cmm.uchile.cl\/workshopcup02\/wp-content\/uploads\/sites\/127\/2021\/11\/san_miguel_jesus_01.jpg\" alt=\"Jesus San-Miguel-Ayanz\" width=\"200\" height=\"200\" srcset=\"https:\/\/eventos.cmm.uchile.cl\/workshopcup02\/wp-content\/uploads\/sites\/127\/2021\/11\/san_miguel_jesus_01.jpg 200w, https:\/\/eventos.cmm.uchile.cl\/workshopcup02\/wp-content\/uploads\/sites\/127\/2021\/11\/san_miguel_jesus_01-150x150.jpg 150w\" sizes=\"auto, (max-width: 200px) 100vw, 200px\" \/>Jesus San-Miguel-Ayanz<\/h3>\n<p>PHD en Ciencias de la Informaci\u00f3n en Tierras Silvestres con especializaci\u00f3n en Teleobservaci\u00f3n y Sistemas de Informaci\u00f3n Geogr\u00e1fica, Departamento Forestal, Universidad de California-Berkeley, Berkeley, California, EE.UU. Grado en Ingenier\u00eda Forestal (1987) por la Universidad Polit\u00e9cnica, Madrid, Espa\u00f1a. J. San-Miguel-Ayanz trabaja en el Centro Com\u00fan de Investigaci\u00f3n de la Comisi\u00f3n Europea y coordina y dirige el desarrollo del Sistema Europeo de Informaci\u00f3n sobre Incendios Forestales (EFFIS) y el Sistema Mundial de Informaci\u00f3n sobre Incendios Forestales (GWIS).<\/p>\n<div class=\"su-divider su-divider-style-default\" style=\"margin:20px 0;border-width:3px;border-color:#23519A\"><\/div>\n","protected":false},"excerpt":{"rendered":"<p>Esperanza Amezketa Esperanza Amezketa cuenta con m\u00e1s de 35 a\u00f1os en el campo de la Investigaci\u00f3n y el Desarrollo (I+D+i). La Dra Amezketa se ha desempe\u00f1ado como investigadora cient\u00edfica en diferentes organizaciones principalmente en campos relacionados con los suelos y la agricultura. En 2007 se incorpor\u00f3 a TRACASA, donde ha participado en numerosos proyectos relacionados &hellip; <a href=\"https:\/\/eventos.cmm.uchile.cl\/workshopcup02\/conferencistas\/\" class=\"more-link\">Seguir leyendo <span class=\"screen-reader-text\">Conferencistas<\/span> <span class=\"meta-nav\">&rarr;<\/span><\/a><\/p>\n","protected":false},"author":2,"featured_media":0,"parent":0,"menu_order":1,"comment_status":"closed","ping_status":"closed","template":"","meta":{"inline_featured_image":false,"footnotes":""},"class_list":["post-64","page","type-page","status-publish","hentry"],"_links":{"self":[{"href":"https:\/\/eventos.cmm.uchile.cl\/workshopcup02\/wp-json\/wp\/v2\/pages\/64","targetHints":{"allow":["GET"]}}],"collection":[{"href":"https:\/\/eventos.cmm.uchile.cl\/workshopcup02\/wp-json\/wp\/v2\/pages"}],"about":[{"href":"https:\/\/eventos.cmm.uchile.cl\/workshopcup02\/wp-json\/wp\/v2\/types\/page"}],"author":[{"embeddable":true,"href":"https:\/\/eventos.cmm.uchile.cl\/workshopcup02\/wp-json\/wp\/v2\/users\/2"}],"replies":[{"embeddable":true,"href":"https:\/\/eventos.cmm.uchile.cl\/workshopcup02\/wp-json\/wp\/v2\/comments?post=64"}],"version-history":[{"count":17,"href":"https:\/\/eventos.cmm.uchile.cl\/workshopcup02\/wp-json\/wp\/v2\/pages\/64\/revisions"}],"predecessor-version":[{"id":242,"href":"https:\/\/eventos.cmm.uchile.cl\/workshopcup02\/wp-json\/wp\/v2\/pages\/64\/revisions\/242"}],"wp:attachment":[{"href":"https:\/\/eventos.cmm.uchile.cl\/workshopcup02\/wp-json\/wp\/v2\/media?parent=64"}],"curies":[{"name":"wp","href":"https:\/\/api.w.org\/{rel}","templated":true}]}}