{"id":65,"date":"2021-09-20T17:19:42","date_gmt":"2021-09-20T20:19:42","guid":{"rendered":"http:\/\/eventos.cmm.uchile.cl\/workshopcup02\/?page_id=65"},"modified":"2021-11-29T17:41:05","modified_gmt":"2021-11-29T20:41:05","slug":"programa","status":"publish","type":"page","link":"https:\/\/eventos.cmm.uchile.cl\/workshopcup02\/programa\/","title":{"rendered":"Programa"},"content":{"rendered":"<p>Serie de Talleres JNCC\/Copernicus Relays Chile\/CMM<\/p>\n<p><strong>Datos Copernicus para Chile y Am\u00e9rica Latina:<br \/>\n<\/strong><strong>Construyendo aplicaciones y redes de colaboraci\u00f3n<\/strong><\/p>\n<p>Evento 2 de 5: Desastres naturales<\/p>\n<ul id=\"menu-programa\" class=\"menu programa\"><li id=\"menu-item-117\" class=\"menu-item menu-item-type-custom menu-item-object-custom menu-item-117\"><a href=\"#dia1\">D\u00eda 1<\/a><\/li>\n<li id=\"menu-item-118\" class=\"menu-item menu-item-type-custom menu-item-object-custom menu-item-118\"><a href=\"#dia2\">D\u00eda 2<\/a><\/li>\n<li id=\"menu-item-119\" class=\"menu-item menu-item-type-custom menu-item-object-custom menu-item-119\"><a href=\"#dia3\">D\u00eda 3<\/a><\/li>\n<li id=\"menu-item-120\" class=\"menu-item menu-item-type-custom menu-item-object-custom menu-item-120\"><a href=\"#dia4\">D\u00eda 4<\/a><\/li>\n<\/ul>\n<p>&nbsp;<\/p>\n<div class=\"su-service servicio\"><div class=\"su-service-title\" style=\"padding-left:46px;min-height:32px;line-height:32px\"><i class=\"sui sui-video-camera\" style=\"font-size:32px;color:#23519A\"><\/i> Zoom \/ Traducci\u00f3n simult\u00e1nea<\/div><div class=\"su-service-content su-u-clearfix su-u-trim\" style=\"padding-left:46px\">Todo el evento se realizar\u00e1 v\u00eda la plataforma Zoom. Las sesiones plenarias contar\u00e1n con traducci\u00f3n simult\u00e1nea Ingl\u00e9s-Portugu\u00e9s-Espa\u00f1ol.<\/div><\/div>\n<p>&nbsp;<\/p>\n<h2 id=\"dia1\">D\u00eda 1. Martes 30 de noviembre de 2021<\/h2>\n<h4>Tema central: Riesgos geol\u00f3gicos<\/h4>\n<p><strong>Presidente<br \/>\nJuan Carlos B\u00e1ez<\/strong>, Centro Sismol\u00f3gico Nacional, Chile<\/p>\n<table width=\"100%\">\n<tbody>\n<tr>\n<td width=\"100\">Hora<br \/>\n(Chile UTC-3)<\/td>\n<td width=\"252\"><\/td>\n<td width=\"252\"><\/td>\n<\/tr>\n<tr>\n<td width=\"100\">10:00-10:40<\/td>\n<td width=\"252\">Conferencia Central<\/td>\n<td width=\"252\"><em>Uso de la constelaci\u00f3n Sentinel-1 para la medida de movimientos del terreno\u00a0\u00a0<\/em><br \/>\n<strong>Oriol Monserrat<\/strong>, European Ground Motion Service<\/td>\n<\/tr>\n<tr>\n<td rowspan=\"3\" width=\"100\">10:40-11:25<\/td>\n<td rowspan=\"3\" width=\"252\">Panel &#8211; Monitoreo de la Tierra<\/td>\n<td width=\"252\"><em>Aplicaciones de im\u00e1genes satelitales Sentinel-1 para el Monitoreo de procesos deformativos en volcanes Colombianos<\/em><br \/>\n<strong>Jorge Alpala<\/strong>, Servicio Geol\u00f3gico Colombiano, Colombia<\/td>\n<\/tr>\n<tr>\n<td width=\"252\"><em>Use of DinSAR in the analysis after mass removal<\/em><br \/>\n<strong>Paula Olea Encina<\/strong>, Servicio Nacional de Geolog\u00eda y Miner\u00eda<\/td>\n<\/tr>\n<tr>\n<td width=\"252\"><em>Aplicaciones de InSAR en Tect\u00f3nica Activa: un estudio del terremoto de Chilo\u00e9 del 2016 y su relaci\u00f3n con el megaterremoto de 1960<\/em><br \/>\n<strong>Francisco Delgado<\/strong>, Universidad de Chile<\/td>\n<\/tr>\n<tr>\n<td width=\"100\">11:25-11:35<\/td>\n<td width=\"252\">Pausa<\/td>\n<td width=\"252\"><\/td>\n<\/tr>\n<tr>\n<td width=\"100\">11:35-12:20<\/td>\n<td width=\"252\">Sesiones de propuestas de proyectos y formaci\u00f3n de red<\/td>\n<td width=\"252\">\n<ul>\n<li>An\u00e1lisis de riesgo y Gesti\u00f3n<\/li>\n<li>Monitoreo y Prevenci\u00f3n<\/li>\n<li>Medici\u00f3n y recuperaci\u00f3n del impacto<\/li>\n<\/ul>\n<\/td>\n<\/tr>\n<tr>\n<td width=\"100\">12:20-12:30<\/td>\n<td width=\"252\">Informe de los Moderadores<\/td>\n<td width=\"252\"><\/td>\n<\/tr>\n<tr>\n<td width=\"100\">12:30<\/td>\n<td width=\"252\">Cierre Primer d\u00eda<\/td>\n<td><\/td>\n<\/tr>\n<\/tbody>\n<\/table>\n<div class=\"su-divider su-divider-style-default\" style=\"margin:20px 0;border-width:3px;border-color:#23519A\"><a href=\"#\" style=\"color:#999999\">Ir arriba<\/a><\/div>\n<h2 id=\"dia2\">D\u00eda 2. Mi\u00e9rcoles 1 de diciembre de 2021<\/h2>\n<h4>Tema central: Riesgos hidrol\u00f3gicos<\/h4>\n<p><strong>Presidente<br \/>\nJaime Ortega<\/strong>, Universidad de Chile<\/p>\n<table width=\"100%\">\n<tbody>\n<tr>\n<td width=\"100\">Hora<br \/>\n(Chile UTC-3)<\/td>\n<td width=\"252\"><\/td>\n<td width=\"252\"><\/td>\n<\/tr>\n<tr>\n<td width=\"100\">10:00-10:40<\/td>\n<td width=\"252\">Conferencia Central<\/td>\n<td width=\"252\"><em>Aplicaci\u00f3n del Servicio de Gesti\u00f3n de Emergencias de Copernicus en inundaciones: Alerta temprana y casos de uso con Sentinel-1<\/em><br \/>\n<strong>Isabel Go\u00f1i, Esperanza Amezketa Lizarraga y Arantzazu Larra\u00f1aga Urien<\/strong> \u2013 Tracasa, Espa\u00f1a<\/td>\n<\/tr>\n<tr>\n<td rowspan=\"3\" width=\"100\">10:40-11:25<\/td>\n<td rowspan=\"3\" width=\"252\">Panel &#8211; Monitoreo de flujos<\/td>\n<td width=\"252\"><em>Mapeo de \u00e1reas afectadas por el terremoto-tsunami del 2018 en Sulawesi, Indonesia mediante im\u00e1genes satelitales Sentinel-2<br \/>\n<\/em><strong>Luis Moya<\/strong>, UNI, Per\u00fa<\/td>\n<\/tr>\n<tr>\n<td width=\"252\"><em>An\u00e1lisis de amenaza, vulnerabilidad y riesgo de inundaci\u00f3n: estudio de caso Santiago de Cali, Colombia<\/em><br \/>\n<strong>Mar\u00eda Eugenia Sevillano<\/strong>, Colombia<\/td>\n<\/tr>\n<tr>\n<td width=\"252\"><em>Inundaciones utilizando modelos de IA<\/em><br \/>\n<strong>Einar Bjorgo<\/strong>, United Nations Satellite Centre (UNOSAT)<\/td>\n<\/tr>\n<tr>\n<td width=\"100\">11:25-11:35<\/td>\n<td width=\"252\">Pausa<\/td>\n<td width=\"252\"><\/td>\n<\/tr>\n<tr>\n<td width=\"100\">11:35-12:20<\/td>\n<td width=\"252\">Sesiones de propuestas de proyectos y formaci\u00f3n de red<\/td>\n<td width=\"252\">\n<ul>\n<li>An\u00e1lisis de riesgo y Gesti\u00f3n<\/li>\n<li>Monitoreo y Prevenci\u00f3n<\/li>\n<li>Medici\u00f3n y recuperaci\u00f3n del impacto<\/li>\n<\/ul>\n<\/td>\n<\/tr>\n<tr>\n<td width=\"100\">12:20-12:30<\/td>\n<td width=\"252\">Informe de los Moderadores<\/td>\n<td width=\"252\"><\/td>\n<\/tr>\n<tr>\n<td width=\"100\">12:30<\/td>\n<td width=\"252\">Cierre Segundo d\u00eda<\/td>\n<td><\/td>\n<\/tr>\n<\/tbody>\n<\/table>\n<div class=\"su-divider su-divider-style-default\" style=\"margin:20px 0;border-width:3px;border-color:#23519A\"><a href=\"#\" style=\"color:#999999\">Ir arriba<\/a><\/div>\n<h2 id=\"dia3\">D\u00eda 3. Jueves 2 de diciembre de 2021<\/h2>\n<h4>Tema central: Incendios forestales<\/h4>\n<p><strong>Presidenta<br \/>\nMacarena P\u00e9rez<\/strong>, Instituto para la Resiliencia ante Desastres (ITREND)<\/p>\n<table width=\"100%\">\n<tbody>\n<tr>\n<td width=\"100\">Hora<br \/>\n(Chile UTC-3)<\/td>\n<td width=\"252\"><\/td>\n<td width=\"252\"><\/td>\n<\/tr>\n<tr>\n<td width=\"100\">10:00-10:40<\/td>\n<td width=\"252\">Conferencia Central<\/td>\n<td width=\"252\"><em>Global Wildfire Information System<\/em><br \/>\n<strong>Jes\u00fas San Miguel<\/strong>, Global Wildfire Information System (GWIS)<\/td>\n<\/tr>\n<tr>\n<td rowspan=\"3\" width=\"100\">10:40-11:25<\/td>\n<td rowspan=\"3\" width=\"252\">Panel &#8211; Incendios forestales: Monitoreo del impacto y la recuperaci\u00f3n<\/td>\n<td width=\"252\"><em>Incendios forestales en Costa Rica<\/em><br \/>\n<strong>Melvin Lizano<\/strong>, Universidad de Costa Rica<\/td>\n<\/tr>\n<tr>\n<td width=\"252\"><em>Efectos del incendio forestal del a\u00f1o 2017 en la provisi\u00f3n de servicios ecosist\u00e9micos y la recuperaci\u00f3n del paisaje<\/em><br \/>\n<strong>Diana Mancilla<\/strong>, Universidad de Concepci\u00f3n, Chile<\/td>\n<\/tr>\n<tr>\n<td width=\"252\"><em>Seguimiento detallado de las zonas da\u00f1adas por incendios forestales en Andaluc\u00eda<\/em><br \/>\n<strong>Juan Jos\u00e9 Vales Bravo<\/strong>, Junta de Andaluc\u00eda, Espa\u00f1a<\/td>\n<\/tr>\n<tr>\n<td width=\"100\">11:25-11:35<\/td>\n<td width=\"252\">Pausa<\/td>\n<td width=\"252\"><\/td>\n<\/tr>\n<tr>\n<td width=\"100\">11:35-12:20<\/td>\n<td width=\"252\">Sesiones de propuestas de proyectos y formaci\u00f3n de red<\/td>\n<td width=\"252\">\n<ul>\n<li>An\u00e1lisis de riesgo y Gesti\u00f3n<\/li>\n<li>Monitoreo y Prevenci\u00f3n<\/li>\n<li>Medici\u00f3n y recuperaci\u00f3n del impacto<\/li>\n<\/ul>\n<\/td>\n<\/tr>\n<tr>\n<td width=\"100\">12:20-12:30<\/td>\n<td width=\"252\">Informe de los Moderadores<\/td>\n<td width=\"252\"><\/td>\n<\/tr>\n<tr>\n<td width=\"100\">12:30<\/td>\n<td width=\"252\">Cierre de la Sesi\u00f3n<\/td>\n<td width=\"252\"><\/td>\n<\/tr>\n<\/tbody>\n<\/table>\n<div class=\"su-divider su-divider-style-default\" style=\"margin:20px 0;border-width:3px;border-color:#23519A\"><a href=\"#\" style=\"color:#999999\">Ir arriba<\/a><\/div>\n<h2 id=\"dia4\">D\u00eda 4. Viernes 3 de diciembre de 2021<\/h2>\n<h4>Tema central: Riesgos meteorol\u00f3gicos<\/h4>\n<p><strong>Presidente<br \/>\nRoberto Rondanelli<\/strong>, CR2, University of Chile<\/p>\n<table width=\"100%\">\n<tbody>\n<tr>\n<td width=\"100\">Hora<br \/>\n(Chile UTC-3)<\/td>\n<td width=\"252\"><\/td>\n<td width=\"252\"><\/td>\n<\/tr>\n<tr>\n<td width=\"100\">10:00-10:40<\/td>\n<td width=\"252\">Conferencia Central<\/td>\n<td width=\"252\"><em>Desarrollo de modelos de oleadas de tormenta<\/em><br \/>\n<strong>Dr. Katie Medcalf<\/strong>, Directora de Medio Ambiente en Environment Systems, Aberystwyth, Gales, Reino Unido<\/td>\n<\/tr>\n<tr>\n<td rowspan=\"3\" width=\"100\">10:40-11:25<\/td>\n<td rowspan=\"3\" width=\"252\">Panel &#8211; Monitoreo de Meteorolog\u00eda con Copernicus<\/td>\n<td width=\"252\"><em>Aprovechamiento de las im\u00e1genes Sentinel 1 y 2 en An\u00e1lisis de Desastres Naturales<\/em><br \/>\n<strong>Octavio Smith<\/strong>, Centro del Agua del tr\u00f3pico H\u00famedo para Am\u00e9rica Latina y el Caribe (CATHALAC), Panam\u00e1<\/td>\n<\/tr>\n<tr>\n<td width=\"252\"><em>Olas de calor y algunos impactos en Chile centro-sur<\/em><br \/>\n<strong>Martin Jacques Coper<\/strong>, Depto. de Geof\u00edsica y (CR)2, U. de Concepci\u00f3n, Chile<\/td>\n<\/tr>\n<tr>\n<td width=\"252\"><em>Monitoreando sequias en Rumania<\/em><br \/>\n<strong>Denis Mihailescu<\/strong>, Laboratory of Remote Sensing and GIS, Romanian Meteorological Administration, Rumania<\/td>\n<\/tr>\n<tr>\n<td width=\"100\">11:25-11:35<\/td>\n<td width=\"252\">Pausa<\/td>\n<td width=\"252\"><\/td>\n<\/tr>\n<tr>\n<td width=\"100\">11:35-12:20<\/td>\n<td width=\"252\">Sesiones de propuestas de proyectos y<br \/>\nformaci\u00f3n de red<\/td>\n<td width=\"252\">\n<ul>\n<li>An\u00e1lisis de riesgo y Gesti\u00f3n<\/li>\n<li>Monitoreo y prevenci\u00f3n<\/li>\n<li>Medici\u00f3n y recuperaci\u00f3n del impacto<\/li>\n<\/ul>\n<\/td>\n<\/tr>\n<tr>\n<td width=\"100\">12:20-12:30<\/td>\n<td width=\"252\">Informe de los Moderadores<\/td>\n<td width=\"252\"><\/td>\n<\/tr>\n<tr>\n<td width=\"100\">12:30<\/td>\n<td width=\"252\">Cierre de la Sesi\u00f3n y Clausura del Seminario<\/td>\n<td width=\"252\"><\/td>\n<\/tr>\n<\/tbody>\n<\/table>\n<div class=\"su-divider su-divider-style-default\" style=\"margin:20px 0;border-width:3px;border-color:#23519A\"><a href=\"#\" style=\"color:#999999\">Ir arriba<\/a><\/div>\n","protected":false},"excerpt":{"rendered":"<p>Serie de Talleres JNCC\/Copernicus Relays Chile\/CMM Datos Copernicus para Chile y Am\u00e9rica Latina: Construyendo aplicaciones y redes de colaboraci\u00f3n Evento 2 de 5: Desastres naturales &nbsp; &nbsp; D\u00eda 1. Martes 30 de noviembre de 2021 Tema central: Riesgos geol\u00f3gicos Presidente Juan Carlos B\u00e1ez, Centro Sismol\u00f3gico Nacional, Chile Hora (Chile UTC-3) 10:00-10:40 Conferencia Central Uso de &hellip; <a href=\"https:\/\/eventos.cmm.uchile.cl\/workshopcup02\/programa\/\" class=\"more-link\">Seguir leyendo <span class=\"screen-reader-text\">Programa<\/span> <span class=\"meta-nav\">&rarr;<\/span><\/a><\/p>\n","protected":false},"author":2,"featured_media":0,"parent":0,"menu_order":2,"comment_status":"closed","ping_status":"closed","template":"","meta":{"inline_featured_image":false,"footnotes":""},"class_list":["post-65","page","type-page","status-publish","hentry"],"_links":{"self":[{"href":"https:\/\/eventos.cmm.uchile.cl\/workshopcup02\/wp-json\/wp\/v2\/pages\/65","targetHints":{"allow":["GET"]}}],"collection":[{"href":"https:\/\/eventos.cmm.uchile.cl\/workshopcup02\/wp-json\/wp\/v2\/pages"}],"about":[{"href":"https:\/\/eventos.cmm.uchile.cl\/workshopcup02\/wp-json\/wp\/v2\/types\/page"}],"author":[{"embeddable":true,"href":"https:\/\/eventos.cmm.uchile.cl\/workshopcup02\/wp-json\/wp\/v2\/users\/2"}],"replies":[{"embeddable":true,"href":"https:\/\/eventos.cmm.uchile.cl\/workshopcup02\/wp-json\/wp\/v2\/comments?post=65"}],"version-history":[{"count":46,"href":"https:\/\/eventos.cmm.uchile.cl\/workshopcup02\/wp-json\/wp\/v2\/pages\/65\/revisions"}],"predecessor-version":[{"id":265,"href":"https:\/\/eventos.cmm.uchile.cl\/workshopcup02\/wp-json\/wp\/v2\/pages\/65\/revisions\/265"}],"wp:attachment":[{"href":"https:\/\/eventos.cmm.uchile.cl\/workshopcup02\/wp-json\/wp\/v2\/media?parent=65"}],"curies":[{"name":"wp","href":"https:\/\/api.w.org\/{rel}","templated":true}]}}