{"id":71,"date":"2021-09-20T18:08:50","date_gmt":"2021-09-20T21:08:50","guid":{"rendered":"http:\/\/eventos.cmm.uchile.cl\/workshopcup02\/?page_id=71"},"modified":"2021-11-29T17:41:21","modified_gmt":"2021-11-29T20:41:21","slug":"programme","status":"publish","type":"page","link":"https:\/\/eventos.cmm.uchile.cl\/workshopcup02\/en\/programme\/","title":{"rendered":"Programme"},"content":{"rendered":"<p>Workshop Series JNCC\/Copernicus Relays Chile\/CMM<\/p>\n<p><strong>Copernicus Data for Chile and Latin America:<br \/>\n<\/strong><strong>Building applications and collaboration networks<\/strong><\/p>\n<p>Event 2 of 5: Natural disasters<\/p>\n<ul id=\"menu-programme\" class=\"menu programa\"><li id=\"menu-item-110\" class=\"menu-item menu-item-type-custom menu-item-object-custom menu-item-110\"><a href=\"#day1\">Day 1<\/a><\/li>\n<li id=\"menu-item-111\" class=\"menu-item menu-item-type-custom menu-item-object-custom menu-item-111\"><a href=\"#day2\">Day 2<\/a><\/li>\n<li id=\"menu-item-112\" class=\"menu-item menu-item-type-custom menu-item-object-custom menu-item-112\"><a href=\"#day3\">Day 3<\/a><\/li>\n<li id=\"menu-item-113\" class=\"menu-item menu-item-type-custom menu-item-object-custom menu-item-113\"><a href=\"#day4\">Day 4<\/a><\/li>\n<\/ul>\n<p>&nbsp;<\/p>\n<div class=\"su-service servicio\"><div class=\"su-service-title\" style=\"padding-left:46px;min-height:32px;line-height:32px\"><i class=\"sui sui-video-camera\" style=\"font-size:32px;color:#23519A\"><\/i> Zoom \/ Simultaneous translation<\/div><div class=\"su-service-content su-u-clearfix su-u-trim\" style=\"padding-left:46px\">The full event will be on line through the Zoom Platform. Plenary sessions will have simultaneous translation English-Portuguese-Spanish.<\/div><\/div>\n<p>&nbsp;<\/p>\n<h2 id=\"day1\">Day 1. Tuesday, November 30, 2021<\/h2>\n<h4>Session topic: Geohazards<\/h4>\n<p><strong>Chair<br \/>\nJuan Carlos B\u00e1ez<\/strong>, Centro Sismol\u00f3gico Nacional, Chile<\/p>\n<table width=\"100%\">\n<tbody>\n<tr>\n<td width=\"100\">Time<br \/>\n(Chile UTC-3)<\/td>\n<td width=\"252\"><\/td>\n<td width=\"252\"><\/td>\n<\/tr>\n<tr>\n<td width=\"100\">10:00-10:40<\/td>\n<td width=\"252\">Keynote speech<\/td>\n<td width=\"252\"><em>Use of the Sentinel-1 constellation for measuring ground movements<\/em><br \/>\n<strong>Oriol Monserrat<\/strong>, European Ground Motion Service<\/td>\n<\/tr>\n<tr>\n<td rowspan=\"3\" width=\"100\">10:40-11:25<\/td>\n<td rowspan=\"3\" width=\"252\">Panel &#8211; Monitoring the Earth<\/td>\n<td width=\"252\"><em>Interferometry with Sentinel 1 images to monitor volcanic deformation in Colombia<\/em><br \/>\n<strong>Jorge Alpala<\/strong>, Colombian Geology Service, Colombia<\/td>\n<\/tr>\n<tr>\n<td width=\"252\"><em>Use of DinSAR in the analysis after mass removal<\/em><br \/>\n<strong>Paula Olea Encina<\/strong>, Servicio Nacional de Geolog\u00eda y Miner\u00eda<\/td>\n<\/tr>\n<tr>\n<td width=\"252\"><em>Applications of InSAR in Active Tectonics: a study of 2016\u2019s Chiloe earthquake and its relationship to the megaearthquake of 1960<\/em><br \/>\n<strong>Francisco Delgado<\/strong>, University of Chile<\/td>\n<\/tr>\n<tr>\n<td width=\"100\">11:25-11:35<\/td>\n<td width=\"252\">Break<\/td>\n<td width=\"252\"><\/td>\n<\/tr>\n<tr>\n<td width=\"100\">11:35-12:20<\/td>\n<td width=\"252\">Selected sessions breakout<\/td>\n<td width=\"252\">\n<ul>\n<li>Risk assessment and management<\/li>\n<li>Monitoring and Forecasting<\/li>\n<li>Impact measurement and recovery<\/li>\n<\/ul>\n<\/td>\n<\/tr>\n<tr>\n<td width=\"100\">12:20-12:30<\/td>\n<td width=\"252\">Presentation by the rapporteurs<\/td>\n<td width=\"252\"><\/td>\n<\/tr>\n<tr>\n<td width=\"100\">12:30 &#8211; &#8211;<\/td>\n<td width=\"252\">Closing of Day 1<\/td>\n<td><\/td>\n<\/tr>\n<\/tbody>\n<\/table>\n<div class=\"su-divider su-divider-style-default\" style=\"margin:20px 0;border-width:3px;border-color:#23519A\"><a href=\"#\" style=\"color:#999999\">Ir arriba<\/a><\/div>\n<h2 id=\"day2\">Day 2: Wednesday, December 1, 2021<\/h2>\n<h4>Session topic: Hydrological hazards<\/h4>\n<p><strong>Chair<br \/>\nJaime Ortega<\/strong>, Universidad de Chile<\/p>\n<table width=\"100%\">\n<tbody>\n<tr>\n<td width=\"100\">Time<br \/>\n(Chile UTC-3)<\/td>\n<td width=\"252\"><\/td>\n<td width=\"252\"><\/td>\n<\/tr>\n<tr>\n<td width=\"100\">10:00-10:40<\/td>\n<td width=\"252\">Keynote speech<\/td>\n<td width=\"252\"><em>Application of the Copernicus Flood Emergency Management Service: Early warning and use cases with Sentinel-1<\/em><br \/>\n<strong>Isabel Go\u00f1i, Esperanza Amezketa Lizarraga &amp; Arantzazu Larra\u00f1aga Urien<\/strong> \u2013 Tracasa, Spain<\/td>\n<\/tr>\n<tr>\n<td rowspan=\"3\" width=\"100\">10:40-11:25<\/td>\n<td rowspan=\"3\" width=\"252\">Panel &#8211; Monitoring Flows<\/td>\n<td width=\"252\"><em>Mapping of areas damaged by the 2018 earthquake\/tsunami in Silawesi, Indonesia using Sentinel-2 satellite images<\/em><br \/>\n<strong>Luis Moya<\/strong>, UNI, Peru<\/td>\n<\/tr>\n<tr>\n<td width=\"252\"><em>Threat, vulnerability and flood risk analysis: case study Santiago de Cali, Colombia<\/em><br \/>\n<strong>Mar\u00eda Eugenia Sevillano<\/strong>, Colombia<\/td>\n<\/tr>\n<tr>\n<td width=\"252\"><em>Floods using AI Models<\/em><br \/>\n<strong>Einar Bjorgo<\/strong>, United Nations Satellite Centre (UNOSAT)<\/td>\n<\/tr>\n<tr>\n<td width=\"100\">11:25-11:35<\/td>\n<td width=\"252\">Break<\/td>\n<td width=\"252\"><\/td>\n<\/tr>\n<tr>\n<td width=\"100\">11:35-12:20<\/td>\n<td width=\"252\">Selected sessions breakout<\/td>\n<td width=\"252\">\n<ul>\n<li>Risk assessment and management<\/li>\n<li>Monitoring and Forecasting<\/li>\n<li>Impact measurement and recovery<\/li>\n<\/ul>\n<\/td>\n<\/tr>\n<tr>\n<td width=\"100\">12:20-12:30<\/td>\n<td width=\"252\"><\/td>\n<td width=\"252\"><\/td>\n<\/tr>\n<tr>\n<td width=\"100\">12:30 &#8211; &#8211;<\/td>\n<td width=\"252\">Closing of Day 2<\/td>\n<td width=\"252\"><\/td>\n<\/tr>\n<\/tbody>\n<\/table>\n<div class=\"su-divider su-divider-style-default\" style=\"margin:20px 0;border-width:3px;border-color:#23519A\"><a href=\"#\" style=\"color:#999999\">Ir arriba<\/a><\/div>\n<h2 id=\"day3\">Day 3. Thursday, December 2, 2021<\/h2>\n<h4>Session topic: Wildfires<\/h4>\n<p><strong>Chair<br \/>\nMacarena P\u00e9rez<\/strong>, Instituto para la Resiliencia ante Desastres (ITREND)<\/p>\n<table width=\"100%\">\n<tbody>\n<tr>\n<td width=\"100\">Time<br \/>\n(Chile UTC-3)<\/td>\n<td width=\"252\"><\/td>\n<td width=\"252\"><\/td>\n<\/tr>\n<tr>\n<td width=\"100\">10:00-10:40<\/td>\n<td width=\"252\">Keynote speech<\/td>\n<td width=\"252\"><em>Global Wildfire Information System<\/em><br \/>\n<strong>Jes\u00fas San Miguel<\/strong>, Global Wildfire Information System (GWIS)<\/td>\n<\/tr>\n<tr>\n<td rowspan=\"3\" width=\"100\">10:40-11:25<\/td>\n<td rowspan=\"3\" width=\"252\">Panel &#8211; Wildfires: Monitoring Impact and Recovery<\/td>\n<td width=\"252\"><em>Forest Fires in Costa Rica<\/em><br \/>\n<strong>Melvin Lizano<\/strong>, Universidad de Costa Rica<\/td>\n<\/tr>\n<tr>\n<td width=\"252\"><em>Impacts of the 2017 Forest Fire in the provisioning of ecosystemic services and landscape recovery<\/em><br \/>\n<strong>Diana Mancilla<\/strong>, Universidad de Concepci\u00f3n, Chile<\/td>\n<\/tr>\n<tr>\n<td width=\"252\"><em>Detailed Monitoring of areas damaged by forest fires in Andaluc\u00eda<\/em><br \/>\n<strong>Juan Jos\u00e9 Vales Bravo<\/strong>, Junta de Andaluc\u00eda, Spain<\/td>\n<\/tr>\n<tr>\n<td width=\"100\">11:25-11:35<\/td>\n<td width=\"252\">Break<\/td>\n<td width=\"252\"><\/td>\n<\/tr>\n<tr>\n<td width=\"100\">11:35-12:20<\/td>\n<td width=\"252\">\u00a0Selected sessions breakout<\/td>\n<td width=\"252\">\n<ul>\n<li>Risk assessment and management<\/li>\n<li>Monitoring and Forecasting<\/li>\n<li>Impact measurement and recovery<\/li>\n<\/ul>\n<\/td>\n<\/tr>\n<tr>\n<td width=\"100\">12:20-12:30<\/td>\n<td width=\"252\">\u00a0Presentation by the rapporteurs<\/td>\n<td width=\"252\"><\/td>\n<\/tr>\n<tr>\n<td width=\"100\">12:30<\/td>\n<td width=\"252\">Closing of Day 3<\/td>\n<td><\/td>\n<\/tr>\n<\/tbody>\n<\/table>\n<div class=\"su-divider su-divider-style-default\" style=\"margin:20px 0;border-width:3px;border-color:#23519A\"><a href=\"#\" style=\"color:#999999\">Ir arriba<\/a><\/div>\n<h2 id=\"day4\">Day 4. Friday, December 3, 2021<\/h2>\n<h4>Session topic: Meteorological hazards<\/h4>\n<p><strong>Chair<br \/>\nRoberto Rondanelli<\/strong>, CR2, University of Chile<\/p>\n<table width=\"100%\">\n<tbody>\n<tr>\n<td width=\"100\">Time<br \/>\n(Chile UTC-3)<\/td>\n<td width=\"252\"><\/td>\n<td width=\"252\"><\/td>\n<\/tr>\n<tr>\n<td width=\"100\">10:00-10:40<\/td>\n<td width=\"252\">Keynote speech<\/td>\n<td width=\"252\"><em>Storm surge modelling development<\/em><br \/>\n<strong>Dr. Katie Medcalf<\/strong>, Environment Director at Environment Systems, Aberystwyth, Wales, UK<\/td>\n<\/tr>\n<tr>\n<td rowspan=\"3\" width=\"100\">10:40-11:25<\/td>\n<td rowspan=\"3\" width=\"252\">Panel &#8211; Monitoring Meteorology with Copernicus<\/td>\n<td width=\"252\"><em>Utilization of Sentinel 1 and 2 images in Natural Disaster Analysis<\/em><br \/>\n<strong>Octavio Smith<\/strong>, Centro del Agua del tr\u00f3pico H\u00famedo para Am\u00e9rica Latina y el Caribe (CATHALAC), Panama<\/td>\n<\/tr>\n<tr>\n<td width=\"252\"><em>Heat waves and some impacts in south-central Chile<\/em><br \/>\n<strong>Martin Jacques Coper<\/strong>, Dept. of Geophysics and (CR)2, U. de Concepci\u00f3n, Chile<\/td>\n<\/tr>\n<tr>\n<td width=\"252\"><em>Drought Monitoring in Romania<\/em><br \/>\n<strong>Denis Mihailescu<\/strong>, Laboratory of Remote Sensing and GIS, Romanian Meteorological Administration, Romania<\/td>\n<\/tr>\n<tr>\n<td width=\"100\">11:25-11:35<\/td>\n<td width=\"252\">Break<\/td>\n<td width=\"252\"><\/td>\n<\/tr>\n<tr>\n<td width=\"100\">11:35-12:20<\/td>\n<td width=\"252\">Selected sessions breakout<\/td>\n<td width=\"252\">\n<ul>\n<li>Risk assessment and management<\/li>\n<li>Monitoring and Forecasting<\/li>\n<li>Impact measurement and recovery<\/li>\n<\/ul>\n<\/td>\n<\/tr>\n<tr>\n<td width=\"100\">12:20-12:30<\/td>\n<td width=\"252\">Presentation by the rapporteurs<\/td>\n<td width=\"252\"><\/td>\n<\/tr>\n<tr>\n<td width=\"100\">12:30 &#8211; &#8211;<\/td>\n<td width=\"252\">Closing of Day 4 and Closure of the Seminar<\/td>\n<td width=\"252\"><\/td>\n<\/tr>\n<\/tbody>\n<\/table>\n<div class=\"su-divider su-divider-style-default\" style=\"margin:20px 0;border-width:3px;border-color:#23519A\"><a href=\"#\" style=\"color:#999999\">Ir arriba<\/a><\/div>\n","protected":false},"excerpt":{"rendered":"<p>Workshop Series JNCC\/Copernicus Relays Chile\/CMM Copernicus Data for Chile and Latin America: Building applications and collaboration networks Event 2 of 5: Natural disasters &nbsp; &nbsp; Day 1. Tuesday, November 30, 2021 Session topic: Geohazards Chair Juan Carlos B\u00e1ez, Centro Sismol\u00f3gico Nacional, Chile Time (Chile UTC-3) 10:00-10:40 Keynote speech Use of the Sentinel-1 constellation for measuring &hellip; <a href=\"https:\/\/eventos.cmm.uchile.cl\/workshopcup02\/en\/programme\/\" class=\"more-link\">Seguir leyendo <span class=\"screen-reader-text\">Programme<\/span> <span class=\"meta-nav\">&rarr;<\/span><\/a><\/p>\n","protected":false},"author":2,"featured_media":0,"parent":0,"menu_order":2,"comment_status":"closed","ping_status":"closed","template":"","meta":{"inline_featured_image":false,"footnotes":""},"class_list":["post-71","page","type-page","status-publish","hentry"],"_links":{"self":[{"href":"https:\/\/eventos.cmm.uchile.cl\/workshopcup02\/wp-json\/wp\/v2\/pages\/71","targetHints":{"allow":["GET"]}}],"collection":[{"href":"https:\/\/eventos.cmm.uchile.cl\/workshopcup02\/wp-json\/wp\/v2\/pages"}],"about":[{"href":"https:\/\/eventos.cmm.uchile.cl\/workshopcup02\/wp-json\/wp\/v2\/types\/page"}],"author":[{"embeddable":true,"href":"https:\/\/eventos.cmm.uchile.cl\/workshopcup02\/wp-json\/wp\/v2\/users\/2"}],"replies":[{"embeddable":true,"href":"https:\/\/eventos.cmm.uchile.cl\/workshopcup02\/wp-json\/wp\/v2\/comments?post=71"}],"version-history":[{"count":31,"href":"https:\/\/eventos.cmm.uchile.cl\/workshopcup02\/wp-json\/wp\/v2\/pages\/71\/revisions"}],"predecessor-version":[{"id":266,"href":"https:\/\/eventos.cmm.uchile.cl\/workshopcup02\/wp-json\/wp\/v2\/pages\/71\/revisions\/266"}],"wp:attachment":[{"href":"https:\/\/eventos.cmm.uchile.cl\/workshopcup02\/wp-json\/wp\/v2\/media?parent=71"}],"curies":[{"name":"wp","href":"https:\/\/api.w.org\/{rel}","templated":true}]}}