{"id":9,"date":"2021-07-07T19:38:47","date_gmt":"2021-07-07T23:38:47","guid":{"rendered":"http:\/\/eventos.cmm.uchile.cl\/workshopcup02\/?page_id=9"},"modified":"2021-12-03T09:55:19","modified_gmt":"2021-12-03T12:55:19","slug":"inicio","status":"publish","type":"page","link":"https:\/\/eventos.cmm.uchile.cl\/workshopcup02\/","title":{"rendered":""},"content":{"rendered":"<h5 class=\"numero_evento\">Evento 2 de 5<\/h5>\n<h1>Desastres Naturales<\/h1>\n<h5 class=\"fecha_evento\">30 de noviembre al 3 de diciembre de 2021<\/h5>\n<p>Participe junto al Centro de Modelamiento Matem\u00e1tico (CMM) de la Universidad de Chile y el Joint Nature Conservation Committee (JNCC) del Reino Unido en el\u00a0<strong>segundo evento<\/strong>\u00a0de la serie de talleres\u00a0<strong>Datos satelitales de Copernicus en Chile y Am\u00e9rica Latina: Construyendo aplicaciones y redes de colaboraci\u00f3n<\/strong>\u00a0que se celebrar\u00e1\u00a0<strong>entre el 30 de noviembre y el 3 de diciembre de 2021<\/strong>.<\/p>\n<p>Los talleres explorar\u00e1n c\u00f3mo se utilizan los datos de Copernicus para monitorear, evaluar riesgos y mitigar los\u00a0<strong>desastres naturales<\/strong> a trav\u00e9s de una serie de presentaciones de expertos t\u00e9cnicos de renombre internacional. El evento convocar\u00e1 a grupos de inter\u00e9s de colaboraci\u00f3n para el desarrollo de futuros proyectos e identificar\u00e1 oportunidades de financiamiento para la investigaci\u00f3n.<\/p>\n<p>Las sesiones tem\u00e1ticas incluir\u00e1n:<\/p>\n<ul>\n<li>Riesgos geol\u00f3gicos<\/li>\n<li>Riesgos hidrol\u00f3gicos<\/li>\n<li>Incendios forestales<\/li>\n<li>Riesgos meteorol\u00f3gicos<\/li>\n<\/ul>\n<p>&nbsp;<\/p>\n<div class=\"su-button-center\"><a href=\"https:\/\/youtu.be\/P0wcFsryJ2Y\" class=\"su-button su-button-style-default\" style=\"color:#FFFFFF;background-color:#23519A;border-color:#1c417c;border-radius:7px\" target=\"_blank\" rel=\"noopener noreferrer\"><span style=\"color:#FFFFFF;padding:7px 20px;font-size:16px;line-height:24px;border-color:#6586b9;border-radius:7px;text-shadow:none\"><i class=\"sui sui-youtube-play\" style=\"font-size:16px;color:#FFFFFF\"><\/i> Transmisi\u00f3n en YouTube &#8211; D\u00eda 4<\/span><\/a><\/div>\n<h4>Organizan<\/h4>\n<p style=\"text-align: center;\"><a href=\"https:\/\/www.copernicus-user-uptake.eu\/\" target=\"_blank\" rel=\"noopener noreferrer\">Framework Partnership Agreement for Copernicus User Uptake (FPCUP)<\/a>\u00a0|\u00a0<a href=\"http:\/\/jncc.defra.gov.uk\/\" target=\"_blank\" rel=\"noopener noreferrer\">Joint Nature Conservation Committee<\/a>\u00a0| Universidad de Chile |\u00a0<a href=\"https:\/\/www.cmm.uchile.cl\/\" target=\"_blank\" rel=\"noopener noreferrer\">Centro de Modelamiento Matem\u00e1tico<\/a><\/p>\n<p><img loading=\"lazy\" decoding=\"async\" class=\"aligncenter size-full wp-image-45\" src=\"http:\/\/eventos.cmm.uchile.cl\/workshopcup02\/wp-content\/uploads\/sites\/127\/2021\/07\/copernicus_fpcup_chile_w1_sponsors_es_01.png\" alt=\"organizadores\" width=\"600\" height=\"90\" srcset=\"https:\/\/eventos.cmm.uchile.cl\/workshopcup02\/wp-content\/uploads\/sites\/127\/2021\/07\/copernicus_fpcup_chile_w1_sponsors_es_01.png 600w, https:\/\/eventos.cmm.uchile.cl\/workshopcup02\/wp-content\/uploads\/sites\/127\/2021\/07\/copernicus_fpcup_chile_w1_sponsors_es_01-300x45.png 300w\" sizes=\"auto, (max-width: 600px) 100vw, 600px\" \/><\/p>\n","protected":false},"excerpt":{"rendered":"<p>Evento 2 de 5 Desastres Naturales 30 de noviembre al 3 de diciembre de 2021 Participe junto al Centro de Modelamiento Matem\u00e1tico (CMM) de la Universidad de Chile y el Joint Nature Conservation Committee (JNCC) del Reino Unido en el\u00a0segundo evento\u00a0de la serie de talleres\u00a0Datos satelitales de Copernicus en Chile y Am\u00e9rica Latina: Construyendo aplicaciones &hellip; <a href=\"https:\/\/eventos.cmm.uchile.cl\/workshopcup02\/\" class=\"more-link\">Seguir leyendo <span class=\"screen-reader-text\"><\/span> <span class=\"meta-nav\">&rarr;<\/span><\/a><\/p>\n","protected":false},"author":2,"featured_media":0,"parent":0,"menu_order":0,"comment_status":"closed","ping_status":"closed","template":"","meta":{"inline_featured_image":false,"footnotes":""},"class_list":["post-9","page","type-page","status-publish","hentry"],"_links":{"self":[{"href":"https:\/\/eventos.cmm.uchile.cl\/workshopcup02\/wp-json\/wp\/v2\/pages\/9","targetHints":{"allow":["GET"]}}],"collection":[{"href":"https:\/\/eventos.cmm.uchile.cl\/workshopcup02\/wp-json\/wp\/v2\/pages"}],"about":[{"href":"https:\/\/eventos.cmm.uchile.cl\/workshopcup02\/wp-json\/wp\/v2\/types\/page"}],"author":[{"embeddable":true,"href":"https:\/\/eventos.cmm.uchile.cl\/workshopcup02\/wp-json\/wp\/v2\/users\/2"}],"replies":[{"embeddable":true,"href":"https:\/\/eventos.cmm.uchile.cl\/workshopcup02\/wp-json\/wp\/v2\/comments?post=9"}],"version-history":[{"count":27,"href":"https:\/\/eventos.cmm.uchile.cl\/workshopcup02\/wp-json\/wp\/v2\/pages\/9\/revisions"}],"predecessor-version":[{"id":291,"href":"https:\/\/eventos.cmm.uchile.cl\/workshopcup02\/wp-json\/wp\/v2\/pages\/9\/revisions\/291"}],"wp:attachment":[{"href":"https:\/\/eventos.cmm.uchile.cl\/workshopcup02\/wp-json\/wp\/v2\/media?parent=9"}],"curies":[{"name":"wp","href":"https:\/\/api.w.org\/{rel}","templated":true}]}}