{"id":12,"date":"2021-07-07T19:47:57","date_gmt":"2021-07-07T23:47:57","guid":{"rendered":"http:\/\/eventos.cmm.uchile.cl\/workshopcup03\/?page_id=12"},"modified":"2022-10-17T10:57:26","modified_gmt":"2022-10-17T13:57:26","slug":"registro","status":"publish","type":"page","link":"https:\/\/eventos.cmm.uchile.cl\/workshopcup03\/registro\/","title":{"rendered":"Registro"},"content":{"rendered":"<p>El registro est\u00e1 cerrado pues la actividad ya concluy\u00f3.<\/p>\n<p>Gracias por su inter\u00e9s. Puede ver las transmisiones en YouTube y descargar las presentaciones en las p\u00e1ginas de cada sesi\u00f3n local:<\/p>\n<ul id=\"menu-programa\" class=\"menu programa\">\n<li id=\"menu-item-412\" class=\"menu-item menu-item-type-post_type menu-item-object-page current-menu-item page_item page-item-387 current_page_item menu-item-412\"><a href=\"https:\/\/eventos.cmm.uchile.cl\/workshopcup03\/mineria\/\" aria-current=\"page\">Recursos mineros<\/a><\/li>\n<li id=\"menu-item-413\" class=\"menu-item menu-item-type-post_type menu-item-object-page menu-item-413\"><a href=\"https:\/\/eventos.cmm.uchile.cl\/workshopcup03\/forestal\/\">Recursos forestales<\/a><\/li>\n<li id=\"menu-item-414\" class=\"menu-item menu-item-type-post_type menu-item-object-page menu-item-414\"><a href=\"https:\/\/eventos.cmm.uchile.cl\/workshopcup03\/agricultura\/\">Recursos agr\u00edcolas<\/a><\/li>\n<li id=\"menu-item-415\" class=\"menu-item menu-item-type-post_type menu-item-object-page menu-item-415\"><a href=\"https:\/\/eventos.cmm.uchile.cl\/workshopcup03\/agua\/\">Recursos h\u00eddricos<\/a><\/li>\n<\/ul>\n","protected":false},"excerpt":{"rendered":"<p>El registro est\u00e1 cerrado pues la actividad ya concluy\u00f3. Gracias por su inter\u00e9s. Puede ver las transmisiones en YouTube y descargar las presentaciones en las p\u00e1ginas de cada sesi\u00f3n local: Recursos mineros Recursos forestales Recursos agr\u00edcolas Recursos h\u00eddricos<\/p>\n","protected":false},"author":2,"featured_media":0,"parent":0,"menu_order":6,"comment_status":"closed","ping_status":"closed","template":"","meta":{"inline_featured_image":false,"footnotes":""},"class_list":["post-12","page","type-page","status-publish","hentry"],"_links":{"self":[{"href":"https:\/\/eventos.cmm.uchile.cl\/workshopcup03\/wp-json\/wp\/v2\/pages\/12","targetHints":{"allow":["GET"]}}],"collection":[{"href":"https:\/\/eventos.cmm.uchile.cl\/workshopcup03\/wp-json\/wp\/v2\/pages"}],"about":[{"href":"https:\/\/eventos.cmm.uchile.cl\/workshopcup03\/wp-json\/wp\/v2\/types\/page"}],"author":[{"embeddable":true,"href":"https:\/\/eventos.cmm.uchile.cl\/workshopcup03\/wp-json\/wp\/v2\/users\/2"}],"replies":[{"embeddable":true,"href":"https:\/\/eventos.cmm.uchile.cl\/workshopcup03\/wp-json\/wp\/v2\/comments?post=12"}],"version-history":[{"count":23,"href":"https:\/\/eventos.cmm.uchile.cl\/workshopcup03\/wp-json\/wp\/v2\/pages\/12\/revisions"}],"predecessor-version":[{"id":141,"href":"https:\/\/eventos.cmm.uchile.cl\/workshopcup03\/wp-json\/wp\/v2\/pages\/12\/revisions\/141"}],"wp:attachment":[{"href":"https:\/\/eventos.cmm.uchile.cl\/workshopcup03\/wp-json\/wp\/v2\/media?parent=12"}],"curies":[{"name":"wp","href":"https:\/\/api.w.org\/{rel}","templated":true}]}}