{"id":387,"date":"2022-08-03T11:21:12","date_gmt":"2022-08-03T15:21:12","guid":{"rendered":"https:\/\/eventos.cmm.uchile.cl\/workshopcup03\/?page_id=387"},"modified":"2022-10-17T10:59:56","modified_gmt":"2022-10-17T13:59:56","slug":"mineria","status":"publish","type":"page","link":"https:\/\/eventos.cmm.uchile.cl\/workshopcup03\/mineria\/","title":{"rendered":"Recursos mineros"},"content":{"rendered":"<ul id=\"menu-programa\" class=\"menu programa\"><li id=\"menu-item-412\" class=\"menu-item menu-item-type-post_type menu-item-object-page menu-item-412\"><a href=\"https:\/\/eventos.cmm.uchile.cl\/workshopcup03\/mineria\/\">Recursos mineros<\/a><\/li>\n<li id=\"menu-item-413\" class=\"menu-item menu-item-type-post_type menu-item-object-page menu-item-413\"><a href=\"https:\/\/eventos.cmm.uchile.cl\/workshopcup03\/forestal\/\">Recursos forestales<\/a><\/li>\n<li id=\"menu-item-414\" class=\"menu-item menu-item-type-post_type menu-item-object-page menu-item-414\"><a href=\"https:\/\/eventos.cmm.uchile.cl\/workshopcup03\/agricultura\/\">Recursos agr\u00edcolas<\/a><\/li>\n<li id=\"menu-item-415\" class=\"menu-item menu-item-type-post_type menu-item-object-page menu-item-415\"><a href=\"https:\/\/eventos.cmm.uchile.cl\/workshopcup03\/agua\/\">Recursos h\u00eddricos<\/a><\/li>\n<\/ul>\n<h2>6 de septiembre de 2022<\/h2>\n<h4>Antofagasta \u2013 Chile<\/h4>\n<p>Participe junto al Centro de Modelamiento Matem\u00e1tico (CMM) de la Universidad de Chile y el Joint Nature Conservation Committee (JNCC) del Reino Unido en el\u00a0<strong>tercer evento<\/strong>\u00a0de la serie de talleres\u00a0<strong>Datos satelitales de Copernicus en Chile y Am\u00e9rica Latina: Construyendo aplicaciones y redes de colaboraci\u00f3n<\/strong>. La <strong>Sesi\u00f3n 1: Recursos mineros<\/strong> se llevar\u00e1 a cabo el <strong>6 de septiembre de 2022<\/strong> en la ciudad de Antofagasta, Chile.<\/p>\n<p>El taller explorar\u00e1 c\u00f3mo se utilizan los datos de Copernicus para la gesti\u00f3n de <strong>recursos mineros<\/strong>\u00a0a trav\u00e9s de una serie de presentaciones de expertos t\u00e9cnicos de renombre internacional. El evento convocar\u00e1 a grupos de inter\u00e9s de colaboraci\u00f3n para el desarrollo de futuros proyectos e identificar\u00e1 oportunidades de financiamiento para la investigaci\u00f3n.<\/p>\n<div class=\"su-button-center\"><a href=\"https:\/\/eventos.cmm.uchile.cl\/workshopcup03\/registro\/\" class=\"su-button su-button-style-flat\" style=\"color:#FFFFFF;background-color:#23519A;border-color:#1c417c;border-radius:9px\" target=\"_self\"><span style=\"color:#FFFFFF;padding:8px 24px;font-size:18px;line-height:27px;border-color:#6586b9;border-radius:9px;text-shadow:none\"><i class=\"sui sui-wpforms\" style=\"font-size:18px;color:#FFFFFF\"><\/i> Registrarme<\/span><\/a><\/div>\n<p>&nbsp;<\/p>\n<div class=\"su-service servicio\"><div class=\"su-service-title\" style=\"padding-left:46px;min-height:32px;line-height:32px\"><i class=\"sui sui-video-camera\" style=\"font-size:32px;color:#23519A\"><\/i> Presencial \/ Zoom \/ Traducci\u00f3n simult\u00e1nea<\/div><div class=\"su-service-content su-u-clearfix su-u-trim\" style=\"padding-left:46px\"> El evento se realizar\u00e1 de forma presencial en Antofagasta, a distancia v\u00eda Zoom, y\u00a0 ser\u00e1 transmitido por YouTube. Las sesiones plenarias contar\u00e1n con traducci\u00f3n simult\u00e1nea Ingl\u00e9s-Portugu\u00e9s-Espa\u00f1ol a trav\u00e9s de Zoom.<\/p>\n<div class=\"su-button-center\"><a href=\"https:\/\/youtu.be\/yReq-sMlPSk\" class=\"su-button su-button-style-flat\" style=\"color:#FFFFFF;background-color:#23519A;border-color:#1c417c;border-radius:9px\" target=\"_blank\" rel=\"noopener noreferrer\"><span style=\"color:#FFFFFF;padding:8px 24px;font-size:18px;line-height:27px;border-color:#6586b9;border-radius:9px;text-shadow:none\"><i class=\"sui sui-youtube-play\" style=\"font-size:18px;color:#FFFFFF\"><\/i> Transmisi\u00f3n en YouTube<\/span><\/a><\/div>\n<\/div><\/div>\n<p>&nbsp;<\/p>\n<h2>Ubicaci\u00f3n<\/h2>\n<p>Auditorio Andr\u00e9s Sabella<br \/>\nCasa Central (Antofagasta), Universidad Cat\u00f3lica del Norte<br \/>\nAv. Angamos 0610, Antofagasta \u2013 Chile<br \/>\n<img loading=\"lazy\" decoding=\"async\" class=\"size-full wp-image-494 alignnone\" src=\"https:\/\/eventos.cmm.uchile.cl\/workshopcup03\/wp-content\/uploads\/sites\/140\/2022\/08\/antofagasta_ucn_auditorio_andres_sabella_01.jpg\" alt=\"Auditorio Andr\u00e9s Sabella \" width=\"604\" height=\"200\" srcset=\"https:\/\/eventos.cmm.uchile.cl\/workshopcup03\/wp-content\/uploads\/sites\/140\/2022\/08\/antofagasta_ucn_auditorio_andres_sabella_01.jpg 604w, https:\/\/eventos.cmm.uchile.cl\/workshopcup03\/wp-content\/uploads\/sites\/140\/2022\/08\/antofagasta_ucn_auditorio_andres_sabella_01-300x99.jpg 300w\" sizes=\"auto, (max-width: 604px) 100vw, 604px\" \/><br \/>\n<div class=\"su-divider su-divider-style-default\" style=\"margin:20px 0;border-width:3px;border-color:#23519A\"><a href=\"#\" style=\"color:#999999\">Volver arriba \u2303<\/a><\/div>\n<h2>Programa<\/h2>\n<p><strong>\u00a0<\/strong><\/p>\n<table width=\"100%\">\n<tbody>\n<tr>\n<td width=\"100\">Hora<br \/>\n(Chile UTC-3)<\/td>\n<td width=\"252\"><\/td>\n<td width=\"252\"><\/td>\n<\/tr>\n<tr>\n<td width=\"100\">10:00-10:20<\/td>\n<td width=\"252\">Apertura<\/td>\n<td width=\"252\"><\/td>\n<\/tr>\n<tr>\n<td width=\"100\">10:20-11:20<\/td>\n<td width=\"252\">Conferencia Central<\/td>\n<td width=\"252\"><em>Using Copernicus data within the Raw Materials lifecycle<\/em><br \/>\n<strong>Sara Kasmaeeyazdi<\/strong>, University of Bologna and RawMatCo Project<br \/>\n<a href=\"https:\/\/static.cmm.uchile.cl\/descargas\/2022\/copernicus_fpcup_chile\/keynotes\/kasmaeeyazdi_Presentation_SaraKasmaee_Antofagasta.pdf\" target=\"_blank\" rel=\"noopener\">Descargar (PDF)<\/a><\/td>\n<\/tr>\n<tr>\n<td width=\"100\">11:20-11:50<\/td>\n<td width=\"252\">Pausa Caf\u00e9<\/td>\n<td width=\"252\"><\/td>\n<\/tr>\n<tr>\n<td rowspan=\"3\" width=\"100\">11:50-13:05<\/td>\n<td rowspan=\"3\" width=\"252\">Panel<\/td>\n<td width=\"252\"><em>Mapeando \u00e1reas mineras en la Amazon\u00eda brasile\u00f1a usando im\u00e1genes Sentinel<\/em><br \/>\n<strong>Felipe Lobo<\/strong>, Brasil<br \/>\n<a href=\"https:\/\/static.cmm.uchile.cl\/descargas\/2022\/copernicus_fpcup_chile\/antofagasta\/lobo_FPCUP_Extractives_PPT_FLLobo.pdf\" target=\"_blank\" rel=\"noopener\">Descargar (PDF)<\/a><\/td>\n<\/tr>\n<tr>\n<td width=\"252\"><em>Remote Monitoring of Mine Tailings<\/em><br \/>\n<strong>Jaime Ortega<\/strong>, Universidad de Chile<br \/>\n<a href=\"https:\/\/static.cmm.uchile.cl\/descargas\/2022\/copernicus_fpcup_chile\/antofagasta\/ortega_JNCC_2022_v2.0.pdf\" target=\"_blank\" rel=\"noopener\">Descargar (PDF)<\/a><\/td>\n<\/tr>\n<tr>\n<td width=\"252\"><em>The Goldeneye Project<\/em><br \/>\n<strong>Taras Matselyukh<\/strong>, Finlandia<\/td>\n<\/tr>\n<tr>\n<td width=\"100\">13:05-13:50<\/td>\n<td width=\"252\">Discusi\u00f3n ampliada<\/td>\n<td width=\"252\"><\/td>\n<\/tr>\n<tr>\n<td width=\"100\">13:50 -14:00<\/td>\n<td width=\"252\">Cierre<\/td>\n<td width=\"252\"><\/td>\n<\/tr>\n<tr>\n<td width=\"100\">14:00<\/td>\n<td width=\"252\">C\u00f3ctel<\/td>\n<td><\/td>\n<\/tr>\n<\/tbody>\n<\/table>\n<div class=\"su-divider su-divider-style-default\" style=\"margin:20px 0;border-width:3px;border-color:#23519A\"><a href=\"#\" style=\"color:#999999\">Volver arriba \u2303<\/a><\/div>\n","protected":false},"excerpt":{"rendered":"<p>6 de septiembre de 2022 Antofagasta \u2013 Chile Participe junto al Centro de Modelamiento Matem\u00e1tico (CMM) de la Universidad de Chile y el Joint Nature Conservation Committee (JNCC) del Reino Unido en el\u00a0tercer evento\u00a0de la serie de talleres\u00a0Datos satelitales de Copernicus en Chile y Am\u00e9rica Latina: Construyendo aplicaciones y redes de colaboraci\u00f3n. La Sesi\u00f3n 1: &hellip; <a href=\"https:\/\/eventos.cmm.uchile.cl\/workshopcup03\/mineria\/\" class=\"more-link\">Seguir leyendo <span class=\"screen-reader-text\">Recursos mineros<\/span> <span class=\"meta-nav\">&rarr;<\/span><\/a><\/p>\n","protected":false},"author":2,"featured_media":0,"parent":0,"menu_order":2,"comment_status":"closed","ping_status":"closed","template":"","meta":{"inline_featured_image":false,"footnotes":""},"class_list":["post-387","page","type-page","status-publish","hentry"],"_links":{"self":[{"href":"https:\/\/eventos.cmm.uchile.cl\/workshopcup03\/wp-json\/wp\/v2\/pages\/387","targetHints":{"allow":["GET"]}}],"collection":[{"href":"https:\/\/eventos.cmm.uchile.cl\/workshopcup03\/wp-json\/wp\/v2\/pages"}],"about":[{"href":"https:\/\/eventos.cmm.uchile.cl\/workshopcup03\/wp-json\/wp\/v2\/types\/page"}],"author":[{"embeddable":true,"href":"https:\/\/eventos.cmm.uchile.cl\/workshopcup03\/wp-json\/wp\/v2\/users\/2"}],"replies":[{"embeddable":true,"href":"https:\/\/eventos.cmm.uchile.cl\/workshopcup03\/wp-json\/wp\/v2\/comments?post=387"}],"version-history":[{"count":21,"href":"https:\/\/eventos.cmm.uchile.cl\/workshopcup03\/wp-json\/wp\/v2\/pages\/387\/revisions"}],"predecessor-version":[{"id":586,"href":"https:\/\/eventos.cmm.uchile.cl\/workshopcup03\/wp-json\/wp\/v2\/pages\/387\/revisions\/586"}],"wp:attachment":[{"href":"https:\/\/eventos.cmm.uchile.cl\/workshopcup03\/wp-json\/wp\/v2\/media?parent=387"}],"curies":[{"name":"wp","href":"https:\/\/api.w.org\/{rel}","templated":true}]}}