{"id":395,"date":"2022-08-03T11:46:12","date_gmt":"2022-08-03T15:46:12","guid":{"rendered":"https:\/\/eventos.cmm.uchile.cl\/workshopcup03\/?page_id=395"},"modified":"2022-10-14T00:54:00","modified_gmt":"2022-10-14T03:54:00","slug":"forestal","status":"publish","type":"page","link":"https:\/\/eventos.cmm.uchile.cl\/workshopcup03\/forestal\/","title":{"rendered":"Recursos forestales"},"content":{"rendered":"<ul id=\"menu-programa\" class=\"menu programa\"><li id=\"menu-item-412\" class=\"menu-item menu-item-type-post_type menu-item-object-page menu-item-412\"><a href=\"https:\/\/eventos.cmm.uchile.cl\/workshopcup03\/mineria\/\">Recursos mineros<\/a><\/li>\n<li id=\"menu-item-413\" class=\"menu-item menu-item-type-post_type menu-item-object-page menu-item-413\"><a href=\"https:\/\/eventos.cmm.uchile.cl\/workshopcup03\/forestal\/\">Recursos forestales<\/a><\/li>\n<li id=\"menu-item-414\" class=\"menu-item menu-item-type-post_type menu-item-object-page menu-item-414\"><a href=\"https:\/\/eventos.cmm.uchile.cl\/workshopcup03\/agricultura\/\">Recursos agr\u00edcolas<\/a><\/li>\n<li id=\"menu-item-415\" class=\"menu-item menu-item-type-post_type menu-item-object-page menu-item-415\"><a href=\"https:\/\/eventos.cmm.uchile.cl\/workshopcup03\/agua\/\">Recursos h\u00eddricos<\/a><\/li>\n<\/ul>\n<h2 id=\"dia2\">7 de septiembre de 2022<\/h2>\n<h4>Chill\u00e1n \u2013 Chile<\/h4>\n<p>Participe junto al Centro de Modelamiento Matem\u00e1tico (CMM) de la Universidad de Chile y el Joint Nature Conservation Committee (JNCC) del Reino Unido en el\u00a0<strong>tercer evento<\/strong>\u00a0de la serie de talleres\u00a0<strong>Datos satelitales de Copernicus en Chile y Am\u00e9rica Latina: Construyendo aplicaciones y redes de colaboraci\u00f3n<\/strong>. La <strong>Sesi\u00f3n 2: Recursos forestales<\/strong> se llevar\u00e1 a cabo el <strong>7 de septiembre de 2022<\/strong> en la ciudad de Chill\u00e1n, Chile.<\/p>\n<p>El taller explorar\u00e1 c\u00f3mo se utilizan los datos de Copernicus para la gesti\u00f3n de <strong>recursos forestales<\/strong>\u00a0a trav\u00e9s de una serie de presentaciones de expertos t\u00e9cnicos de renombre internacional. El evento convocar\u00e1 a grupos de inter\u00e9s de colaboraci\u00f3n para el desarrollo de futuros proyectos e identificar\u00e1 oportunidades de financiamiento para la investigaci\u00f3n.<\/p>\n<div class=\"su-button-center\"><a href=\"https:\/\/eventos.cmm.uchile.cl\/workshopcup03\/registro\/\" class=\"su-button su-button-style-flat\" style=\"color:#FFFFFF;background-color:#23519A;border-color:#1c417c;border-radius:9px\" target=\"_self\"><span style=\"color:#FFFFFF;padding:8px 24px;font-size:18px;line-height:27px;border-color:#6586b9;border-radius:9px;text-shadow:none\"><i class=\"sui sui-wpforms\" style=\"font-size:18px;color:#FFFFFF\"><\/i> Registrarme<\/span><\/a><\/div>\n<p>&nbsp;<\/p>\n<div class=\"su-service servicio\"><div class=\"su-service-title\" style=\"padding-left:46px;min-height:32px;line-height:32px\"><i class=\"sui sui-video-camera\" style=\"font-size:32px;color:#23519A\"><\/i> Presencial \/ Zoom \/ Traducci\u00f3n simult\u00e1nea<\/div><div class=\"su-service-content su-u-clearfix su-u-trim\" style=\"padding-left:46px\"> El evento se realizar\u00e1 de forma presencial en Chill\u00e1n, a distancia v\u00eda Zoom, y\u00a0 ser\u00e1 transmitido por YouTube. Las sesiones plenarias contar\u00e1n con traducci\u00f3n simult\u00e1nea Ingl\u00e9s-Portugu\u00e9s-Espa\u00f1ol a trav\u00e9s de Zoom.<\/p>\n<div class=\"su-button-center\"><a href=\"https:\/\/youtu.be\/BzW4fxOPxck\" class=\"su-button su-button-style-flat\" style=\"color:#FFFFFF;background-color:#23519A;border-color:#1c417c;border-radius:9px\" target=\"_blank\" rel=\"noopener noreferrer\"><span style=\"color:#FFFFFF;padding:8px 24px;font-size:18px;line-height:27px;border-color:#6586b9;border-radius:9px;text-shadow:none\"><i class=\"sui sui-youtube-play\" style=\"font-size:18px;color:#FFFFFF\"><\/i> Transmisi\u00f3n en YouTube<\/span><\/a><\/div>\n<\/div><\/div>\n<p>&nbsp;<\/p>\n<h2>Ubicaci\u00f3n<\/h2>\n<p>Aula Magna Chill\u00e1n<br \/>\nCampus Fernando May, Sede Chill\u00e1n, Universidad del B\u00edo-B\u00edo<br \/>\nAvenida Andr\u00e9s Bello 720, Chill\u00e1n \u2013 Chile<\/p>\n<p><img loading=\"lazy\" decoding=\"async\" class=\"size-full wp-image-496 alignnone\" src=\"https:\/\/eventos.cmm.uchile.cl\/workshopcup03\/wp-content\/uploads\/sites\/140\/2022\/08\/chillan_aula_magna_ubb_02.jpg\" alt=\"Aula Magna Chill\u00e1n\" width=\"604\" height=\"200\" srcset=\"https:\/\/eventos.cmm.uchile.cl\/workshopcup03\/wp-content\/uploads\/sites\/140\/2022\/08\/chillan_aula_magna_ubb_02.jpg 604w, https:\/\/eventos.cmm.uchile.cl\/workshopcup03\/wp-content\/uploads\/sites\/140\/2022\/08\/chillan_aula_magna_ubb_02-300x99.jpg 300w\" sizes=\"auto, (max-width: 604px) 100vw, 604px\" \/><\/p>\n<div class=\"su-divider su-divider-style-default\" style=\"margin:20px 0;border-width:3px;border-color:#23519A\"><a href=\"#\" style=\"color:#999999\">Volver arriba \u2303<\/a><\/div>\n<h2>Programa<\/h2>\n<p>&nbsp;<\/p>\n<table width=\"100%\">\n<tbody>\n<tr>\n<td width=\"100\">Hora<br \/>\n(Chile UTC-3)<\/td>\n<td width=\"252\"><\/td>\n<td width=\"252\"><\/td>\n<\/tr>\n<tr>\n<td width=\"100\">10:00-10:20<\/td>\n<td width=\"252\">Apertura<\/td>\n<td width=\"252\"><\/td>\n<\/tr>\n<tr>\n<td width=\"100\">10:20-11:20<\/td>\n<td width=\"252\">Conferencia Central<\/td>\n<td width=\"252\"><em>Artificial intelligence associated with Sentinel-2 data in predicting commercial volume in Brazilian Amazon Forest<\/em><br \/>\n<strong>Eraldo Aparecido Trondoli Matricardi<\/strong>, Brasil<br \/>\n<a href=\"https:\/\/static.cmm.uchile.cl\/descargas\/2022\/copernicus_fpcup_chile\/keynotes\/matricardi_FPCUP_Extractives_PPT_Eraldo_Matricardi.pdf\" target=\"_blank\" rel=\"noopener\">Descargar (PDF)<\/a><\/td>\n<\/tr>\n<tr>\n<td width=\"100\">11:20-11:50<\/td>\n<td width=\"252\">Pausa Caf\u00e9<\/td>\n<td width=\"252\"><\/td>\n<\/tr>\n<tr>\n<td rowspan=\"3\" width=\"100\">11:50-13:05<\/td>\n<td rowspan=\"3\" width=\"252\">Panel<\/td>\n<td width=\"252\"><em>Detecci\u00f3n y modelizaci\u00f3n de la presencia de \u00e1rboles alien\u00edgenas mediante im\u00e1genes satelitales de Sentinel-2 en los bosques templados de Chile<\/em><br \/>\n<strong>Adison Altamirano<\/strong>, Universidad de La Frontera, Chile<br \/>\n<a href=\"https:\/\/static.cmm.uchile.cl\/descargas\/2022\/copernicus_fpcup_chile\/chillan\/altamirano_Copernicus_Chillan_sep22AAltamirano.pdf\" target=\"_blank\" rel=\"noopener\">Descargar (PDF)<\/a><\/td>\n<\/tr>\n<tr>\n<td width=\"252\"><em>Uso de Sentinel 2 en el Estudio de la Vegetaci\u00f3n Forestal en el Estado de Durango M\u00e9xico<\/em><br \/>\n<strong>Pablito L\u00f3pez Serrano<\/strong>, M\u00e9xico<br \/>\n<a href=\"https:\/\/static.cmm.uchile.cl\/descargas\/2022\/copernicus_fpcup_chile\/chillan\/lopez_WCSUMNR_PMLS_2022_Chillan_Chile_Pf_Lopez.pdf\" target=\"_blank\" rel=\"noopener\">Descargar (PDF)<\/a><\/td>\n<\/tr>\n<tr>\n<td width=\"252\"><em>Derivaci\u00f3n indirecta de la distribuci\u00f3n espacial y estado de desarrollo de los bosques secundarios en Costa Rica usando im\u00e1genes satelitales de mediana resoluci\u00f3n espacial<\/em><br \/>\n<strong>Iv\u00e1n Avila<\/strong>, PRIAS, Costa Rica<br \/>\n<a href=\"https:\/\/static.cmm.uchile.cl\/descargas\/2022\/copernicus_fpcup_chile\/chillan\/avila_PRESENTACION_IVAN_AVILA.pdf\" target=\"_blank\" rel=\"noopener\">Descargar (PDF)<\/a><\/td>\n<\/tr>\n<tr>\n<td width=\"100\">13:05-13:50<\/td>\n<td width=\"252\">Discusi\u00f3n ampliada<\/td>\n<td width=\"252\"><\/td>\n<\/tr>\n<tr>\n<td width=\"100\">13:50 -14:00<\/td>\n<td width=\"252\">Cierre<\/td>\n<td width=\"252\"><\/td>\n<\/tr>\n<tr>\n<td width=\"100\">14:00<\/td>\n<td width=\"252\">C\u00f3ctel<\/td>\n<td><\/td>\n<\/tr>\n<\/tbody>\n<\/table>\n<div class=\"su-divider su-divider-style-default\" style=\"margin:20px 0;border-width:3px;border-color:#23519A\"><a href=\"#\" style=\"color:#999999\">Volver arriba \u2303<\/a><\/div>\n","protected":false},"excerpt":{"rendered":"<p>7 de septiembre de 2022 Chill\u00e1n \u2013 Chile Participe junto al Centro de Modelamiento Matem\u00e1tico (CMM) de la Universidad de Chile y el Joint Nature Conservation Committee (JNCC) del Reino Unido en el\u00a0tercer evento\u00a0de la serie de talleres\u00a0Datos satelitales de Copernicus en Chile y Am\u00e9rica Latina: Construyendo aplicaciones y redes de colaboraci\u00f3n. La Sesi\u00f3n 2: &hellip; <a href=\"https:\/\/eventos.cmm.uchile.cl\/workshopcup03\/forestal\/\" class=\"more-link\">Seguir leyendo <span class=\"screen-reader-text\">Recursos forestales<\/span> <span class=\"meta-nav\">&rarr;<\/span><\/a><\/p>\n","protected":false},"author":2,"featured_media":0,"parent":0,"menu_order":3,"comment_status":"closed","ping_status":"closed","template":"","meta":{"inline_featured_image":false,"footnotes":""},"class_list":["post-395","page","type-page","status-publish","hentry"],"_links":{"self":[{"href":"https:\/\/eventos.cmm.uchile.cl\/workshopcup03\/wp-json\/wp\/v2\/pages\/395","targetHints":{"allow":["GET"]}}],"collection":[{"href":"https:\/\/eventos.cmm.uchile.cl\/workshopcup03\/wp-json\/wp\/v2\/pages"}],"about":[{"href":"https:\/\/eventos.cmm.uchile.cl\/workshopcup03\/wp-json\/wp\/v2\/types\/page"}],"author":[{"embeddable":true,"href":"https:\/\/eventos.cmm.uchile.cl\/workshopcup03\/wp-json\/wp\/v2\/users\/2"}],"replies":[{"embeddable":true,"href":"https:\/\/eventos.cmm.uchile.cl\/workshopcup03\/wp-json\/wp\/v2\/comments?post=395"}],"version-history":[{"count":11,"href":"https:\/\/eventos.cmm.uchile.cl\/workshopcup03\/wp-json\/wp\/v2\/pages\/395\/revisions"}],"predecessor-version":[{"id":574,"href":"https:\/\/eventos.cmm.uchile.cl\/workshopcup03\/wp-json\/wp\/v2\/pages\/395\/revisions\/574"}],"wp:attachment":[{"href":"https:\/\/eventos.cmm.uchile.cl\/workshopcup03\/wp-json\/wp\/v2\/media?parent=395"}],"curies":[{"name":"wp","href":"https:\/\/api.w.org\/{rel}","templated":true}]}}