{"id":427,"date":"2022-08-04T00:36:39","date_gmt":"2022-08-04T04:36:39","guid":{"rendered":"https:\/\/eventos.cmm.uchile.cl\/workshopcup03\/?page_id=427"},"modified":"2022-10-17T11:24:23","modified_gmt":"2022-10-17T14:24:23","slug":"mining","status":"publish","type":"page","link":"https:\/\/eventos.cmm.uchile.cl\/workshopcup03\/en\/mining\/","title":{"rendered":"Mining Resources"},"content":{"rendered":"<ul id=\"menu-programme\" class=\"menu programa\"><li id=\"menu-item-441\" class=\"menu-item menu-item-type-post_type menu-item-object-page menu-item-441\"><a href=\"https:\/\/eventos.cmm.uchile.cl\/workshopcup03\/en\/mining\/\">Mining Resources<\/a><\/li>\n<li id=\"menu-item-440\" class=\"menu-item menu-item-type-post_type menu-item-object-page menu-item-440\"><a href=\"https:\/\/eventos.cmm.uchile.cl\/workshopcup03\/en\/forestry\/\">Forestry Resources<\/a><\/li>\n<li id=\"menu-item-439\" class=\"menu-item menu-item-type-post_type menu-item-object-page menu-item-439\"><a href=\"https:\/\/eventos.cmm.uchile.cl\/workshopcup03\/en\/agriculture\/\">Agricultural Resources<\/a><\/li>\n<li id=\"menu-item-438\" class=\"menu-item menu-item-type-post_type menu-item-object-page menu-item-438\"><a href=\"https:\/\/eventos.cmm.uchile.cl\/workshopcup03\/en\/water\/\">Water Resources<\/a><\/li>\n<\/ul>\n<h2 id=\"day1\">September 6, 2022<\/h2>\n<h4>Antofagasta \u2013 Chile<\/h4>\n<p>Join the Center for Mathematical Modeling (CMM) of the University of Chile &amp; the UK\u2019s Joint Nature Conservation Committee (JNCC) for the\u00a0<strong>third event<\/strong>\u00a0in the\u00a0<strong>Copernicus Satellite Data in Chile and Latin America: From applications to networking<\/strong> workshop series. <strong>Session 1: Mining Resources<\/strong> will be held on <strong>September 6, 2022<\/strong> in the city of Antofagasta, Chile.<\/p>\n<p>Workshop\u00a0 will explore how Copernicus data is used to manage <strong>Mining Resources<\/strong>\u00a0via a series of presentations from internationally renowned technical experts. The event will convene collaborative interest groups for future project development and identify research funding opportunities.<\/p>\n<div class=\"su-button-center\"><a href=\"https:\/\/eventos.cmm.uchile.cl\/workshopcup03\/en\/register\/\" class=\"su-button su-button-style-flat\" style=\"color:#FFFFFF;background-color:#23519A;border-color:#1c417c;border-radius:9px\" target=\"_self\"><span style=\"color:#FFFFFF;padding:8px 24px;font-size:18px;line-height:27px;border-color:#6586b9;border-radius:9px;text-shadow:none\"><i class=\"sui sui-wpforms\" style=\"font-size:18px;color:#FFFFFF\"><\/i> Register<\/span><\/a><\/div>\n<p>&nbsp;<\/p>\n<div class=\"su-service servicio\"><div class=\"su-service-title\" style=\"padding-left:46px;min-height:32px;line-height:32px\"><i class=\"sui sui-video-camera\" style=\"font-size:32px;color:#23519A\"><\/i> In person \/ Zoom \/ Simultaneous translation<\/div><div class=\"su-service-content su-u-clearfix su-u-trim\" style=\"padding-left:46px\">The event will be held in person in Antofagasta, Chile, will be interactive via Zoom and will be streamed on YouTube. The plenary sessions will have simultaneous English-Portuguese-Spanish translation via Zoom.<\/p>\n<div class=\"su-button-center\"><a href=\"https:\/\/youtu.be\/yReq-sMlPSk\" class=\"su-button su-button-style-flat\" style=\"color:#FFFFFF;background-color:#23519A;border-color:#1c417c;border-radius:9px\" target=\"_blank\" rel=\"noopener noreferrer\"><span style=\"color:#FFFFFF;padding:8px 24px;font-size:18px;line-height:27px;border-color:#6586b9;border-radius:9px;text-shadow:none\"><i class=\"sui sui-youtube-play\" style=\"font-size:18px;color:#FFFFFF\"><\/i> Streaming on YouTube<\/span><\/a><\/div>\n<\/div><\/div>\n<p>&nbsp;<\/p>\n<h2>Venue<\/h2>\n<p>Auditorio Andr\u00e9s Sabella<br \/>\nCasa Central (Antofagasta), Universidad Cat\u00f3lica del Norte<br \/>\nAv. Angamos 0610, Antofagasta \u2013 Chile<br \/>\n<img loading=\"lazy\" decoding=\"async\" class=\"size-full wp-image-494 alignnone\" src=\"https:\/\/eventos.cmm.uchile.cl\/workshopcup03\/wp-content\/uploads\/sites\/140\/2022\/08\/antofagasta_ucn_auditorio_andres_sabella_01.jpg\" alt=\"Auditorio Andr\u00e9s Sabella \" width=\"604\" height=\"200\" srcset=\"https:\/\/eventos.cmm.uchile.cl\/workshopcup03\/wp-content\/uploads\/sites\/140\/2022\/08\/antofagasta_ucn_auditorio_andres_sabella_01.jpg 604w, https:\/\/eventos.cmm.uchile.cl\/workshopcup03\/wp-content\/uploads\/sites\/140\/2022\/08\/antofagasta_ucn_auditorio_andres_sabella_01-300x99.jpg 300w\" sizes=\"auto, (max-width: 604px) 100vw, 604px\" \/><br \/>\n<div class=\"su-divider su-divider-style-default\" style=\"margin:20px 0;border-width:3px;border-color:#23519A\"><a href=\"#\" style=\"color:#999999\">Volver arriba \u2303<\/a><\/div>\n<h2>Programme<\/h2>\n<p>&nbsp;<\/p>\n<table width=\"100%\">\n<tbody>\n<tr>\n<td width=\"100\">Time<br \/>\n(Chile UTC-3)<\/td>\n<td width=\"252\"><\/td>\n<td width=\"252\"><\/td>\n<\/tr>\n<tr>\n<td width=\"100\">10:00-10:20<\/td>\n<td width=\"252\">Opening<\/td>\n<td width=\"252\"><\/td>\n<\/tr>\n<tr>\n<td width=\"100\">10:20-11:20<\/td>\n<td width=\"252\">Keynote speech<\/td>\n<td width=\"252\"><em>Using Copernicus data within the Raw Materials lifecycle<\/em><br \/>\n<strong>Sara Kasmaeeyazdi<\/strong>, University of Bologna and RawMatCo Project<br \/>\n<a href=\"https:\/\/static.cmm.uchile.cl\/descargas\/2022\/copernicus_fpcup_chile\/keynotes\/kasmaeeyazdi_Presentation_SaraKasmaee_Antofagasta.pdf\" target=\"_blank\" rel=\"noopener\">Download (PDF)<\/a><\/td>\n<\/tr>\n<tr>\n<td width=\"100\">11:20-11:50<\/td>\n<td width=\"252\">Coffee Break<\/td>\n<td width=\"252\"><\/td>\n<\/tr>\n<tr>\n<td rowspan=\"3\" width=\"100\">11:50-13:05<\/td>\n<td rowspan=\"3\" width=\"252\">Panel<\/td>\n<td width=\"252\"><em>Mapeando \u00e1reas mineras en la Amazon\u00eda brasile\u00f1a usando im\u00e1genes Sentinel<\/em><br \/>\n<strong>Felipe Lobo<\/strong>, Brazil<br \/>\n<a href=\"https:\/\/static.cmm.uchile.cl\/descargas\/2022\/copernicus_fpcup_chile\/antofagasta\/lobo_FPCUP_Extractives_PPT_FLLobo.pdf\" target=\"_blank\" rel=\"noopener\">Download (PDF)<\/a><\/td>\n<\/tr>\n<tr>\n<td width=\"252\"><em>Remote Monitoring of Mine Tailings<\/em><br \/>\n<strong>Jaime Ortega<\/strong>, University of Chile<br \/>\n<a href=\"https:\/\/static.cmm.uchile.cl\/descargas\/2022\/copernicus_fpcup_chile\/antofagasta\/ortega_JNCC_2022_v2.0.pdf\" target=\"_blank\" rel=\"noopener\">Download (PDF)<\/a><\/td>\n<\/tr>\n<tr>\n<td width=\"252\"><em>The Goldeneye Project<\/em><br \/>\n<strong>Taras Matselyukh<\/strong>, Finland<\/td>\n<\/tr>\n<tr>\n<td width=\"100\">13:05-13:50<\/td>\n<td width=\"252\">General discussion<\/td>\n<td width=\"252\"><\/td>\n<\/tr>\n<tr>\n<td width=\"100\">13:50 -14:00<\/td>\n<td width=\"252\">Closing<\/td>\n<td width=\"252\"><\/td>\n<\/tr>\n<tr>\n<td width=\"100\">14:00<\/td>\n<td width=\"252\">Coctel<\/td>\n<td><\/td>\n<\/tr>\n<\/tbody>\n<\/table>\n<div class=\"su-divider su-divider-style-default\" style=\"margin:20px 0;border-width:3px;border-color:#23519A\"><a href=\"#\" style=\"color:#999999\">Ir arriba<\/a><\/div>\n","protected":false},"excerpt":{"rendered":"<p>September 6, 2022 Antofagasta \u2013 Chile Join the Center for Mathematical Modeling (CMM) of the University of Chile &amp; the UK\u2019s Joint Nature Conservation Committee (JNCC) for the\u00a0third event\u00a0in the\u00a0Copernicus Satellite Data in Chile and Latin America: From applications to networking workshop series. Session 1: Mining Resources will be held on September 6, 2022 in &hellip; <a href=\"https:\/\/eventos.cmm.uchile.cl\/workshopcup03\/en\/mining\/\" class=\"more-link\">Seguir leyendo <span class=\"screen-reader-text\">Mining Resources<\/span> <span class=\"meta-nav\">&rarr;<\/span><\/a><\/p>\n","protected":false},"author":2,"featured_media":0,"parent":0,"menu_order":2,"comment_status":"closed","ping_status":"closed","template":"","meta":{"inline_featured_image":false,"footnotes":""},"class_list":["post-427","page","type-page","status-publish","hentry"],"_links":{"self":[{"href":"https:\/\/eventos.cmm.uchile.cl\/workshopcup03\/wp-json\/wp\/v2\/pages\/427","targetHints":{"allow":["GET"]}}],"collection":[{"href":"https:\/\/eventos.cmm.uchile.cl\/workshopcup03\/wp-json\/wp\/v2\/pages"}],"about":[{"href":"https:\/\/eventos.cmm.uchile.cl\/workshopcup03\/wp-json\/wp\/v2\/types\/page"}],"author":[{"embeddable":true,"href":"https:\/\/eventos.cmm.uchile.cl\/workshopcup03\/wp-json\/wp\/v2\/users\/2"}],"replies":[{"embeddable":true,"href":"https:\/\/eventos.cmm.uchile.cl\/workshopcup03\/wp-json\/wp\/v2\/comments?post=427"}],"version-history":[{"count":13,"href":"https:\/\/eventos.cmm.uchile.cl\/workshopcup03\/wp-json\/wp\/v2\/pages\/427\/revisions"}],"predecessor-version":[{"id":587,"href":"https:\/\/eventos.cmm.uchile.cl\/workshopcup03\/wp-json\/wp\/v2\/pages\/427\/revisions\/587"}],"wp:attachment":[{"href":"https:\/\/eventos.cmm.uchile.cl\/workshopcup03\/wp-json\/wp\/v2\/media?parent=427"}],"curies":[{"name":"wp","href":"https:\/\/api.w.org\/{rel}","templated":true}]}}