{"id":432,"date":"2022-08-04T00:45:33","date_gmt":"2022-08-04T04:45:33","guid":{"rendered":"https:\/\/eventos.cmm.uchile.cl\/workshopcup03\/?page_id=432"},"modified":"2022-10-14T01:10:47","modified_gmt":"2022-10-14T04:10:47","slug":"agriculture","status":"publish","type":"page","link":"https:\/\/eventos.cmm.uchile.cl\/workshopcup03\/en\/agriculture\/","title":{"rendered":"Agricultural Resources"},"content":{"rendered":"<ul id=\"menu-programme\" class=\"menu programa\"><li id=\"menu-item-441\" class=\"menu-item menu-item-type-post_type menu-item-object-page menu-item-441\"><a href=\"https:\/\/eventos.cmm.uchile.cl\/workshopcup03\/en\/mining\/\">Mining Resources<\/a><\/li>\n<li id=\"menu-item-440\" class=\"menu-item menu-item-type-post_type menu-item-object-page menu-item-440\"><a href=\"https:\/\/eventos.cmm.uchile.cl\/workshopcup03\/en\/forestry\/\">Forestry Resources<\/a><\/li>\n<li id=\"menu-item-439\" class=\"menu-item menu-item-type-post_type menu-item-object-page menu-item-439\"><a href=\"https:\/\/eventos.cmm.uchile.cl\/workshopcup03\/en\/agriculture\/\">Agricultural Resources<\/a><\/li>\n<li id=\"menu-item-438\" class=\"menu-item menu-item-type-post_type menu-item-object-page menu-item-438\"><a href=\"https:\/\/eventos.cmm.uchile.cl\/workshopcup03\/en\/water\/\">Water Resources<\/a><\/li>\n<\/ul>\n<h2 id=\"day3\">September 8, 2022<\/h2>\n<h4>Rancagua \u2013 Chile<\/h4>\n<p>Join the Center for Mathematical Modeling (CMM) of the University of Chile &amp; the UK\u2019s Joint Nature Conservation Committee (JNCC) for the\u00a0<strong>third event<\/strong>\u00a0in the\u00a0<strong>Copernicus Satellite Data in Chile and Latin America: From applications to networking<\/strong> workshop series. <strong>Session 3: Agricultural Resources<\/strong> will be held on <strong>September 8, 2022<\/strong> in the city of Rancagua, Chile.<\/p>\n<p>Workshop\u00a0 will explore how Copernicus data is used to manage <strong>Agricultural\u00a0Resources<\/strong>\u00a0via a series of presentations from internationally renowned technical experts. The event will convene collaborative interest groups for future project development and identify research funding opportunities.<\/p>\n<div class=\"su-button-center\"><a href=\"https:\/\/eventos.cmm.uchile.cl\/workshopcup03\/en\/register\/\" class=\"su-button su-button-style-flat\" style=\"color:#FFFFFF;background-color:#23519A;border-color:#1c417c;border-radius:9px\" target=\"_self\"><span style=\"color:#FFFFFF;padding:8px 24px;font-size:18px;line-height:27px;border-color:#6586b9;border-radius:9px;text-shadow:none\"><i class=\"sui sui-wpforms\" style=\"font-size:18px;color:#FFFFFF\"><\/i> Register<\/span><\/a><\/div>\n<p>&nbsp;<\/p>\n<div class=\"su-service servicio\"><div class=\"su-service-title\" style=\"padding-left:46px;min-height:32px;line-height:32px\"><i class=\"sui sui-video-camera\" style=\"font-size:32px;color:#23519A\"><\/i> In person \/ Zoom \/ Simultaneous translation<\/div><div class=\"su-service-content su-u-clearfix su-u-trim\" style=\"padding-left:46px\">The event will be held in person in Rancagua, Chile, will be interactive via Zoom and will be streamed on YouTube. The plenary sessions will have simultaneous English-Portuguese-Spanish translation via Zoom.<\/p>\n<div class=\"su-button-center\"><a href=\"https:\/\/youtu.be\/qDD8qad6Ivg\" class=\"su-button su-button-style-flat\" style=\"color:#FFFFFF;background-color:#23519A;border-color:#1c417c;border-radius:9px\" target=\"_blank\" rel=\"noopener noreferrer\"><span style=\"color:#FFFFFF;padding:8px 24px;font-size:18px;line-height:27px;border-color:#6586b9;border-radius:9px;text-shadow:none\"><i class=\"sui sui-youtube-play\" style=\"font-size:18px;color:#FFFFFF\"><\/i> Streaming on YouTube<\/span><\/a><\/div>\n<\/div><\/div>\n<p>&nbsp;<\/p>\n<h2>Venue<\/h2>\n<p>Auditorio Campus Rancagua<br \/>\nUniversidad de O&#8217;Higgins<br \/>\nAvda. Libertador Bernardo O&#8217;Higgins 611, Rancagua \u2013 Chile<\/p>\n<p><img loading=\"lazy\" decoding=\"async\" class=\"alignnone size-full wp-image-498\" src=\"https:\/\/eventos.cmm.uchile.cl\/workshopcup03\/wp-content\/uploads\/sites\/140\/2022\/08\/rancagua_auditorio_campus_rancagua_uoh_01.jpg\" alt=\"Auditorio Campus Rancagua\" width=\"604\" height=\"200\" srcset=\"https:\/\/eventos.cmm.uchile.cl\/workshopcup03\/wp-content\/uploads\/sites\/140\/2022\/08\/rancagua_auditorio_campus_rancagua_uoh_01.jpg 604w, https:\/\/eventos.cmm.uchile.cl\/workshopcup03\/wp-content\/uploads\/sites\/140\/2022\/08\/rancagua_auditorio_campus_rancagua_uoh_01-300x99.jpg 300w\" sizes=\"auto, (max-width: 604px) 100vw, 604px\" \/><\/p>\n<div class=\"su-divider su-divider-style-default\" style=\"margin:20px 0;border-width:3px;border-color:#23519A\"><a href=\"#\" style=\"color:#999999\">Volver arriba \u2303<\/a><\/div>\n<h2>Programme<\/h2>\n<p>&nbsp;<\/p>\n<table width=\"100%\">\n<tbody>\n<tr>\n<td width=\"100\">Time<br \/>\n(Chile UTC-3)<\/td>\n<td width=\"252\"><\/td>\n<td width=\"252\"><\/td>\n<\/tr>\n<tr>\n<td width=\"100\">10:00-10:20<\/td>\n<td width=\"252\">Opening<\/td>\n<td width=\"252\"><\/td>\n<\/tr>\n<tr>\n<td width=\"100\">10:20-11:20<\/td>\n<td width=\"252\">Keynote speech<\/td>\n<td width=\"252\"><em>Land use classification in the UK<\/em><br \/>\n<strong>Izzy\u00a0Hassal<\/strong>, UK Natural Capital Ecosystem Assessment JNCC<\/td>\n<\/tr>\n<tr>\n<td width=\"100\">11:20-11:50<\/td>\n<td width=\"252\">Coffee Break<\/td>\n<td width=\"252\"><\/td>\n<\/tr>\n<tr>\n<td rowspan=\"3\" width=\"100\">11:50-13:05<\/td>\n<td rowspan=\"3\" width=\"252\">Panel<\/td>\n<td width=\"252\"><em>Variables Biof\u00edsicas en el cultivo de cebolla con im\u00e1genes Sentinel 2, para diagn\u00f3stico de fertilizaci\u00f3n nitrogenada<\/em><br \/>\n<strong>Alejandro Pezzola<\/strong>, INTA Researcher, Argentina<br \/>\n<a href=\"https:\/\/static.cmm.uchile.cl\/descargas\/2022\/copernicus_fpcup_chile\/rancagua\/pezzola_PPT_VB_INTA_HA_ppt1_Pezzola.pdf\" target=\"_blank\" rel=\"noopener\">Download (PDF)<\/a><\/td>\n<\/tr>\n<tr>\n<td width=\"252\"><em>Teledetecci\u00f3n usando Sentinel en Agricultura<\/em><br \/>\n<strong>Luis Morales<\/strong>, Universidad de Chile<br \/>\n<a href=\"https:\/\/static.cmm.uchile.cl\/descargas\/2022\/copernicus_fpcup_chile\/rancagua\/morales_WPS_Presentation_LuisMORALES.pdf\" target=\"_blank\" rel=\"noopener\">Download (PDF)<\/a><\/td>\n<\/tr>\n<tr>\n<td width=\"252\"><em>Relaci\u00f3n entre el estado nutricional de los cultivos, las mediciones espectrales y las im\u00e1genes de Sentinel 2<\/em><br \/>\n<strong>Joel Mart\u00ednez<\/strong>, Universidad Nacional de Colombia<br \/>\n<a href=\"https:\/\/static.cmm.uchile.cl\/descargas\/2022\/copernicus_fpcup_chile\/rancagua\/martinez_Luis_Joel_Martinez_UNAL_Colombia_f.pdf\" target=\"_blank\" rel=\"noopener\">Download (PDF)<\/a><\/td>\n<\/tr>\n<tr>\n<td width=\"100\">13:05-13:50<\/td>\n<td width=\"252\">General discussion<\/td>\n<td width=\"252\"><\/td>\n<\/tr>\n<tr>\n<td width=\"100\">13:50 -14:00<\/td>\n<td width=\"252\">Closing<\/td>\n<td width=\"252\"><\/td>\n<\/tr>\n<tr>\n<td width=\"100\">14:00<\/td>\n<td width=\"252\">Coctel<\/td>\n<td width=\"252\"><\/td>\n<\/tr>\n<\/tbody>\n<\/table>\n<div class=\"su-divider su-divider-style-default\" style=\"margin:20px 0;border-width:3px;border-color:#23519A\"><a href=\"#\" style=\"color:#999999\">Ir arriba<\/a><\/div>\n","protected":false},"excerpt":{"rendered":"<p>September 8, 2022 Rancagua \u2013 Chile Join the Center for Mathematical Modeling (CMM) of the University of Chile &amp; the UK\u2019s Joint Nature Conservation Committee (JNCC) for the\u00a0third event\u00a0in the\u00a0Copernicus Satellite Data in Chile and Latin America: From applications to networking workshop series. Session 3: Agricultural Resources will be held on September 8, 2022 in &hellip; <a href=\"https:\/\/eventos.cmm.uchile.cl\/workshopcup03\/en\/agriculture\/\" class=\"more-link\">Seguir leyendo <span class=\"screen-reader-text\">Agricultural Resources<\/span> <span class=\"meta-nav\">&rarr;<\/span><\/a><\/p>\n","protected":false},"author":2,"featured_media":0,"parent":0,"menu_order":4,"comment_status":"closed","ping_status":"closed","template":"","meta":{"inline_featured_image":false,"footnotes":""},"class_list":["post-432","page","type-page","status-publish","hentry"],"_links":{"self":[{"href":"https:\/\/eventos.cmm.uchile.cl\/workshopcup03\/wp-json\/wp\/v2\/pages\/432","targetHints":{"allow":["GET"]}}],"collection":[{"href":"https:\/\/eventos.cmm.uchile.cl\/workshopcup03\/wp-json\/wp\/v2\/pages"}],"about":[{"href":"https:\/\/eventos.cmm.uchile.cl\/workshopcup03\/wp-json\/wp\/v2\/types\/page"}],"author":[{"embeddable":true,"href":"https:\/\/eventos.cmm.uchile.cl\/workshopcup03\/wp-json\/wp\/v2\/users\/2"}],"replies":[{"embeddable":true,"href":"https:\/\/eventos.cmm.uchile.cl\/workshopcup03\/wp-json\/wp\/v2\/comments?post=432"}],"version-history":[{"count":13,"href":"https:\/\/eventos.cmm.uchile.cl\/workshopcup03\/wp-json\/wp\/v2\/pages\/432\/revisions"}],"predecessor-version":[{"id":583,"href":"https:\/\/eventos.cmm.uchile.cl\/workshopcup03\/wp-json\/wp\/v2\/pages\/432\/revisions\/583"}],"wp:attachment":[{"href":"https:\/\/eventos.cmm.uchile.cl\/workshopcup03\/wp-json\/wp\/v2\/media?parent=432"}],"curies":[{"name":"wp","href":"https:\/\/api.w.org\/{rel}","templated":true}]}}