{"id":12,"date":"2021-07-07T19:47:57","date_gmt":"2021-07-07T23:47:57","guid":{"rendered":"http:\/\/eventos.cmm.uchile.cl\/workshopcup04\/?page_id=12"},"modified":"2023-01-27T11:07:11","modified_gmt":"2023-01-27T14:07:11","slug":"registro","status":"publish","type":"page","link":"https:\/\/eventos.cmm.uchile.cl\/workshopcup04\/registro\/","title":{"rendered":"Registro"},"content":{"rendered":"<p>El registro est\u00e1 cerrado pues la actividad ya concluy\u00f3.<\/p>\n<p>Gracias por su inter\u00e9s. Puede descargar las presentaciones en la p\u00e1gina de Programa.<\/p>\n","protected":false},"excerpt":{"rendered":"<p>El registro est\u00e1 cerrado pues la actividad ya concluy\u00f3. Gracias por su inter\u00e9s. Puede descargar las presentaciones en la p\u00e1gina de Programa.<\/p>\n","protected":false},"author":2,"featured_media":0,"parent":0,"menu_order":6,"comment_status":"closed","ping_status":"closed","template":"","meta":{"inline_featured_image":false,"footnotes":""},"class_list":["post-12","page","type-page","status-publish","hentry"],"_links":{"self":[{"href":"https:\/\/eventos.cmm.uchile.cl\/workshopcup04\/wp-json\/wp\/v2\/pages\/12","targetHints":{"allow":["GET"]}}],"collection":[{"href":"https:\/\/eventos.cmm.uchile.cl\/workshopcup04\/wp-json\/wp\/v2\/pages"}],"about":[{"href":"https:\/\/eventos.cmm.uchile.cl\/workshopcup04\/wp-json\/wp\/v2\/types\/page"}],"author":[{"embeddable":true,"href":"https:\/\/eventos.cmm.uchile.cl\/workshopcup04\/wp-json\/wp\/v2\/users\/2"}],"replies":[{"embeddable":true,"href":"https:\/\/eventos.cmm.uchile.cl\/workshopcup04\/wp-json\/wp\/v2\/comments?post=12"}],"version-history":[{"count":26,"href":"https:\/\/eventos.cmm.uchile.cl\/workshopcup04\/wp-json\/wp\/v2\/pages\/12\/revisions"}],"predecessor-version":[{"id":647,"href":"https:\/\/eventos.cmm.uchile.cl\/workshopcup04\/wp-json\/wp\/v2\/pages\/12\/revisions\/647"}],"wp:attachment":[{"href":"https:\/\/eventos.cmm.uchile.cl\/workshopcup04\/wp-json\/wp\/v2\/media?parent=12"}],"curies":[{"name":"wp","href":"https:\/\/api.w.org\/{rel}","templated":true}]}}