{"id":71,"date":"2021-09-20T18:08:50","date_gmt":"2021-09-20T21:08:50","guid":{"rendered":"http:\/\/eventos.cmm.uchile.cl\/workshopcup04\/?page_id=71"},"modified":"2023-05-22T09:59:44","modified_gmt":"2023-05-22T13:59:44","slug":"programme","status":"publish","type":"page","link":"https:\/\/eventos.cmm.uchile.cl\/workshopcup04\/en\/programme\/","title":{"rendered":"Programme"},"content":{"rendered":"<p>Workshop Series JNCC\/Copernicus Relays Chile\/CMM<\/p>\n<p><strong>Copernicus Data for Chile and Latin America:<br \/>\n<\/strong><strong>Building applications and collaboration networks<\/strong><\/p>\n<p>Event 4 of 5: Natural Capital and Ecosystem Services<\/p>\n<p>&nbsp;<\/p>\n<p><iframe loading=\"lazy\" title=\"YouTube video player\" src=\"https:\/\/www.youtube-nocookie.com\/embed\/FMh8pIBK5ao\" width=\"604\" height=\"340\" frameborder=\"0\" allowfullscreen=\"allowfullscreen\"><\/iframe><\/p>\n<p>&nbsp;<\/p>\n<div class=\"su-service servicio\"><div class=\"su-service-title\" style=\"padding-left:46px;min-height:32px;line-height:32px\"><i class=\"sui sui-video-camera\" style=\"font-size:32px;color:#23519A\"><\/i> Zoom \/ Simultaneous translation<\/div><div class=\"su-service-content su-u-clearfix su-u-trim\" style=\"padding-left:46px\">The full event will be on line through the Zoom Platform. Sessions will have simultaneous translation English-Portuguese-Spanish.<\/div><\/div>\n<p><strong>UPDATE:<\/strong> The presentations are now available for download in PDF format.<\/p>\n<p>&nbsp;<\/p>\n<table width=\"362\">\n<tbody>\n<tr>\n<td width=\"45\">09:00<\/td>\n<td width=\"317\">Opening Session<\/td>\n<\/tr>\n<tr>\n<td>09:15<\/td>\n<td>Inaugural Conference.<br \/>\n<em>\u201cMidiendo el paisaje urbano y los servicios ecosist\u00e9micos asociados a su naturaleza\u201d<\/em><br \/>\n<strong>Francisco de la Barrera<\/strong><br \/>\nProfesor Asociado &#8211; Facultad de Ciencias Ambientales &#8211; EULA.<br \/>\nDepartamento de Planificaci\u00f3n Territorial y Sistemas Urbanos<br \/>\nInvestigador asociado &#8211; Centro del Desarrollo Urbano Sustentable (CEDEUS)<br \/>\nUniversidad de Concepci\u00f3n<br \/>\n<a href=\"https:\/\/static.cmm.uchile.cl\/descargas\/2022\/copernicus_fpcup_chile\/w4\/de_la_barrera_FD_ConferenciaCopernicus.pdf\" target=\"_blank\" rel=\"noopener\">Download (PDF)<\/a><\/td>\n<\/tr>\n<tr>\n<td>09:55<\/td>\n<td>Q&amp;A<\/td>\n<\/tr>\n<tr>\n<td>10:10<\/td>\n<td>Coffee Break<\/td>\n<\/tr>\n<tr>\n<td>10:30<\/td>\n<td>Panel<\/td>\n<\/tr>\n<tr>\n<td>\u2014<\/td>\n<td><em>\u201cEnfoque de Capital Natural en Chile y el &#8216;Derecho de Conservaci\u00f3n&#8217; como Estrategia Legal para su Implementaci\u00f3n\u201d<\/em><br \/>\n<strong>Jaime Ubilla<\/strong><br \/>\nDirector del Centro de Derecho de la Conservaci\u00f3n de Chile<br \/>\nDirector de Capital Natural DMB SpA<\/td>\n<\/tr>\n<tr>\n<td>\u2014<\/td>\n<td><em>\u201cCartografiando el Capital Natural y los Servicios Ecosist\u00e9micos en Paisajes Agr\u00edcolas en Colombia y Per\u00fa\u201d<\/em><br \/>\n<strong>Matt Smith<\/strong><br \/>\nJNCC<br \/>\n<a href=\"https:\/\/static.cmm.uchile.cl\/descargas\/2022\/copernicus_fpcup_chile\/w4\/smith_FPCUP_Nat_Cap_Presentation_M_Smith_JNCC.pdf\" target=\"_blank\" rel=\"noopener\">Download (PDF)<\/a><\/td>\n<\/tr>\n<tr>\n<td>\u2014<\/td>\n<td><em>\u201cEnfoque de capital natural para la planificaci\u00f3n del territorio: Mapeo y cuantificaci\u00f3n de servicios ecosist\u00e9micos para una viticultura sustentable en el Valle de Colchagua, Chile\u201d<\/em><br \/>\n<strong>Karina Godoy<\/strong><br \/>\nCoordinadora Programa Conservaci\u00f3n de la Biodiversidad en Agroecosistemas<br \/>\nInstituto de Ecologia y Biodiversidad, IEB<br \/>\n<a href=\"https:\/\/static.cmm.uchile.cl\/descargas\/2022\/copernicus_fpcup_chile\/w4\/godoy_Coopernicus_Nov2022_v2.pdf\" target=\"_blank\" rel=\"noopener\">Download (PDF)<\/a><\/td>\n<\/tr>\n<tr>\n<td>\u2014<\/td>\n<td><em>\u00abEnlazando la investigaci\u00f3n y la pr\u00e1ctica en el desarrollo del programa Copernicus: Infraestructuras verdes en el desarrollo rural\u00bb<\/em><br \/>\n<strong>Laura Piedelobo<\/strong><br \/>\nMarie Sk\u0142odowska-Curie USAL4EXCELLENCE Investigadora Postdoctoral<br \/>\nDepartamento de Ingenier\u00eda Cartogr\u00e1fica y del Territorio &#8211; Grupo de Investigaci\u00f3n TIDOP<br \/>\nEscuela Polit\u00e9cnica Superior de \u00c1vila, Universidad de Salamanca<br \/>\n<a href=\"https:\/\/static.cmm.uchile.cl\/descargas\/2022\/copernicus_fpcup_chile\/w4\/piedelobo_PPT_Presentation_Cover_Capital_Natural_LP_LauraPiedeLobo.pdf\" target=\"_blank\" rel=\"noopener\">Download (PDF)<\/a><\/td>\n<\/tr>\n<tr>\n<td>\u2014<\/td>\n<td>Q&amp;A<\/td>\n<\/tr>\n<tr>\n<td>12:10<\/td>\n<td>General Discussion<\/td>\n<\/tr>\n<tr>\n<td>12:50<\/td>\n<td>Closing Session<\/td>\n<\/tr>\n<tr>\n<td>12:55<\/td>\n<td>Cocktail Reception<\/td>\n<\/tr>\n<\/tbody>\n<\/table>\n<div class=\"su-divider su-divider-style-default\" style=\"margin:20px 0;border-width:3px;border-color:#23519A\"><a href=\"#\" style=\"color:#999999\">Ir arriba<\/a><\/div>\n","protected":false},"excerpt":{"rendered":"<p>Workshop Series JNCC\/Copernicus Relays Chile\/CMM Copernicus Data for Chile and Latin America: Building applications and collaboration networks Event 4 of 5: Natural Capital and Ecosystem Services &nbsp; &nbsp; UPDATE: The presentations are now available for download in PDF format. &nbsp; 09:00 Opening Session 09:15 Inaugural Conference. \u201cMidiendo el paisaje urbano y los servicios ecosist\u00e9micos asociados &hellip; <a href=\"https:\/\/eventos.cmm.uchile.cl\/workshopcup04\/en\/programme\/\" class=\"more-link\">Seguir leyendo <span class=\"screen-reader-text\">Programme<\/span> <span class=\"meta-nav\">&rarr;<\/span><\/a><\/p>\n","protected":false},"author":2,"featured_media":0,"parent":0,"menu_order":10,"comment_status":"closed","ping_status":"closed","template":"","meta":{"inline_featured_image":false,"footnotes":""},"class_list":["post-71","page","type-page","status-publish","hentry"],"_links":{"self":[{"href":"https:\/\/eventos.cmm.uchile.cl\/workshopcup04\/wp-json\/wp\/v2\/pages\/71","targetHints":{"allow":["GET"]}}],"collection":[{"href":"https:\/\/eventos.cmm.uchile.cl\/workshopcup04\/wp-json\/wp\/v2\/pages"}],"about":[{"href":"https:\/\/eventos.cmm.uchile.cl\/workshopcup04\/wp-json\/wp\/v2\/types\/page"}],"author":[{"embeddable":true,"href":"https:\/\/eventos.cmm.uchile.cl\/workshopcup04\/wp-json\/wp\/v2\/users\/2"}],"replies":[{"embeddable":true,"href":"https:\/\/eventos.cmm.uchile.cl\/workshopcup04\/wp-json\/wp\/v2\/comments?post=71"}],"version-history":[{"count":41,"href":"https:\/\/eventos.cmm.uchile.cl\/workshopcup04\/wp-json\/wp\/v2\/pages\/71\/revisions"}],"predecessor-version":[{"id":652,"href":"https:\/\/eventos.cmm.uchile.cl\/workshopcup04\/wp-json\/wp\/v2\/pages\/71\/revisions\/652"}],"wp:attachment":[{"href":"https:\/\/eventos.cmm.uchile.cl\/workshopcup04\/wp-json\/wp\/v2\/media?parent=71"}],"curies":[{"name":"wp","href":"https:\/\/api.w.org\/{rel}","templated":true}]}}