{"id":9,"date":"2021-07-07T19:38:47","date_gmt":"2021-07-07T23:38:47","guid":{"rendered":"http:\/\/eventos.cmm.uchile.cl\/workshopcup04\/?page_id=9"},"modified":"2023-05-22T09:56:52","modified_gmt":"2023-05-22T13:56:52","slug":"inicio","status":"publish","type":"page","link":"https:\/\/eventos.cmm.uchile.cl\/workshopcup04\/","title":{"rendered":""},"content":{"rendered":"<h5 class=\"numero_evento\">Evento 4 de 5<\/h5>\n<h1>Capital Natural y Servicios Ecosist\u00e9micos<\/h1>\n<h5 class=\"fecha_evento\">30 de noviembre de 2022<\/h5>\n<h3>Workshop h\u00edbrido: asistencia presencial y en l\u00ednea, con expositores presenciales.<\/h3>\n<p>&nbsp;<\/p>\n<p><iframe loading=\"lazy\" title=\"YouTube video player\" src=\"https:\/\/www.youtube-nocookie.com\/embed\/FMh8pIBK5ao\" width=\"604\" height=\"340\" frameborder=\"0\" allowfullscreen=\"allowfullscreen\"><\/iframe><\/p>\n<p>Participe junto al Centro de Modelamiento Matem\u00e1tico (CMM) de la Universidad de Chile y el Joint Nature Conservation Committee (JNCC) del Reino Unido en el\u00a0<strong>cuarto evento<\/strong>\u00a0de la serie de talleres\u00a0<strong>Datos satelitales de Copernicus en Chile y Am\u00e9rica Latina: Construyendo aplicaciones y redes de colaboraci\u00f3n<\/strong> que se celebrar\u00e1 el <strong>30 de noviembre de 2022<\/strong>.<\/p>\n<p>Los talleres explorar\u00e1n c\u00f3mo se utilizan los datos de Copernicus para la evaluaci\u00f3n del <strong>Capital Natural y Servicios Ecosist\u00e9micos<\/strong>\u00a0a trav\u00e9s de una serie de presentaciones de expertos t\u00e9cnicos de renombre internacional. El evento convocar\u00e1 a grupos de inter\u00e9s de colaboraci\u00f3n para el desarrollo de futuros proyectos e identificar\u00e1 oportunidades de financiamiento para la investigaci\u00f3n.<\/p>\n<p>&nbsp;<\/p>\n<h4>Organizan<\/h4>\n<p style=\"text-align: center;\"><a href=\"https:\/\/www.copernicus-user-uptake.eu\/\" target=\"_blank\" rel=\"noopener noreferrer\">Framework Partnership Agreement for Copernicus User Uptake (FPCUP)<\/a>\u00a0|\u00a0<a href=\"http:\/\/jncc.defra.gov.uk\/\" target=\"_blank\" rel=\"noopener noreferrer\">Joint Nature Conservation Committee<\/a> | <a href=\"https:\/\/www.cmm.uchile.cl\/\" target=\"_blank\" rel=\"noopener noreferrer\">Centro de Modelamiento Matem\u00e1tico<\/a><\/p>\n<p><img loading=\"lazy\" decoding=\"async\" class=\"aligncenter size-full wp-image-45\" src=\"https:\/\/eventos.cmm.uchile.cl\/workshopcup04\/wp-content\/uploads\/sites\/148\/2021\/07\/copernicus_fpcup_chile_w1_sponsors_es_01.png\" alt=\"organizadores\" width=\"600\" height=\"90\" srcset=\"https:\/\/eventos.cmm.uchile.cl\/workshopcup04\/wp-content\/uploads\/sites\/148\/2021\/07\/copernicus_fpcup_chile_w1_sponsors_es_01.png 600w, https:\/\/eventos.cmm.uchile.cl\/workshopcup04\/wp-content\/uploads\/sites\/148\/2021\/07\/copernicus_fpcup_chile_w1_sponsors_es_01-300x45.png 300w\" sizes=\"auto, (max-width: 600px) 100vw, 600px\" \/><\/p>\n<p>&nbsp;<\/p>\n<div class=\"su-divider su-divider-style-default\" style=\"margin:20px 0;border-width:3px;border-color:#23519A\"><a href=\"#\" style=\"color:#999999\">Volver arriba \u2303<\/a><\/div>\n<p><small>Cr\u00e9dito foto:\u00a0<a href=\"https:\/\/unsplash.com\/@kugnharski?utm_source=unsplash&amp;utm_medium=referral&amp;utm_content=creditCopyText\" target=\"_blank\" rel=\"noopener\">Rodrigo Kugnharski<\/a> en Unsplash<\/small><\/p>\n","protected":false},"excerpt":{"rendered":"<p>Evento 4 de 5 Capital Natural y Servicios Ecosist\u00e9micos 30 de noviembre de 2022 Workshop h\u00edbrido: asistencia presencial y en l\u00ednea, con expositores presenciales. &nbsp; Participe junto al Centro de Modelamiento Matem\u00e1tico (CMM) de la Universidad de Chile y el Joint Nature Conservation Committee (JNCC) del Reino Unido en el\u00a0cuarto evento\u00a0de la serie de talleres\u00a0Datos &hellip; <a href=\"https:\/\/eventos.cmm.uchile.cl\/workshopcup04\/\" class=\"more-link\">Seguir leyendo <span class=\"screen-reader-text\"><\/span> <span class=\"meta-nav\">&rarr;<\/span><\/a><\/p>\n","protected":false},"author":2,"featured_media":0,"parent":0,"menu_order":0,"comment_status":"closed","ping_status":"closed","template":"","meta":{"inline_featured_image":false,"footnotes":""},"class_list":["post-9","page","type-page","status-publish","hentry"],"_links":{"self":[{"href":"https:\/\/eventos.cmm.uchile.cl\/workshopcup04\/wp-json\/wp\/v2\/pages\/9","targetHints":{"allow":["GET"]}}],"collection":[{"href":"https:\/\/eventos.cmm.uchile.cl\/workshopcup04\/wp-json\/wp\/v2\/pages"}],"about":[{"href":"https:\/\/eventos.cmm.uchile.cl\/workshopcup04\/wp-json\/wp\/v2\/types\/page"}],"author":[{"embeddable":true,"href":"https:\/\/eventos.cmm.uchile.cl\/workshopcup04\/wp-json\/wp\/v2\/users\/2"}],"replies":[{"embeddable":true,"href":"https:\/\/eventos.cmm.uchile.cl\/workshopcup04\/wp-json\/wp\/v2\/comments?post=9"}],"version-history":[{"count":56,"href":"https:\/\/eventos.cmm.uchile.cl\/workshopcup04\/wp-json\/wp\/v2\/pages\/9\/revisions"}],"predecessor-version":[{"id":650,"href":"https:\/\/eventos.cmm.uchile.cl\/workshopcup04\/wp-json\/wp\/v2\/pages\/9\/revisions\/650"}],"wp:attachment":[{"href":"https:\/\/eventos.cmm.uchile.cl\/workshopcup04\/wp-json\/wp\/v2\/media?parent=9"}],"curies":[{"name":"wp","href":"https:\/\/api.w.org\/{rel}","templated":true}]}}