{"id":18,"date":"2021-07-07T20:08:26","date_gmt":"2021-07-08T00:08:26","guid":{"rendered":"http:\/\/eventos.cmm.uchile.cl\/workshopcup05\/evento-1-de-5-cambio-climatico-english\/"},"modified":"2023-05-22T09:54:25","modified_gmt":"2023-05-22T13:54:25","slug":"home","status":"publish","type":"page","link":"https:\/\/eventos.cmm.uchile.cl\/workshopcup05\/en\/home\/","title":{"rendered":""},"content":{"rendered":"<h5 class=\"numero_evento\">Event 5 of 5<\/h5>\n<h1>Ocean Monitoring<\/h1>\n<h5 class=\"fecha_evento\">March 22, 2023<\/h5>\n<h3>Hybrid workshop: face-to-face and online attendance, with face-to-face speakers.<\/h3>\n<div class=\"su-button-center\"><a href=\"https:\/\/www.youtube.com\/watch?v=Vz6r1eqZ4sQ\" class=\"su-button su-button-style-flat\" style=\"color:#FFFFFF;background-color:#23519A;border-color:#1c417c;border-radius:9px\" target=\"_blank\" rel=\"noopener noreferrer\"><span style=\"color:#FFFFFF;padding:8px 24px;font-size:18px;line-height:27px;border-color:#6586b9;border-radius:9px;text-shadow:none\"><i class=\"sui sui-youtube-play\" style=\"font-size:18px;color:#FFFFFF\"><\/i> Streaming on YouTube<\/span><\/a><\/div>\n<p>&nbsp;<\/p>\n<p><iframe loading=\"lazy\" title=\"YouTube video player\" src=\"https:\/\/www.youtube-nocookie.com\/embed\/Vz6r1eqZ4sQ\" width=\"604\" height=\"340\" frameborder=\"0\" allowfullscreen=\"allowfullscreen\"><span data-mce-type=\"bookmark\" style=\"display: inline-block; width: 0px; overflow: hidden; line-height: 0;\" class=\"mce_SELRES_start\">\ufeff<\/span><span data-mce-type=\"bookmark\" style=\"display: inline-block; width: 0px; overflow: hidden; line-height: 0;\" class=\"mce_SELRES_start\">\ufeff<\/span><\/iframe><\/p>\n<p>&nbsp;<\/p>\n<p>Join the Center for Mathematical Modeling (CMM) of the University of Chile &amp; the UK&#8217;s Joint Nature Conservation Committee (JNCC) for the\u00a0<strong>fifth event<\/strong>\u00a0in the\u00a0<strong>Copernicus Satellite Data in Chile and Latin America: From applications to networking<\/strong> workshop series, to be held on <strong>March 22, 2023<\/strong>.<\/p>\n<p>The workshop will explore how Copernicus data are used for <strong>Ocean Monitoring<\/strong>\u00a0through a series of presentations by internationally renowned technical experts. The event will convene collaborative interest groups for future project development and identify research funding opportunities.<\/p>\n<p>The event will be held at the Auditorio de la Facultad de Ciencias Naturales y Exactas, Universidad de Playa Ancha, located at Leopoldo Carvallo #270, Playa Ancha, Valpara\u00edso.<\/p>\n<p>&nbsp;<\/p>\n<h4>Organizers<\/h4>\n<p style=\"text-align: center;\"><a href=\"https:\/\/www.copernicus-user-uptake.eu\/\" target=\"_blank\" rel=\"noopener noreferrer\">Framework Partnership Agreement for Copernicus User Uptake (FPCUP)<\/a>\u00a0|\u00a0<a href=\"http:\/\/jncc.defra.gov.uk\/\" target=\"_blank\" rel=\"noopener noreferrer\">Joint Nature Conservation Committee<\/a> | <a href=\"https:\/\/www.cmm.uchile.cl\/\" target=\"_blank\" rel=\"noopener noreferrer\">Center for Mathematical Modeling<\/a> | Facultad de Ciencias F\u00edsicas y Matem\u00e1ticas UChile | Facultad de Ciencias Naturales y Exactas UPLA | Laboratorio de Teledetecci\u00f3n Ambiental TeleAmb<\/p>\n<p><img loading=\"lazy\" decoding=\"async\" class=\"aligncenter size-full wp-image-669\" src=\"https:\/\/eventos.cmm.uchile.cl\/workshopcup05\/wp-content\/uploads\/sites\/153\/2023\/01\/copernicus_user_uptake_chile_w5_sponsors_en_01.png\" alt=\"organizers\" width=\"600\" height=\"150\" srcset=\"https:\/\/eventos.cmm.uchile.cl\/workshopcup05\/wp-content\/uploads\/sites\/153\/2023\/01\/copernicus_user_uptake_chile_w5_sponsors_en_01.png 600w, https:\/\/eventos.cmm.uchile.cl\/workshopcup05\/wp-content\/uploads\/sites\/153\/2023\/01\/copernicus_user_uptake_chile_w5_sponsors_en_01-300x75.png 300w\" sizes=\"auto, (max-width: 600px) 100vw, 600px\" \/><\/p>\n<p>&nbsp;<\/p>\n<div class=\"su-divider su-divider-style-default\" style=\"margin:15px 0;border-width:3px;border-color:#23519A\"><a href=\"#\" style=\"color:#999999\">Ir arriba<\/a><\/div>\n<p><small>Photo by <a href=\"https:\/\/unsplash.com\/@tompec?utm_source=unsplash&amp;utm_medium=referral&amp;utm_content=creditCopyText\" target=\"_blank\" rel=\"noopener\">Thomas Petracco<\/a> on Unsplash<\/small><\/p>\n","protected":false},"excerpt":{"rendered":"<p>Event 5 of 5 Ocean Monitoring March 22, 2023 Hybrid workshop: face-to-face and online attendance, with face-to-face speakers. &nbsp; \ufeff\ufeff &nbsp; Join the Center for Mathematical Modeling (CMM) of the University of Chile &amp; the UK&#8217;s Joint Nature Conservation Committee (JNCC) for the\u00a0fifth event\u00a0in the\u00a0Copernicus Satellite Data in Chile and Latin America: From applications to &hellip; <a href=\"https:\/\/eventos.cmm.uchile.cl\/workshopcup05\/en\/home\/\" class=\"more-link\">Seguir leyendo <span class=\"screen-reader-text\"><\/span> <span class=\"meta-nav\">&rarr;<\/span><\/a><\/p>\n","protected":false},"author":2,"featured_media":0,"parent":0,"menu_order":0,"comment_status":"closed","ping_status":"closed","template":"","meta":{"inline_featured_image":false,"footnotes":""},"class_list":["post-18","page","type-page","status-publish","hentry"],"_links":{"self":[{"href":"https:\/\/eventos.cmm.uchile.cl\/workshopcup05\/wp-json\/wp\/v2\/pages\/18","targetHints":{"allow":["GET"]}}],"collection":[{"href":"https:\/\/eventos.cmm.uchile.cl\/workshopcup05\/wp-json\/wp\/v2\/pages"}],"about":[{"href":"https:\/\/eventos.cmm.uchile.cl\/workshopcup05\/wp-json\/wp\/v2\/types\/page"}],"author":[{"embeddable":true,"href":"https:\/\/eventos.cmm.uchile.cl\/workshopcup05\/wp-json\/wp\/v2\/users\/2"}],"replies":[{"embeddable":true,"href":"https:\/\/eventos.cmm.uchile.cl\/workshopcup05\/wp-json\/wp\/v2\/comments?post=18"}],"version-history":[{"count":49,"href":"https:\/\/eventos.cmm.uchile.cl\/workshopcup05\/wp-json\/wp\/v2\/pages\/18\/revisions"}],"predecessor-version":[{"id":721,"href":"https:\/\/eventos.cmm.uchile.cl\/workshopcup05\/wp-json\/wp\/v2\/pages\/18\/revisions\/721"}],"wp:attachment":[{"href":"https:\/\/eventos.cmm.uchile.cl\/workshopcup05\/wp-json\/wp\/v2\/media?parent=18"}],"curies":[{"name":"wp","href":"https:\/\/api.w.org\/{rel}","templated":true}]}}