{"id":64,"date":"2021-09-20T18:18:23","date_gmt":"2021-09-20T21:18:23","guid":{"rendered":"http:\/\/eventos.cmm.uchile.cl\/workshopcup05\/?page_id=64"},"modified":"2023-03-08T00:40:49","modified_gmt":"2023-03-08T03:40:49","slug":"conferencistas","status":"publish","type":"page","link":"https:\/\/eventos.cmm.uchile.cl\/workshopcup05\/conferencistas\/","title":{"rendered":"Conferencistas"},"content":{"rendered":"<h2>Conferencista principal<\/h2>\n<div class=\"su-divider su-divider-style-default\" style=\"margin:0px 0;border-width:2px;border-color:#23519A\"><\/div>\n<h3 id=\"gonzalez-haro\"><img loading=\"lazy\" decoding=\"async\" class=\"speaker_pic alignleft size-full wp-image-357\" src=\"https:\/\/eventos.cmm.uchile.cl\/workshopcup05\/wp-content\/uploads\/sites\/153\/2023\/03\/gonzalez_haro_01.jpg\" alt=\"Cristina Gonz\u00e1lez-Haro\" width=\"200\" height=\"200\" \/>Cristina Gonz\u00e1lez-Haro<\/h3>\n<p><strong>Institut de Ci\u00e8ncies del Mar (ICM) \u2013 Barcelona Expert Center (BEC), Espa\u00f1a<\/strong><\/p>\n<p>La Dra. Cristina Gonz\u00e1lez-Haro tiene una formaci\u00f3n multidisciplinaria, habiendo cursado Ingenier\u00eda Superior de Telecomunicaciones, y habi\u00e9ndose especializado en teledetecci\u00f3n del oc\u00e9ano durante sus estudios de m\u00e1ster, y adquiriendo conocimientos de oceanograf\u00eda f\u00edsica durante su doctorado. Actualmente es investigadora contratada en el Institut de Ci\u00e8ncies del Mar (ICM) en el grupo Barcelona Expert Center (BEC).<\/p>\n<p>Su actividad investigadora est\u00e1 centrada en la teledetecci\u00f3n del oc\u00e9ano, con \u00e9nfasis en la explotaci\u00f3n de datos de teledetecci\u00f3n para estudiar e investigar la din\u00e1mica de las capas superficiales del oc\u00e9ano. Sus actividades actuales se centran en el desarrollo y evaluaci\u00f3n de los productos de salinidad superficial del oc\u00e9ano a partir de observaciones de la misi\u00f3n SMOS y de su explotaci\u00f3n para reconstruir campos de velocidades de corrientes superficiales a partir de la sinergia con otras observaciones. Desde el 2022, es miembro del comit\u00e9 cient\u00edfico internacional \u201cGroup of High Resolution Sea Surface Temperature\u201d (GHRSS) que promueve la monitorizaci\u00f3n de la temperatura superficial del mar (SST en ingl\u00e9s) desde sat\u00e9lites, y engloba a las principales agencias espaciales y productores de observaciones de SST.<\/p>\n<div class=\"su-divider su-divider-style-default\" style=\"margin:20px 0;border-width:3px;border-color:#23519A\"><a href=\"#\" style=\"color:#999999\">Volver arriba \u2303<\/a><\/div>\n<h2>Panelistas<\/h2>\n<div class=\"su-divider su-divider-style-default\" style=\"margin:0px 0;border-width:2px;border-color:#23519A\"><\/div>\n<h3 id=\"alvarez\"><img loading=\"lazy\" decoding=\"async\" class=\"speaker_pic alignleft size-full wp-image-334\" src=\"https:\/\/eventos.cmm.uchile.cl\/workshopcup05\/wp-content\/uploads\/sites\/153\/2023\/03\/enrique_alvarez_fanjul_01.jpg\" alt=\"Enrique \u00c1lvarez\" width=\"200\" height=\"200\" \/>Enrique \u00c1lvarez<\/h3>\n<p><strong>OceanPrediction DCC Technical coordinator at Mercator Ocean<\/strong><\/p>\n<p>El Dr. Enrique \u00c1lvarez tiene una larga carrera en modelado oce\u00e1nico. Es experto en el an\u00e1lisis de series temporales y en el desarrollo de herramientas para analizar las mediciones de datos oce\u00e1nicos de la <a href=\"https:\/\/www.researchgate.net\/publication\/251462639_Real_time_monitoring_of_Spanish_coastal_waters_The_deep_water_network\" target=\"_blank\" rel=\"noopener\">Red Espa\u00f1ola de Aguas Profundas<\/a>. Ha participado y coordinado varios proyectos e iniciativas nacionales e internacionales de gran \u00e9xito, entre ellos <a href=\"https:\/\/marine.copernicus.eu\/access-data\/myocean-viewer\" target=\"_blank\" rel=\"noopener\">MyOcean<\/a>, el sistema <a href=\"https:\/\/marine.copernicus.eu\/about\/producers\/ibi-mfc\" target=\"_blank\" rel=\"noopener\">Copernicus IBI-MFC<\/a> y el <a href=\"https:\/\/www.researchgate.net\/publication\/286221351_The_ESEOO_regional_ocean_forecasting_system\" target=\"_blank\" rel=\"noopener\">sistema regional de previsi\u00f3n oce\u00e1nica ESEOO<\/a>.<\/p>\n<p>El doctor \u00c1lvarez ha contribuido a m\u00e1s de 100 publicaciones revisadas por pares sobre este tema. Tambi\u00e9n es Director del Centro de Colaboraci\u00f3n de la D\u00e9cada para la Predicci\u00f3n Oce\u00e1nica (<a href=\"https:\/\/oceandecade.org\/actions\/decade-collaborative-centre-for-ocean-prediction-dcc-op\/\" target=\"_blank\" rel=\"noopener\">DCC-OP<\/a>), que desempe\u00f1a un papel crucial en la facilitaci\u00f3n de la colaboraci\u00f3n entre las acciones del Decenio Oce\u00e1nico relacionadas con la modelizaci\u00f3n de la predicci\u00f3n oce\u00e1nica, fundamental para lograr los objetivos del Decenio.<\/p>\n<p>Enrique es vicepresidente de un &#8216;Equipo de Expertos en Sistemas Operacionales de Pron\u00f3stico Oce\u00e1nico (<a href=\"https:\/\/www.goosocean.org\/index.php?option=com_content&amp;view=article&amp;id=293:expert-team-on-operational-ocean-forecast-systems-etoofs&amp;catid=9&amp;Itemid=424\" target=\"_blank\" rel=\"noopener\">ETOOFS<\/a>)&#8217;, que recientemente ha publicado una gu\u00eda sobre &#8216;<a href=\"https:\/\/www.goosocean.org\/index.php?option=com_oe&amp;task=viewDocumentRecord&amp;docID=30656\" target=\"_blank\" rel=\"noopener\">Implementaci\u00f3n de Sistemas Operacionales de Monitoreo y Pron\u00f3stico Oce\u00e1nico<\/a>&#8216;. Esta gu\u00eda ofrece una visi\u00f3n general de toda la cadena de valor de un sistema operacional de vigilancia y previsi\u00f3n de los oc\u00e9anos y presenta las normas internacionales y las mejores pr\u00e1cticas para establecer ese servicio.<\/p>\n<div class=\"su-divider su-divider-style-default\" style=\"margin:20px 0;border-width:3px;border-color:#23519A\"><a href=\"#\" style=\"color:#999999\">Volver arriba \u2303<\/a><\/div>\n<h3 id=\"caballero\"><img loading=\"lazy\" decoding=\"async\" class=\"speaker_pic alignleft size-full wp-image-334\" src=\"https:\/\/eventos.cmm.uchile.cl\/workshopcup05\/wp-content\/uploads\/sites\/153\/2023\/03\/caballero_01.jpg\" alt=\"Isabel Caballero de Fruto\" width=\"200\" height=\"200\" \/>Isabel Caballero de Fruto<\/h3>\n<p><strong>Consejo Superior de Investigaciones Cient\u00edficas (CSIC), Espa\u00f1a<\/strong><\/p>\n<p>Investigadora del Consejo Superior de Investigaciones Cient\u00edficas (CSIC), Espa\u00f1a, desde 2010. Su l\u00ednea de investigaci\u00f3n principal desde entonces se centra, en gran medida, en la aplicaci\u00f3n de las herramientas de teledetecci\u00f3n para el estudio de las costas desde un enfoque multidisciplinar e integral. Este trabajo se basa en el desarrollo de nuevas metodolog\u00edas, mediante el uso de los sat\u00e9lites de media y alta resoluci\u00f3n espacial, para avanzar en la monitorizaci\u00f3n de estas regiones tan complejas y din\u00e1micas. Desde 2016 tiene contrato postdoctoral en el CSIC para dirigir un proyecto de la Agencia Espacial Europea (ESA). En 2017 obtiene un premio de la Academia de las Ciencias, Medicina e Ingenier\u00eda de EEUU para trabajar durante 2 a\u00f1os en la National Oceanic and Atmospheric Administration (NOAA). Durante ese periodo, lider\u00f3 un proyecto individual para desarrollar herramientas de cartografiado del fondo costero mediante el programa europeo de Observaci\u00f3n de la Tierra Cop\u00e9rnico. Actualmente, es Investigadora Principal del proyecto Sen2Coast, financiado por el Ministerio de Ciencia e Innovaci\u00f3n dentro del programa Estatal de I+D+i orientado a los Retos de la Sociedad para j\u00f3venes investigadores. Ha recibido m\u00faltiples premios y Conferencista en decenas de Congresos de alto impacto internacional.<\/p>\n<p>Autora o coautora de 40 publicaciones internacionales en revistas indexadas en el JCR-SCI. En 2020 fue invitada por de la Comisi\u00f3n Europea al debate COPERNICUS4REGIONS que se celebr\u00f3 en el Parlamento Europeo en Bruselas. Ha participado en el equipo de investigaci\u00f3n de 25 proyectos regionales, nacionales, europeos e internacionales.<\/p>\n<div class=\"su-divider su-divider-style-default\" style=\"margin:20px 0;border-width:3px;border-color:#23519A\"><a href=\"#\" style=\"color:#999999\">Volver arriba \u2303<\/a><\/div>\n<h3 id=\"paredes\"><img loading=\"lazy\" decoding=\"async\" class=\"speaker_pic alignleft size-full wp-image-334\" src=\"https:\/\/eventos.cmm.uchile.cl\/workshopcup05\/wp-content\/uploads\/sites\/153\/2023\/03\/paredes_01.jpg\" alt=\"Jorge Paredes\" width=\"200\" height=\"200\" \/>Jorge Paredes<\/h3>\n<p><strong>Centro de Investigaci\u00f3n en Ciencias de Informaci\u00f3n Geoespacial (CentroGeo), M\u00e9xico<\/strong><\/p>\n<p>Doctor en Ciencias del Agua con \u00e9nfasis en Gesti\u00f3n de Recursos H\u00eddricos, Maestro en Ciencias del Agua con \u00e9nfasis en Hidrolog\u00eda Subterr\u00e1nea y Licenciado en Geograf\u00eda y Ordenaci\u00f3n del Territorio, por la Universidad Aut\u00f3noma del Estado de M\u00e9xico. Es miembro del Sistema Nacional de Investigadores de M\u00e9xico.<\/p>\n<p>Ha impartido cursos de Licenciatura, Maestr\u00eda y Doctorado sobre An\u00e1lisis Espacial, Ciencias de la Tierra, Ciencias del Agua, entre otros. Tambi\u00e9n ha participado en diversos proyectos de investigaci\u00f3n a nivel nacional y estatal, tanto para instituciones educativas, como para organismos gubernamentales en diversas partes de la Rep\u00fablica Mexicana.<\/p>\n<p>Sus l\u00edneas de investigaci\u00f3n son: An\u00e1lisis Espacial, Estudio de la Disponibilidad, Prospectiva y Gesti\u00f3n de Recursos H\u00eddricos e Hidrolog\u00eda Subterr\u00e1nea. Pertenece al programa Investigadoras e Investigadores por M\u00e9xico del CONACyT y est\u00e1 comisionado al Centro de Investigaci\u00f3n en Ciencias de Informaci\u00f3n Geoespacial (CentroGeo), donde actualmente es coordinador del programa de Doctorado en Ciencias de Informaci\u00f3n Geoespacial.<\/p>\n<div class=\"su-divider su-divider-style-default\" style=\"margin:20px 0;border-width:3px;border-color:#23519A\"><a href=\"#\" style=\"color:#999999\">Volver arriba \u2303<\/a><\/div>\n<h3 id=\"pezzi\"><img loading=\"lazy\" decoding=\"async\" class=\"speaker_pic alignleft size-full wp-image-334\" src=\"https:\/\/eventos.cmm.uchile.cl\/workshopcup05\/wp-content\/uploads\/sites\/153\/2023\/03\/pezzi_01.jpg\" alt=\"Luciano Pezzi\" width=\"200\" height=\"200\" \/>Luciano Pezzi<\/h3>\n<p><strong>National Institute for Space Research (INPE)<\/strong><\/p>\n<p>Es meteor\u00f3logo y doctor en Oceanograf\u00eda F\u00edsica (Universidad de Southampton, Reino Unido). Es Cient\u00edfico Senior de la Divisi\u00f3n de Observaci\u00f3n de la Tierra y Geoinform\u00e1tica (DIOTG) en la Coordinaci\u00f3n General de Ciencias de la Tierra (CGCT) del INPE. Recibi\u00f3 los t\u00edtulos de \u00abHidr\u00f3grafo Honorario\u00bb (2012) y Amigo de la Marina (2021) de la Armada de Brasil. Tambi\u00e9n trabaja como profesor en los programas de posgrado en Teledetecci\u00f3n (PGSER) y en Meteorolog\u00eda (PGMet), ambos en el INPE. Fue Jefe Adjunto de la Divisi\u00f3n de Teledetecci\u00f3n (DSR) de OBT\/INPE de 2013 a 2015 y del Proyecto Ant\u00e1rtico del INPE (2007-2018).<\/p>\n<p>Actualmente coordina el Laboratorio de Estudios Oce\u00e1nicos y Atmosf\u00e9ricos (LOA\/CGCT\/INPE). Internacionalmente, es miembro del Comit\u00e9 Directivo Cient\u00edfico (CSE) del Sistema de Observaci\u00f3n del Oc\u00e9ano Austral (SOOS). Representa a SOOS en el Panel Regional del Oc\u00e9ano Austral (SORP) de CLIVAR\/Clic\/SCAR. Luciano Pezzi representa al INPE en la \u00abAlianza Regional en Oceanograf\u00eda para el Atl\u00e1ntico Sudoccidental Superior y Tropical (OCEATLAN)\u00bb. Es miembro del comit\u00e9 directivo cient\u00edfico del Modelo Brasile\u00f1o del Sistema Terrestre para la Predicci\u00f3n Oc\u00e9ano-Tierra-Atm\u00f3sfera (MONAN).<\/p>\n<p>Trabaja principalmente en los siguientes temas: Interacci\u00f3n Oc\u00e9ano-Atm\u00f3sfera, Modelado Acoplado Regional y Global, Pron\u00f3stico Clim\u00e1tico Estacional, Estudios Clim\u00e1ticos Observacionales y Num\u00e9ricos, habiendo publicado varios art\u00edculos en revistas especializadas y anales de eventos. Fue Editor Asistente de la Revista Brasile\u00f1a de Meteorolog\u00eda (RBMet) de 2008 a 2016. Coautor del \u00abPlan de Ciencia y Aplicaci\u00f3n del Sistema de Observaci\u00f3n del Oc\u00e9ano Austral 2021-2025\u00bb.<\/p>\n<div class=\"su-divider su-divider-style-default\" style=\"margin:20px 0;border-width:3px;border-color:#23519A\"><a href=\"#\" style=\"color:#999999\">Volver arriba \u2303<\/a><\/div>\n<h3 id=\"restrepo\"><img loading=\"lazy\" decoding=\"async\" class=\"speaker_pic alignleft size-full wp-image-334\" src=\"https:\/\/eventos.cmm.uchile.cl\/workshopcup05\/wp-content\/uploads\/sites\/153\/2023\/03\/restrepo_01.jpg\" alt=\"Juan Dar\u00edo Restrepo \u00c1ngel\" width=\"200\" height=\"200\" \/>Juan Dar\u00edo Restrepo \u00c1ngel<\/h3>\n<p><strong>Profesor Em\u00e9rito<\/strong><br \/>\n<strong>Escuela de Ciencias Aplicadas e Ingener\u00eda <\/strong><br \/>\n<strong>Director cient\u00edfico Proyecto BASIC<\/strong><br \/>\n<strong>https:\/\/www.basic-cartagena.org<\/strong><br \/>\n<strong>Universidad EAFIT, Medell\u00edn, Colombia<\/strong><\/p>\n<p>Juan Dar\u00edo Restrepo \u00c1ngel es bi\u00f3logo marino de la Universidad Jorge Tadeo Lozano y Doctor en Oceanograf\u00eda de la Universidad de Carolina del Sur en los Estados Unidos. Desde los a\u00f1os noventa, el profesor Restrepo ha estado estudiando los mecanismos del transporte de sedimentos de los r\u00edos del Pac\u00edfico y Caribe de Colombia, y los procesos din\u00e1micos que ocurren en los principales deltas del pa\u00eds. Otro de sus estudios ha sido la investigaci\u00f3n sobre las causas y tendencias de la erosi\u00f3n en la cuenca del r\u00edo Magdalena durante los \u00faltimos 30 a\u00f1os, trabajo que obtuvo Menci\u00f3n Especial en Ciencias F\u00edsicas, Exactas y Naturales del Premio Alejandro \u00c1ngel Escobar en el a\u00f1o 2006. El profesor Restrepo ha sido becario de las Naciones Unidas en el estudio de los Ecosistemas del Milenio y co-autor del Cap\u00edtulo del estado de las Costas en el mismo proyecto. Como producto de sus investigaciones ha realizado m\u00e1s de treinta publicaciones en revistas indexadas internacionales de alto factor de impacto y publicado cuatro libros.<\/p>\n<p>En los \u00faltimos a\u00f1os ha ocupado varios cargos nacionales e internacionales, entre otros: Miembro del Consejo Cient\u00edfico de Direcci\u00f3n del Proyecto Global sobre la Biosfera y Geosfera, IGBP, en su programa sobre los r\u00edos y costas, LOICZ; becario de la Uni\u00f3n Europea como profesor invitado en universidades de Espa\u00f1a, Inglaterra, Portugal y Noruega, en donde ha dictado cursos de posgrado sobre procesos f\u00edsicos en r\u00edos y deltas tropicales; representante por Suram\u00e9rica en el proyecto mundial sobre la din\u00e1mica y vulnerabilidad de los deltas globales (IGBP-LOICZ-GWSP-University of Colorado); investigador por Colombia en el proyecto de la UNESCO sobre R\u00edos Tropicales; consejero de Colciencias en el Programa de Ciencias y Tecnolog\u00edas del Mar; asesor por Suram\u00e9rica en el Proyecto de la Universidad de las Naciones Unidas y del GEF \u201cInternational Water Project\u201d; cient\u00edfico visitante de la Universidad de Colorado en Boulder (2009-presente); profesor y cient\u00edfico visitante de la Universidad de Texas en Austin (2011-2016); director del Doctorado en Ciencias de la Tierra de la Universidad EAFIT y profesor investigador en el Departamento de Ciencias de la Tierra de la misma instituci\u00f3n.<\/p>\n<p>Ha sido nombrado como miembro correspondiente de la Academia Colombiana de Ciencias Exactas, F\u00edsicas y Naturales, cient\u00edfico adjunto del Centro de Investigaciones Marinas y Ambientales CIMA de la Universidad de Algarve en Portugal, y coordinador por Suram\u00e9rica del Programa Mundial de Sedimentos de la UNESCO (International Sediment Initiative-ISI). Recientemente obtuvo Menci\u00f3n de Honor en Desarrollo Sostenible y Medio Ambiente del Premio Alejandro \u00c1ngel Escobar en 2018 por su investigaci\u00f3n en la Bah\u00eda de Cartagena en los \u00faltimos ocho a\u00f1os. Fue nombrado Profesor Em\u00e9rito de la Universidad EAFIT en 2020.<\/p>\n<div class=\"su-divider su-divider-style-default\" style=\"margin:20px 0;border-width:3px;border-color:#23519A\"><a href=\"#\" style=\"color:#999999\">Volver arriba \u2303<\/a><\/div>\n","protected":false},"excerpt":{"rendered":"<p>Conferencista principal Cristina Gonz\u00e1lez-Haro Institut de Ci\u00e8ncies del Mar (ICM) \u2013 Barcelona Expert Center (BEC), Espa\u00f1a La Dra. Cristina Gonz\u00e1lez-Haro tiene una formaci\u00f3n multidisciplinaria, habiendo cursado Ingenier\u00eda Superior de Telecomunicaciones, y habi\u00e9ndose especializado en teledetecci\u00f3n del oc\u00e9ano durante sus estudios de m\u00e1ster, y adquiriendo conocimientos de oceanograf\u00eda f\u00edsica durante su doctorado. Actualmente es investigadora contratada &hellip; <a href=\"https:\/\/eventos.cmm.uchile.cl\/workshopcup05\/conferencistas\/\" class=\"more-link\">Seguir leyendo <span class=\"screen-reader-text\">Conferencistas<\/span> <span class=\"meta-nav\">&rarr;<\/span><\/a><\/p>\n","protected":false},"author":2,"featured_media":0,"parent":0,"menu_order":1,"comment_status":"closed","ping_status":"closed","template":"","meta":{"inline_featured_image":false,"footnotes":""},"class_list":["post-64","page","type-page","status-publish","hentry"],"_links":{"self":[{"href":"https:\/\/eventos.cmm.uchile.cl\/workshopcup05\/wp-json\/wp\/v2\/pages\/64","targetHints":{"allow":["GET"]}}],"collection":[{"href":"https:\/\/eventos.cmm.uchile.cl\/workshopcup05\/wp-json\/wp\/v2\/pages"}],"about":[{"href":"https:\/\/eventos.cmm.uchile.cl\/workshopcup05\/wp-json\/wp\/v2\/types\/page"}],"author":[{"embeddable":true,"href":"https:\/\/eventos.cmm.uchile.cl\/workshopcup05\/wp-json\/wp\/v2\/users\/2"}],"replies":[{"embeddable":true,"href":"https:\/\/eventos.cmm.uchile.cl\/workshopcup05\/wp-json\/wp\/v2\/comments?post=64"}],"version-history":[{"count":59,"href":"https:\/\/eventos.cmm.uchile.cl\/workshopcup05\/wp-json\/wp\/v2\/pages\/64\/revisions"}],"predecessor-version":[{"id":722,"href":"https:\/\/eventos.cmm.uchile.cl\/workshopcup05\/wp-json\/wp\/v2\/pages\/64\/revisions\/722"}],"wp:attachment":[{"href":"https:\/\/eventos.cmm.uchile.cl\/workshopcup05\/wp-json\/wp\/v2\/media?parent=64"}],"curies":[{"name":"wp","href":"https:\/\/api.w.org\/{rel}","templated":true}]}}