{"id":71,"date":"2021-09-20T18:08:50","date_gmt":"2021-09-20T21:08:50","guid":{"rendered":"http:\/\/eventos.cmm.uchile.cl\/workshopcup05\/?page_id=71"},"modified":"2023-05-22T09:40:53","modified_gmt":"2023-05-22T13:40:53","slug":"programme","status":"publish","type":"page","link":"https:\/\/eventos.cmm.uchile.cl\/workshopcup05\/en\/programme\/","title":{"rendered":"Programme"},"content":{"rendered":"<p>Workshop Series JNCC\/Copernicus Relays Chile\/CMM<\/p>\n<p><strong>Copernicus Data for Chile and Latin America:<br \/>\n<\/strong><strong>Building applications and collaboration networks<\/strong><\/p>\n<p>Event 5 of 5: Ocean Monitoring<\/p>\n<div class=\"su-button-center\"><a href=\"https:\/\/www.youtube.com\/watch?v=Vz6r1eqZ4sQ\" class=\"su-button su-button-style-flat\" style=\"color:#FFFFFF;background-color:#23519A;border-color:#1c417c;border-radius:9px\" target=\"_blank\" rel=\"noopener noreferrer\"><span style=\"color:#FFFFFF;padding:8px 24px;font-size:18px;line-height:27px;border-color:#6586b9;border-radius:9px;text-shadow:none\"><i class=\"sui sui-youtube-play\" style=\"font-size:18px;color:#FFFFFF\"><\/i> Streaming on YouTube<\/span><\/a><\/div>\n<p>&nbsp;<\/p>\n<p><iframe loading=\"lazy\" title=\"YouTube video player\" src=\"https:\/\/www.youtube-nocookie.com\/embed\/Vz6r1eqZ4sQ\" width=\"604\" height=\"340\" frameborder=\"0\" allowfullscreen=\"allowfullscreen\"><span data-mce-type=\"bookmark\" style=\"display: inline-block; width: 0px; overflow: hidden; line-height: 0;\" class=\"mce_SELRES_start\">\ufeff<\/span><span data-mce-type=\"bookmark\" style=\"display: inline-block; width: 0px; overflow: hidden; line-height: 0;\" class=\"mce_SELRES_start\">\ufeff<\/span><\/iframe><\/p>\n<p>&nbsp;<\/p>\n<div class=\"su-service servicio\"><div class=\"su-service-title\" style=\"padding-left:46px;min-height:32px;line-height:32px\"><i class=\"sui sui-video-camera\" style=\"font-size:32px;color:#23519A\"><\/i> Zoom \/ Simultaneous translation<\/div><div class=\"su-service-content su-u-clearfix su-u-trim\" style=\"padding-left:46px\">The entire event will be not only face-to-face but also online via the Zoom platform. Sessions will have simultaneous translation English-Portuguese-Spanish.<\/div><\/div>\n<table width=\"100%\">\n<tbody>\n<tr>\n<td width=\"45\">09:30<\/td>\n<td width=\"317\">Opening Session<\/td>\n<\/tr>\n<tr>\n<td>09:40<\/td>\n<td>Inaugural Conference.<br \/>\n<em>\u201cMonitorizaci\u00f3n satelital de variables esenciales clim\u00e1ticas: temperatura, salinidad y nivel del mar\u201d.<\/em><br \/>\n<strong>Dra. Cristina Gonz\u00e1lez-Haro<\/strong><br \/>\nInstitut de Ci\u00e8ncies del Mar (ICM) \u2013 Barcelona Expert Center (BEC), Espa\u00f1a<br \/>\n<a href=\"https:\/\/static.cmm.uchile.cl\/descargas\/2023\/copernicus\/w5\/gonzalez_haro_monitorizacion_variables_esenciales.pdf\" target=\"_blank\" rel=\"noopener\">Download (PDF)<\/a><\/td>\n<\/tr>\n<tr>\n<td>10:20<\/td>\n<td>Q&amp;A<\/td>\n<\/tr>\n<tr>\n<td>10:30<\/td>\n<td>Coffee Break<\/td>\n<\/tr>\n<tr>\n<td>10:50<\/td>\n<td>Panel \u2014 <em>Monitoring Key ocean parameters with Sentinel<\/em><br \/>\nChair: <strong>Dr. Alejandro Maass<\/strong><br \/>\nCenter for Mathematical Modeling, U. de Chile, Chile<\/td>\n<\/tr>\n<tr>\n<td>\u2014<\/td>\n<td><em>\u00abUsing the Copernicus Marine Data Services for Implementing Operational Ocean Monitoring and Forecasting Systems\u00bb<\/em><br \/>\n<strong>Dr. Enrique \u00c1lvarez<\/strong><br \/>\nMercator, Francia<br \/>\n<a href=\"https:\/\/static.cmm.uchile.cl\/descargas\/2023\/copernicus\/w5\/alvarez_cms_2_enrique.pdf\" target=\"_blank\" rel=\"noopener\">Download (PDF)<\/a><\/td>\n<\/tr>\n<tr>\n<td>\u2014<\/td>\n<td><em>\u201cNuevas capacidades de los sat\u00e9lites Sentinel-2A\/B combinadas con datos in situ para vigilar peque\u00f1as proliferaciones de algas nocivas en aguas costeras complejas\u201d<\/em><br \/>\n<strong>Isabel Caballero de Frutos<\/strong><br \/>\nConsejo Superior de Investigaciones Cient\u00edficas (CSIC), Espa\u00f1a<br \/>\n<a href=\"https:\/\/static.cmm.uchile.cl\/descargas\/2023\/copernicus\/w5\/caballero_monitorizacion_oceano_costero.pdf\" target=\"_blank\" rel=\"noopener\">Download (PDF)<\/a><\/td>\n<\/tr>\n<tr>\n<td>\u2014<\/td>\n<td><em>\u201cOceanic eddy-induced modifications to air\u2013sea heat and CO2 fluxes in the Brazil-Malvinas Confluence\u201d<\/em><br \/>\n<strong>Dr. Luciano Pezzi<\/strong><br \/>\nInstituto Nacional de Investigaciones Espaciales (INPE), Brasil<br \/>\n<a href=\"https:\/\/static.cmm.uchile.cl\/descargas\/2023\/copernicus\/w5\/pezzi_2023_copernicus.pdf\" target=\"_blank\" rel=\"noopener\">Download (PDF)<\/a><\/td>\n<\/tr>\n<tr>\n<td>\u2014<\/td>\n<td><em>\u00abObservaci\u00f3n con Sentinel-1 para delineaci\u00f3n costera aplicada a la Costa de M\u00e9xico\u00bb<\/em><br \/>\n<strong>Dr. Jorge Paredes<\/strong><br \/>\nCentro de Investigaci\u00f3n en Ciencias de Informaci\u00f3n Geoespacial (CentroGeo), M\u00e9xico<br \/>\n<a href=\"https:\/\/static.cmm.uchile.cl\/descargas\/2023\/copernicus\/w5\/paredes_sentinel_1_linea_de_costa_mexico.pdf\" target=\"_blank\" rel=\"noopener\">Download (PDF)<\/a><\/td>\n<\/tr>\n<tr>\n<td>\u2014<\/td>\n<td><em>\u00abHundimiento costero y vulnerabilidad frente al aumento del nivel del mar durante el siglo XXI en Cartagena, Caribe Colombia\u00bb<\/em><br \/>\n<strong>Dr. Juan Dar\u00edo Restrepo<\/strong><br \/>\nUniversidad EAFIT, Medell\u00edn, Colombia<br \/>\n<a href=\"https:\/\/static.cmm.uchile.cl\/descargas\/2023\/copernicus\/w5\/restrepo_copernicus_chile_restrepo_v1.pdf\" target=\"_blank\" rel=\"noopener\">Download (PDF)<\/a><\/td>\n<\/tr>\n<tr>\n<td>12:30<\/td>\n<td>Q&amp;A<\/td>\n<\/tr>\n<tr>\n<td>12:45<\/td>\n<td>General Discussion<\/td>\n<\/tr>\n<tr>\n<td>13:30<\/td>\n<td>Closing Session<\/td>\n<\/tr>\n<tr>\n<td>13:40<\/td>\n<td>Cocktail Reception<\/td>\n<\/tr>\n<\/tbody>\n<\/table>\n<div class=\"su-divider su-divider-style-default\" style=\"margin:20px 0;border-width:3px;border-color:#23519A\"><a href=\"#\" style=\"color:#999999\">Ir arriba<\/a><\/div>\n","protected":false},"excerpt":{"rendered":"<p>Workshop Series JNCC\/Copernicus Relays Chile\/CMM Copernicus Data for Chile and Latin America: Building applications and collaboration networks Event 5 of 5: Ocean Monitoring &nbsp; \ufeff\ufeff &nbsp; 09:30 Opening Session 09:40 Inaugural Conference. \u201cMonitorizaci\u00f3n satelital de variables esenciales clim\u00e1ticas: temperatura, salinidad y nivel del mar\u201d. Dra. Cristina Gonz\u00e1lez-Haro Institut de Ci\u00e8ncies del Mar (ICM) \u2013 Barcelona &hellip; <a href=\"https:\/\/eventos.cmm.uchile.cl\/workshopcup05\/en\/programme\/\" class=\"more-link\">Seguir leyendo <span class=\"screen-reader-text\">Programme<\/span> <span class=\"meta-nav\">&rarr;<\/span><\/a><\/p>\n","protected":false},"author":2,"featured_media":0,"parent":0,"menu_order":10,"comment_status":"closed","ping_status":"closed","template":"","meta":{"inline_featured_image":false,"footnotes":""},"class_list":["post-71","page","type-page","status-publish","hentry"],"_links":{"self":[{"href":"https:\/\/eventos.cmm.uchile.cl\/workshopcup05\/wp-json\/wp\/v2\/pages\/71","targetHints":{"allow":["GET"]}}],"collection":[{"href":"https:\/\/eventos.cmm.uchile.cl\/workshopcup05\/wp-json\/wp\/v2\/pages"}],"about":[{"href":"https:\/\/eventos.cmm.uchile.cl\/workshopcup05\/wp-json\/wp\/v2\/types\/page"}],"author":[{"embeddable":true,"href":"https:\/\/eventos.cmm.uchile.cl\/workshopcup05\/wp-json\/wp\/v2\/users\/2"}],"replies":[{"embeddable":true,"href":"https:\/\/eventos.cmm.uchile.cl\/workshopcup05\/wp-json\/wp\/v2\/comments?post=71"}],"version-history":[{"count":50,"href":"https:\/\/eventos.cmm.uchile.cl\/workshopcup05\/wp-json\/wp\/v2\/pages\/71\/revisions"}],"predecessor-version":[{"id":719,"href":"https:\/\/eventos.cmm.uchile.cl\/workshopcup05\/wp-json\/wp\/v2\/pages\/71\/revisions\/719"}],"wp:attachment":[{"href":"https:\/\/eventos.cmm.uchile.cl\/workshopcup05\/wp-json\/wp\/v2\/media?parent=71"}],"curies":[{"name":"wp","href":"https:\/\/api.w.org\/{rel}","templated":true}]}}