{"id":355,"date":"2021-10-09T13:59:03","date_gmt":"2021-10-09T16:59:03","guid":{"rendered":"https:\/\/eventos.cmm.uchile.cl\/zuazua60\/?page_id=355"},"modified":"2021-10-09T19:23:28","modified_gmt":"2021-10-09T22:23:28","slug":"about","status":"publish","type":"page","link":"https:\/\/eventos.cmm.uchile.cl\/zuazua60\/about\/","title":{"rendered":"About"},"content":{"rendered":"<p>[et_pb_section fb_built=&#8221;1&#8243; custom_padding_last_edited=&#8221;off|desktop&#8221; admin_label=&#8221;Hero&#8221; _builder_version=&#8221;4.4.8&#8243; background_color=&#8221;#eaeaea&#8221; custom_margin=&#8221;|||&#8221; custom_padding=&#8221;100px||100px|&#8221; custom_padding_tablet=&#8221;130px||130px|&#8221;][et_pb_row column_structure=&#8221;1_2,1_2&#8243; admin_label=&#8221;title and illustration&#8221; _builder_version=&#8221;3.25&#8243; background_size=&#8221;initial&#8221; background_position=&#8221;top_left&#8221; background_repeat=&#8221;repeat&#8221; custom_margin=&#8221;|||&#8221;][et_pb_column type=&#8221;1_2&#8243; _builder_version=&#8221;3.25&#8243; custom_padding=&#8221;|||&#8221; custom_padding__hover=&#8221;|||&#8221;][et_pb_text admin_label=&#8221;Registration titulo&#8221; _builder_version=&#8221;4.4.8&#8243; header_font=&#8221;Barlow Semi Condensed|700|||||||&#8221; header_font_size=&#8221;46px&#8221; header_line_height=&#8221;1.3em&#8221; custom_margin=&#8221;||0px|&#8221; animation_style=&#8221;fold&#8221; animation_direction=&#8221;top&#8221;]<\/p>\n<h1>About this Workshop<\/h1>\n<p>[\/et_pb_text][et_pb_divider color=&#8221;#EC6B10&#8243; divider_position=&#8221;center&#8221; divider_weight=&#8221;2px&#8221; _builder_version=&#8221;4.4.8&#8243; max_width=&#8221;90px&#8221; max_width_tablet=&#8221;12%&#8221; max_width_last_edited=&#8221;off|desktop&#8221; custom_margin=&#8221;|||&#8221; animation_style=&#8221;flip&#8221; animation_delay=&#8221;50ms&#8221;][\/et_pb_divider][et_pb_text disabled_on=&#8221;off|off|off&#8221; _builder_version=&#8221;4.4.8&#8243; text_font=&#8221;||||||||&#8221; text_font_size=&#8221;20px&#8221; text_line_height=&#8221;1.8em&#8221; custom_margin=&#8221;25px|||&#8221; animation_style=&#8221;fold&#8221; animation_direction=&#8221;top&#8221; animation_delay=&#8221;100ms&#8221;]<\/p>\n<p>The Workshop on Non-Linear Analysis and Control Theory in honor of Prof. Enrique Zuazua<\/p>\n<p>[\/et_pb_text][\/et_pb_column][et_pb_column type=&#8221;1_2&#8243; _builder_version=&#8221;3.25&#8243; custom_padding=&#8221;|||&#8221; custom_padding__hover=&#8221;|||&#8221;][et_pb_image src=&#8221;https:\/\/eventos.cmm.uchile.cl\/zuazua60\/wp-content\/uploads\/sites\/91\/2021\/10\/conference_illustration_07.png&#8221; force_fullwidth=&#8221;on&#8221; align_tablet=&#8221;center&#8221; align_phone=&#8221;&#8221; align_last_edited=&#8221;on|desktop&#8221; disabled_on=&#8221;on|on|on&#8221; admin_label=&#8221;illustration&#8221; _builder_version=&#8221;3.23&#8243; animation_style=&#8221;slide&#8221; animation_direction=&#8221;right&#8221; animation_intensity_slide=&#8221;10%&#8221; disabled=&#8221;on&#8221;][\/et_pb_image][\/et_pb_column][\/et_pb_row][\/et_pb_section][et_pb_section fb_built=&#8221;1&#8243; _builder_version=&#8221;3.22&#8243;][et_pb_row _builder_version=&#8221;4.4.8&#8243;][et_pb_column type=&#8221;4_4&#8243; _builder_version=&#8221;4.4.8&#8243;][et_pb_text admin_label=&#8221;In honor of Prof. Enrique Zuazua titulo&#8221; _builder_version=&#8221;4.4.8&#8243;]<\/p>\n<h2>In honor of Prof. Enrique Zuazua<\/h2>\n<p>[\/et_pb_text][\/et_pb_column][\/et_pb_row][et_pb_row _builder_version=&#8221;3.25&#8243; background_size=&#8221;initial&#8221; background_position=&#8221;top_left&#8221; background_repeat=&#8221;repeat&#8221;][et_pb_column type=&#8221;4_4&#8243; _builder_version=&#8221;3.25&#8243; custom_padding=&#8221;|||&#8221; custom_padding__hover=&#8221;|||&#8221;][et_pb_text admin_label=&#8221;intro&#8221; _builder_version=&#8221;4.4.8&#8243; background_size=&#8221;initial&#8221; background_position=&#8221;top_left&#8221; background_repeat=&#8221;repeat&#8221;]<\/p>\n<p>A group of colleagues and friends of Professor Enrique Zuazua is organizing an International Workshop on Non-Linear Analysis and Control Theory to commemorate his 60th birthday. This Workshop will be held (online) on November 3, 4, and 5, 2021.<\/p>\n<p><a href=\"#Zuazua\">Professor Zuazua<\/a> has contributed to this interesting subject, with many fundamental ideas, techniques and fruitful collaborations with colleagues from all over the world.<\/p>\n<p>[\/et_pb_text][\/et_pb_column][\/et_pb_row][et_pb_row column_structure=&#8221;1_3,1_3,1_3&#8243; _builder_version=&#8221;4.4.8&#8243;][et_pb_column type=&#8221;1_3&#8243; _builder_version=&#8221;4.4.8&#8243;][et_pb_text admin_label=&#8221;Scientific Committee&#8221; _builder_version=&#8221;4.4.8&#8243;]<\/p>\n<h3>Scientific Committee<\/h3>\n<ul>\n<li><strong>Gr\u00e9goire Allaire<\/strong><br \/>Ecole Polytechnique de Paris, France<\/li>\n<li><strong>Carlos Conca<\/strong> (Chair)<br \/>Universidad de Chile, Chile<\/li>\n<li><strong>Luz de Teresa<\/strong><br \/>Universidad Nacional Aut\u00f3noma de M\u00e9xico (UNAM), M\u00e9xico<\/li>\n<li><strong>Sergio Guti\u00e9rrez<\/strong><br \/>Pontificia Universidad Cat\u00f3lica de Chile, Chile<\/li>\n<li><strong>Alberto Mercado<\/strong><br \/>Universidad T\u00e9cnica Federico Santa Mar\u00eda, Chile<\/li>\n<li><strong>Marius Tucsnak<\/strong><br \/>Universit\u00e9 de Bordeaux, France<\/li>\n<li><strong>Mahamadi Warma<\/strong><br \/>George Mason University, USA<\/li>\n<\/ul>\n<p>[\/et_pb_text][\/et_pb_column][et_pb_column type=&#8221;1_3&#8243; _builder_version=&#8221;4.4.8&#8243;][et_pb_text admin_label=&#8221;Organizing Committee&#8221; _builder_version=&#8221;4.4.8&#8243;]<\/p>\n<h3>Organizing Committee<\/h3>\n<ul>\n<li><strong>Fagner Araruna<\/strong><br \/>Universidade Federal da Para\u00edba, Brazil<\/li>\n<li><strong>Rodrigo Lecaros<\/strong> (Chair)<br \/>Universidad T\u00e9cnica Federico Santa Mar\u00eda, Chile<\/li>\n<li><strong>Rajesh Mahavedan<\/strong><br \/>Universidad de Concepci\u00f3n, Chile<\/li>\n<li><strong>Gino Montecinos<\/strong><br \/>Universidad de Ays\u00e9n, Chile<\/li>\n<li><strong>Jaime Ortega<\/strong><br \/>Universidad de Chile, Chile<\/li>\n<li><strong>Mauricio Sep\u00falveda<\/strong><br \/>Universidad de Concepci\u00f3n, Chile<\/li>\n<li><strong>Sebasti\u00e1n Zamorano<\/strong><br \/>Universidad de Santiago, Chile<\/li>\n<\/ul>\n<p>[\/et_pb_text][\/et_pb_column][et_pb_column type=&#8221;1_3&#8243; _builder_version=&#8221;4.4.8&#8243;][et_pb_blurb title=&#8221;Poster&#8221; image=&#8221;https:\/\/eventos.cmm.uchile.cl\/zuazua60\/wp-content\/uploads\/sites\/91\/2021\/10\/zuazua60_poster_thumb_05.jpg&#8221; alt=&#8221;zuazua60 poster&#8221; admin_label=&#8221;poster download&#8221; _builder_version=&#8221;4.4.8&#8243; link_option_url=&#8221;https:\/\/eventos.cmm.uchile.cl\/zuazua60\/wp-content\/uploads\/sites\/91\/2021\/10\/Afiche_Zuazua60_update03.pdf&#8221; link_option_url_new_window=&#8221;on&#8221;]<\/p>\n<p>Download\u00a0 the Workshop poster.<\/p>\n<p>[\/et_pb_blurb][\/et_pb_column][\/et_pb_row][\/et_pb_section][et_pb_section fb_built=&#8221;1&#8243; admin_label=&#8221;section Enrique Zuazua&#8221; module_id=&#8221;Zuazua&#8221; _builder_version=&#8221;4.4.8&#8243;][et_pb_row _builder_version=&#8221;4.4.8&#8243;][et_pb_column type=&#8221;4_4&#8243; _builder_version=&#8221;4.4.8&#8243;][et_pb_text admin_label=&#8221;Enrique Zuazua titulo&#8221; _builder_version=&#8221;4.4.8&#8243;]<\/p>\n<h2>Enrique Zuazua<\/h2>\n<p>[\/et_pb_text][\/et_pb_column][\/et_pb_row][et_pb_row column_structure=&#8221;1_2,1_2&#8243; _builder_version=&#8221;3.25&#8243; background_size=&#8221;initial&#8221; background_position=&#8221;top_left&#8221; background_repeat=&#8221;repeat&#8221;][et_pb_column type=&#8221;1_2&#8243; _builder_version=&#8221;3.25&#8243; custom_padding=&#8221;|||&#8221; custom_padding__hover=&#8221;|||&#8221;][et_pb_text admin_label=&#8221;about Enrique Zuazua&#8221; _builder_version=&#8221;4.4.8&#8243; background_size=&#8221;initial&#8221; background_position=&#8221;top_left&#8221; background_repeat=&#8221;repeat&#8221;]<\/p>\n<p>Enrique Zuazua (Iriondo, second family name) is the Head of the Chair for Dynamics, Control and Numerics &#8211; FAU DCN-AvH (Alexander von Humboldt Professorship) at the University of Erlangen\u2013Nuremberg (FAU).<\/p>\n<p>He is also Distinguished Research Professor and the Director of the Chair of Computational Mathematics of DeustoTech Research Center of the University of Deusto in Bilbao, Basque Country, Spain and Professor of Applied Mathematics at Universidad Aut\u00f3noma de Madrid (UAM).<\/p>\n<p>[\/et_pb_text][et_pb_image src=&#8221;https:\/\/eventos.cmm.uchile.cl\/zuazua60\/wp-content\/uploads\/sites\/91\/2021\/10\/enrique_zuazua_c_512_01.jpg&#8221; alt=&#8221;Enrique Zuazua&#8221; title_text=&#8221;Enrique Zuazua&#8221; admin_label=&#8221;Zuazua &#8211; border radius 50%&#8221; _builder_version=&#8221;4.4.8&#8243; custom_css_main_element=&#8221;width: 512px !important;||height: 512px !important;||overflow: hidden;||border-radius: 50%;&#8221;][\/et_pb_image][\/et_pb_column][et_pb_column type=&#8221;1_2&#8243; _builder_version=&#8221;3.25&#8243; custom_padding=&#8221;|||&#8221; custom_padding__hover=&#8221;|||&#8221;][et_pb_text admin_label=&#8221;infobox&#8221; _builder_version=&#8221;4.4.8&#8243; header_4_text_color=&#8221;#EC6B10&#8243; background_color=&#8221;#f9f9f9&#8243; custom_padding=&#8221;20px|20px|20px|20px|true|true&#8221;]<\/p>\n<h4>Enrique Zuazua<\/h4>\n<h5>Born<\/h5>\n<p>September 28, 1961 (age 60)<br \/>Eibar, Gipuzkoa, Basque Country, Spain<\/p>\n<h5>Awards<\/h5>\n<ul>\n<li>Alexander von Humboldt Professor at the Friedrich Alexander University, Erlangen-N\u00fcrnberg (2015).<\/li>\n<li>Ambassador of Friedrich Alexander University, Erlangen-N\u00fcrnberg (2015).<\/li>\n<li>Member of Academia Europaea (2015)<\/li>\n<li>Doctor Honoris Causa, Universit\u00e9 de Lorraine, France (2014)<\/li>\n<li>Humboldt Research Award (2013)<\/li>\n<li>National Research Award \/ Premio Nacional de Investigaci\u00f3n Julio Rey Pastor in Mathematics and Information Technologies and Communications Spain (2007).<\/li>\n<li>Euskadi Research Award in Science and Technology, Basque Country (2006).<\/li>\n<\/ul>\n<h5>Institutions<\/h5>\n<p>DeustoTech in the Universidad de Deusto, Universidad Aut\u00f3noma de Madrid and Friedrich Alexander University, Erlangen-N\u00fcrnberg.<\/p>\n<p>[\/et_pb_text][\/et_pb_column][\/et_pb_row][et_pb_row column_structure=&#8221;1_2,1_2&#8243; _builder_version=&#8221;4.4.8&#8243;][et_pb_column type=&#8221;1_2&#8243; _builder_version=&#8221;4.4.8&#8243;][et_pb_text admin_label=&#8221;Biography&#8221; _builder_version=&#8221;4.4.8&#8243;]<\/p>\n<h3>Biography<\/h3>\n<p>Born in Eibar (Gipuzkoa-Basque Country-Spain) in 1961, after completing his primary studies at Ikastola (Basque School) and secondary studies at La Salle School in Eibar, he completed his baccalaureate at the Universidad Laboral de Eibar in this city. In 1984 he graduated in Mathematics from the University of the Basque Country-Euskal Herriko Unibertsitatea (UPV-EHU) and in 1987 he received his doctorate from this university, receiving the Faculty Award for Outstanding Achievements for both. In 1988 he obtained his PhD degree at the Laboratoire Jacques-Louis Lions of the Universit\u00e9 Pierre et Marie Curie, funded by a doctoral fellowship from the Basque Government and a research grant from the Jacques Louis Lions Chair of the Coll\u00e8ge de France.<\/p>\n<p>[\/et_pb_text][et_pb_text admin_label=&#8221;Research&#8221; _builder_version=&#8221;4.4.8&#8243;]<\/p>\n<h3>Research<\/h3>\n<p>His domains of expertise in Applied Mathematics include Partial Differential Equations, Control Theory and Numerical Analysis. These subjects are interrelated with the ultimate goal of modeling, analyzing, computationally simulating and finally contributing to the control and design of the most diverse natural phenomena and all fields of R&amp;D&amp;i.<\/p>\n<p>Twenty four PhD students got the degree under his advice and they now occupy positions in centres throughout the world: Brazil, Chile, China, Mexico, Romania, Spain, etc. He has developed intensive international work having led co-operation programmes with various Latin American countries, as well as with Portugal, the Maghreb, China and Iran, amongst others.<\/p>\n<p>[\/et_pb_text][et_pb_text admin_label=&#8221;Prizes and awards&#8221; _builder_version=&#8221;4.4.8&#8243;]<\/p>\n<h3>Prizes and awards<\/h3>\n<p>His work has had significant impact. He was recognised as a &#8220;highly cited researcher,&#8221; by the ISI Institute (Thompson) in 2004. He received the 2006 Euskadi Prize for Science and Technology. In 2007 he was awarded the Julio Rey Pastor National Prize for &#8220;Mathematics, Information and Communications Technology,&#8221; the highest national award in these disciplines. He received his award from His Majesty, the King on 15 January 2008 along with other four 2007 prize-winners.<\/p>\n<p>In 2014 he got the Doctor Honoris Causa degree from the Universit\u00e9 de Lorraine in France and in 2015 he became a member of Academia Europaea. In 2019 he received an Alexander von Humboldt Professor for a Chair in &#8220;Applied Analysis&#8221; at the Friedrich Alexander University, Erlangen-N\u00fcrnberg.<\/p>\n<p>[\/et_pb_text][\/et_pb_column][et_pb_column type=&#8221;1_2&#8243; _builder_version=&#8221;4.4.8&#8243;][et_pb_testimonial author=&#8221;Enrique Zuazua in 2008&#8243; portrait_url=&#8221;https:\/\/eventos.cmm.uchile.cl\/zuazua60\/wp-content\/uploads\/sites\/91\/2021\/10\/enrique_zuazua_b_512_01-150&#215;150.jpg&#8221; quote_icon_color=&#8221;#EC6B10&#8243; _builder_version=&#8221;4.4.8&#8243; body_font=&#8221;||on||||||&#8221; animation_style=&#8221;flip&#8221; hover_enabled=&#8221;0&#8243; alt=&#8221;Enrique Zuazua&#8221; title_text=&#8221;Enrique Zuazua&#8221;]<\/p>\n<p>&#8220;We understand Applied Mathematics both as a way of getting into the depth of mathematics and also of interacting with all other scientists and R&amp;D agents.&#8221;<\/p>\n<p>[\/et_pb_testimonial][et_pb_text admin_label=&#8221;Dissemination activities&#8221; _builder_version=&#8221;4.4.8&#8243;]<\/p>\n<h3>Dissemination activities<\/h3>\n<p>He has written several popular science works, for which he has twice been awarded the<em> Sociedad Espa\u00f1ola de Matematica Applicada<\/em> (SEMA Spanish Society of Applied Mathematics) Prize for Popularising Mathematics.<\/p>\n<p>He has hosted or collaborated in radio and television programs on various topics related to Mathematics, Higher Education and Research, and has also written columns for Basque newspapers.<\/p>\n<p>[\/et_pb_text][et_pb_cta title=&#8221;Further information&#8221; button_url=&#8221;https:\/\/dcn.nat.fau.eu\/enrique-zuazua\/&#8221; url_new_window=&#8221;on&#8221; button_text=&#8221;Learn more&#8221; _builder_version=&#8221;4.4.8&#8243; header_level=&#8221;h4&#8243; background_color=&#8221;#f9f9f9&#8243; custom_button=&#8221;on&#8221; button_text_size=&#8221;16px&#8221; background_layout=&#8221;light&#8221;]<\/p>\n<p>Find further reading about Prof. Enrique Zuazua&#8217;s outstanding life and career.<\/p>\n<p>[\/et_pb_cta][\/et_pb_column][\/et_pb_row][\/et_pb_section][et_pb_section fb_built=&#8221;1&#8243; disabled_on=&#8221;off|off|off&#8221; admin_label=&#8221;Contact&#8221; _builder_version=&#8221;4.4.8&#8243; background_color=&#8221;#575755&#8243; custom_padding=&#8221;0px|0px|0px|0px&#8221; animation_style=&#8221;slide&#8221; animation_direction=&#8221;bottom&#8221; animation_intensity_slide=&#8221;20%&#8221; animation_starting_opacity=&#8221;100%&#8221; box_shadow_style=&#8221;preset7&#8243; box_shadow_horizontal=&#8221;0px&#8221; box_shadow_vertical=&#8221;80px&#8221; box_shadow_spread=&#8221;-14px&#8221; box_shadow_color=&#8221;#ffffff&#8221;][et_pb_row column_structure=&#8221;1_2,1_2&#8243; use_custom_gutter=&#8221;on&#8221; gutter_width=&#8221;1&#8243; make_equal=&#8221;on&#8221; module_class=&#8221; et_pb_row_fullwidth&#8221; _builder_version=&#8221;4.4.8&#8243; width=&#8221;100%&#8221; width_tablet=&#8221;100%&#8221; width_phone=&#8221;&#8221; width_last_edited=&#8221;on|desktop&#8221; max_width=&#8221;100%&#8221; max_width_tablet=&#8221;100%&#8221; max_width_phone=&#8221;&#8221; max_width_last_edited=&#8221;on|desktop&#8221; custom_padding=&#8221;0px||0px|&#8221; make_fullwidth=&#8221;on&#8221;][et_pb_column type=&#8221;1_2&#8243; _builder_version=&#8221;4.4.8&#8243; custom_padding=&#8221;110px|8%|70px|12%&#8221; custom_padding__hover=&#8221;|||&#8221;][et_pb_text admin_label=&#8221;Title Register Now!&#8221; _builder_version=&#8221;4.4.8&#8243; text_font=&#8221;||||||||&#8221; header_font=&#8221;||||||||&#8221; header_2_font=&#8221;|700|||||||&#8221; header_2_font_size=&#8221;40px&#8221; header_2_line_height=&#8221;1.3em&#8221; background_layout=&#8221;dark&#8221; module_alignment=&#8221;center&#8221; custom_margin=&#8221;20px|||&#8221; custom_padding=&#8221;|||&#8221; locked=&#8221;off&#8221;]<\/p>\n<h2>Register Now!<\/h2>\n<p>[\/et_pb_text][et_pb_text _builder_version=&#8221;4.4.8&#8243; text_font=&#8221;||||||||&#8221; text_text_color=&#8221;rgba(255,255,255,0.7)&#8221; text_font_size=&#8221;18px&#8221; text_line_height=&#8221;1.8em&#8221; header_font=&#8221;||||||||&#8221; background_layout=&#8221;dark&#8221; custom_margin=&#8221;16px|||&#8221;]<\/p>\n<p>If you would like to participate in this Workshop in honor of Prof. Zuazua, access is free but registration is required.<\/p>\n<p>[\/et_pb_text][et_pb_button button_url=&#8221;@ET-DC@eyJkeW5hbWljIjp0cnVlLCJjb250ZW50IjoicG9zdF9saW5rX3VybF9wYWdlIiwic2V0dGluZ3MiOnsicG9zdF9pZCI6IjQyIn19@&#8221; button_text=&#8221;Register&#8221; admin_label=&#8221;Register button&#8221; _builder_version=&#8221;4.4.8&#8243; _dynamic_attributes=&#8221;button_url&#8221; custom_button=&#8221;on&#8221; button_text_size=&#8221;16px&#8221; button_bg_color=&#8221;#EC6B10&#8243; button_border_width=&#8221;8px&#8221; button_border_color=&#8221;#EC6B10&#8243; button_border_radius=&#8221;0px&#8221; button_font=&#8221;|700|||||||&#8221; button_use_icon=&#8221;off&#8221; background_layout=&#8221;dark&#8221; custom_margin=&#8221;50px|||&#8221; custom_padding=&#8221;|||&#8221; custom_padding_last_edited=&#8221;off|desktop&#8221; button_text_size__hover_enabled=&#8221;off&#8221; button_one_text_size__hover_enabled=&#8221;off&#8221; button_two_text_size__hover_enabled=&#8221;off&#8221; button_text_color__hover_enabled=&#8221;off&#8221; button_one_text_color__hover_enabled=&#8221;off&#8221; button_two_text_color__hover_enabled=&#8221;off&#8221; button_border_width__hover_enabled=&#8221;off&#8221; button_one_border_width__hover_enabled=&#8221;off&#8221; button_two_border_width__hover_enabled=&#8221;off&#8221; button_border_color__hover_enabled=&#8221;off&#8221; button_one_border_color__hover_enabled=&#8221;off&#8221; button_two_border_color__hover_enabled=&#8221;off&#8221; button_border_radius__hover_enabled=&#8221;off&#8221; button_one_border_radius__hover_enabled=&#8221;off&#8221; button_two_border_radius__hover_enabled=&#8221;off&#8221; button_letter_spacing__hover_enabled=&#8221;off&#8221; button_one_letter_spacing__hover_enabled=&#8221;off&#8221; button_two_letter_spacing__hover_enabled=&#8221;off&#8221; button_bg_color__hover_enabled=&#8221;off&#8221; button_one_bg_color__hover_enabled=&#8221;off&#8221; button_two_bg_color__hover_enabled=&#8221;off&#8221;][\/et_pb_button][\/et_pb_column][et_pb_column type=&#8221;1_2&#8243; _builder_version=&#8221;4.4.8&#8243; background_color=&#8221;#EC6B10&#8243; custom_padding=&#8221;|5%||5%&#8221; custom_padding__hover=&#8221;|||&#8221;][et_pb_contact_form captcha=&#8221;off&#8221; email=&#8221;cconca@dim.uchile.cl, rodrigo.lecaros@usm.cl, sebastian.zamorano@usach.cl&#8221; title=&#8221;Contact Us&#8221; submit_button_text=&#8221;Submit&#8221; module_id=&#8221;et_pb_contact_form_0&#8243; _builder_version=&#8221;4.4.8&#8243; form_field_background_color=&#8221;#f9f9f9&#8243; form_field_text_color=&#8221;#333333&#8243; title_font=&#8221;|700|||||||&#8221; title_text_color=&#8221;#ffffff&#8221; title_font_size=&#8221;32px&#8221; title_line_height=&#8221;2.8em&#8221; form_field_font=&#8221;|500|||||||&#8221; form_field_font_size=&#8221;14px&#8221; custom_button=&#8221;on&#8221; button_text_size=&#8221;14px&#8221; button_text_color=&#8221;#ffffff&#8221; button_bg_color=&#8221;#575755&#8243; button_border_width=&#8221;8px&#8221; button_border_color=&#8221;#575755&#8243; button_border_radius=&#8221;0px&#8221; button_letter_spacing=&#8221;1px&#8221; button_font=&#8221;|700||on|||||&#8221; button_icon=&#8221;%%3%%&#8221; button_on_hover=&#8221;off&#8221; text_orientation=&#8221;left&#8221; max_width=&#8221;90%&#8221; max_width_tablet=&#8221;86%&#8221; max_width_phone=&#8221;84%&#8221; max_width_last_edited=&#8221;on|phone&#8221; module_alignment=&#8221;center&#8221; custom_margin=&#8221;50px||50px|&#8221; custom_padding=&#8221;|||&#8221; animation_direction=&#8221;right&#8221; form_background_color=&#8221;#2f3186&#8243; button_border_radius_hover=&#8221;0px&#8221; button_letter_spacing_hover=&#8221;1px&#8221;][et_pb_contact_field field_id=&#8221;Name&#8221; field_title=&#8221;Name&#8221; _builder_version=&#8221;3.16&#8243; form_field_font=&#8221;|500|||||||&#8221; button_text_size__hover_enabled=&#8221;off&#8221; button_one_text_size__hover_enabled=&#8221;off&#8221; button_two_text_size__hover_enabled=&#8221;off&#8221; button_text_color__hover_enabled=&#8221;off&#8221; button_one_text_color__hover_enabled=&#8221;off&#8221; button_two_text_color__hover_enabled=&#8221;off&#8221; button_border_width__hover_enabled=&#8221;off&#8221; button_one_border_width__hover_enabled=&#8221;off&#8221; button_two_border_width__hover_enabled=&#8221;off&#8221; button_border_color__hover_enabled=&#8221;off&#8221; button_one_border_color__hover_enabled=&#8221;off&#8221; button_two_border_color__hover_enabled=&#8221;off&#8221; button_border_radius__hover_enabled=&#8221;off&#8221; button_one_border_radius__hover_enabled=&#8221;off&#8221; button_two_border_radius__hover_enabled=&#8221;off&#8221; button_letter_spacing__hover_enabled=&#8221;off&#8221; button_one_letter_spacing__hover_enabled=&#8221;off&#8221; button_two_letter_spacing__hover_enabled=&#8221;off&#8221; button_bg_color__hover_enabled=&#8221;off&#8221; button_one_bg_color__hover_enabled=&#8221;off&#8221; button_two_bg_color__hover_enabled=&#8221;off&#8221;][\/et_pb_contact_field][et_pb_contact_field field_id=&#8221;Email_Address&#8221; field_title=&#8221;Email&#8221; field_type=&#8221;email&#8221; _builder_version=&#8221;3.16&#8243; form_field_font=&#8221;|500|||||||&#8221; button_text_size__hover_enabled=&#8221;off&#8221; button_one_text_size__hover_enabled=&#8221;off&#8221; button_two_text_size__hover_enabled=&#8221;off&#8221; button_text_color__hover_enabled=&#8221;off&#8221; button_one_text_color__hover_enabled=&#8221;off&#8221; button_two_text_color__hover_enabled=&#8221;off&#8221; button_border_width__hover_enabled=&#8221;off&#8221; button_one_border_width__hover_enabled=&#8221;off&#8221; button_two_border_width__hover_enabled=&#8221;off&#8221; button_border_color__hover_enabled=&#8221;off&#8221; button_one_border_color__hover_enabled=&#8221;off&#8221; button_two_border_color__hover_enabled=&#8221;off&#8221; button_border_radius__hover_enabled=&#8221;off&#8221; button_one_border_radius__hover_enabled=&#8221;off&#8221; button_two_border_radius__hover_enabled=&#8221;off&#8221; button_letter_spacing__hover_enabled=&#8221;off&#8221; button_one_letter_spacing__hover_enabled=&#8221;off&#8221; button_two_letter_spacing__hover_enabled=&#8221;off&#8221; button_bg_color__hover_enabled=&#8221;off&#8221; button_one_bg_color__hover_enabled=&#8221;off&#8221; button_two_bg_color__hover_enabled=&#8221;off&#8221;][\/et_pb_contact_field][et_pb_contact_field field_id=&#8221;Message&#8221; field_title=&#8221;Message&#8221; field_type=&#8221;text&#8221; fullwidth_field=&#8221;on&#8221; _builder_version=&#8221;3.16&#8243; form_field_font=&#8221;|500|||||||&#8221; button_text_size__hover_enabled=&#8221;off&#8221; button_one_text_size__hover_enabled=&#8221;off&#8221; button_two_text_size__hover_enabled=&#8221;off&#8221; button_text_color__hover_enabled=&#8221;off&#8221; button_one_text_color__hover_enabled=&#8221;off&#8221; button_two_text_color__hover_enabled=&#8221;off&#8221; button_border_width__hover_enabled=&#8221;off&#8221; button_one_border_width__hover_enabled=&#8221;off&#8221; button_two_border_width__hover_enabled=&#8221;off&#8221; button_border_color__hover_enabled=&#8221;off&#8221; button_one_border_color__hover_enabled=&#8221;off&#8221; button_two_border_color__hover_enabled=&#8221;off&#8221; button_border_radius__hover_enabled=&#8221;off&#8221; button_one_border_radius__hover_enabled=&#8221;off&#8221; button_two_border_radius__hover_enabled=&#8221;off&#8221; button_letter_spacing__hover_enabled=&#8221;off&#8221; button_one_letter_spacing__hover_enabled=&#8221;off&#8221; button_two_letter_spacing__hover_enabled=&#8221;off&#8221; button_bg_color__hover_enabled=&#8221;off&#8221; button_one_bg_color__hover_enabled=&#8221;off&#8221; button_two_bg_color__hover_enabled=&#8221;off&#8221;][\/et_pb_contact_field][\/et_pb_contact_form][et_pb_text _builder_version=&#8221;3.27.4&#8243;][\/et_pb_text][\/et_pb_column][\/et_pb_row][\/et_pb_section]<\/p>\n","protected":false},"excerpt":{"rendered":"<p>About this WorkshopThe Workshop on Non-Linear Analysis and Control Theory in honor of Prof. Enrique ZuazuaIn honor of Prof. Enrique ZuazuaA group of colleagues and friends of Professor Enrique Zuazua is organizing an International Workshop on Non-Linear Analysis and Control Theory to commemorate his 60th birthday. This Workshop will be held (online) on November 3, [&hellip;]<\/p>\n","protected":false},"author":2,"featured_media":0,"parent":0,"menu_order":1,"comment_status":"closed","ping_status":"closed","template":"","meta":{"_et_pb_use_builder":"on","_et_pb_old_content":"","_et_gb_content_width":"","inline_featured_image":false,"footnotes":""},"class_list":["post-355","page","type-page","status-publish","hentry"],"_links":{"self":[{"href":"https:\/\/eventos.cmm.uchile.cl\/zuazua60\/wp-json\/wp\/v2\/pages\/355","targetHints":{"allow":["GET"]}}],"collection":[{"href":"https:\/\/eventos.cmm.uchile.cl\/zuazua60\/wp-json\/wp\/v2\/pages"}],"about":[{"href":"https:\/\/eventos.cmm.uchile.cl\/zuazua60\/wp-json\/wp\/v2\/types\/page"}],"author":[{"embeddable":true,"href":"https:\/\/eventos.cmm.uchile.cl\/zuazua60\/wp-json\/wp\/v2\/users\/2"}],"replies":[{"embeddable":true,"href":"https:\/\/eventos.cmm.uchile.cl\/zuazua60\/wp-json\/wp\/v2\/comments?post=355"}],"version-history":[{"count":16,"href":"https:\/\/eventos.cmm.uchile.cl\/zuazua60\/wp-json\/wp\/v2\/pages\/355\/revisions"}],"predecessor-version":[{"id":389,"href":"https:\/\/eventos.cmm.uchile.cl\/zuazua60\/wp-json\/wp\/v2\/pages\/355\/revisions\/389"}],"wp:attachment":[{"href":"https:\/\/eventos.cmm.uchile.cl\/zuazua60\/wp-json\/wp\/v2\/media?parent=355"}],"curies":[{"name":"wp","href":"https:\/\/api.w.org\/{rel}","templated":true}]}}